{"id":8712,"date":"2017-03-28T12:28:34","date_gmt":"2017-03-28T10:28:34","guid":{"rendered":"https:\/\/www.redbug-culture.com\/blog\/?page_id=8712"},"modified":"2024-12-31T14:43:51","modified_gmt":"2024-12-31T13:43:51","slug":"plotten-planen","status":"publish","type":"page","link":"https:\/\/www.redbug-culture.com\/blog\/plotten-planen\/","title":{"rendered":"Plotten &#038; Planen"},"content":{"rendered":"<h6><span style=\"color: #993300;\">***Hinweis: Viele Blogbeitr\u00e4ge werden \u00fcberarbeitet und sind nach und nach wieder verf\u00fcgbar.***<\/span><\/h6>\n<h6>Plotten &amp; Planen<\/h6>\n<p><a href=\"https:\/\/www.redbug-culture.com\/blog\/wp-content\/uploads\/2020\/03\/IMG_3380.jpg\"><img loading=\"lazy\" decoding=\"async\" class=\"alignright wp-image-18383 size-medium\" title=\"Plotten &amp; planen\" src=\"https:\/\/www.redbug-culture.com\/blog\/wp-content\/uploads\/2020\/03\/IMG_3380-300x266.jpg\" alt=\"\" width=\"300\" height=\"266\" srcset=\"https:\/\/www.redbug-culture.com\/blog\/wp-content\/uploads\/2020\/03\/IMG_3380-300x266.jpg 300w, https:\/\/www.redbug-culture.com\/blog\/wp-content\/uploads\/2020\/03\/IMG_3380-768x680.jpg 768w, https:\/\/www.redbug-culture.com\/blog\/wp-content\/uploads\/2020\/03\/IMG_3380-1024x907.jpg 1024w, https:\/\/www.redbug-culture.com\/blog\/wp-content\/uploads\/2020\/03\/IMG_3380-940x833.jpg 940w, https:\/\/www.redbug-culture.com\/blog\/wp-content\/uploads\/2020\/03\/IMG_3380.jpg 1639w\" sizes=\"auto, (max-width: 300px) 100vw, 300px\" \/><\/a><\/p>\n<p>Wir lieben Plotten &amp; Planen. Mal ganz ehrlich, wer m\u00f6chte aufstehen und Abendbrot essen? Okay, das, was man in England oder Schweden zum Fr\u00fchst\u00fcck bekommt, sieht sehr abendbrotm\u00e4\u00dfig aus, aber darauf wollen wir hier nicht hinaus. Nicht nur in der Kunst, auch im Leben gibt es Strukturen und Abl\u00e4ufe. Zwar \u00e4ndert sich st\u00e4ndig ganz viel an unseren Strukturen &#8211; politisch, \u00e4sthetisch, gesellschaftlich &#8211; aber ein paar Dinge bleiben erstaunlich gleich. Zum Beispiel das Bed\u00fcrfnis nach Geschichten.<\/p>\n<p>Bist Du ein Plotter\/Planer oder &#8230; eher ein Pantser, der sich in eine Geschichte hineinst\u00fcrzt? Finde es heraus.<\/p>\n<p><a href=\"http:\/\/eepurl.com\/bVZF2H\">Test: Bin ich eine Plotter:in oder eine Pantser:in?<\/a><\/p>\n<p>Geplante Geschichten sind Geschichten, die vorne anfangen, eine Mitte haben und irgendwann enden (J.R.R. Martin, h\u00f6rt uns hoffentlich gerade nicht). Geschichten, die zwar unterschiedlich lang sein k\u00f6nnen, aber je nach L\u00e4nge einen bestimmten Spannungsverlauf und Aufbau haben.<\/p>\n<p><a href=\"https:\/\/www.redbug-culture.com\/blog\/2017\/05\/7-tipps-schneller-produktiver-schreiben-2-planung\/\">7 Tipps &#8211; Schneller und produktiver schreiben #2 Planung<\/a><\/p>\n<p><a href=\"https:\/\/www.redbug-culture.com\/blog\/2016\/03\/von-der-idee-zum-manuskript-planen-oder-improvisieren-7\/\">Von der Idee zum Manuskript #7 Planen oder Improvisieren<\/a><\/p>\n<p><a href=\"https:\/\/www.redbug-culture.com\/blog\/2017\/10\/7-wege-ein-buch-zu-schreiben-6-mit-planung\/\">7 Wege ein Buch zu schreiben: #6 Mit Planung<\/a><\/p>\n<p>Kennst du die Clustering-Methode? Auch die eignet sich gut, wenn Du ein Buch planen willst. Schau dir die Bogreihe: <a href=\"https:\/\/www.redbug-culture.com\/blog\/kategorie\/kreatives-schreiben-mit-clustering\/\">Kreatives Schreiben mit Clustering<\/a> einmal genauer an.<\/p>\n<p>Es gibt Leute, die das sehr genau analysiert haben und tolle B\u00fccher \u00fcber das Plotten &amp; Planen geschrieben haben. Und es gibt ein paar Klassiker, was die Struktur von (Dreh-) B\u00fcchern angeht, die wir dir hier vorstellen wollen. Mit diesen Tools kannst Du deine Geschichten perfekt planen\/plotten.<\/p>\n<p><a href=\"https:\/\/www.redbug-culture.com\/blog\/kategorie\/heldenreise\/\">Die Reise des Helden<\/a><\/p>\n<p><a href=\"https:\/\/www.redbug-culture.com\/blog\/kategorie\/3-akte-struktur\/\">Die 3-Akte-Struktur<\/a><\/p>\n<p>&nbsp;<\/p>\n","protected":false},"excerpt":{"rendered":"<p>***Hinweis: Viele Blogbeitr\u00e4ge werden \u00fcberarbeitet und sind nach und nach wieder verf\u00fcgbar.*** Plotten &amp; Planen Wir lieben Plotten &amp; Planen. Mal ganz ehrlich, wer m\u00f6chte aufstehen und Abendbrot essen? Okay, das, was man in England oder Schweden zum Fr\u00fchst\u00fcck bekommt, sieht sehr abendbrotm\u00e4\u00dfig aus, aber darauf wollen wir hier nicht hinaus. Nicht nur in der Kunst, auch im Leben gibt es Strukturen und Abl\u00e4ufe. Zwar \u00e4ndert sich st\u00e4ndig ganz viel an unseren Strukturen &#8211; politisch, \u00e4sthetisch, gesellschaftlich &#8211; aber ein paar Dinge bleiben erstaunlich gleich. Zum Beispiel das Bed\u00fcrfnis nach Geschichten. Bist Du ein Plotter\/Planer oder &#8230; eher ein Pantser, der sich in eine Geschichte hineinst\u00fcrzt? Finde es heraus. Test: Bin ich eine Plotter:in oder eine Pantser:in? Geplante Geschichten sind Geschichten, die vorne anfangen, eine Mitte haben und irgendwann enden (J.R.R. Martin, h\u00f6rt uns hoffentlich gerade nicht). Geschichten, die zwar unterschiedlich lang sein k\u00f6nnen, aber je nach L\u00e4nge einen bestimmten Spannungsverlauf und Aufbau haben. 7 Tipps &#8211; Schneller und produktiver schreiben #2 Planung Von der Idee zum Manuskript #7 Planen oder Improvisieren 7 Wege ein Buch zu schreiben: #6 Mit Planung Kennst du die Clustering-Methode? Auch die eignet sich gut, wenn Du ein Buch planen willst. Schau dir die Bogreihe: [&hellip;]<\/p>\n","protected":false},"author":7,"featured_media":20255,"parent":0,"menu_order":0,"comment_status":"closed","ping_status":"closed","template":"page-fullwidth.php","meta":{"footnotes":"","_links_to":"","_links_to_target":""},"class_list":["post-8712","page","type-page","status-publish","has-post-thumbnail","hentry"],"yoast_head":"<!-- This site is optimized with the Yoast SEO plugin v27.3 - https:\/\/yoast.com\/product\/yoast-seo-wordpress\/ -->\n<title>Plotten &amp; Planen - Red Bug Culture - Schreiben, Ver\u00f6ffentlichen, Kurse<\/title>\n<meta name=\"description\" content=\"Du bist ein Plotter? Ein Planer? Dann haben wi die richtigen Tricks und Tipps f\u00fcr dich. Vielleicht musst du auch erst herausfinden, dann ...\" \/>\n<meta name=\"robots\" content=\"index, follow, max-snippet:-1, max-image-preview:large, max-video-preview:-1\" \/>\n<link rel=\"canonical\" href=\"https:\/\/www.redbug-culture.com\/blog\/plotten-planen\/\" \/>\n<meta property=\"og:locale\" content=\"de_DE\" \/>\n<meta property=\"og:type\" content=\"article\" \/>\n<meta property=\"og:title\" content=\"Plotten &amp; Planen - Red Bug Culture - Schreiben, Ver\u00f6ffentlichen, Kurse\" \/>\n<meta property=\"og:description\" content=\"Du bist ein Plotter? Ein Planer? Dann haben wi die richtigen Tricks und Tipps f\u00fcr dich. Vielleicht musst du auch erst herausfinden, dann ...\" \/>\n<meta property=\"og:url\" content=\"https:\/\/www.redbug-culture.com\/blog\/plotten-planen\/\" \/>\n<meta property=\"og:site_name\" content=\"Red Bug Culture - Schreiben, Ver\u00f6ffentlichen, Kurse\" \/>\n<meta property=\"article:publisher\" content=\"https:\/\/www.facebook.com\/RedBugBooks\" \/>\n<meta property=\"article:modified_time\" content=\"2024-12-31T13:43:51+00:00\" \/>\n<meta property=\"og:image\" content=\"https:\/\/www.redbug-culture.com\/blog\/wp-content\/uploads\/2020\/08\/banner-culture_Messe.png\" \/>\n\t<meta property=\"og:image:width\" content=\"740\" \/>\n\t<meta property=\"og:image:height\" content=\"493\" \/>\n\t<meta property=\"og:image:type\" content=\"image\/png\" \/>\n<meta name=\"twitter:card\" content=\"summary_large_image\" \/>\n<meta name=\"twitter:site\" content=\"@RedBugBooks\" \/>\n<meta name=\"twitter:label1\" content=\"Gesch\u00e4tzte Lesezeit\" \/>\n\t<meta name=\"twitter:data1\" content=\"2\u00a0Minuten\" \/>\n<script type=\"application\/ld+json\" class=\"yoast-schema-graph\">{\"@context\":\"https:\\\/\\\/schema.org\",\"@graph\":[{\"@type\":\"WebPage\",\"@id\":\"https:\\\/\\\/www.redbug-culture.com\\\/blog\\\/plotten-planen\\\/\",\"url\":\"https:\\\/\\\/www.redbug-culture.com\\\/blog\\\/plotten-planen\\\/\",\"name\":\"Plotten & Planen - Red Bug Culture - Schreiben, Ver\u00f6ffentlichen, Kurse\",\"isPartOf\":{\"@id\":\"https:\\\/\\\/www.redbug-culture.com\\\/blog\\\/#website\"},\"primaryImageOfPage\":{\"@id\":\"https:\\\/\\\/www.redbug-culture.com\\\/blog\\\/plotten-planen\\\/#primaryimage\"},\"image\":{\"@id\":\"https:\\\/\\\/www.redbug-culture.com\\\/blog\\\/plotten-planen\\\/#primaryimage\"},\"thumbnailUrl\":\"https:\\\/\\\/www.redbug-culture.com\\\/blog\\\/wp-content\\\/uploads\\\/2020\\\/08\\\/banner-culture_Messe.png\",\"datePublished\":\"2017-03-28T10:28:34+00:00\",\"dateModified\":\"2024-12-31T13:43:51+00:00\",\"description\":\"Du bist ein Plotter? Ein Planer? Dann haben wi die richtigen Tricks und Tipps f\u00fcr dich. Vielleicht musst du auch erst herausfinden, dann ...\",\"breadcrumb\":{\"@id\":\"https:\\\/\\\/www.redbug-culture.com\\\/blog\\\/plotten-planen\\\/#breadcrumb\"},\"inLanguage\":\"de\",\"potentialAction\":[{\"@type\":\"ReadAction\",\"target\":[\"https:\\\/\\\/www.redbug-culture.com\\\/blog\\\/plotten-planen\\\/\"]}]},{\"@type\":\"ImageObject\",\"inLanguage\":\"de\",\"@id\":\"https:\\\/\\\/www.redbug-culture.com\\\/blog\\\/plotten-planen\\\/#primaryimage\",\"url\":\"https:\\\/\\\/www.redbug-culture.com\\\/blog\\\/wp-content\\\/uploads\\\/2020\\\/08\\\/banner-culture_Messe.png\",\"contentUrl\":\"https:\\\/\\\/www.redbug-culture.com\\\/blog\\\/wp-content\\\/uploads\\\/2020\\\/08\\\/banner-culture_Messe.png\",\"width\":740,\"height\":493},{\"@type\":\"BreadcrumbList\",\"@id\":\"https:\\\/\\\/www.redbug-culture.com\\\/blog\\\/plotten-planen\\\/#breadcrumb\",\"itemListElement\":[{\"@type\":\"ListItem\",\"position\":1,\"name\":\"Startseite\",\"item\":\"https:\\\/\\\/www.redbug-culture.com\\\/blog\\\/\"},{\"@type\":\"ListItem\",\"position\":2,\"name\":\"Plotten &#038; Planen\"}]},{\"@type\":\"WebSite\",\"@id\":\"https:\\\/\\\/www.redbug-culture.com\\\/blog\\\/#website\",\"url\":\"https:\\\/\\\/www.redbug-culture.com\\\/blog\\\/\",\"name\":\"Red Bug Culture - Schreiben, Ver\u00f6ffentlichen, Kurse\",\"description\":\"Tipps &amp; Coaching f\u00fcr Autor:innen, Rezensionen\",\"potentialAction\":[{\"@type\":\"SearchAction\",\"target\":{\"@type\":\"EntryPoint\",\"urlTemplate\":\"https:\\\/\\\/www.redbug-culture.com\\\/blog\\\/?s={search_term_string}\"},\"query-input\":{\"@type\":\"PropertyValueSpecification\",\"valueRequired\":true,\"valueName\":\"search_term_string\"}}],\"inLanguage\":\"de\"}]}<\/script>\n<!-- \/ Yoast SEO plugin. -->","yoast_head_json":{"title":"Plotten & Planen - Red Bug Culture - Schreiben, Ver\u00f6ffentlichen, Kurse","description":"Du bist ein Plotter? Ein Planer? Dann haben wi die richtigen Tricks und Tipps f\u00fcr dich. Vielleicht musst du auch erst herausfinden, dann ...","robots":{"index":"index","follow":"follow","max-snippet":"max-snippet:-1","max-image-preview":"max-image-preview:large","max-video-preview":"max-video-preview:-1"},"canonical":"https:\/\/www.redbug-culture.com\/blog\/plotten-planen\/","og_locale":"de_DE","og_type":"article","og_title":"Plotten & Planen - Red Bug Culture - Schreiben, Ver\u00f6ffentlichen, Kurse","og_description":"Du bist ein Plotter? Ein Planer? Dann haben wi die richtigen Tricks und Tipps f\u00fcr dich. Vielleicht musst du auch erst herausfinden, dann ...","og_url":"https:\/\/www.redbug-culture.com\/blog\/plotten-planen\/","og_site_name":"Red Bug Culture - Schreiben, Ver\u00f6ffentlichen, Kurse","article_publisher":"https:\/\/www.facebook.com\/RedBugBooks","article_modified_time":"2024-12-31T13:43:51+00:00","og_image":[{"width":740,"height":493,"url":"https:\/\/www.redbug-culture.com\/blog\/wp-content\/uploads\/2020\/08\/banner-culture_Messe.png","type":"image\/png"}],"twitter_card":"summary_large_image","twitter_site":"@RedBugBooks","twitter_misc":{"Gesch\u00e4tzte Lesezeit":"2\u00a0Minuten"},"schema":{"@context":"https:\/\/schema.org","@graph":[{"@type":"WebPage","@id":"https:\/\/www.redbug-culture.com\/blog\/plotten-planen\/","url":"https:\/\/www.redbug-culture.com\/blog\/plotten-planen\/","name":"Plotten & Planen - Red Bug Culture - Schreiben, Ver\u00f6ffentlichen, Kurse","isPartOf":{"@id":"https:\/\/www.redbug-culture.com\/blog\/#website"},"primaryImageOfPage":{"@id":"https:\/\/www.redbug-culture.com\/blog\/plotten-planen\/#primaryimage"},"image":{"@id":"https:\/\/www.redbug-culture.com\/blog\/plotten-planen\/#primaryimage"},"thumbnailUrl":"https:\/\/www.redbug-culture.com\/blog\/wp-content\/uploads\/2020\/08\/banner-culture_Messe.png","datePublished":"2017-03-28T10:28:34+00:00","dateModified":"2024-12-31T13:43:51+00:00","description":"Du bist ein Plotter? Ein Planer? Dann haben wi die richtigen Tricks und Tipps f\u00fcr dich. Vielleicht musst du auch erst herausfinden, dann ...","breadcrumb":{"@id":"https:\/\/www.redbug-culture.com\/blog\/plotten-planen\/#breadcrumb"},"inLanguage":"de","potentialAction":[{"@type":"ReadAction","target":["https:\/\/www.redbug-culture.com\/blog\/plotten-planen\/"]}]},{"@type":"ImageObject","inLanguage":"de","@id":"https:\/\/www.redbug-culture.com\/blog\/plotten-planen\/#primaryimage","url":"https:\/\/www.redbug-culture.com\/blog\/wp-content\/uploads\/2020\/08\/banner-culture_Messe.png","contentUrl":"https:\/\/www.redbug-culture.com\/blog\/wp-content\/uploads\/2020\/08\/banner-culture_Messe.png","width":740,"height":493},{"@type":"BreadcrumbList","@id":"https:\/\/www.redbug-culture.com\/blog\/plotten-planen\/#breadcrumb","itemListElement":[{"@type":"ListItem","position":1,"name":"Startseite","item":"https:\/\/www.redbug-culture.com\/blog\/"},{"@type":"ListItem","position":2,"name":"Plotten &#038; Planen"}]},{"@type":"WebSite","@id":"https:\/\/www.redbug-culture.com\/blog\/#website","url":"https:\/\/www.redbug-culture.com\/blog\/","name":"Red Bug Culture - Schreiben, Ver\u00f6ffentlichen, Kurse","description":"Tipps &amp; Coaching f\u00fcr Autor:innen, Rezensionen","potentialAction":[{"@type":"SearchAction","target":{"@type":"EntryPoint","urlTemplate":"https:\/\/www.redbug-culture.com\/blog\/?s={search_term_string}"},"query-input":{"@type":"PropertyValueSpecification","valueRequired":true,"valueName":"search_term_string"}}],"inLanguage":"de"}]}},"_links":{"self":[{"href":"https:\/\/www.redbug-culture.com\/blog\/wp-json\/wp\/v2\/pages\/8712","targetHints":{"allow":["GET"]}}],"collection":[{"href":"https:\/\/www.redbug-culture.com\/blog\/wp-json\/wp\/v2\/pages"}],"about":[{"href":"https:\/\/www.redbug-culture.com\/blog\/wp-json\/wp\/v2\/types\/page"}],"author":[{"embeddable":true,"href":"https:\/\/www.redbug-culture.com\/blog\/wp-json\/wp\/v2\/users\/7"}],"replies":[{"embeddable":true,"href":"https:\/\/www.redbug-culture.com\/blog\/wp-json\/wp\/v2\/comments?post=8712"}],"version-history":[{"count":0,"href":"https:\/\/www.redbug-culture.com\/blog\/wp-json\/wp\/v2\/pages\/8712\/revisions"}],"wp:featuredmedia":[{"embeddable":true,"href":"https:\/\/www.redbug-culture.com\/blog\/wp-json\/wp\/v2\/media\/20255"}],"wp:attachment":[{"href":"https:\/\/www.redbug-culture.com\/blog\/wp-json\/wp\/v2\/media?parent=8712"}],"curies":[{"name":"wp","href":"https:\/\/api.w.org\/{rel}","templated":true}]}}