{"id":6432,"date":"2016-07-24T14:38:29","date_gmt":"2016-07-24T12:38:29","guid":{"rendered":"https:\/\/www.redbug-culture.com\/blog\/?page_id=6432"},"modified":"2024-10-30T15:06:07","modified_gmt":"2024-10-30T14:06:07","slug":"auszeichnungen","status":"publish","type":"page","link":"https:\/\/www.redbug-culture.com\/blog\/auszeichnungen\/","title":{"rendered":"Auszeichnungen"},"content":{"rendered":"<h6><img loading=\"lazy\" decoding=\"async\" class=\"alignnone size-full wp-image-6409 aligncenter\" src=\"https:\/\/www.redbug-culture.com\/blog\/wp-content\/uploads\/2016\/07\/ausz-kreativradar-200x200.png\" alt=\"ausz-kreativradar-200x200\" width=\"200\" height=\"200\" srcset=\"https:\/\/www.redbug-culture.com\/blog\/wp-content\/uploads\/2016\/07\/ausz-kreativradar-200x200.png 200w, https:\/\/www.redbug-culture.com\/blog\/wp-content\/uploads\/2016\/07\/ausz-kreativradar-200x200-150x150.png 150w\" sizes=\"auto, (max-width: 200px) 100vw, 200px\" \/><\/h6>\n<h6 style=\"text-align: center;\"><span style=\"color: #800000;\">Auszeichnungen und Preise<\/span><\/h6>\n<p>Dass wir preisw\u00fcrdig sind, h\u00e4tten wir nie gedacht. Als wir uns zum ersten Mal, 2013, um den Kreativradar Brandenburg bewarben, waren wir \u00fcberdreht und \u00fcberarbeitet und bei den Bewerbungsgespr\u00e4chen waren wir sicher, dass wir genau wie die Freaks r\u00fcberkommen, als die wir uns meistens auch wahrnehmen.<\/p>\n<h6><img loading=\"lazy\" decoding=\"async\" class=\"alignleft wp-image-6391 size-medium\" src=\"https:\/\/www.redbug-culture.com\/blog\/wp-content\/uploads\/2016\/07\/Mood_rund_RBC8-300x300.png\" alt=\"Kreativradar\" width=\"300\" height=\"300\" srcset=\"https:\/\/www.redbug-culture.com\/blog\/wp-content\/uploads\/2016\/07\/Mood_rund_RBC8-300x300.png 300w, https:\/\/www.redbug-culture.com\/blog\/wp-content\/uploads\/2016\/07\/Mood_rund_RBC8-150x150.png 150w, https:\/\/www.redbug-culture.com\/blog\/wp-content\/uploads\/2016\/07\/Mood_rund_RBC8.png 353w\" sizes=\"auto, (max-width: 300px) 100vw, 300px\" \/>Kreativradar Brandenburg<\/h6>\n<p>Aber \u2026 irgendwie geh\u00f6rt zu einem guten Business eine Prise Wahnsinn und genauso haben wir wohl den vom\u00a0Ministerium f\u00fcr Wirtschaft und Europaangelegenheiten des Landes Brandenburg ausgeschriebenen Wettbewerb Kreativradar\u00a0dann auch gewonnen. Crazy<em>!<\/em><\/p>\n<p>Wir haben eine Menge gelernt, viele andere Kreative kennengelernt und am Ende ein Diplom erhalten*.<\/p>\n<p>Hey, gibt es keine Troph\u00e4e? Tja, davon sp\u00e4ter mehr.<\/p>\n<p>&nbsp;<\/p>\n<p>&nbsp;<\/p>\n<blockquote><p>Mit dem Wettbewerb hat das Land seine Impulsgeber aus der Kultur- und Kreativwirtschaft gesucht \u2013 beispielsweise Designer, Musiker, Filmemacher und Architekten, aber auch Querdenker und Vision\u00e4re aus anderen kreativen Branchen. Die ausgezeichneten Kreativen wurden von uns begleitet und dabei unterst\u00fctzt, die eigene Idee auf die Stra\u00dfe zu bringen, weiterzuentwickeln und zu sch\u00e4rfen.<\/p><\/blockquote>\n<p><a href=\"https:\/\/www.redbug-culture.com\/blog\/wp-content\/uploads\/2016\/07\/kultur-und-kreativpilotenpropertybildbereichbmwi2012sprachedewidth280height210.jpg\"><img loading=\"lazy\" decoding=\"async\" class=\"size-full wp-image-6410 aligncenter\" src=\"https:\/\/www.redbug-culture.com\/blog\/wp-content\/uploads\/2016\/07\/kultur-und-kreativpilotenpropertybildbereichbmwi2012sprachedewidth280height210.jpg\" alt=\"kultur-und-kreativpiloten,property=bild,bereich=bmwi2012,sprache=de,width=280,height=210\" width=\"280\" height=\"210\" \/><\/a><\/p>\n<p>Als wir dann h\u00f6rten, dass es das gleiche wunderbare Format, nicht nur auf regionaler, sondern auch auf nationaler Eben gibt,\u00a0da wollten wir 2014 &#8211; na, klar &#8211; in die Nationalmanschaft.<\/p>\n<p><em>And we got in!<\/em><\/p>\n<p><a href=\"https:\/\/www.redbug-culture.com\/blog\/wp-content\/uploads\/2016\/07\/Mood_rund_RBC3.png\"><img loading=\"lazy\" decoding=\"async\" class=\"wp-image-6390 size-medium alignleft\" src=\"https:\/\/www.redbug-culture.com\/blog\/wp-content\/uploads\/2016\/07\/Mood_rund_RBC3-300x300.png\" alt=\"Auszeichnungen\" width=\"300\" height=\"300\" srcset=\"https:\/\/www.redbug-culture.com\/blog\/wp-content\/uploads\/2016\/07\/Mood_rund_RBC3-300x300.png 300w, https:\/\/www.redbug-culture.com\/blog\/wp-content\/uploads\/2016\/07\/Mood_rund_RBC3-150x150.png 150w, https:\/\/www.redbug-culture.com\/blog\/wp-content\/uploads\/2016\/07\/Mood_rund_RBC3.png 353w\" sizes=\"auto, (max-width: 300px) 100vw, 300px\" \/><\/a><\/p>\n<h6>Kultur- und Kreativpiloten Deutschland<\/h6>\n<p style=\"text-align: left;\"><a href=\"http:\/\/kultur-kreativpiloten.de\/portfolio\/red-bug-books\/\">Kultur- und Kreativpiloten<\/a> sind Leute, die genauso verr\u00fcckt sind wie wir, und das auch ganz offen zugeben. Kreativpiloten wollen neue kreative und wirtschaftliche Bereiche erschlie\u00dfen, die Spa\u00df machen und viel Geld bringen. Und, ja, das ist dann wohl das Traumbusiness und Traumleben.<\/p>\n<p>Hier findet ihr ein <a href=\"http:\/\/magazin.kultur-kreativpiloten.de\/mut\/\">Interview <\/a>mit uns aus dem Kreativpiloten Magazin. Uns findet ihr unter der Rubrik #mut.<\/p>\n<p>Am Ende gabe es eine eindruckvolle Preisverleihung*, eine schicke Urkunde mit dem Bundesadler und diesmal auch endlich eine redbugrote Troph\u00e4e. <em>Yay!<\/em><\/p>\n<p>&nbsp;<\/p>\n<blockquote><p><a href=\"https:\/\/www.redbug-culture.com\/blog\/wp-content\/uploads\/2019\/10\/Mood_rund_RB93.png\"><img loading=\"lazy\" decoding=\"async\" class=\"wp-image-17471 size-thumbnail alignright\" src=\"https:\/\/www.redbug-culture.com\/blog\/wp-content\/uploads\/2019\/10\/Mood_rund_RB93-150x150.png\" alt=\"\" width=\"150\" height=\"150\" srcset=\"https:\/\/www.redbug-culture.com\/blog\/wp-content\/uploads\/2019\/10\/Mood_rund_RB93-150x150.png 150w, https:\/\/www.redbug-culture.com\/blog\/wp-content\/uploads\/2019\/10\/Mood_rund_RB93-300x300.png 300w, https:\/\/www.redbug-culture.com\/blog\/wp-content\/uploads\/2019\/10\/Mood_rund_RB93.png 353w\" sizes=\"auto, (max-width: 150px) 100vw, 150px\" \/><\/a>Kultur- und Kreativpiloten Deutschland ist eine Auszeichnung der Bundesregierung, die seit 2010 j\u00e4hrlich an 32 Unternehmen aus der Kultur- und Kreativwirtschaft verliehen wird. Egal, ob es sich um eine gerade erst geborene Gesch\u00e4ftsidee oder um eine laufende T\u00e4tigkeit handelt: Wir suchen au\u00dfergew\u00f6hnliche Ideen und Menschen, die mit ihrem Handeln der Kultur- und Kreativwirtschaft Gesicht und Gewicht geben. (<a href=\"http:\/\/kultur-kreativpiloten.de\/auszeichnung\/\">Quelle<\/a>)<\/p>\n<p>*Die Preisverleihungsfotos sind von\u00a0<a href=\"http:\/\/andreaskermann.com\">Andreas Kermann<\/a>.<\/p><\/blockquote>\n<p>&nbsp;<\/p>\n<p><a href=\"https:\/\/www.redbug-culture.com\/blog\/wp-content\/uploads\/2019\/10\/Gewinner_BesterBuchblog_Bubla19.png\"><img loading=\"lazy\" decoding=\"async\" class=\"aligncenter wp-image-17451\" src=\"https:\/\/www.redbug-culture.com\/blog\/wp-content\/uploads\/2019\/10\/Gewinner_BesterBuchblog_Bubla19-300x300.png\" alt=\"\" width=\"220\" height=\"220\" srcset=\"https:\/\/www.redbug-culture.com\/blog\/wp-content\/uploads\/2019\/10\/Gewinner_BesterBuchblog_Bubla19-300x300.png 300w, https:\/\/www.redbug-culture.com\/blog\/wp-content\/uploads\/2019\/10\/Gewinner_BesterBuchblog_Bubla19-150x150.png 150w, https:\/\/www.redbug-culture.com\/blog\/wp-content\/uploads\/2019\/10\/Gewinner_BesterBuchblog_Bubla19-768x768.png 768w, https:\/\/www.redbug-culture.com\/blog\/wp-content\/uploads\/2019\/10\/Gewinner_BesterBuchblog_Bubla19-1024x1024.png 1024w, https:\/\/www.redbug-culture.com\/blog\/wp-content\/uploads\/2019\/10\/Gewinner_BesterBuchblog_Bubla19-940x940.png 940w, https:\/\/www.redbug-culture.com\/blog\/wp-content\/uploads\/2019\/10\/Gewinner_BesterBuchblog_Bubla19.png 1250w\" sizes=\"auto, (max-width: 220px) 100vw, 220px\" \/><\/a><\/p>\n<p>Eine Auszeichnung, die uns mehr als alle anderen \u00fcberrascht hat, denn als wir uns als bester Verlagsblog beim <a href=\"https:\/\/www.buchblog-award.de\/ueber-den-award\/#\">Buchblog Award<\/a> beworben haben, sind wir gegen Verlagsriesen wie Suhrkamp und DuMont angetreten. Keine Chance, ganz klar &#8211; dachten wir. Und dann &#8211; <em>B\u00e4m<\/em>.<\/p>\n<p><img loading=\"lazy\" decoding=\"async\" class=\"wp-image-2671 size-thumbnail alignleft\" src=\"https:\/\/www.redbug-books.com\/wp-content\/uploads\/2019\/10\/Mood_rund_Bubla19-150x150.png\" alt=\"\" width=\"150\" height=\"150\" \/>Wir haben uns riesig \u00fcber den gro\u00dfen Pr\u00e4sentkorb (=Kiste) gefreut, die Schokolade gerecht unter uns vier Blogger*innen &#8211; Katrin, Uwe, Isabel und Lukas &#8211; geteilt und heben den Rest f\u00fcr eine Party mit unseren Fans auf. Noch wichtiger als Schokolade ist (und Schokolade ist echt schwer zu schlagen), dass wir als Gewinner im <a href=\"http:\/\/boersenblatt.net\">B\u00f6rsenblatt des Deutschen Buchhandels<\/a>\u00a0vorgestellt werden. Weil wir klein sind, \u00fcbersieht man uns leicht. Nun nicht mehr, <em>Freunde<\/em>!<\/p>\n<p>Wie ihr seht, haben wir wieder unsere Red Bug Book-Shirts an &#8211; aha, hier schlie\u00dft sich ein Kreis. Demn\u00e4chst gehen wir dann auf Level 2.0<\/p>\n<blockquote><p>Buchblogs leisten einen wesentlichen Beitrag zum \u00f6ffentlichen Gespr\u00e4ch \u00fcber B\u00fccher \u2013 abseits der konventionellen Literaturkritik. Sie stehen f\u00fcr Vielfalt und Abwechslungsreichtum im Literaturbetrieb und sind eine Bereicherung f\u00fcr Leserinnen und Leser. Mit dem 2017 ins Leben gerufenen Buchblog-Award m\u00f6chten NetGalley und der B\u00f6rsenverein des Deutschen Buchhandels auf das breite Spektrum der Buchblogs hinweisen und ihr besonderes Engagement honorieren. (<a href=\"https:\/\/www.buchblog-award.de\/ueber-den-award\/#\">Quelle Bubla-Seite<\/a>)<\/p><\/blockquote>\n","protected":false},"excerpt":{"rendered":"<p>Auszeichnungen und Preise Dass wir preisw\u00fcrdig sind, h\u00e4tten wir nie gedacht. Als wir uns zum ersten Mal, 2013, um den Kreativradar Brandenburg bewarben, waren wir \u00fcberdreht und \u00fcberarbeitet und bei den Bewerbungsgespr\u00e4chen waren wir sicher, dass wir genau wie die Freaks r\u00fcberkommen, als die wir uns meistens auch wahrnehmen. Kreativradar Brandenburg Aber \u2026 irgendwie geh\u00f6rt zu einem guten Business eine Prise Wahnsinn und genauso haben wir wohl den vom\u00a0Ministerium f\u00fcr Wirtschaft und Europaangelegenheiten des Landes Brandenburg ausgeschriebenen Wettbewerb Kreativradar\u00a0dann auch gewonnen. Crazy! Wir haben eine Menge gelernt, viele andere Kreative kennengelernt und am Ende ein Diplom erhalten*. Hey, gibt es keine Troph\u00e4e? Tja, davon sp\u00e4ter mehr. &nbsp; &nbsp; Mit dem Wettbewerb hat das Land seine Impulsgeber aus der Kultur- und Kreativwirtschaft gesucht \u2013 beispielsweise Designer, Musiker, Filmemacher und Architekten, aber auch Querdenker und Vision\u00e4re aus anderen kreativen Branchen. Die ausgezeichneten Kreativen wurden von uns begleitet und dabei unterst\u00fctzt, die eigene Idee auf die Stra\u00dfe zu bringen, weiterzuentwickeln und zu sch\u00e4rfen. Als wir dann h\u00f6rten, dass es das gleiche wunderbare Format, nicht nur auf regionaler, sondern auch auf nationaler Eben gibt,\u00a0da wollten wir 2014 &#8211; na, klar &#8211; in die Nationalmanschaft. And we got in! Kultur- und Kreativpiloten Deutschland Kultur- und [&hellip;]<\/p>\n","protected":false},"author":7,"featured_media":6455,"parent":0,"menu_order":0,"comment_status":"closed","ping_status":"closed","template":"page-fullwidth.php","meta":{"footnotes":"","_links_to":"","_links_to_target":""},"class_list":["post-6432","page","type-page","status-publish","has-post-thumbnail","hentry"],"yoast_head":"<!-- This site is optimized with the Yoast SEO plugin v27.4 - https:\/\/yoast.com\/product\/yoast-seo-wordpress\/ -->\n<title>Auszeichnungen - Red Bug Culture - Schreiben, Ver\u00f6ffentlichen, Kurse<\/title>\n<meta name=\"description\" content=\"Dass wir preisw\u00fcrdig sind, h\u00e4tten wir nie gedacht. Aber seit wir begonnenn haben, uns um Preise zu bewerben, die sowohl Kreativit\u00e4t als auch Business ...\" \/>\n<meta name=\"robots\" content=\"index, follow, max-snippet:-1, max-image-preview:large, max-video-preview:-1\" \/>\n<link rel=\"canonical\" href=\"https:\/\/www.redbug-culture.com\/blog\/auszeichnungen\/\" \/>\n<meta property=\"og:locale\" content=\"de_DE\" \/>\n<meta property=\"og:type\" content=\"article\" \/>\n<meta property=\"og:title\" content=\"Auszeichnungen - Red Bug Culture - Schreiben, Ver\u00f6ffentlichen, Kurse\" \/>\n<meta property=\"og:description\" content=\"Dass wir preisw\u00fcrdig sind, h\u00e4tten wir nie gedacht. Aber seit wir begonnenn haben, uns um Preise zu bewerben, die sowohl Kreativit\u00e4t als auch Business ...\" \/>\n<meta property=\"og:url\" content=\"https:\/\/www.redbug-culture.com\/blog\/auszeichnungen\/\" \/>\n<meta property=\"og:site_name\" content=\"Red Bug Culture - Schreiben, Ver\u00f6ffentlichen, Kurse\" \/>\n<meta property=\"article:publisher\" content=\"https:\/\/www.facebook.com\/RedBugBooks\" \/>\n<meta property=\"article:modified_time\" content=\"2024-10-30T14:06:07+00:00\" \/>\n<meta property=\"og:image\" content=\"https:\/\/www.redbug-culture.com\/blog\/wp-content\/uploads\/2016\/07\/banner-culture25.jpg\" \/>\n\t<meta property=\"og:image:width\" content=\"740\" \/>\n\t<meta property=\"og:image:height\" content=\"493\" \/>\n\t<meta property=\"og:image:type\" content=\"image\/jpeg\" \/>\n<meta name=\"twitter:card\" content=\"summary_large_image\" \/>\n<meta name=\"twitter:site\" content=\"@RedBugBooks\" \/>\n<meta name=\"twitter:label1\" content=\"Gesch\u00e4tzte Lesezeit\" \/>\n\t<meta name=\"twitter:data1\" content=\"4\u00a0Minuten\" \/>\n<script type=\"application\/ld+json\" class=\"yoast-schema-graph\">{\"@context\":\"https:\\\/\\\/schema.org\",\"@graph\":[{\"@type\":\"WebPage\",\"@id\":\"https:\\\/\\\/www.redbug-culture.com\\\/blog\\\/auszeichnungen\\\/\",\"url\":\"https:\\\/\\\/www.redbug-culture.com\\\/blog\\\/auszeichnungen\\\/\",\"name\":\"Auszeichnungen - Red Bug Culture - Schreiben, Ver\u00f6ffentlichen, Kurse\",\"isPartOf\":{\"@id\":\"https:\\\/\\\/www.redbug-culture.com\\\/blog\\\/#website\"},\"primaryImageOfPage\":{\"@id\":\"https:\\\/\\\/www.redbug-culture.com\\\/blog\\\/auszeichnungen\\\/#primaryimage\"},\"image\":{\"@id\":\"https:\\\/\\\/www.redbug-culture.com\\\/blog\\\/auszeichnungen\\\/#primaryimage\"},\"thumbnailUrl\":\"https:\\\/\\\/www.redbug-culture.com\\\/blog\\\/wp-content\\\/uploads\\\/2016\\\/07\\\/banner-culture25.jpg\",\"datePublished\":\"2016-07-24T12:38:29+00:00\",\"dateModified\":\"2024-10-30T14:06:07+00:00\",\"description\":\"Dass wir preisw\u00fcrdig sind, h\u00e4tten wir nie gedacht. Aber seit wir begonnenn haben, uns um Preise zu bewerben, die sowohl Kreativit\u00e4t als auch Business ...\",\"breadcrumb\":{\"@id\":\"https:\\\/\\\/www.redbug-culture.com\\\/blog\\\/auszeichnungen\\\/#breadcrumb\"},\"inLanguage\":\"de\",\"potentialAction\":[{\"@type\":\"ReadAction\",\"target\":[\"https:\\\/\\\/www.redbug-culture.com\\\/blog\\\/auszeichnungen\\\/\"]}]},{\"@type\":\"ImageObject\",\"inLanguage\":\"de\",\"@id\":\"https:\\\/\\\/www.redbug-culture.com\\\/blog\\\/auszeichnungen\\\/#primaryimage\",\"url\":\"https:\\\/\\\/www.redbug-culture.com\\\/blog\\\/wp-content\\\/uploads\\\/2016\\\/07\\\/banner-culture25.jpg\",\"contentUrl\":\"https:\\\/\\\/www.redbug-culture.com\\\/blog\\\/wp-content\\\/uploads\\\/2016\\\/07\\\/banner-culture25.jpg\",\"width\":740,\"height\":493},{\"@type\":\"BreadcrumbList\",\"@id\":\"https:\\\/\\\/www.redbug-culture.com\\\/blog\\\/auszeichnungen\\\/#breadcrumb\",\"itemListElement\":[{\"@type\":\"ListItem\",\"position\":1,\"name\":\"Startseite\",\"item\":\"https:\\\/\\\/www.redbug-culture.com\\\/blog\\\/\"},{\"@type\":\"ListItem\",\"position\":2,\"name\":\"Auszeichnungen\"}]},{\"@type\":\"WebSite\",\"@id\":\"https:\\\/\\\/www.redbug-culture.com\\\/blog\\\/#website\",\"url\":\"https:\\\/\\\/www.redbug-culture.com\\\/blog\\\/\",\"name\":\"Red Bug Culture - Schreiben, Ver\u00f6ffentlichen, Kurse\",\"description\":\"Tipps &amp; Coaching f\u00fcr Autor:innen, Rezensionen\",\"potentialAction\":[{\"@type\":\"SearchAction\",\"target\":{\"@type\":\"EntryPoint\",\"urlTemplate\":\"https:\\\/\\\/www.redbug-culture.com\\\/blog\\\/?s={search_term_string}\"},\"query-input\":{\"@type\":\"PropertyValueSpecification\",\"valueRequired\":true,\"valueName\":\"search_term_string\"}}],\"inLanguage\":\"de\"}]}<\/script>\n<!-- \/ Yoast SEO plugin. -->","yoast_head_json":{"title":"Auszeichnungen - Red Bug Culture - Schreiben, Ver\u00f6ffentlichen, Kurse","description":"Dass wir preisw\u00fcrdig sind, h\u00e4tten wir nie gedacht. Aber seit wir begonnenn haben, uns um Preise zu bewerben, die sowohl Kreativit\u00e4t als auch Business ...","robots":{"index":"index","follow":"follow","max-snippet":"max-snippet:-1","max-image-preview":"max-image-preview:large","max-video-preview":"max-video-preview:-1"},"canonical":"https:\/\/www.redbug-culture.com\/blog\/auszeichnungen\/","og_locale":"de_DE","og_type":"article","og_title":"Auszeichnungen - Red Bug Culture - Schreiben, Ver\u00f6ffentlichen, Kurse","og_description":"Dass wir preisw\u00fcrdig sind, h\u00e4tten wir nie gedacht. Aber seit wir begonnenn haben, uns um Preise zu bewerben, die sowohl Kreativit\u00e4t als auch Business ...","og_url":"https:\/\/www.redbug-culture.com\/blog\/auszeichnungen\/","og_site_name":"Red Bug Culture - Schreiben, Ver\u00f6ffentlichen, Kurse","article_publisher":"https:\/\/www.facebook.com\/RedBugBooks","article_modified_time":"2024-10-30T14:06:07+00:00","og_image":[{"width":740,"height":493,"url":"https:\/\/www.redbug-culture.com\/blog\/wp-content\/uploads\/2016\/07\/banner-culture25.jpg","type":"image\/jpeg"}],"twitter_card":"summary_large_image","twitter_site":"@RedBugBooks","twitter_misc":{"Gesch\u00e4tzte Lesezeit":"4\u00a0Minuten"},"schema":{"@context":"https:\/\/schema.org","@graph":[{"@type":"WebPage","@id":"https:\/\/www.redbug-culture.com\/blog\/auszeichnungen\/","url":"https:\/\/www.redbug-culture.com\/blog\/auszeichnungen\/","name":"Auszeichnungen - Red Bug Culture - Schreiben, Ver\u00f6ffentlichen, Kurse","isPartOf":{"@id":"https:\/\/www.redbug-culture.com\/blog\/#website"},"primaryImageOfPage":{"@id":"https:\/\/www.redbug-culture.com\/blog\/auszeichnungen\/#primaryimage"},"image":{"@id":"https:\/\/www.redbug-culture.com\/blog\/auszeichnungen\/#primaryimage"},"thumbnailUrl":"https:\/\/www.redbug-culture.com\/blog\/wp-content\/uploads\/2016\/07\/banner-culture25.jpg","datePublished":"2016-07-24T12:38:29+00:00","dateModified":"2024-10-30T14:06:07+00:00","description":"Dass wir preisw\u00fcrdig sind, h\u00e4tten wir nie gedacht. Aber seit wir begonnenn haben, uns um Preise zu bewerben, die sowohl Kreativit\u00e4t als auch Business ...","breadcrumb":{"@id":"https:\/\/www.redbug-culture.com\/blog\/auszeichnungen\/#breadcrumb"},"inLanguage":"de","potentialAction":[{"@type":"ReadAction","target":["https:\/\/www.redbug-culture.com\/blog\/auszeichnungen\/"]}]},{"@type":"ImageObject","inLanguage":"de","@id":"https:\/\/www.redbug-culture.com\/blog\/auszeichnungen\/#primaryimage","url":"https:\/\/www.redbug-culture.com\/blog\/wp-content\/uploads\/2016\/07\/banner-culture25.jpg","contentUrl":"https:\/\/www.redbug-culture.com\/blog\/wp-content\/uploads\/2016\/07\/banner-culture25.jpg","width":740,"height":493},{"@type":"BreadcrumbList","@id":"https:\/\/www.redbug-culture.com\/blog\/auszeichnungen\/#breadcrumb","itemListElement":[{"@type":"ListItem","position":1,"name":"Startseite","item":"https:\/\/www.redbug-culture.com\/blog\/"},{"@type":"ListItem","position":2,"name":"Auszeichnungen"}]},{"@type":"WebSite","@id":"https:\/\/www.redbug-culture.com\/blog\/#website","url":"https:\/\/www.redbug-culture.com\/blog\/","name":"Red Bug Culture - Schreiben, Ver\u00f6ffentlichen, Kurse","description":"Tipps &amp; Coaching f\u00fcr Autor:innen, Rezensionen","potentialAction":[{"@type":"SearchAction","target":{"@type":"EntryPoint","urlTemplate":"https:\/\/www.redbug-culture.com\/blog\/?s={search_term_string}"},"query-input":{"@type":"PropertyValueSpecification","valueRequired":true,"valueName":"search_term_string"}}],"inLanguage":"de"}]}},"_links":{"self":[{"href":"https:\/\/www.redbug-culture.com\/blog\/wp-json\/wp\/v2\/pages\/6432","targetHints":{"allow":["GET"]}}],"collection":[{"href":"https:\/\/www.redbug-culture.com\/blog\/wp-json\/wp\/v2\/pages"}],"about":[{"href":"https:\/\/www.redbug-culture.com\/blog\/wp-json\/wp\/v2\/types\/page"}],"author":[{"embeddable":true,"href":"https:\/\/www.redbug-culture.com\/blog\/wp-json\/wp\/v2\/users\/7"}],"replies":[{"embeddable":true,"href":"https:\/\/www.redbug-culture.com\/blog\/wp-json\/wp\/v2\/comments?post=6432"}],"version-history":[{"count":0,"href":"https:\/\/www.redbug-culture.com\/blog\/wp-json\/wp\/v2\/pages\/6432\/revisions"}],"wp:featuredmedia":[{"embeddable":true,"href":"https:\/\/www.redbug-culture.com\/blog\/wp-json\/wp\/v2\/media\/6455"}],"wp:attachment":[{"href":"https:\/\/www.redbug-culture.com\/blog\/wp-json\/wp\/v2\/media?parent=6432"}],"curies":[{"name":"wp","href":"https:\/\/api.w.org\/{rel}","templated":true}]}}