{"id":6315,"date":"2016-07-29T13:15:12","date_gmt":"2016-07-29T11:15:12","guid":{"rendered":"https:\/\/www.redbug-culture.com\/blog\/?page_id=6315"},"modified":"2025-07-10T12:13:31","modified_gmt":"2025-07-10T10:13:31","slug":"red-bug-culture-more","status":"publish","type":"page","link":"https:\/\/www.redbug-culture.com\/blog\/red-bug-culture-more\/","title":{"rendered":"Red Bug Universum"},"content":{"rendered":"<h6 style=\"text-align: center;\"><span style=\"color: #ba1616;\">Red Bug Universum<\/span><\/h6>\n<p><span style=\"color: #800000;\"><b>Das Red Bug Universum <\/b><\/span><span style=\"color: #333333;\">&#8211; das sind derzeit f\u00fcnf Websites, auf denen es um Kunst &amp; Kultur, um Filme, Schauspiel, B\u00fccher, aber auch um Familie, Livestyle und Leben geht. Gerade befindest du dich auf dem <\/span><span style=\"color: #993300;\">Red Bug Culture<\/span><span style=\"color: #333333;\">, dem Blog zu unserem Buchlabel Red Bug Books.<\/span><\/p>\n<ol>\n<li><span style=\"color: #993300;\"><strong>Red Bug Culture &#8211;<\/strong><\/span>\u00a0Ein Blog f\u00fcr Kreative mit Schreibtipps, Tipps zum Ver\u00f6ffentlichen und f\u00fcr Schrift-Lettering.<\/li>\n<li><a href=\"http:\/\/www.redbug-books.com\/\"><strong>Red Bug Books<\/strong> <\/a>&#8211; Die Website des Buchlabels<\/li>\n<li><a href=\"http:\/\/www.redbug-agentur.com\"><strong>Red Bug Agency<\/strong><\/a> &#8211; Die Website der Schauspieleragentur<\/li>\n<li><a href=\"http:\/\/www.redbug-home.com\"><strong>Red Bug Home<\/strong><\/a> &#8211; Ein Familienblog \u00fcber Kunst, Kultur &amp; Lifestyle<\/li>\n<li><strong><a href=\"https:\/\/redbug-art.com\">Red Bug Art<\/a> <\/strong>&#8211; Ein Seite in der du die Replays des Kunstsalons findest, der w\u00f6chentlich auf der Cubhouse-App stattfindet.<\/li>\n<\/ol>\n<p style=\"text-align: left;\"><span style=\"color: #333333;\">Red Bug &#8211; sind K\u00fcnstler und Kreative. Wir schreiben B\u00fccher, machen Filme, Kunst &amp; Musik und lieben konspirative Kaffeepausen. Leben ist Kunst und Kunst ist Leben. Wir glauben, dass man alles schaffen kann, wenn man nur fest genug daran gl<\/span>aubt &#8211;<\/p>\n<p style=\"text-align: center;\">Gemeinsam macht es noch mehr Spa\u00df!<\/p>\n<p><a href=\"https:\/\/www.redbug-culture.com\/blog\/wp-content\/uploads\/2019\/11\/BooksPublishing-300x54-1.jpg\"><img loading=\"lazy\" decoding=\"async\" class=\"size-full wp-image-17523 aligncenter\" src=\"https:\/\/www.redbug-culture.com\/blog\/wp-content\/uploads\/2019\/11\/BooksPublishing-300x54-1.jpg\" alt=\"\" width=\"300\" height=\"54\" \/><\/a><\/p>\n<p style=\"text-align: center;\">Unter dem Label\u00a0<a href=\"https:\/\/www.redbug-books.com\/\">Red Bug Books<\/a>\u00a0ver\u00f6ffentlichen wir seit 2012 B\u00fccher und Graphic Novels. Der Schwerpunkt liegt im Bereich Young- und New Adult-Literatur und Graphic Novel. Hier auf dem Culture Blog findest du alles \u00fcber unsere Erfahrungen im E-publishing, Schreibtipps, Letteringtipps und was uns sonst noch so einf\u00e4llt zu B\u00fcchern, kreativen Unternehmensformen und dem Verlagswesen. Uuuund wir sind auf vielen Social Media Plattformen unterwegs. Hast du Lust, uns dort zu folgen?<\/p>\n<p style=\"text-align: center;\">Here we go!<\/p>\n<p style=\"text-align: center;\">\u00a0<a href=\"http:\/\/www.redbug-books.com\/\"><img loading=\"lazy\" decoding=\"async\" class=\"alignnone wp-image-3139\" src=\"https:\/\/www.redbug-culture.com\/blog\/wp-content\/uploads\/2015\/07\/home.button.orange-300x300.png\" sizes=\"auto, (max-width: 30px) 100vw, 30px\" srcset=\"https:\/\/www.redbug-culture.com\/blog\/wp-content\/uploads\/2015\/07\/home.button.orange-300x300.png 300w, https:\/\/www.redbug-culture.com\/blog\/wp-content\/uploads\/2015\/07\/home.button.orange-150x150.png 150w, https:\/\/www.redbug-culture.com\/blog\/wp-content\/uploads\/2015\/07\/home.button.orange.png 500w\" alt=\"home.button.orange\" width=\"30\" height=\"30\" \/><\/a> \u00a0<a href=\"https:\/\/de.pinterest.com\/redbugbooks\/\"><img loading=\"lazy\" decoding=\"async\" class=\"alignnone wp-image-3130\" src=\"https:\/\/www.redbug-culture.com\/blog\/wp-content\/uploads\/2015\/07\/pinterest-300x300.png\" sizes=\"auto, (max-width: 30px) 100vw, 30px\" srcset=\"https:\/\/www.redbug-culture.com\/blog\/wp-content\/uploads\/2015\/07\/pinterest-300x300.png 300w, https:\/\/www.redbug-culture.com\/blog\/wp-content\/uploads\/2015\/07\/pinterest-150x150.png 150w, https:\/\/www.redbug-culture.com\/blog\/wp-content\/uploads\/2015\/07\/pinterest.png 500w\" alt=\"pinterest\" width=\"30\" height=\"30\" \/><\/a>\u00a0\u00a0<a href=\"https:\/\/www.facebook.com\/RedBugBooks\"><img loading=\"lazy\" decoding=\"async\" class=\"alignnone wp-image-3128\" src=\"https:\/\/www.redbug-culture.com\/blog\/wp-content\/uploads\/2015\/07\/facebook500-300x300.png\" sizes=\"auto, (max-width: 30px) 100vw, 30px\" srcset=\"https:\/\/www.redbug-culture.com\/blog\/wp-content\/uploads\/2015\/07\/facebook500-300x300.png 300w, https:\/\/www.redbug-culture.com\/blog\/wp-content\/uploads\/2015\/07\/facebook500-150x150.png 150w, https:\/\/www.redbug-culture.com\/blog\/wp-content\/uploads\/2015\/07\/facebook500.png 500w\" alt=\"facebook500\" width=\"30\" height=\"30\" \/><\/a><a href=\"https:\/\/www.instagram.com\/redbugbooks_verlag\/\"><img loading=\"lazy\" decoding=\"async\" class=\"alignnone wp-image-3129\" src=\"https:\/\/www.redbug-culture.com\/blog\/wp-content\/uploads\/2015\/07\/instagram-150x150.png\" alt=\"instagram\" width=\"30\" height=\"30\" srcset=\"https:\/\/www.redbug-culture.com\/blog\/wp-content\/uploads\/2015\/07\/instagram-150x150.png 150w, https:\/\/www.redbug-culture.com\/blog\/wp-content\/uploads\/2015\/07\/instagram-300x300.png 300w, https:\/\/www.redbug-culture.com\/blog\/wp-content\/uploads\/2015\/07\/instagram.png 500w\" sizes=\"auto, (max-width: 30px) 100vw, 30px\" \/><\/a><\/p>\n<p>&nbsp;<\/p>\n<p style=\"text-align: center;\"><img loading=\"lazy\" decoding=\"async\" class=\"alignnone wp-image-3273 size-medium\" src=\"https:\/\/www.redbug-culture.com\/blog\/wp-content\/uploads\/2012\/05\/WorkPlay-300x59.jpg\" alt=\"Work&amp;Play\" width=\"300\" height=\"59\" srcset=\"https:\/\/www.redbug-culture.com\/blog\/wp-content\/uploads\/2012\/05\/WorkPlay-300x59.jpg 300w, https:\/\/www.redbug-culture.com\/blog\/wp-content\/uploads\/2012\/05\/WorkPlay.jpg 560w\" sizes=\"auto, (max-width: 300px) 100vw, 300px\" \/><\/p>\n<p class=\"Stil1 \" style=\"text-align: center;\">Schauspiel ist Kunst. Wir haben auf vielf\u00e4ltige Weise mit dem Filmgesch\u00e4ft zu tun.\u00a0Filme sind in vielerlei Hinsicht ein wichtiger Bereich in unserem Leben.\u00a0Egal, ob wir darin als Schauspieler mitwirken, Drehb\u00fccher f\u00fcr Filme schreiben, sie selber produzieren oder uns ansehen.<\/p>\n<p class=\"Stil1 \" style=\"text-align: center;\">Wir haben eine Talent Agency, eine Agentur f\u00fcr Schauspieler*innen. Warum eine Schauspielagentur?<\/p>\n<p class=\"Stil1 \" style=\"text-align: center;\">Antworten findest <a href=\"https:\/\/www.redbug-culture.com\/blog\/red-bug-culture-more\/red-bug-agentur\/\">Du hier<\/a>.<\/p>\n<p class=\"Stil1 \" style=\"text-align: center;\"><a href=\"http:\/\/www.redbug-agentur.com\"><img loading=\"lazy\" decoding=\"async\" class=\"alignnone wp-image-3139\" src=\"https:\/\/www.redbug-culture.com\/blog\/wp-content\/uploads\/2015\/07\/home.button.orange-300x300.png\" alt=\"home.button.orange\" width=\"30\" height=\"30\" srcset=\"https:\/\/www.redbug-culture.com\/blog\/wp-content\/uploads\/2015\/07\/home.button.orange-300x300.png 300w, https:\/\/www.redbug-culture.com\/blog\/wp-content\/uploads\/2015\/07\/home.button.orange-150x150.png 150w, https:\/\/www.redbug-culture.com\/blog\/wp-content\/uploads\/2015\/07\/home.button.orange.png 500w\" sizes=\"auto, (max-width: 30px) 100vw, 30px\" \/><\/a>\u00a0 \u00a0<a href=\"https:\/\/www.facebook.com\/pages\/Red-Bug-Agentur\/107224989352086?ref=ts\"><img loading=\"lazy\" decoding=\"async\" class=\"alignnone wp-image-3128\" src=\"https:\/\/www.redbug-culture.com\/blog\/wp-content\/uploads\/2015\/07\/facebook500-300x300.png\" alt=\"facebook500\" width=\"30\" height=\"30\" srcset=\"https:\/\/www.redbug-culture.com\/blog\/wp-content\/uploads\/2015\/07\/facebook500-300x300.png 300w, https:\/\/www.redbug-culture.com\/blog\/wp-content\/uploads\/2015\/07\/facebook500-150x150.png 150w, https:\/\/www.redbug-culture.com\/blog\/wp-content\/uploads\/2015\/07\/facebook500.png 500w\" sizes=\"auto, (max-width: 30px) 100vw, 30px\" \/><\/a><\/p>\n<p style=\"text-align: center;\"><img loading=\"lazy\" decoding=\"async\" class=\"alignnone wp-image-3270 size-medium\" src=\"https:\/\/www.redbug-culture.com\/blog\/wp-content\/uploads\/2015\/07\/FamilyFriends-300x59.jpg\" alt=\"Family&amp;Friends\" width=\"300\" height=\"59\" srcset=\"https:\/\/www.redbug-culture.com\/blog\/wp-content\/uploads\/2015\/07\/FamilyFriends-300x59.jpg 300w, https:\/\/www.redbug-culture.com\/blog\/wp-content\/uploads\/2015\/07\/FamilyFriends.jpg 560w\" sizes=\"auto, (max-width: 300px) 100vw, 300px\" \/><\/p>\n<p style=\"text-align: center;\">Der innere Kern, das sind f\u00fcnf Leute, eine Familie. Du willst uns kennen lernen? Hier findest du unsere Websites und kommst zu <a href=\"http:\/\/www.redbug-home.com\">Red Bug Home<\/a>, einem Ort, an dem wir \u00fcber das bloggen, wor\u00fcber wir nachdenken, unser Wissen teilen, \u00a0schreiben, reden, jubeln. Hier findest du Gedanken, Ideen, Inspirationen, Berichterstattung, Kurzgeschichten und Fotostrecken zu allem, was uns besch\u00e4ftigt und was wir m\u00f6gen.<\/p>\n<p style=\"text-align: center;\"><a href=\"http:\/\/www.redbug-home.com\"><img loading=\"lazy\" decoding=\"async\" class=\"alignnone wp-image-3139\" src=\"https:\/\/www.redbug-culture.com\/blog\/wp-content\/uploads\/2015\/07\/home.button.orange-300x300.png\" alt=\"home.button.orange\" width=\"30\" height=\"30\" srcset=\"https:\/\/www.redbug-culture.com\/blog\/wp-content\/uploads\/2015\/07\/home.button.orange-300x300.png 300w, https:\/\/www.redbug-culture.com\/blog\/wp-content\/uploads\/2015\/07\/home.button.orange-150x150.png 150w, https:\/\/www.redbug-culture.com\/blog\/wp-content\/uploads\/2015\/07\/home.button.orange.png 500w\" sizes=\"auto, (max-width: 30px) 100vw, 30px\" \/><\/a>\u00a0 \u00a0<a href=\"https:\/\/de.pinterest.com\/redbughome\/\"><img loading=\"lazy\" decoding=\"async\" class=\"alignnone wp-image-3130\" src=\"https:\/\/www.redbug-culture.com\/blog\/wp-content\/uploads\/2015\/07\/pinterest-300x300.png\" alt=\"pinterest\" width=\"30\" height=\"30\" srcset=\"https:\/\/www.redbug-culture.com\/blog\/wp-content\/uploads\/2015\/07\/pinterest-300x300.png 300w, https:\/\/www.redbug-culture.com\/blog\/wp-content\/uploads\/2015\/07\/pinterest-150x150.png 150w, https:\/\/www.redbug-culture.com\/blog\/wp-content\/uploads\/2015\/07\/pinterest.png 500w\" sizes=\"auto, (max-width: 30px) 100vw, 30px\" \/><\/a>\u00a0\u00a0\u00a0<a href=\"https:\/\/instagram.com\/redbughome\/\"><img loading=\"lazy\" decoding=\"async\" class=\"alignnone wp-image-3129\" src=\"https:\/\/www.redbug-culture.com\/blog\/wp-content\/uploads\/2015\/07\/instagram-300x300.png\" alt=\"instagram\" width=\"30\" height=\"30\" srcset=\"https:\/\/www.redbug-culture.com\/blog\/wp-content\/uploads\/2015\/07\/instagram-300x300.png 300w, https:\/\/www.redbug-culture.com\/blog\/wp-content\/uploads\/2015\/07\/instagram-150x150.png 150w, https:\/\/www.redbug-culture.com\/blog\/wp-content\/uploads\/2015\/07\/instagram.png 500w\" sizes=\"auto, (max-width: 30px) 100vw, 30px\" \/><\/a><\/p>\n<p style=\"text-align: center;\"><img loading=\"lazy\" decoding=\"async\" class=\"alignnone wp-image-3271 size-medium\" src=\"https:\/\/www.redbug-culture.com\/blog\/wp-content\/uploads\/2012\/05\/ArtFreedom-300x54.jpg\" alt=\"Art&amp;Freedom\" width=\"300\" height=\"54\" srcset=\"https:\/\/www.redbug-culture.com\/blog\/wp-content\/uploads\/2012\/05\/ArtFreedom-300x54.jpg 300w, https:\/\/www.redbug-culture.com\/blog\/wp-content\/uploads\/2012\/05\/ArtFreedom.jpg 614w\" sizes=\"auto, (max-width: 300px) 100vw, 300px\" \/><\/p>\n<p style=\"text-align: center;\">\u00a0Die Gr\u00fcnder von Red Bug Books, Katrin und Uwe, haben sich als K\u00fcnstler kennengelernt. Eigentlich stand die Kunst ja am Anfang, und wenn Dich unsere Kunst interessiert, dann lass dich auf <a href=\"http:\/\/www.uwecarow.de\">Uwes<\/a> oder <a href=\"http:\/\/www.katrinbongard.com\">Katrins<\/a> Website inspirieren!<\/p>\n<h6 class=\"Stil1 \" style=\"text-align: center;\"><span style=\"color: #800000;\">Du willst mehr?<\/span><\/h6>\n<p class=\"Stil1 \" style=\"text-align: center;\">Komm in die Red Bug-Community<\/p>\n<p style=\"text-align: center;\">Subscribe in unseren <a href=\"http:\/\/eepurl.com\/gr0n9P\">Newsletter<\/a>\u00a0und freu dich auf neue RedBug-B\u00fccher, Events, Give Aways, Behind the Scene-Infos und vieles mehr.<\/p>\n<p style=\"text-align: center;\">Wir freuen uns auf dich!<\/p>\n<div id=\"mc_embed_signup\">\n<form id=\"mc-embedded-subscribe-form\" class=\"validate\" action=\"\/\/redbug-books.us9.list-manage.com\/subscribe\/post?u=22af8f497a9b8701ff88f6ce4&amp;id=9b58d621ca\" method=\"post\" name=\"mc-embedded-subscribe-form\" novalidate=\"\" target=\"_blank\">\n<div id=\"mc_embed_signup_scroll\"><\/div>\n<\/form>\n<\/div>\n<p style=\"text-align: center;\">Do what you love!<\/p>\n<h5 style=\"text-align: center;\"><span style=\"color: #800000;\">Die Redbugx<\/span><\/h5>\n","protected":false},"excerpt":{"rendered":"<p>Red Bug Universum Das Red Bug Universum &#8211; das sind derzeit f\u00fcnf Websites, auf denen es um Kunst &amp; Kultur, um Filme, Schauspiel, B\u00fccher, aber auch um Familie, Livestyle und Leben geht. Gerade befindest du dich auf dem Red Bug Culture, dem Blog zu unserem Buchlabel Red Bug Books. Red Bug Culture &#8211;\u00a0Ein Blog f\u00fcr Kreative mit Schreibtipps, Tipps zum Ver\u00f6ffentlichen und f\u00fcr Schrift-Lettering. Red Bug Books &#8211; Die Website des Buchlabels Red Bug Agency &#8211; Die Website der Schauspieleragentur Red Bug Home &#8211; Ein Familienblog \u00fcber Kunst, Kultur &amp; Lifestyle Red Bug Art &#8211; Ein Seite in der du die Replays des Kunstsalons findest, der w\u00f6chentlich auf der Cubhouse-App stattfindet. Red Bug &#8211; sind K\u00fcnstler und Kreative. Wir schreiben B\u00fccher, machen Filme, Kunst &amp; Musik und lieben konspirative Kaffeepausen. Leben ist Kunst und Kunst ist Leben. Wir glauben, dass man alles schaffen kann, wenn man nur fest genug daran glaubt &#8211; Gemeinsam macht es noch mehr Spa\u00df! Unter dem Label\u00a0Red Bug Books\u00a0ver\u00f6ffentlichen wir seit 2012 B\u00fccher und Graphic Novels. Der Schwerpunkt liegt im Bereich Young- und New Adult-Literatur und Graphic Novel. Hier auf dem Culture Blog findest du alles \u00fcber unsere Erfahrungen im E-publishing, Schreibtipps, Letteringtipps und was uns [&hellip;]<\/p>\n","protected":false},"author":8,"featured_media":3291,"parent":0,"menu_order":0,"comment_status":"closed","ping_status":"closed","template":"page-fullwidth.php","meta":{"footnotes":"","_links_to":"","_links_to_target":""},"class_list":["post-6315","page","type-page","status-publish","has-post-thumbnail","hentry"],"yoast_head":"<!-- This site is optimized with the Yoast SEO plugin v27.4 - https:\/\/yoast.com\/product\/yoast-seo-wordpress\/ -->\n<title>Red Bug Universum - Red Bug Culture - Schreiben, Ver\u00f6ffentlichen, Kurse<\/title>\n<meta name=\"description\" content=\"Red Bug Universum Willkommen im , Red Bug - sind K\u00fcnstler und Kreative, Unternehmer &amp; Vision\u00e4re, Family &amp; Friends. Was das genau bedeutet: liest du hier.\" \/>\n<meta name=\"robots\" content=\"index, follow, max-snippet:-1, max-image-preview:large, max-video-preview:-1\" \/>\n<link rel=\"canonical\" href=\"https:\/\/www.redbug-culture.com\/blog\/red-bug-culture-more\/\" \/>\n<meta property=\"og:locale\" content=\"de_DE\" \/>\n<meta property=\"og:type\" content=\"article\" \/>\n<meta property=\"og:title\" content=\"Red Bug Universum - Red Bug Culture - Schreiben, Ver\u00f6ffentlichen, Kurse\" \/>\n<meta property=\"og:description\" content=\"Red Bug Universum Willkommen im , Red Bug - sind K\u00fcnstler und Kreative, Unternehmer &amp; Vision\u00e4re, Family &amp; Friends. Was das genau bedeutet: liest du hier.\" \/>\n<meta property=\"og:url\" content=\"https:\/\/www.redbug-culture.com\/blog\/red-bug-culture-more\/\" \/>\n<meta property=\"og:site_name\" content=\"Red Bug Culture - Schreiben, Ver\u00f6ffentlichen, Kurse\" \/>\n<meta property=\"article:publisher\" content=\"https:\/\/www.facebook.com\/RedBugBooks\" \/>\n<meta property=\"article:modified_time\" content=\"2025-07-10T10:13:31+00:00\" \/>\n<meta property=\"og:image\" content=\"https:\/\/www.redbug-culture.com\/blog\/wp-content\/uploads\/2015\/07\/travelingbugI.jpg\" \/>\n\t<meta property=\"og:image:width\" content=\"712\" \/>\n\t<meta property=\"og:image:height\" content=\"523\" \/>\n\t<meta property=\"og:image:type\" content=\"image\/jpeg\" \/>\n<meta name=\"twitter:card\" content=\"summary_large_image\" \/>\n<meta name=\"twitter:site\" content=\"@RedBugBooks\" \/>\n<meta name=\"twitter:label1\" content=\"Gesch\u00e4tzte Lesezeit\" \/>\n\t<meta name=\"twitter:data1\" content=\"6\u00a0Minuten\" \/>\n<script type=\"application\/ld+json\" class=\"yoast-schema-graph\">{\"@context\":\"https:\\\/\\\/schema.org\",\"@graph\":[{\"@type\":\"WebPage\",\"@id\":\"https:\\\/\\\/www.redbug-culture.com\\\/blog\\\/red-bug-culture-more\\\/\",\"url\":\"https:\\\/\\\/www.redbug-culture.com\\\/blog\\\/red-bug-culture-more\\\/\",\"name\":\"Red Bug Universum - Red Bug Culture - Schreiben, Ver\u00f6ffentlichen, Kurse\",\"isPartOf\":{\"@id\":\"https:\\\/\\\/www.redbug-culture.com\\\/blog\\\/#website\"},\"primaryImageOfPage\":{\"@id\":\"https:\\\/\\\/www.redbug-culture.com\\\/blog\\\/red-bug-culture-more\\\/#primaryimage\"},\"image\":{\"@id\":\"https:\\\/\\\/www.redbug-culture.com\\\/blog\\\/red-bug-culture-more\\\/#primaryimage\"},\"thumbnailUrl\":\"https:\\\/\\\/www.redbug-culture.com\\\/blog\\\/wp-content\\\/uploads\\\/2015\\\/07\\\/travelingbugI.jpg\",\"datePublished\":\"2016-07-29T11:15:12+00:00\",\"dateModified\":\"2025-07-10T10:13:31+00:00\",\"description\":\"Red Bug Universum Willkommen im , Red Bug - sind K\u00fcnstler und Kreative, Unternehmer & Vision\u00e4re, Family & Friends. Was das genau bedeutet: liest du hier.\",\"breadcrumb\":{\"@id\":\"https:\\\/\\\/www.redbug-culture.com\\\/blog\\\/red-bug-culture-more\\\/#breadcrumb\"},\"inLanguage\":\"de\",\"potentialAction\":[{\"@type\":\"ReadAction\",\"target\":[\"https:\\\/\\\/www.redbug-culture.com\\\/blog\\\/red-bug-culture-more\\\/\"]}]},{\"@type\":\"ImageObject\",\"inLanguage\":\"de\",\"@id\":\"https:\\\/\\\/www.redbug-culture.com\\\/blog\\\/red-bug-culture-more\\\/#primaryimage\",\"url\":\"https:\\\/\\\/www.redbug-culture.com\\\/blog\\\/wp-content\\\/uploads\\\/2015\\\/07\\\/travelingbugI.jpg\",\"contentUrl\":\"https:\\\/\\\/www.redbug-culture.com\\\/blog\\\/wp-content\\\/uploads\\\/2015\\\/07\\\/travelingbugI.jpg\",\"width\":712,\"height\":523},{\"@type\":\"BreadcrumbList\",\"@id\":\"https:\\\/\\\/www.redbug-culture.com\\\/blog\\\/red-bug-culture-more\\\/#breadcrumb\",\"itemListElement\":[{\"@type\":\"ListItem\",\"position\":1,\"name\":\"Startseite\",\"item\":\"https:\\\/\\\/www.redbug-culture.com\\\/blog\\\/\"},{\"@type\":\"ListItem\",\"position\":2,\"name\":\"Red Bug Universum\"}]},{\"@type\":\"WebSite\",\"@id\":\"https:\\\/\\\/www.redbug-culture.com\\\/blog\\\/#website\",\"url\":\"https:\\\/\\\/www.redbug-culture.com\\\/blog\\\/\",\"name\":\"Red Bug Culture - Schreiben, Ver\u00f6ffentlichen, Kurse\",\"description\":\"Tipps &amp; Coaching f\u00fcr Autor:innen, Rezensionen\",\"potentialAction\":[{\"@type\":\"SearchAction\",\"target\":{\"@type\":\"EntryPoint\",\"urlTemplate\":\"https:\\\/\\\/www.redbug-culture.com\\\/blog\\\/?s={search_term_string}\"},\"query-input\":{\"@type\":\"PropertyValueSpecification\",\"valueRequired\":true,\"valueName\":\"search_term_string\"}}],\"inLanguage\":\"de\"}]}<\/script>\n<!-- \/ Yoast SEO plugin. -->","yoast_head_json":{"title":"Red Bug Universum - Red Bug Culture - Schreiben, Ver\u00f6ffentlichen, Kurse","description":"Red Bug Universum Willkommen im , Red Bug - sind K\u00fcnstler und Kreative, Unternehmer & Vision\u00e4re, Family & Friends. Was das genau bedeutet: liest du hier.","robots":{"index":"index","follow":"follow","max-snippet":"max-snippet:-1","max-image-preview":"max-image-preview:large","max-video-preview":"max-video-preview:-1"},"canonical":"https:\/\/www.redbug-culture.com\/blog\/red-bug-culture-more\/","og_locale":"de_DE","og_type":"article","og_title":"Red Bug Universum - Red Bug Culture - Schreiben, Ver\u00f6ffentlichen, Kurse","og_description":"Red Bug Universum Willkommen im , Red Bug - sind K\u00fcnstler und Kreative, Unternehmer & Vision\u00e4re, Family & Friends. Was das genau bedeutet: liest du hier.","og_url":"https:\/\/www.redbug-culture.com\/blog\/red-bug-culture-more\/","og_site_name":"Red Bug Culture - Schreiben, Ver\u00f6ffentlichen, Kurse","article_publisher":"https:\/\/www.facebook.com\/RedBugBooks","article_modified_time":"2025-07-10T10:13:31+00:00","og_image":[{"width":712,"height":523,"url":"https:\/\/www.redbug-culture.com\/blog\/wp-content\/uploads\/2015\/07\/travelingbugI.jpg","type":"image\/jpeg"}],"twitter_card":"summary_large_image","twitter_site":"@RedBugBooks","twitter_misc":{"Gesch\u00e4tzte Lesezeit":"6\u00a0Minuten"},"schema":{"@context":"https:\/\/schema.org","@graph":[{"@type":"WebPage","@id":"https:\/\/www.redbug-culture.com\/blog\/red-bug-culture-more\/","url":"https:\/\/www.redbug-culture.com\/blog\/red-bug-culture-more\/","name":"Red Bug Universum - Red Bug Culture - Schreiben, Ver\u00f6ffentlichen, Kurse","isPartOf":{"@id":"https:\/\/www.redbug-culture.com\/blog\/#website"},"primaryImageOfPage":{"@id":"https:\/\/www.redbug-culture.com\/blog\/red-bug-culture-more\/#primaryimage"},"image":{"@id":"https:\/\/www.redbug-culture.com\/blog\/red-bug-culture-more\/#primaryimage"},"thumbnailUrl":"https:\/\/www.redbug-culture.com\/blog\/wp-content\/uploads\/2015\/07\/travelingbugI.jpg","datePublished":"2016-07-29T11:15:12+00:00","dateModified":"2025-07-10T10:13:31+00:00","description":"Red Bug Universum Willkommen im , Red Bug - sind K\u00fcnstler und Kreative, Unternehmer & Vision\u00e4re, Family & Friends. Was das genau bedeutet: liest du hier.","breadcrumb":{"@id":"https:\/\/www.redbug-culture.com\/blog\/red-bug-culture-more\/#breadcrumb"},"inLanguage":"de","potentialAction":[{"@type":"ReadAction","target":["https:\/\/www.redbug-culture.com\/blog\/red-bug-culture-more\/"]}]},{"@type":"ImageObject","inLanguage":"de","@id":"https:\/\/www.redbug-culture.com\/blog\/red-bug-culture-more\/#primaryimage","url":"https:\/\/www.redbug-culture.com\/blog\/wp-content\/uploads\/2015\/07\/travelingbugI.jpg","contentUrl":"https:\/\/www.redbug-culture.com\/blog\/wp-content\/uploads\/2015\/07\/travelingbugI.jpg","width":712,"height":523},{"@type":"BreadcrumbList","@id":"https:\/\/www.redbug-culture.com\/blog\/red-bug-culture-more\/#breadcrumb","itemListElement":[{"@type":"ListItem","position":1,"name":"Startseite","item":"https:\/\/www.redbug-culture.com\/blog\/"},{"@type":"ListItem","position":2,"name":"Red Bug Universum"}]},{"@type":"WebSite","@id":"https:\/\/www.redbug-culture.com\/blog\/#website","url":"https:\/\/www.redbug-culture.com\/blog\/","name":"Red Bug Culture - Schreiben, Ver\u00f6ffentlichen, Kurse","description":"Tipps &amp; Coaching f\u00fcr Autor:innen, Rezensionen","potentialAction":[{"@type":"SearchAction","target":{"@type":"EntryPoint","urlTemplate":"https:\/\/www.redbug-culture.com\/blog\/?s={search_term_string}"},"query-input":{"@type":"PropertyValueSpecification","valueRequired":true,"valueName":"search_term_string"}}],"inLanguage":"de"}]}},"_links":{"self":[{"href":"https:\/\/www.redbug-culture.com\/blog\/wp-json\/wp\/v2\/pages\/6315","targetHints":{"allow":["GET"]}}],"collection":[{"href":"https:\/\/www.redbug-culture.com\/blog\/wp-json\/wp\/v2\/pages"}],"about":[{"href":"https:\/\/www.redbug-culture.com\/blog\/wp-json\/wp\/v2\/types\/page"}],"author":[{"embeddable":true,"href":"https:\/\/www.redbug-culture.com\/blog\/wp-json\/wp\/v2\/users\/8"}],"replies":[{"embeddable":true,"href":"https:\/\/www.redbug-culture.com\/blog\/wp-json\/wp\/v2\/comments?post=6315"}],"version-history":[{"count":0,"href":"https:\/\/www.redbug-culture.com\/blog\/wp-json\/wp\/v2\/pages\/6315\/revisions"}],"wp:featuredmedia":[{"embeddable":true,"href":"https:\/\/www.redbug-culture.com\/blog\/wp-json\/wp\/v2\/media\/3291"}],"wp:attachment":[{"href":"https:\/\/www.redbug-culture.com\/blog\/wp-json\/wp\/v2\/media?parent=6315"}],"curies":[{"name":"wp","href":"https:\/\/api.w.org\/{rel}","templated":true}]}}