{"id":5365,"date":"2016-04-14T13:11:27","date_gmt":"2016-04-14T11:11:27","guid":{"rendered":"https:\/\/www.redbug-culture.com\/blog\/?page_id=5365"},"modified":"2024-02-13T10:34:25","modified_gmt":"2024-02-13T09:34:25","slug":"events","status":"publish","type":"page","link":"https:\/\/www.redbug-culture.com\/blog\/events\/","title":{"rendered":"Extras"},"content":{"rendered":"<h6>Extras<\/h6>\n<h6><a href=\"https:\/\/www.redbug-culture.com\/blog\/events\/lassunsfliegensocialmedia-tu%cc%88rkis\/\" rel=\"attachment wp-att-21977\"><img loading=\"lazy\" decoding=\"async\" class=\"alignright wp-image-21977 size-medium\" title=\"events\" src=\"https:\/\/www.redbug-culture.com\/blog\/wp-content\/uploads\/2021\/01\/LassUnsFliegenSocialMedia.tu\u0308rkis-300x300.png\" alt=\"Events\" width=\"300\" height=\"300\" srcset=\"https:\/\/www.redbug-culture.com\/blog\/wp-content\/uploads\/2021\/01\/LassUnsFliegenSocialMedia.tu\u0308rkis-300x300.png 300w, https:\/\/www.redbug-culture.com\/blog\/wp-content\/uploads\/2021\/01\/LassUnsFliegenSocialMedia.tu\u0308rkis-150x150.png 150w, https:\/\/www.redbug-culture.com\/blog\/wp-content\/uploads\/2021\/01\/LassUnsFliegenSocialMedia.tu\u0308rkis.png 600w\" sizes=\"auto, (max-width: 300px) 100vw, 300px\" \/><\/a><\/h6>\n<p>Unter der Kategorie <strong>Extras<\/strong>\u00a0erfahrt ihr alles \u00fcber kommende Ver\u00f6ffentlichungen, Blogtouren, Verschenk-Aktionen, Gifzeljagden (unsere Erfindung :), Lesungen, Bookevents, Facebook-Release-Partys, \u00fcberhaupt Partys &#8211; kurz alles, was wir Besonderes rund um das Thema B\u00fccher und irgendwas mit B\u00fcchern veranstalten.<\/p>\n<p>Was gerade ansteht &#8211; findet ihr als Unterbutton. Sollte da nichts sein, dann, tja, dann haben wir uns in unser kreatives Schneckenhaus zur\u00fcckgezogen und pondern \u00fcber neue B\u00fccher-Aktionen. Regelm\u00e4\u00dfige\/j\u00e4hrliche Aktionen sind:<\/p>\n<h6>RedBugBooks Geburtstagsparty<\/h6>\n<p>Wir haben Mitte Mai Geburtstag und feiern dieses Event jedes Jahr gro\u00df und ein wenig anders, doch immer mit allen Blogfans und Buchbloggern. Dieses Jahr &#8230; na, ihr werdet ja sehen.<\/p>\n<h6>Adventskalender<\/h6>\n<p>Weihnachten ist unser liebstes Fest. Wir haben ganz sicher mehr Weihnachtsschmuck als alle anderen Verlage und Weihnachtsbaumkugeln in allen Farben. Bis 2021 haben wir j\u00e4hrlich einen Adventskalender auf dem Blog gehabt, mit Buchgewinnen und Goodies. Seit 2023 gibt es \u00fcber den Jahreswechsel die <a href=\"https:\/\/www.redbug-culture.com\/blog\/2023\/12\/schreib-challenge-in-den-rauhnaechten\/\">Rauhn\u00e4chte-Challenge<\/a>.<\/p>\n<h6>Blog-Events<\/h6>\n<p>Au\u00dferdem findet ihr hier\u00a0besondere Blogreihen oder Themen, die ein wenig herausstechen und im \u00fcblichen Men\u00fc untergegangen w\u00e4ren.<\/p>\n<ul>\n<li>Oder unsere Spezial- <a href=\"https:\/\/www.redbug-culture.com\/blog\/kategorie\/martin-luther-2017\/\">Blogreihe im Lutherjahr 2017<\/a> .<\/li>\n<li>Oder unsere <a href=\"https:\/\/www.redbug-culture.com\/blog\/charity\/\">Red Bug Charity-Aktion<\/a>, &#8211; eine Geschichtensammlung mit prominenten Jugendbuchautor*innen, deren Erl\u00f6s der Off-Road-Stiftung zu Gute kommt &#8211; die wir 2014 durchgef\u00fchrt haben.<\/li>\n<li>Ihr findet hier zu den Sonderbeitr\u00e4gen am <a href=\"https:\/\/www.redbug-culture.com\/blog\/kategorie\/mindful-monday\/\">Mindful Monday,<\/a> in denen es um sensible Themen geht, Reflektionen \u00fcber das Buchgesch\u00e4ft oder auch Tipps f\u00fcrs Home-Office in Corona-Zeiten.<\/li>\n<li>Und alle Beitr\u00e4ge des <a href=\"https:\/\/www.redbug-culture.com\/blog\/kategorie\/diy-donnerstag\/\">DIY Donnerstag<\/a> gesammelt, die eine bunte Mischung aus Schreibtipps. Lettering-Workshop und Inspirations-Tipps sind. Im Grunde hat sich unser Schreibmittwoch ww=writerswednesday auf einen weiteren Wochentag ausgedehnt &#8230; Ihr findet die Lernbeitr\u00e4ge auch unter den anderen Kategorien.<\/li>\n<li>Unter Events gibt es auch das Den-Haag-Tagebuch. Einmal im Monat berichtet Lettering-Master Lukas von <a href=\"https:\/\/www.redbug-culture.com\/blog\/kategorie\/den-haag-tagebuch\/\">seinen Erfahrungen<\/a> im Masterstudiengang <em>Type and Media<\/em>\u00a0der Royal Academy of Art in Den Haag (<a href=\"https:\/\/www.kabk.nl\/opleidingen\/master\/type-en-media\">KABK<\/a>).<\/li>\n<\/ul>\n<h6><a href=\"https:\/\/www.redbug-culture.com\/blog\/events\/animation-720874_640\/\" rel=\"attachment wp-att-21983\"><img loading=\"lazy\" decoding=\"async\" class=\"wp-image-21983 alignleft\" src=\"https:\/\/www.redbug-culture.com\/blog\/wp-content\/uploads\/2021\/01\/animation-720874_640-300x225.jpg\" alt=\"Events\" width=\"400\" height=\"301\" srcset=\"https:\/\/www.redbug-culture.com\/blog\/wp-content\/uploads\/2021\/01\/animation-720874_640-300x225.jpg 300w, https:\/\/www.redbug-culture.com\/blog\/wp-content\/uploads\/2021\/01\/animation-720874_640.jpg 640w\" sizes=\"auto, (max-width: 400px) 100vw, 400px\" \/><\/a><\/h6>\n<h6>Newsletter<\/h6>\n<p>Wenn Du dich unseren <a href=\"http:\/\/eepurl.com\/dv3lpD\">Buchblogger-Newsletter<\/a> einschreibst, wirst Du immer rechtzeitig \u00fcber Buchaktionen und Events informiert oder zu Blogtouren eingeladen. Der Buchblogger Newsletter kommt unregelm\u00e4\u00dfig, meist zu unseren Buchver\u00f6ffentlichungen, etwa 2 mal im Jahr.<\/p>\n<p>Wenn Du unseren <a href=\"http:\/\/redbug-books.us9.list-manage.com\/subscribe?u=22af8f497a9b8701ff88f6ce4&amp;id=9b58d621ca\">Red Bug Culture Newsletter<\/a> abonnierst, erf\u00e4hrt ihr alles \u00fcber Buchver\u00f6ffentlichungen, Events, Gewinnspiele oder Buchaktionen und alle News zu unseren Red Bug Writing-Beitr\u00e4gen mit Schreibtipps. Au\u00dferdem erh\u00e4ltst Du Zugang zu Worksheet, die wir zu unseren Schreibbeitr\u00e4gen erstellt haben. St\u00e4ndig kommen neue Worksheets dazu. Der RBC-Newsletter kommt etwa 5-7 \u00a0mal im Jahr.<\/p>\n<p>Du m\u00f6chtest Zugang zu 30 worksheets und vielen Beitr\u00e4gen \u00fcber das Schreiben? Dann werde ein <a href=\"https:\/\/www.patreon.com\/redbugculture\">Red Bug Patron.<\/a><\/p>\n<h6><\/h6>\n<h6><\/h6>\n<p>&nbsp;<\/p>\n<h6>*Nutzungsbedingungen<\/h6>\n<p class=\"p3\"><span style=\"text-decoration: underline; color: #808080;\">Allgemeines<\/span><\/p>\n<p class=\"p4\"><span style=\"color: #808080;\">Diese Nutzungsbedingungen gelten f\u00fcr die Nutzung der von Red Bug Books betriebenen Internetseiten<i>.<\/i>\u00a0Der Bezug von Newslettern und die Teilnahme an Gewinnspielen sind kostenlos. Sofern in unseren Internetauftritten einzelne Leistungen kostenpflichtig sind, weisen wir hierauf gesondert hin.<\/span><\/p>\n<p><span style=\"text-decoration: underline; color: #808080;\">Urheberrechte und Markenrechte<\/span><\/p>\n<p class=\"p4\"><span style=\"color: #808080;\">Die Inhalte der Internetseiten von Red Bug Books (z. B. Texte, Fotografien, Grafiken, Marken, Filme und andere Werke) sind urheberrechtlich und\/oder durch andere Schutzrechte gesch\u00fctzt. Jede Nutzung dieser Inhalte, auch auszugsweise, insbesondere f\u00fcr kommerzielle Zwecke, bedarf der vorherigen Genehmigung durch den Rechteinhaber &#8211; Red Bug Books oder die Person, die den Inhalt hochgeladen hat.<\/span><\/p>\n<p><span style=\"color: #808080;\">Hier kannst du dich \u00fcber unseren\u00a0<a href=\"https:\/\/www.redbug-culture.com\/blog\/datenschutzerklaerung\/\">Datenschutz<\/a> informieren.<\/span><\/p>\n<p>&nbsp;<\/p>\n","protected":false},"excerpt":{"rendered":"<p>Extras Unter der Kategorie Extras\u00a0erfahrt ihr alles \u00fcber kommende Ver\u00f6ffentlichungen, Blogtouren, Verschenk-Aktionen, Gifzeljagden (unsere Erfindung :), Lesungen, Bookevents, Facebook-Release-Partys, \u00fcberhaupt Partys &#8211; kurz alles, was wir Besonderes rund um das Thema B\u00fccher und irgendwas mit B\u00fcchern veranstalten. Was gerade ansteht &#8211; findet ihr als Unterbutton. Sollte da nichts sein, dann, tja, dann haben wir uns in unser kreatives Schneckenhaus zur\u00fcckgezogen und pondern \u00fcber neue B\u00fccher-Aktionen. Regelm\u00e4\u00dfige\/j\u00e4hrliche Aktionen sind: RedBugBooks Geburtstagsparty Wir haben Mitte Mai Geburtstag und feiern dieses Event jedes Jahr gro\u00df und ein wenig anders, doch immer mit allen Blogfans und Buchbloggern. Dieses Jahr &#8230; na, ihr werdet ja sehen. Adventskalender Weihnachten ist unser liebstes Fest. Wir haben ganz sicher mehr Weihnachtsschmuck als alle anderen Verlage und Weihnachtsbaumkugeln in allen Farben. Bis 2021 haben wir j\u00e4hrlich einen Adventskalender auf dem Blog gehabt, mit Buchgewinnen und Goodies. Seit 2023 gibt es \u00fcber den Jahreswechsel die Rauhn\u00e4chte-Challenge. Blog-Events Au\u00dferdem findet ihr hier\u00a0besondere Blogreihen oder Themen, die ein wenig herausstechen und im \u00fcblichen Men\u00fc untergegangen w\u00e4ren. Oder unsere Spezial- Blogreihe im Lutherjahr 2017 . Oder unsere Red Bug Charity-Aktion, &#8211; eine Geschichtensammlung mit prominenten Jugendbuchautor*innen, deren Erl\u00f6s der Off-Road-Stiftung zu Gute kommt &#8211; die wir 2014 durchgef\u00fchrt haben. Ihr findet hier zu [&hellip;]<\/p>\n","protected":false},"author":7,"featured_media":21981,"parent":0,"menu_order":0,"comment_status":"open","ping_status":"open","template":"page-fullwidth.php","meta":{"footnotes":"","_links_to":"","_links_to_target":""},"class_list":["post-5365","page","type-page","status-publish","has-post-thumbnail","hentry"],"yoast_head":"<!-- This site is optimized with the Yoast SEO plugin v27.4 - https:\/\/yoast.com\/product\/yoast-seo-wordpress\/ -->\n<title>Extras - Red Bug Culture - Schreiben, Ver\u00f6ffentlichen, Kurse<\/title>\n<meta name=\"description\" content=\"Hier erfahrt ihr alles \u00fcber kommende Events! Zu B\u00fcchern, Blogtouren, Give aways, Facebook Parties...\" \/>\n<meta name=\"robots\" content=\"index, follow, max-snippet:-1, max-image-preview:large, max-video-preview:-1\" \/>\n<link rel=\"canonical\" href=\"https:\/\/www.redbug-culture.com\/blog\/events\/\" \/>\n<meta property=\"og:locale\" content=\"de_DE\" \/>\n<meta property=\"og:type\" content=\"article\" \/>\n<meta property=\"og:title\" content=\"Extras - Red Bug Culture - Schreiben, Ver\u00f6ffentlichen, Kurse\" \/>\n<meta property=\"og:description\" content=\"Hier erfahrt ihr alles \u00fcber kommende Events! Zu B\u00fcchern, Blogtouren, Give aways, Facebook Parties...\" \/>\n<meta property=\"og:url\" content=\"https:\/\/www.redbug-culture.com\/blog\/events\/\" \/>\n<meta property=\"og:site_name\" content=\"Red Bug Culture - Schreiben, Ver\u00f6ffentlichen, Kurse\" \/>\n<meta property=\"article:publisher\" content=\"https:\/\/www.facebook.com\/RedBugBooks\" \/>\n<meta property=\"article:modified_time\" content=\"2024-02-13T09:34:25+00:00\" \/>\n<meta property=\"og:image\" content=\"https:\/\/www.redbug-culture.com\/blog\/wp-content\/uploads\/2021\/01\/Event_Banner.png\" \/>\n\t<meta property=\"og:image:width\" content=\"740\" \/>\n\t<meta property=\"og:image:height\" content=\"493\" \/>\n\t<meta property=\"og:image:type\" content=\"image\/png\" \/>\n<meta name=\"twitter:card\" content=\"summary_large_image\" \/>\n<meta name=\"twitter:site\" content=\"@RedBugBooks\" \/>\n<meta name=\"twitter:label1\" content=\"Gesch\u00e4tzte Lesezeit\" \/>\n\t<meta name=\"twitter:data1\" content=\"4\u00a0Minuten\" \/>\n<script type=\"application\/ld+json\" class=\"yoast-schema-graph\">{\"@context\":\"https:\\\/\\\/schema.org\",\"@graph\":[{\"@type\":\"WebPage\",\"@id\":\"https:\\\/\\\/www.redbug-culture.com\\\/blog\\\/events\\\/\",\"url\":\"https:\\\/\\\/www.redbug-culture.com\\\/blog\\\/events\\\/\",\"name\":\"Extras - Red Bug Culture - Schreiben, Ver\u00f6ffentlichen, Kurse\",\"isPartOf\":{\"@id\":\"https:\\\/\\\/www.redbug-culture.com\\\/blog\\\/#website\"},\"primaryImageOfPage\":{\"@id\":\"https:\\\/\\\/www.redbug-culture.com\\\/blog\\\/events\\\/#primaryimage\"},\"image\":{\"@id\":\"https:\\\/\\\/www.redbug-culture.com\\\/blog\\\/events\\\/#primaryimage\"},\"thumbnailUrl\":\"https:\\\/\\\/www.redbug-culture.com\\\/blog\\\/wp-content\\\/uploads\\\/2021\\\/01\\\/Event_Banner.png\",\"datePublished\":\"2016-04-14T11:11:27+00:00\",\"dateModified\":\"2024-02-13T09:34:25+00:00\",\"description\":\"Hier erfahrt ihr alles \u00fcber kommende Events! Zu B\u00fcchern, Blogtouren, Give aways, Facebook Parties...\",\"breadcrumb\":{\"@id\":\"https:\\\/\\\/www.redbug-culture.com\\\/blog\\\/events\\\/#breadcrumb\"},\"inLanguage\":\"de\",\"potentialAction\":[{\"@type\":\"ReadAction\",\"target\":[\"https:\\\/\\\/www.redbug-culture.com\\\/blog\\\/events\\\/\"]}]},{\"@type\":\"ImageObject\",\"inLanguage\":\"de\",\"@id\":\"https:\\\/\\\/www.redbug-culture.com\\\/blog\\\/events\\\/#primaryimage\",\"url\":\"https:\\\/\\\/www.redbug-culture.com\\\/blog\\\/wp-content\\\/uploads\\\/2021\\\/01\\\/Event_Banner.png\",\"contentUrl\":\"https:\\\/\\\/www.redbug-culture.com\\\/blog\\\/wp-content\\\/uploads\\\/2021\\\/01\\\/Event_Banner.png\",\"width\":740,\"height\":493},{\"@type\":\"BreadcrumbList\",\"@id\":\"https:\\\/\\\/www.redbug-culture.com\\\/blog\\\/events\\\/#breadcrumb\",\"itemListElement\":[{\"@type\":\"ListItem\",\"position\":1,\"name\":\"Startseite\",\"item\":\"https:\\\/\\\/www.redbug-culture.com\\\/blog\\\/\"},{\"@type\":\"ListItem\",\"position\":2,\"name\":\"Extras\"}]},{\"@type\":\"WebSite\",\"@id\":\"https:\\\/\\\/www.redbug-culture.com\\\/blog\\\/#website\",\"url\":\"https:\\\/\\\/www.redbug-culture.com\\\/blog\\\/\",\"name\":\"Red Bug Culture - Schreiben, Ver\u00f6ffentlichen, Kurse\",\"description\":\"Tipps &amp; Coaching f\u00fcr Autor:innen, Rezensionen\",\"potentialAction\":[{\"@type\":\"SearchAction\",\"target\":{\"@type\":\"EntryPoint\",\"urlTemplate\":\"https:\\\/\\\/www.redbug-culture.com\\\/blog\\\/?s={search_term_string}\"},\"query-input\":{\"@type\":\"PropertyValueSpecification\",\"valueRequired\":true,\"valueName\":\"search_term_string\"}}],\"inLanguage\":\"de\"}]}<\/script>\n<!-- \/ Yoast SEO plugin. -->","yoast_head_json":{"title":"Extras - Red Bug Culture - Schreiben, Ver\u00f6ffentlichen, Kurse","description":"Hier erfahrt ihr alles \u00fcber kommende Events! Zu B\u00fcchern, Blogtouren, Give aways, Facebook Parties...","robots":{"index":"index","follow":"follow","max-snippet":"max-snippet:-1","max-image-preview":"max-image-preview:large","max-video-preview":"max-video-preview:-1"},"canonical":"https:\/\/www.redbug-culture.com\/blog\/events\/","og_locale":"de_DE","og_type":"article","og_title":"Extras - Red Bug Culture - Schreiben, Ver\u00f6ffentlichen, Kurse","og_description":"Hier erfahrt ihr alles \u00fcber kommende Events! Zu B\u00fcchern, Blogtouren, Give aways, Facebook Parties...","og_url":"https:\/\/www.redbug-culture.com\/blog\/events\/","og_site_name":"Red Bug Culture - Schreiben, Ver\u00f6ffentlichen, Kurse","article_publisher":"https:\/\/www.facebook.com\/RedBugBooks","article_modified_time":"2024-02-13T09:34:25+00:00","og_image":[{"width":740,"height":493,"url":"https:\/\/www.redbug-culture.com\/blog\/wp-content\/uploads\/2021\/01\/Event_Banner.png","type":"image\/png"}],"twitter_card":"summary_large_image","twitter_site":"@RedBugBooks","twitter_misc":{"Gesch\u00e4tzte Lesezeit":"4\u00a0Minuten"},"schema":{"@context":"https:\/\/schema.org","@graph":[{"@type":"WebPage","@id":"https:\/\/www.redbug-culture.com\/blog\/events\/","url":"https:\/\/www.redbug-culture.com\/blog\/events\/","name":"Extras - Red Bug Culture - Schreiben, Ver\u00f6ffentlichen, Kurse","isPartOf":{"@id":"https:\/\/www.redbug-culture.com\/blog\/#website"},"primaryImageOfPage":{"@id":"https:\/\/www.redbug-culture.com\/blog\/events\/#primaryimage"},"image":{"@id":"https:\/\/www.redbug-culture.com\/blog\/events\/#primaryimage"},"thumbnailUrl":"https:\/\/www.redbug-culture.com\/blog\/wp-content\/uploads\/2021\/01\/Event_Banner.png","datePublished":"2016-04-14T11:11:27+00:00","dateModified":"2024-02-13T09:34:25+00:00","description":"Hier erfahrt ihr alles \u00fcber kommende Events! Zu B\u00fcchern, Blogtouren, Give aways, Facebook Parties...","breadcrumb":{"@id":"https:\/\/www.redbug-culture.com\/blog\/events\/#breadcrumb"},"inLanguage":"de","potentialAction":[{"@type":"ReadAction","target":["https:\/\/www.redbug-culture.com\/blog\/events\/"]}]},{"@type":"ImageObject","inLanguage":"de","@id":"https:\/\/www.redbug-culture.com\/blog\/events\/#primaryimage","url":"https:\/\/www.redbug-culture.com\/blog\/wp-content\/uploads\/2021\/01\/Event_Banner.png","contentUrl":"https:\/\/www.redbug-culture.com\/blog\/wp-content\/uploads\/2021\/01\/Event_Banner.png","width":740,"height":493},{"@type":"BreadcrumbList","@id":"https:\/\/www.redbug-culture.com\/blog\/events\/#breadcrumb","itemListElement":[{"@type":"ListItem","position":1,"name":"Startseite","item":"https:\/\/www.redbug-culture.com\/blog\/"},{"@type":"ListItem","position":2,"name":"Extras"}]},{"@type":"WebSite","@id":"https:\/\/www.redbug-culture.com\/blog\/#website","url":"https:\/\/www.redbug-culture.com\/blog\/","name":"Red Bug Culture - Schreiben, Ver\u00f6ffentlichen, Kurse","description":"Tipps &amp; Coaching f\u00fcr Autor:innen, Rezensionen","potentialAction":[{"@type":"SearchAction","target":{"@type":"EntryPoint","urlTemplate":"https:\/\/www.redbug-culture.com\/blog\/?s={search_term_string}"},"query-input":{"@type":"PropertyValueSpecification","valueRequired":true,"valueName":"search_term_string"}}],"inLanguage":"de"}]}},"_links":{"self":[{"href":"https:\/\/www.redbug-culture.com\/blog\/wp-json\/wp\/v2\/pages\/5365","targetHints":{"allow":["GET"]}}],"collection":[{"href":"https:\/\/www.redbug-culture.com\/blog\/wp-json\/wp\/v2\/pages"}],"about":[{"href":"https:\/\/www.redbug-culture.com\/blog\/wp-json\/wp\/v2\/types\/page"}],"author":[{"embeddable":true,"href":"https:\/\/www.redbug-culture.com\/blog\/wp-json\/wp\/v2\/users\/7"}],"replies":[{"embeddable":true,"href":"https:\/\/www.redbug-culture.com\/blog\/wp-json\/wp\/v2\/comments?post=5365"}],"version-history":[{"count":0,"href":"https:\/\/www.redbug-culture.com\/blog\/wp-json\/wp\/v2\/pages\/5365\/revisions"}],"wp:featuredmedia":[{"embeddable":true,"href":"https:\/\/www.redbug-culture.com\/blog\/wp-json\/wp\/v2\/media\/21981"}],"wp:attachment":[{"href":"https:\/\/www.redbug-culture.com\/blog\/wp-json\/wp\/v2\/media?parent=5365"}],"curies":[{"name":"wp","href":"https:\/\/api.w.org\/{rel}","templated":true}]}}