{"id":53,"date":"2012-04-23T16:24:53","date_gmt":"2012-04-23T16:24:53","guid":{"rendered":"https:\/\/www.redbug-culture.com\/blog\/?page_id=53"},"modified":"2024-12-31T14:52:40","modified_gmt":"2024-12-31T13:52:40","slug":"veroeffentlichen","status":"publish","type":"page","link":"https:\/\/www.redbug-culture.com\/blog\/veroeffentlichen\/","title":{"rendered":"Ver\u00f6ffentlichen"},"content":{"rendered":"<h6><span style=\"color: #993300;\">&#8220;&#8216; Hinweis: Viele Blogbeitr\u00e4ge werden zurzeit \u00fcberarbeitet und sind daher nicht zug\u00e4nglich.&#8220;&#8216;<\/span><\/h6>\n<h6 style=\"text-align: left;\">Ver\u00f6ffentlichen<\/h6>\n<p>Hier geht es um das Ver\u00f6ffentlichen, egal, ob digital oder analog. Denn wenn ein Buch geschrieben ist, dann willst Du es in der Regel auch ver\u00f6ffentlichen. Entweder Self &#8211; als Selfpublisher und digital oder bei einem Verlag. Was Du da alles bedenken und beachten muss, haben wir in einer sich st\u00e4ndig erweiternden Zahl von Blogbeitr\u00e4gen beschrieben.<\/p>\n<p><a href=\"https:\/\/www.redbug-culture.com\/blog\/wp-content\/uploads\/2012\/04\/Kiste_auspacken_Detail.png\"><img loading=\"lazy\" decoding=\"async\" class=\"alignleft wp-image-6163 size-medium\" title=\"Red Bug Publishing\" src=\"https:\/\/www.redbug-culture.com\/blog\/wp-content\/uploads\/2012\/04\/Kiste_auspacken_Detail-300x200.png\" alt=\"Ver\u00f6ffentlichen\" width=\"300\" height=\"200\" srcset=\"https:\/\/www.redbug-culture.com\/blog\/wp-content\/uploads\/2012\/04\/Kiste_auspacken_Detail-300x200.png 300w, https:\/\/www.redbug-culture.com\/blog\/wp-content\/uploads\/2012\/04\/Kiste_auspacken_Detail-440x294.png 440w, https:\/\/www.redbug-culture.com\/blog\/wp-content\/uploads\/2012\/04\/Kiste_auspacken_Detail.png 740w\" sizes=\"auto, (max-width: 300px) 100vw, 300px\" \/><\/a>Doch vorher noch ein paar Basics:<\/p>\n<p>E-Publishing <a href=\"https:\/\/www.redbug-culture.com\/blog\/e-publishing\/e-publishing-was-ist-das\/\">&#8211; Was ist das?<\/a><\/p>\n<p><a href=\"https:\/\/www.redbug-culture.com\/blog\/e-reading\/\">E-Reading<\/a> &#8211; Wie geht das? Wie und wo kann ich E-Books lesen?<\/p>\n<p>Digitales Lesen &#8211; Wer es er erst einmal sch\u00e4tzen gelernt hat, der will es nicht mehr missen. Und Printb\u00fccher &#8211; kann man dann ja trotzdem noch kaufen und lesen und sammeln ;) Wir wollen dich deutlich zum E-Lesen ermuntern, denn es ist g\u00fcnstiger, praktisch, verschwendet kein Baumholz f\u00fcr Papierseiten und kann dir zudem viele Infos liefern, falls Du sp\u00e4ter selbst einmal digital ver\u00f6ffentlichen willst. Auch dazu haben wir \u00fcbrigens Blogreihen, also zum Thema, wie Du dein eigenes E-Book erstellen kannst.<\/p>\n<ul>\n<li><a href=\"https:\/\/www.redbug-culture.com\/blog\/kategorie\/10-schritte-zu-deiner-epub\/\">10 Schritte zu deiner Epub<\/a><\/li>\n<li><a href=\"https:\/\/www.redbug-culture.com\/blog\/kategorie\/publishing\/epub-insights\/\">Epub Insights<\/a> (Tricks f\u00fcr Epub-Experten)<\/li>\n<\/ul>\n<h6>Beitragsserien zu Fragen rund ums Ver\u00f6ffentlichen deines Buches:<\/h6>\n<p><span style=\"color: #333333;\"><a href=\"https:\/\/www.redbug-culture.com\/blog\/e-publishing\/manu1-2\/\" rel=\"attachment wp-att-21988\"><img loading=\"lazy\" decoding=\"async\" class=\"alignright wp-image-21988 size-medium\" title=\"Publishing Red Bug Culture\" src=\"https:\/\/www.redbug-culture.com\/blog\/wp-content\/uploads\/2021\/01\/manu1-300x200.jpg\" alt=\"Publishing\" width=\"300\" height=\"200\" srcset=\"https:\/\/www.redbug-culture.com\/blog\/wp-content\/uploads\/2021\/01\/manu1-300x200.jpg 300w, https:\/\/www.redbug-culture.com\/blog\/wp-content\/uploads\/2021\/01\/manu1-440x294.jpg 440w, https:\/\/www.redbug-culture.com\/blog\/wp-content\/uploads\/2021\/01\/manu1-272x182.jpg 272w, https:\/\/www.redbug-culture.com\/blog\/wp-content\/uploads\/2021\/01\/manu1.jpg 740w\" sizes=\"auto, (max-width: 300px) 100vw, 300px\" \/><\/a>Das Kernst\u00fcck dieser Kategorie sind nat\u00fcrlich all unsere Beitrage zum Thema Publishing. Alle Blogreihen haben etwa 7-10 Beitr\u00e4ge, Du findest unter jedem Link also eine ganze Menge von Beitr\u00e4gen, die Du dir durchlesen und abarbeiten kannst. Weil es nach dem Ver\u00f6ffentlichen auch wichtig ist, ein Buch zu bewerben &#8211; gibt es Blogreihen \u00fcber Social-Media und eine zum Thema Branding f\u00fcr Autor*innen. <\/span><\/p>\n<p><span style=\"color: #333333;\">Viel Spa\u00df beim Erkunden!<\/span><\/p>\n<ul>\n<li><a href=\"https:\/\/www.redbug-culture.com\/blog\/kategorie\/vom-manuskript-bis-zur-veroeffentlichung\/\">Vom Manuskript bis zur Ver\u00f6ffentlichung<\/a><\/li>\n<li style=\"text-align: left;\"><a href=\"https:\/\/www.redbug-culture.com\/blog\/kategorie\/selfpublishing\/wie-veroeffentliche-ich-mein-manuskript\/\">Wie ver\u00f6ffentliche ich mein Manuskript?<\/a><\/li>\n<li style=\"text-align: left;\"><a href=\"https:\/\/www.redbug-culture.com\/blog\/kategorie\/was-passiert-in-einem-verlag\/\">Was passiert in einem Verlag?<\/a><\/li>\n<li><a href=\"https:\/\/www.redbug-culture.com\/blog\/kategorie\/social-media-tipps-fuer-autorinnen\/\">Social-Media-Tipps f\u00fcr Autor*innen<\/a><\/li>\n<li><a href=\"https:\/\/www.redbug-culture.com\/blog\/kategorie\/branding-fuer-autor-innen\/\">Branding f\u00fcr Autor*innen<\/a><\/li>\n<\/ul>\n<p>&nbsp;<\/p>\n<p>&nbsp;<\/p>\n","protected":false},"excerpt":{"rendered":"<p>&#8220;&#8216; Hinweis: Viele Blogbeitr\u00e4ge werden zurzeit \u00fcberarbeitet und sind daher nicht zug\u00e4nglich.&#8220;&#8216; Ver\u00f6ffentlichen Hier geht es um das Ver\u00f6ffentlichen, egal, ob digital oder analog. Denn wenn ein Buch geschrieben ist, dann willst Du es in der Regel auch ver\u00f6ffentlichen. Entweder Self &#8211; als Selfpublisher und digital oder bei einem Verlag. Was Du da alles bedenken und beachten muss, haben wir in einer sich st\u00e4ndig erweiternden Zahl von Blogbeitr\u00e4gen beschrieben. Doch vorher noch ein paar Basics: E-Publishing &#8211; Was ist das? E-Reading &#8211; Wie geht das? Wie und wo kann ich E-Books lesen? Digitales Lesen &#8211; Wer es er erst einmal sch\u00e4tzen gelernt hat, der will es nicht mehr missen. Und Printb\u00fccher &#8211; kann man dann ja trotzdem noch kaufen und lesen und sammeln ;) Wir wollen dich deutlich zum E-Lesen ermuntern, denn es ist g\u00fcnstiger, praktisch, verschwendet kein Baumholz f\u00fcr Papierseiten und kann dir zudem viele Infos liefern, falls Du sp\u00e4ter selbst einmal digital ver\u00f6ffentlichen willst. Auch dazu haben wir \u00fcbrigens Blogreihen, also zum Thema, wie Du dein eigenes E-Book erstellen kannst. 10 Schritte zu deiner Epub Epub Insights (Tricks f\u00fcr Epub-Experten) Beitragsserien zu Fragen rund ums Ver\u00f6ffentlichen deines Buches: Das Kernst\u00fcck dieser Kategorie sind nat\u00fcrlich all unsere Beitrage zum [&hellip;]<\/p>\n","protected":false},"author":5,"featured_media":21987,"parent":0,"menu_order":0,"comment_status":"open","ping_status":"open","template":"page-fullwidth.php","meta":{"footnotes":"","_links_to":"","_links_to_target":""},"class_list":["post-53","page","type-page","status-publish","has-post-thumbnail","hentry"],"yoast_head":"<!-- This site is optimized with the Yoast SEO plugin v27.4 - https:\/\/yoast.com\/product\/yoast-seo-wordpress\/ -->\n<title>Ver\u00f6ffentlichen - Red Bug Culture - Schreiben, Ver\u00f6ffentlichen, Kurse<\/title>\n<meta name=\"description\" content=\"Alles rund um das Ver\u00f6ffentlichen eines Buches, ob digital oder analog. Blogreihen: Wie ver\u00f6ffentliche ich mein Manuskript?\" \/>\n<meta name=\"robots\" content=\"index, follow, max-snippet:-1, max-image-preview:large, max-video-preview:-1\" \/>\n<link rel=\"canonical\" href=\"https:\/\/www.redbug-culture.com\/blog\/veroeffentlichen\/\" \/>\n<meta property=\"og:locale\" content=\"de_DE\" \/>\n<meta property=\"og:type\" content=\"article\" \/>\n<meta property=\"og:title\" content=\"Ver\u00f6ffentlichen - Red Bug Culture - Schreiben, Ver\u00f6ffentlichen, Kurse\" \/>\n<meta property=\"og:description\" content=\"Alles rund um das Ver\u00f6ffentlichen eines Buches, ob digital oder analog. Blogreihen: Wie ver\u00f6ffentliche ich mein Manuskript?\" \/>\n<meta property=\"og:url\" content=\"https:\/\/www.redbug-culture.com\/blog\/veroeffentlichen\/\" \/>\n<meta property=\"og:site_name\" content=\"Red Bug Culture - Schreiben, Ver\u00f6ffentlichen, Kurse\" \/>\n<meta property=\"article:publisher\" content=\"https:\/\/www.facebook.com\/RedBugBooks\" \/>\n<meta property=\"article:modified_time\" content=\"2024-12-31T13:52:40+00:00\" \/>\n<meta property=\"og:image\" content=\"https:\/\/www.redbug-culture.com\/blog\/wp-content\/uploads\/2021\/01\/banner-culture_mm4.png\" \/>\n\t<meta property=\"og:image:width\" content=\"740\" \/>\n\t<meta property=\"og:image:height\" content=\"493\" \/>\n\t<meta property=\"og:image:type\" content=\"image\/png\" \/>\n<meta name=\"twitter:card\" content=\"summary_large_image\" \/>\n<meta name=\"twitter:site\" content=\"@RedBugBooks\" \/>\n<meta name=\"twitter:label1\" content=\"Gesch\u00e4tzte Lesezeit\" \/>\n\t<meta name=\"twitter:data1\" content=\"3\u00a0Minuten\" \/>\n<script type=\"application\/ld+json\" class=\"yoast-schema-graph\">{\"@context\":\"https:\\\/\\\/schema.org\",\"@graph\":[{\"@type\":\"WebPage\",\"@id\":\"https:\\\/\\\/www.redbug-culture.com\\\/blog\\\/veroeffentlichen\\\/\",\"url\":\"https:\\\/\\\/www.redbug-culture.com\\\/blog\\\/veroeffentlichen\\\/\",\"name\":\"Ver\u00f6ffentlichen - Red Bug Culture - Schreiben, Ver\u00f6ffentlichen, Kurse\",\"isPartOf\":{\"@id\":\"https:\\\/\\\/www.redbug-culture.com\\\/blog\\\/#website\"},\"primaryImageOfPage\":{\"@id\":\"https:\\\/\\\/www.redbug-culture.com\\\/blog\\\/veroeffentlichen\\\/#primaryimage\"},\"image\":{\"@id\":\"https:\\\/\\\/www.redbug-culture.com\\\/blog\\\/veroeffentlichen\\\/#primaryimage\"},\"thumbnailUrl\":\"https:\\\/\\\/www.redbug-culture.com\\\/blog\\\/wp-content\\\/uploads\\\/2021\\\/01\\\/banner-culture_mm4.png\",\"datePublished\":\"2012-04-23T16:24:53+00:00\",\"dateModified\":\"2024-12-31T13:52:40+00:00\",\"description\":\"Alles rund um das Ver\u00f6ffentlichen eines Buches, ob digital oder analog. Blogreihen: Wie ver\u00f6ffentliche ich mein Manuskript?\",\"breadcrumb\":{\"@id\":\"https:\\\/\\\/www.redbug-culture.com\\\/blog\\\/veroeffentlichen\\\/#breadcrumb\"},\"inLanguage\":\"de\",\"potentialAction\":[{\"@type\":\"ReadAction\",\"target\":[\"https:\\\/\\\/www.redbug-culture.com\\\/blog\\\/veroeffentlichen\\\/\"]}]},{\"@type\":\"ImageObject\",\"inLanguage\":\"de\",\"@id\":\"https:\\\/\\\/www.redbug-culture.com\\\/blog\\\/veroeffentlichen\\\/#primaryimage\",\"url\":\"https:\\\/\\\/www.redbug-culture.com\\\/blog\\\/wp-content\\\/uploads\\\/2021\\\/01\\\/banner-culture_mm4.png\",\"contentUrl\":\"https:\\\/\\\/www.redbug-culture.com\\\/blog\\\/wp-content\\\/uploads\\\/2021\\\/01\\\/banner-culture_mm4.png\",\"width\":740,\"height\":493},{\"@type\":\"BreadcrumbList\",\"@id\":\"https:\\\/\\\/www.redbug-culture.com\\\/blog\\\/veroeffentlichen\\\/#breadcrumb\",\"itemListElement\":[{\"@type\":\"ListItem\",\"position\":1,\"name\":\"Startseite\",\"item\":\"https:\\\/\\\/www.redbug-culture.com\\\/blog\\\/\"},{\"@type\":\"ListItem\",\"position\":2,\"name\":\"Ver\u00f6ffentlichen\"}]},{\"@type\":\"WebSite\",\"@id\":\"https:\\\/\\\/www.redbug-culture.com\\\/blog\\\/#website\",\"url\":\"https:\\\/\\\/www.redbug-culture.com\\\/blog\\\/\",\"name\":\"Red Bug Culture - Schreiben, Ver\u00f6ffentlichen, Kurse\",\"description\":\"Tipps &amp; Coaching f\u00fcr Autor:innen, Rezensionen\",\"potentialAction\":[{\"@type\":\"SearchAction\",\"target\":{\"@type\":\"EntryPoint\",\"urlTemplate\":\"https:\\\/\\\/www.redbug-culture.com\\\/blog\\\/?s={search_term_string}\"},\"query-input\":{\"@type\":\"PropertyValueSpecification\",\"valueRequired\":true,\"valueName\":\"search_term_string\"}}],\"inLanguage\":\"de\"}]}<\/script>\n<!-- \/ Yoast SEO plugin. -->","yoast_head_json":{"title":"Ver\u00f6ffentlichen - Red Bug Culture - Schreiben, Ver\u00f6ffentlichen, Kurse","description":"Alles rund um das Ver\u00f6ffentlichen eines Buches, ob digital oder analog. Blogreihen: Wie ver\u00f6ffentliche ich mein Manuskript?","robots":{"index":"index","follow":"follow","max-snippet":"max-snippet:-1","max-image-preview":"max-image-preview:large","max-video-preview":"max-video-preview:-1"},"canonical":"https:\/\/www.redbug-culture.com\/blog\/veroeffentlichen\/","og_locale":"de_DE","og_type":"article","og_title":"Ver\u00f6ffentlichen - Red Bug Culture - Schreiben, Ver\u00f6ffentlichen, Kurse","og_description":"Alles rund um das Ver\u00f6ffentlichen eines Buches, ob digital oder analog. Blogreihen: Wie ver\u00f6ffentliche ich mein Manuskript?","og_url":"https:\/\/www.redbug-culture.com\/blog\/veroeffentlichen\/","og_site_name":"Red Bug Culture - Schreiben, Ver\u00f6ffentlichen, Kurse","article_publisher":"https:\/\/www.facebook.com\/RedBugBooks","article_modified_time":"2024-12-31T13:52:40+00:00","og_image":[{"width":740,"height":493,"url":"https:\/\/www.redbug-culture.com\/blog\/wp-content\/uploads\/2021\/01\/banner-culture_mm4.png","type":"image\/png"}],"twitter_card":"summary_large_image","twitter_site":"@RedBugBooks","twitter_misc":{"Gesch\u00e4tzte Lesezeit":"3\u00a0Minuten"},"schema":{"@context":"https:\/\/schema.org","@graph":[{"@type":"WebPage","@id":"https:\/\/www.redbug-culture.com\/blog\/veroeffentlichen\/","url":"https:\/\/www.redbug-culture.com\/blog\/veroeffentlichen\/","name":"Ver\u00f6ffentlichen - Red Bug Culture - Schreiben, Ver\u00f6ffentlichen, Kurse","isPartOf":{"@id":"https:\/\/www.redbug-culture.com\/blog\/#website"},"primaryImageOfPage":{"@id":"https:\/\/www.redbug-culture.com\/blog\/veroeffentlichen\/#primaryimage"},"image":{"@id":"https:\/\/www.redbug-culture.com\/blog\/veroeffentlichen\/#primaryimage"},"thumbnailUrl":"https:\/\/www.redbug-culture.com\/blog\/wp-content\/uploads\/2021\/01\/banner-culture_mm4.png","datePublished":"2012-04-23T16:24:53+00:00","dateModified":"2024-12-31T13:52:40+00:00","description":"Alles rund um das Ver\u00f6ffentlichen eines Buches, ob digital oder analog. Blogreihen: Wie ver\u00f6ffentliche ich mein Manuskript?","breadcrumb":{"@id":"https:\/\/www.redbug-culture.com\/blog\/veroeffentlichen\/#breadcrumb"},"inLanguage":"de","potentialAction":[{"@type":"ReadAction","target":["https:\/\/www.redbug-culture.com\/blog\/veroeffentlichen\/"]}]},{"@type":"ImageObject","inLanguage":"de","@id":"https:\/\/www.redbug-culture.com\/blog\/veroeffentlichen\/#primaryimage","url":"https:\/\/www.redbug-culture.com\/blog\/wp-content\/uploads\/2021\/01\/banner-culture_mm4.png","contentUrl":"https:\/\/www.redbug-culture.com\/blog\/wp-content\/uploads\/2021\/01\/banner-culture_mm4.png","width":740,"height":493},{"@type":"BreadcrumbList","@id":"https:\/\/www.redbug-culture.com\/blog\/veroeffentlichen\/#breadcrumb","itemListElement":[{"@type":"ListItem","position":1,"name":"Startseite","item":"https:\/\/www.redbug-culture.com\/blog\/"},{"@type":"ListItem","position":2,"name":"Ver\u00f6ffentlichen"}]},{"@type":"WebSite","@id":"https:\/\/www.redbug-culture.com\/blog\/#website","url":"https:\/\/www.redbug-culture.com\/blog\/","name":"Red Bug Culture - Schreiben, Ver\u00f6ffentlichen, Kurse","description":"Tipps &amp; Coaching f\u00fcr Autor:innen, Rezensionen","potentialAction":[{"@type":"SearchAction","target":{"@type":"EntryPoint","urlTemplate":"https:\/\/www.redbug-culture.com\/blog\/?s={search_term_string}"},"query-input":{"@type":"PropertyValueSpecification","valueRequired":true,"valueName":"search_term_string"}}],"inLanguage":"de"}]}},"_links":{"self":[{"href":"https:\/\/www.redbug-culture.com\/blog\/wp-json\/wp\/v2\/pages\/53","targetHints":{"allow":["GET"]}}],"collection":[{"href":"https:\/\/www.redbug-culture.com\/blog\/wp-json\/wp\/v2\/pages"}],"about":[{"href":"https:\/\/www.redbug-culture.com\/blog\/wp-json\/wp\/v2\/types\/page"}],"author":[{"embeddable":true,"href":"https:\/\/www.redbug-culture.com\/blog\/wp-json\/wp\/v2\/users\/5"}],"replies":[{"embeddable":true,"href":"https:\/\/www.redbug-culture.com\/blog\/wp-json\/wp\/v2\/comments?post=53"}],"version-history":[{"count":0,"href":"https:\/\/www.redbug-culture.com\/blog\/wp-json\/wp\/v2\/pages\/53\/revisions"}],"wp:featuredmedia":[{"embeddable":true,"href":"https:\/\/www.redbug-culture.com\/blog\/wp-json\/wp\/v2\/media\/21987"}],"wp:attachment":[{"href":"https:\/\/www.redbug-culture.com\/blog\/wp-json\/wp\/v2\/media?parent=53"}],"curies":[{"name":"wp","href":"https:\/\/api.w.org\/{rel}","templated":true}]}}