{"id":4857,"date":"2016-01-21T19:27:28","date_gmt":"2016-01-21T18:27:28","guid":{"rendered":"https:\/\/www.redbug-culture.com\/blog\/?page_id=4857"},"modified":"2025-07-09T16:18:06","modified_gmt":"2025-07-09T14:18:06","slug":"schreiben","status":"publish","type":"page","link":"https:\/\/www.redbug-culture.com\/blog\/schreiben\/","title":{"rendered":"Schreiben"},"content":{"rendered":"<h6>Schreiben &#8211; Die Kunst zu Schreiben<\/h6>\n<p><a href=\"https:\/\/www.redbug-culture.com\/blog\/wp-content\/uploads\/2020\/08\/Schreiben-3.png\"><img loading=\"lazy\" decoding=\"async\" class=\"alignright wp-image-20266\" title=\"Writing\" src=\"https:\/\/www.redbug-culture.com\/blog\/wp-content\/uploads\/2020\/08\/Schreiben-3-300x300.png\" alt=\"writing\" width=\"500\" height=\"500\" srcset=\"https:\/\/www.redbug-culture.com\/blog\/wp-content\/uploads\/2020\/08\/Schreiben-3-300x300.png 300w, https:\/\/www.redbug-culture.com\/blog\/wp-content\/uploads\/2020\/08\/Schreiben-3-150x150.png 150w, https:\/\/www.redbug-culture.com\/blog\/wp-content\/uploads\/2020\/08\/Schreiben-3.png 720w\" sizes=\"auto, (max-width: 500px) 100vw, 500px\" \/><\/a>Seit 2015 haben wir hier ein Forum f\u00fcr das Schreiben aufgebaut. f\u00fcr Schreibanf\u00e4nger, fortgeschrittene Autor:innen und f\u00fcr Schreibprofis.<\/p>\n<p>In diesen Lernbeitr\u00e4gen steckt unsere Liebe und Zeit, unser gesamtes Wissen und es gibt 1000 Tipps, wie Du nicht nur zur Ver\u00f6ffentlichung deines Buches kommst, sondern eine erfolgreiche und wohlhabende Autor:in wirst.<\/p>\n<p>Unser Blog wird gerade \u00fcberarbeitet und neu herausgebracht. Ja, wie bei B\u00fcchern, nur dass es nach und nach passiert. Viele Beitr\u00e4ge sind daher auf privat gestellt.<\/p>\n<p>Wenn Du unserem <a href=\"http:\/\/eepurl.com\/gr0n9P\">Newsletter<\/a> abonnierst, hast Du nicht nur exklusiven Zugang zu vielen Worksheets, Du bliebst auch immer auf dem Laufenden.<\/p>\n<p>In unseren Lernbeitr\u00e4gen geht es &#8211; unter anderem \u00a0&#8211; um folgende Themen<\/p>\n<h6>Zum Beispiel:<\/h6>\n<ul>\n<li>Wie finde ich Ideen?<\/li>\n<li>Wie \u00fcberarbeite ich mein Manuskript?<\/li>\n<li>Und wie schreibt es sich mit Co-AutorIn?<\/li>\n<li>Wie finde ich eine Schreibroutine?<\/li>\n<li>Welche Schreibtools gibt es?<\/li>\n<li>Wie erschaffe ich starke Charaktere?<\/li>\n<li>Wie lerne ich schneller zu schreiben?<\/li>\n<li>Oder wie plane ich ein Buch?<\/li>\n<li>Wie schreibe ich spannend?<\/li>\n<li>Wie verdiene ich mehr mit meinen B\u00fcchern?<\/li>\n<li>Wie finde ich einen Verlag?<\/li>\n<\/ul>\n<h6>\u00dcbersicht \u00fcber den bisher erschienen Blogserien zum Thema: Schreiben<\/h6>\n<p>Zu jeder Serie geh\u00f6ren sieben &#8211; dreizehn einzelne Kursbeitr\u00e4ge. .<\/p>\n<p><span style=\"color: #008000;\"><a style=\"color: #008000;\" href=\"https:\/\/www.redbug-culture.com\/blog\/kategorie\/von-der-idee-zum-manuskript\/\">Von der Idee zum Manuskript<\/a>\u00a0 (wieder frei)<\/span><\/p>\n<p><span style=\"color: #33cccc;\"><a style=\"color: #33cccc;\" href=\"https:\/\/www.redbug-culture.com\/blog\/kategorie\/7-wege-zu-einer-buchidee\/\">7 Wege zu einer Buchidee<\/a><\/span><\/p>\n<p><span style=\"color: #003366;\"><a style=\"color: #003366;\" href=\"https:\/\/www.redbug-culture.com\/blog\/kategorie\/7-schritte-zu-deinem-buchprojekt\/\">7 Schritte zu Deinem Buchprojekt<\/a><\/span><\/p>\n<p><a href=\"https:\/\/www.redbug-culture.com\/blog\/kategorie\/7-wege-ein-buch-zu-schreiben\/\"><span style=\"color: #666699;\">7 Wege ein Buch zu schreiben<\/span><\/a><\/p>\n<p><a href=\"https:\/\/www.redbug-culture.com\/blog\/kategorie\/7-tipps-nicht-nur-fuer-schreibanfaenger\/\">7 Tipps (nicht nur) f\u00fcr Schreibanf\u00e4nger<\/a><\/p>\n<p><span style=\"color: #81a5c9;\"><a style=\"color: #81a5c9;\" href=\"https:\/\/www.redbug-culture.com\/blog\/kategorie\/7-tipps-schneller-produktiver-schreiben\/\">7 Tipps: Schneller &amp; produktiver schreiben<\/a><\/span><\/p>\n<p><a href=\"https:\/\/www.redbug-culture.com\/blog\/kategorie\/playful-writing\/\">Playful Writing<\/a> &#8211; Wie du spielerisch ein Buch schreibst<\/p>\n<p><a href=\"https:\/\/www.redbug-culture.com\/blog\/kategorie\/7-tipps-fuer-einen-guten-schreibstil\/\"><span style=\"color: #000080;\">7 Tipps f\u00fcr einen guten Schreibstil<\/span><\/a><\/p>\n<p><a href=\"https:\/\/www.redbug-culture.com\/blog\/kategorie\/7-tipps-wie-schreibe-ich-ein-spannendes-buch\/\">7 Tipps &#8211; Wie schreibe ich ein spannendes Buch<\/a><\/p>\n<p><span style=\"color: #00ccff;\"><a style=\"color: #00ccff;\" href=\"https:\/\/www.redbug-culture.com\/blog\/kategorie\/7-tipps-wie-schreibe-ich-eine-gute-liebesszene\/\">7 Tipps &#8211; Wie schreibe ich eine gute Liebesszene<\/a><\/span><\/p>\n<p>Was du hier nicht findest, gibt es unter der Rubrik<a href=\"https:\/\/www.redbug-culture.com\/blog\/charaktere-2\/\"> <em>Charaktere<\/em>\u00a0<\/a>(alles \u00fcber Charaktere\/Figuren in B\u00fcchern), oder <a href=\"https:\/\/www.redbug-culture.com\/blog\/story\/\"><em>Story <\/em><\/a>(alles dar\u00fcber, wie eine Story aufgebaut ist, funktioniert oder auch gestaltet werden kann)<em>, <\/em>also schau auch gerne dort noch mal nach.<\/p>\n<p><span style=\"color: #993300;\">Viel Spa\u00df beim Schreiben!<\/span><\/p>\n<p>&nbsp;<\/p>\n","protected":false},"excerpt":{"rendered":"<p>Schreiben &#8211; Die Kunst zu Schreiben Seit 2015 haben wir hier ein Forum f\u00fcr das Schreiben aufgebaut. f\u00fcr Schreibanf\u00e4nger, fortgeschrittene Autor:innen und f\u00fcr Schreibprofis. In diesen Lernbeitr\u00e4gen steckt unsere Liebe und Zeit, unser gesamtes Wissen und es gibt 1000 Tipps, wie Du nicht nur zur Ver\u00f6ffentlichung deines Buches kommst, sondern eine erfolgreiche und wohlhabende Autor:in wirst. Unser Blog wird gerade \u00fcberarbeitet und neu herausgebracht. Ja, wie bei B\u00fcchern, nur dass es nach und nach passiert. Viele Beitr\u00e4ge sind daher auf privat gestellt. Wenn Du unserem Newsletter abonnierst, hast Du nicht nur exklusiven Zugang zu vielen Worksheets, Du bliebst auch immer auf dem Laufenden. In unseren Lernbeitr\u00e4gen geht es &#8211; unter anderem \u00a0&#8211; um folgende Themen Zum Beispiel: Wie finde ich Ideen? Wie \u00fcberarbeite ich mein Manuskript? Und wie schreibt es sich mit Co-AutorIn? Wie finde ich eine Schreibroutine? Welche Schreibtools gibt es? Wie erschaffe ich starke Charaktere? Wie lerne ich schneller zu schreiben? Oder wie plane ich ein Buch? Wie schreibe ich spannend? Wie verdiene ich mehr mit meinen B\u00fcchern? Wie finde ich einen Verlag? \u00dcbersicht \u00fcber den bisher erschienen Blogserien zum Thema: Schreiben Zu jeder Serie geh\u00f6ren sieben &#8211; dreizehn einzelne Kursbeitr\u00e4ge. . Von der Idee zum Manuskript\u00a0 (wieder [&hellip;]<\/p>\n","protected":false},"author":7,"featured_media":17512,"parent":0,"menu_order":0,"comment_status":"open","ping_status":"open","template":"page-fullwidth.php","meta":{"footnotes":"","_links_to":"","_links_to_target":""},"class_list":["post-4857","page","type-page","status-publish","has-post-thumbnail","hentry"],"yoast_head":"<!-- This site is optimized with the Yoast SEO plugin v27.3 - https:\/\/yoast.com\/product\/yoast-seo-wordpress\/ -->\n<title>Schreiben - Red Bug Culture - Schreiben, Ver\u00f6ffentlichen, Kurse<\/title>\n<meta name=\"description\" content=\"Die Kunst zu Schreiben. Jeden Mittwoch ein neuer Beitrag \u00fcbers Schreiben. Blogreihen: Von der Idee zum Manuskript und viele mehr\" \/>\n<meta name=\"robots\" content=\"index, follow, max-snippet:-1, max-image-preview:large, max-video-preview:-1\" \/>\n<link rel=\"canonical\" href=\"https:\/\/www.redbug-culture.com\/blog\/schreiben\/\" \/>\n<meta property=\"og:locale\" content=\"de_DE\" \/>\n<meta property=\"og:type\" content=\"article\" \/>\n<meta property=\"og:title\" content=\"Schreiben - Red Bug Culture - Schreiben, Ver\u00f6ffentlichen, Kurse\" \/>\n<meta property=\"og:description\" content=\"Die Kunst zu Schreiben. Jeden Mittwoch ein neuer Beitrag \u00fcbers Schreiben. Blogreihen: Von der Idee zum Manuskript und viele mehr\" \/>\n<meta property=\"og:url\" content=\"https:\/\/www.redbug-culture.com\/blog\/schreiben\/\" \/>\n<meta property=\"og:site_name\" content=\"Red Bug Culture - Schreiben, Ver\u00f6ffentlichen, Kurse\" \/>\n<meta property=\"article:publisher\" content=\"https:\/\/www.facebook.com\/RedBugBooks\" \/>\n<meta property=\"article:modified_time\" content=\"2025-07-09T14:18:06+00:00\" \/>\n<meta property=\"og:image\" content=\"https:\/\/www.redbug-culture.com\/blog\/wp-content\/uploads\/2019\/11\/ballpoint-pen-classic-coffee-composition-261510.jpg\" \/>\n\t<meta property=\"og:image:width\" content=\"1280\" \/>\n\t<meta property=\"og:image:height\" content=\"960\" \/>\n\t<meta property=\"og:image:type\" content=\"image\/jpeg\" \/>\n<meta name=\"twitter:card\" content=\"summary_large_image\" \/>\n<meta name=\"twitter:site\" content=\"@RedBugBooks\" \/>\n<meta name=\"twitter:label1\" content=\"Gesch\u00e4tzte Lesezeit\" \/>\n\t<meta name=\"twitter:data1\" content=\"3\u00a0Minuten\" \/>\n<script type=\"application\/ld+json\" class=\"yoast-schema-graph\">{\"@context\":\"https:\\\/\\\/schema.org\",\"@graph\":[{\"@type\":\"WebPage\",\"@id\":\"https:\\\/\\\/www.redbug-culture.com\\\/blog\\\/schreiben\\\/\",\"url\":\"https:\\\/\\\/www.redbug-culture.com\\\/blog\\\/schreiben\\\/\",\"name\":\"Schreiben - Red Bug Culture - Schreiben, Ver\u00f6ffentlichen, Kurse\",\"isPartOf\":{\"@id\":\"https:\\\/\\\/www.redbug-culture.com\\\/blog\\\/#website\"},\"primaryImageOfPage\":{\"@id\":\"https:\\\/\\\/www.redbug-culture.com\\\/blog\\\/schreiben\\\/#primaryimage\"},\"image\":{\"@id\":\"https:\\\/\\\/www.redbug-culture.com\\\/blog\\\/schreiben\\\/#primaryimage\"},\"thumbnailUrl\":\"https:\\\/\\\/www.redbug-culture.com\\\/blog\\\/wp-content\\\/uploads\\\/2019\\\/11\\\/ballpoint-pen-classic-coffee-composition-261510.jpg\",\"datePublished\":\"2016-01-21T18:27:28+00:00\",\"dateModified\":\"2025-07-09T14:18:06+00:00\",\"description\":\"Die Kunst zu Schreiben. Jeden Mittwoch ein neuer Beitrag \u00fcbers Schreiben. Blogreihen: Von der Idee zum Manuskript und viele mehr\",\"breadcrumb\":{\"@id\":\"https:\\\/\\\/www.redbug-culture.com\\\/blog\\\/schreiben\\\/#breadcrumb\"},\"inLanguage\":\"de\",\"potentialAction\":[{\"@type\":\"ReadAction\",\"target\":[\"https:\\\/\\\/www.redbug-culture.com\\\/blog\\\/schreiben\\\/\"]}]},{\"@type\":\"ImageObject\",\"inLanguage\":\"de\",\"@id\":\"https:\\\/\\\/www.redbug-culture.com\\\/blog\\\/schreiben\\\/#primaryimage\",\"url\":\"https:\\\/\\\/www.redbug-culture.com\\\/blog\\\/wp-content\\\/uploads\\\/2019\\\/11\\\/ballpoint-pen-classic-coffee-composition-261510.jpg\",\"contentUrl\":\"https:\\\/\\\/www.redbug-culture.com\\\/blog\\\/wp-content\\\/uploads\\\/2019\\\/11\\\/ballpoint-pen-classic-coffee-composition-261510.jpg\",\"width\":1280,\"height\":960},{\"@type\":\"BreadcrumbList\",\"@id\":\"https:\\\/\\\/www.redbug-culture.com\\\/blog\\\/schreiben\\\/#breadcrumb\",\"itemListElement\":[{\"@type\":\"ListItem\",\"position\":1,\"name\":\"Startseite\",\"item\":\"https:\\\/\\\/www.redbug-culture.com\\\/blog\\\/\"},{\"@type\":\"ListItem\",\"position\":2,\"name\":\"Schreiben\"}]},{\"@type\":\"WebSite\",\"@id\":\"https:\\\/\\\/www.redbug-culture.com\\\/blog\\\/#website\",\"url\":\"https:\\\/\\\/www.redbug-culture.com\\\/blog\\\/\",\"name\":\"Red Bug Culture - Schreiben, Ver\u00f6ffentlichen, Kurse\",\"description\":\"Tipps &amp; Coaching f\u00fcr Autor:innen, Rezensionen\",\"potentialAction\":[{\"@type\":\"SearchAction\",\"target\":{\"@type\":\"EntryPoint\",\"urlTemplate\":\"https:\\\/\\\/www.redbug-culture.com\\\/blog\\\/?s={search_term_string}\"},\"query-input\":{\"@type\":\"PropertyValueSpecification\",\"valueRequired\":true,\"valueName\":\"search_term_string\"}}],\"inLanguage\":\"de\"}]}<\/script>\n<!-- \/ Yoast SEO plugin. -->","yoast_head_json":{"title":"Schreiben - Red Bug Culture - Schreiben, Ver\u00f6ffentlichen, Kurse","description":"Die Kunst zu Schreiben. Jeden Mittwoch ein neuer Beitrag \u00fcbers Schreiben. Blogreihen: Von der Idee zum Manuskript und viele mehr","robots":{"index":"index","follow":"follow","max-snippet":"max-snippet:-1","max-image-preview":"max-image-preview:large","max-video-preview":"max-video-preview:-1"},"canonical":"https:\/\/www.redbug-culture.com\/blog\/schreiben\/","og_locale":"de_DE","og_type":"article","og_title":"Schreiben - Red Bug Culture - Schreiben, Ver\u00f6ffentlichen, Kurse","og_description":"Die Kunst zu Schreiben. Jeden Mittwoch ein neuer Beitrag \u00fcbers Schreiben. Blogreihen: Von der Idee zum Manuskript und viele mehr","og_url":"https:\/\/www.redbug-culture.com\/blog\/schreiben\/","og_site_name":"Red Bug Culture - Schreiben, Ver\u00f6ffentlichen, Kurse","article_publisher":"https:\/\/www.facebook.com\/RedBugBooks","article_modified_time":"2025-07-09T14:18:06+00:00","og_image":[{"width":1280,"height":960,"url":"https:\/\/www.redbug-culture.com\/blog\/wp-content\/uploads\/2019\/11\/ballpoint-pen-classic-coffee-composition-261510.jpg","type":"image\/jpeg"}],"twitter_card":"summary_large_image","twitter_site":"@RedBugBooks","twitter_misc":{"Gesch\u00e4tzte Lesezeit":"3\u00a0Minuten"},"schema":{"@context":"https:\/\/schema.org","@graph":[{"@type":"WebPage","@id":"https:\/\/www.redbug-culture.com\/blog\/schreiben\/","url":"https:\/\/www.redbug-culture.com\/blog\/schreiben\/","name":"Schreiben - Red Bug Culture - Schreiben, Ver\u00f6ffentlichen, Kurse","isPartOf":{"@id":"https:\/\/www.redbug-culture.com\/blog\/#website"},"primaryImageOfPage":{"@id":"https:\/\/www.redbug-culture.com\/blog\/schreiben\/#primaryimage"},"image":{"@id":"https:\/\/www.redbug-culture.com\/blog\/schreiben\/#primaryimage"},"thumbnailUrl":"https:\/\/www.redbug-culture.com\/blog\/wp-content\/uploads\/2019\/11\/ballpoint-pen-classic-coffee-composition-261510.jpg","datePublished":"2016-01-21T18:27:28+00:00","dateModified":"2025-07-09T14:18:06+00:00","description":"Die Kunst zu Schreiben. Jeden Mittwoch ein neuer Beitrag \u00fcbers Schreiben. Blogreihen: Von der Idee zum Manuskript und viele mehr","breadcrumb":{"@id":"https:\/\/www.redbug-culture.com\/blog\/schreiben\/#breadcrumb"},"inLanguage":"de","potentialAction":[{"@type":"ReadAction","target":["https:\/\/www.redbug-culture.com\/blog\/schreiben\/"]}]},{"@type":"ImageObject","inLanguage":"de","@id":"https:\/\/www.redbug-culture.com\/blog\/schreiben\/#primaryimage","url":"https:\/\/www.redbug-culture.com\/blog\/wp-content\/uploads\/2019\/11\/ballpoint-pen-classic-coffee-composition-261510.jpg","contentUrl":"https:\/\/www.redbug-culture.com\/blog\/wp-content\/uploads\/2019\/11\/ballpoint-pen-classic-coffee-composition-261510.jpg","width":1280,"height":960},{"@type":"BreadcrumbList","@id":"https:\/\/www.redbug-culture.com\/blog\/schreiben\/#breadcrumb","itemListElement":[{"@type":"ListItem","position":1,"name":"Startseite","item":"https:\/\/www.redbug-culture.com\/blog\/"},{"@type":"ListItem","position":2,"name":"Schreiben"}]},{"@type":"WebSite","@id":"https:\/\/www.redbug-culture.com\/blog\/#website","url":"https:\/\/www.redbug-culture.com\/blog\/","name":"Red Bug Culture - Schreiben, Ver\u00f6ffentlichen, Kurse","description":"Tipps &amp; Coaching f\u00fcr Autor:innen, Rezensionen","potentialAction":[{"@type":"SearchAction","target":{"@type":"EntryPoint","urlTemplate":"https:\/\/www.redbug-culture.com\/blog\/?s={search_term_string}"},"query-input":{"@type":"PropertyValueSpecification","valueRequired":true,"valueName":"search_term_string"}}],"inLanguage":"de"}]}},"_links":{"self":[{"href":"https:\/\/www.redbug-culture.com\/blog\/wp-json\/wp\/v2\/pages\/4857","targetHints":{"allow":["GET"]}}],"collection":[{"href":"https:\/\/www.redbug-culture.com\/blog\/wp-json\/wp\/v2\/pages"}],"about":[{"href":"https:\/\/www.redbug-culture.com\/blog\/wp-json\/wp\/v2\/types\/page"}],"author":[{"embeddable":true,"href":"https:\/\/www.redbug-culture.com\/blog\/wp-json\/wp\/v2\/users\/7"}],"replies":[{"embeddable":true,"href":"https:\/\/www.redbug-culture.com\/blog\/wp-json\/wp\/v2\/comments?post=4857"}],"version-history":[{"count":0,"href":"https:\/\/www.redbug-culture.com\/blog\/wp-json\/wp\/v2\/pages\/4857\/revisions"}],"wp:featuredmedia":[{"embeddable":true,"href":"https:\/\/www.redbug-culture.com\/blog\/wp-json\/wp\/v2\/media\/17512"}],"wp:attachment":[{"href":"https:\/\/www.redbug-culture.com\/blog\/wp-json\/wp\/v2\/media?parent=4857"}],"curies":[{"name":"wp","href":"https:\/\/api.w.org\/{rel}","templated":true}]}}