{"id":414,"date":"2012-09-16T13:25:01","date_gmt":"2012-09-16T11:25:01","guid":{"rendered":"https:\/\/www.redbug-culture.com\/blog\/?page_id=414"},"modified":"2018-08-09T12:15:44","modified_gmt":"2018-08-09T10:15:44","slug":"red-bug-agentur","status":"publish","type":"page","link":"https:\/\/www.redbug-culture.com\/blog\/red-bug-culture-more\/red-bug-agentur\/","title":{"rendered":"Red Bug Agentur"},"content":{"rendered":"<h6 style=\"text-align: left;\"><span style=\"color: #800000;\"><strong>Was seid ihr f\u00fcr eine Agentur?<\/strong><\/span><\/h6>\n<p style=\"text-align: left;\">Wir sind eine Agentur f\u00fcr Schauspieler und Nachwuchsschauspieler. Wir vermitteln, managen, casten und coachen Schauspieler. Seid neuestem vertreten wir auch Graphic Artists, also K\u00fcnstler, die im Bereich Graphik, Lettering und Gestaltung arbeiten. Hier geht es zu unserer <a href=\"http:\/\/www.redbug-agentur.com\">Red Bug Agentur-Website<\/a>.<\/p>\n<h6 style=\"text-align: left;\"><span style=\"color: #800000;\">Wer hat die Agentur wann und warum gegr\u00fcndet?<\/span><\/h6>\n<p style=\"text-align: left;\">Ende 2008. <a href=\"http:\/\/www.katrinbongard.de\">Katrin Bongard<\/a> und <a href=\"http:\/\/www.uwecarow.de\/\">Uwe Carow<\/a>. Warum? Wir haben drei Kinder, die sehr erfolgreich im Filmgesch\u00e4ft sind. Unsere damalige Agentin ging in den Ruhestand, und nach einigen \u00dcberlegungen haben wir beschlossen, eine eigene Agentur zu gr\u00fcnden. Erfahrung am Set und mit Verhandlungen hatten wir schon, Wir hatten schon sehr lwnge im Filmgesch\u00e4ft gearbeitet und kannten die meisten Caster und Filmproduktionen. Es machte einfach Sinn. Schnell war klar, dass wir nur eine kleine Anzahl von Schauspielern sehr konzentriert vertreten wollten. Das hat sich bis heute nicht ge\u00e4ndert.<\/p>\n<h6 style=\"text-align: left;\"><span style=\"color: #800000;\">Sind Isabel Bongard, Leonard Carow und Amber Bongard eigentlich Geschwister?<\/span><\/h6>\n<p style=\"text-align: left;\">Ja. Als wir 1991, kurz vor Isabels Geburt, geheiratet haben, befand sich das Namensrecht gerade im Umbruch. Alles war m\u00f6glich. Wir haben unsere Namen behalten und beschlossen, die M\u00e4dchen nach der Mutter, die Jungs nach dem Vater zu benennen. Das hat eine Menge Verwirrung gebracht, aber letztens hat ein Wikipedia-Autor sich bei uns erkundigt und jetzt sind die Eintr\u00e4ge von <a href=\"http:\/\/de.wikipedia.org\/wiki\/Isabel_Bongard\">Isabel<\/a>, <a href=\"http:\/\/en.wikipedia.org\/wiki\/Leonard_Carow\">Leonard<\/a> und <a href=\"http:\/\/de.wikipedia.org\/wiki\/Amber_Bongard\">Amber<\/a> einigerma\u00dfen richtig.<\/p>\n<h6 style=\"text-align: left;\"><span style=\"color: #800000;\">Arbeitet ihr international?<\/span><\/h6>\n<p>Ja. Wir arbeiten mit Castern, die international besetzen und haben schon einige internationale Projekte vermittelt, verhandelt und durchgef\u00fchrt.<\/p>\n<h6 style=\"text-align: left;\"><span style=\"color: #800000;\">Was ist besonders an eurer Agentur?<\/span><\/h6>\n<p style=\"text-align: left;\">Als Agent ist man im strengen Sinne nur ein Arbeitsvermittler. Wir sind gute Gesch\u00e4ftsleute, aber vor allem sind wir K\u00fcnstler. Gutes Schauspiel ist Kunst. Wir sind K\u00fcnstler und verstehen K\u00fcnstler. Und das ist der Ansatz, mit dem wir unsere Agentur f\u00fchren. Als K\u00fcnstler wissen wir aber auch, dass man leben muss. Und weil wir das sogar sehr genau wissen, sind wir sehr gut darain, die besten Vertr\u00e4ge und Bedingungen f\u00fcr unsere Schauspieler zu verhandeln.<\/p>\n<h6 style=\"text-align: left;\"><span style=\"color: #800000;\">Seid ihr offen f\u00fcr Neuaufnahmen? Wie kann man sich bewerben?<\/span><\/h6>\n<p style=\"text-align: left;\">Grunds\u00e4tzlich &#8211; ja. Wir nehmen allerdings Anf\u00e4nger nur aus Berlin\/Brandenburg auf. Mit Fotos, einer Vita und Showreel-Material. Wenn es kein Showreel-Material gibt, laden wir vorausgew\u00e4hlte Bewerber zu einem internen Vorspiel ein. Da wir immer mehr f\u00fcr Qualit\u00e4t stehen und uns auch international orientieren, m\u00fcssen ernsthafte Bewerber in einer entspannten Testphase beweisen, dass sie f\u00fcr die Arbeit geeignet und vorbereitet sind. Und dann wieder gibt es bewerber, f\u00fcr die dr\u00fccken wir den Golden Buzzer, weil sie ein gro\u00dfes talent haben. Also &#8211; <a href=\"mailto:mail@redbug-agentur.de\">bewerbt euch gerne<\/a> bei uns.<\/p>\n<h6 style=\"text-align: left;\"><span style=\"color: #800000;\">\u00a0Seid ihr in Social Networks?<\/span><\/h6>\n<p style=\"text-align: left;\">Ja, bei <a href=\"http:\/\/www.facebook.com\/pages\/Red-Bug-Agentur\/107224989352086?ref=ts\">Facebook<\/a>, dort posten wir aktuelle Sendetermine und Neuigkeiten, obwohl wir immer sehtener dazu kommen. Das hei\u00dft nicht, dass unsere Schauspieler nicht st\u00e4ndig im Fernsehen zu sehen sind, sondern dass uns die Arbeit hinter den Kulissen f\u00fcr unsere Klienten wichtiger ist, als bunte Bilder auf Facebook.<\/p>\n<p style=\"text-align: center;\">\u00a0<a href=\"http:\/\/www.redbug-agentur.com\"><img loading=\"lazy\" decoding=\"async\" class=\"alignnone wp-image-3139\" src=\"https:\/\/www.redbug-culture.com\/blog\/wp-content\/uploads\/2015\/07\/home.button.orange-300x300.png\" alt=\"home.button.orange\" width=\"30\" height=\"30\" srcset=\"https:\/\/www.redbug-culture.com\/blog\/wp-content\/uploads\/2015\/07\/home.button.orange-300x300.png 300w, https:\/\/www.redbug-culture.com\/blog\/wp-content\/uploads\/2015\/07\/home.button.orange-150x150.png 150w, https:\/\/www.redbug-culture.com\/blog\/wp-content\/uploads\/2015\/07\/home.button.orange.png 500w\" sizes=\"auto, (max-width: 30px) 100vw, 30px\" \/><\/a>\u00a0\u00a0<a href=\"https:\/\/www.facebook.com\/pages\/Red-Bug-Agentur\/107224989352086?ref=ts\"><img loading=\"lazy\" decoding=\"async\" class=\"alignnone wp-image-3128\" src=\"https:\/\/www.redbug-culture.com\/blog\/wp-content\/uploads\/2015\/07\/facebook500-300x300.png\" alt=\"facebook500\" width=\"30\" height=\"30\" srcset=\"https:\/\/www.redbug-culture.com\/blog\/wp-content\/uploads\/2015\/07\/facebook500-300x300.png 300w, https:\/\/www.redbug-culture.com\/blog\/wp-content\/uploads\/2015\/07\/facebook500-150x150.png 150w, https:\/\/www.redbug-culture.com\/blog\/wp-content\/uploads\/2015\/07\/facebook500.png 500w\" sizes=\"auto, (max-width: 30px) 100vw, 30px\" \/><\/a><\/p>\n<p>&nbsp;<\/p>\n","protected":false},"excerpt":{"rendered":"<p>Was seid ihr f\u00fcr eine Agentur? Wir sind eine Agentur f\u00fcr Schauspieler und Nachwuchsschauspieler. Wir vermitteln, managen, casten und coachen Schauspieler. Seid neuestem vertreten wir auch Graphic Artists, also K\u00fcnstler, die im Bereich Graphik, Lettering und Gestaltung arbeiten. Hier geht es zu unserer Red Bug Agentur-Website. Wer hat die Agentur wann und warum gegr\u00fcndet? Ende 2008. Katrin Bongard und Uwe Carow. Warum? Wir haben drei Kinder, die sehr erfolgreich im Filmgesch\u00e4ft sind. Unsere damalige Agentin ging in den Ruhestand, und nach einigen \u00dcberlegungen haben wir beschlossen, eine eigene Agentur zu gr\u00fcnden. Erfahrung am Set und mit Verhandlungen hatten wir schon, Wir hatten schon sehr lwnge im Filmgesch\u00e4ft gearbeitet und kannten die meisten Caster und Filmproduktionen. Es machte einfach Sinn. Schnell war klar, dass wir nur eine kleine Anzahl von Schauspielern sehr konzentriert vertreten wollten. Das hat sich bis heute nicht ge\u00e4ndert. Sind Isabel Bongard, Leonard Carow und Amber Bongard eigentlich Geschwister? Ja. Als wir 1991, kurz vor Isabels Geburt, geheiratet haben, befand sich das Namensrecht gerade im Umbruch. Alles war m\u00f6glich. Wir haben unsere Namen behalten und beschlossen, die M\u00e4dchen nach der Mutter, die Jungs nach dem Vater zu benennen. Das hat eine Menge Verwirrung gebracht, aber letztens hat ein [&hellip;]<\/p>\n","protected":false},"author":5,"featured_media":0,"parent":6315,"menu_order":0,"comment_status":"open","ping_status":"open","template":"","meta":{"footnotes":"","_links_to":"","_links_to_target":""},"class_list":["post-414","page","type-page","status-publish","hentry"],"yoast_head":"<!-- This site is optimized with the Yoast SEO plugin v27.3 - https:\/\/yoast.com\/product\/yoast-seo-wordpress\/ -->\n<title>Red Bug Agentur - Red Bug Culture - Schreiben, Ver\u00f6ffentlichen, Kurse<\/title>\n<meta name=\"description\" content=\"Hier beantworten wir Fragen zu unserer Talent Agency, der Red Bug Agentur. Wir vertreten Schauspieler und Graphik K\u00fcnstler.\" \/>\n<meta name=\"robots\" content=\"index, follow, max-snippet:-1, max-image-preview:large, max-video-preview:-1\" \/>\n<link rel=\"canonical\" href=\"https:\/\/www.redbug-culture.com\/blog\/red-bug-culture-more\/red-bug-agentur\/\" \/>\n<meta property=\"og:locale\" content=\"de_DE\" \/>\n<meta property=\"og:type\" content=\"article\" \/>\n<meta property=\"og:title\" content=\"Red Bug Agentur - Red Bug Culture - Schreiben, Ver\u00f6ffentlichen, Kurse\" \/>\n<meta property=\"og:description\" content=\"Hier beantworten wir Fragen zu unserer Talent Agency, der Red Bug Agentur. Wir vertreten Schauspieler und Graphik K\u00fcnstler.\" \/>\n<meta property=\"og:url\" content=\"https:\/\/www.redbug-culture.com\/blog\/red-bug-culture-more\/red-bug-agentur\/\" \/>\n<meta property=\"og:site_name\" content=\"Red Bug Culture - Schreiben, Ver\u00f6ffentlichen, Kurse\" \/>\n<meta property=\"article:publisher\" content=\"https:\/\/www.facebook.com\/RedBugBooks\" \/>\n<meta property=\"article:modified_time\" content=\"2018-08-09T10:15:44+00:00\" \/>\n<meta property=\"og:image\" content=\"https:\/\/www.redbug-culture.com\/blog\/wp-content\/uploads\/2015\/07\/home.button.orange-300x300.png\" \/>\n<meta name=\"twitter:card\" content=\"summary_large_image\" \/>\n<meta name=\"twitter:site\" content=\"@RedBugBooks\" \/>\n<meta name=\"twitter:label1\" content=\"Gesch\u00e4tzte Lesezeit\" \/>\n\t<meta name=\"twitter:data1\" content=\"3\u00a0Minuten\" \/>\n<script type=\"application\/ld+json\" class=\"yoast-schema-graph\">{\"@context\":\"https:\\\/\\\/schema.org\",\"@graph\":[{\"@type\":\"WebPage\",\"@id\":\"https:\\\/\\\/www.redbug-culture.com\\\/blog\\\/red-bug-culture-more\\\/red-bug-agentur\\\/\",\"url\":\"https:\\\/\\\/www.redbug-culture.com\\\/blog\\\/red-bug-culture-more\\\/red-bug-agentur\\\/\",\"name\":\"Red Bug Agentur - Red Bug Culture - Schreiben, Ver\u00f6ffentlichen, Kurse\",\"isPartOf\":{\"@id\":\"https:\\\/\\\/www.redbug-culture.com\\\/blog\\\/#website\"},\"primaryImageOfPage\":{\"@id\":\"https:\\\/\\\/www.redbug-culture.com\\\/blog\\\/red-bug-culture-more\\\/red-bug-agentur\\\/#primaryimage\"},\"image\":{\"@id\":\"https:\\\/\\\/www.redbug-culture.com\\\/blog\\\/red-bug-culture-more\\\/red-bug-agentur\\\/#primaryimage\"},\"thumbnailUrl\":\"https:\\\/\\\/www.redbug-culture.com\\\/blog\\\/wp-content\\\/uploads\\\/2015\\\/07\\\/home.button.orange-300x300.png\",\"datePublished\":\"2012-09-16T11:25:01+00:00\",\"dateModified\":\"2018-08-09T10:15:44+00:00\",\"description\":\"Hier beantworten wir Fragen zu unserer Talent Agency, der Red Bug Agentur. Wir vertreten Schauspieler und Graphik K\u00fcnstler.\",\"breadcrumb\":{\"@id\":\"https:\\\/\\\/www.redbug-culture.com\\\/blog\\\/red-bug-culture-more\\\/red-bug-agentur\\\/#breadcrumb\"},\"inLanguage\":\"de\",\"potentialAction\":[{\"@type\":\"ReadAction\",\"target\":[\"https:\\\/\\\/www.redbug-culture.com\\\/blog\\\/red-bug-culture-more\\\/red-bug-agentur\\\/\"]}]},{\"@type\":\"ImageObject\",\"inLanguage\":\"de\",\"@id\":\"https:\\\/\\\/www.redbug-culture.com\\\/blog\\\/red-bug-culture-more\\\/red-bug-agentur\\\/#primaryimage\",\"url\":\"https:\\\/\\\/www.redbug-culture.com\\\/blog\\\/wp-content\\\/uploads\\\/2015\\\/07\\\/home.button.orange-300x300.png\",\"contentUrl\":\"https:\\\/\\\/www.redbug-culture.com\\\/blog\\\/wp-content\\\/uploads\\\/2015\\\/07\\\/home.button.orange-300x300.png\"},{\"@type\":\"BreadcrumbList\",\"@id\":\"https:\\\/\\\/www.redbug-culture.com\\\/blog\\\/red-bug-culture-more\\\/red-bug-agentur\\\/#breadcrumb\",\"itemListElement\":[{\"@type\":\"ListItem\",\"position\":1,\"name\":\"Startseite\",\"item\":\"https:\\\/\\\/www.redbug-culture.com\\\/blog\\\/\"},{\"@type\":\"ListItem\",\"position\":2,\"name\":\"Red Bug Universum\",\"item\":\"https:\\\/\\\/www.redbug-culture.com\\\/blog\\\/red-bug-culture-more\\\/\"},{\"@type\":\"ListItem\",\"position\":3,\"name\":\"Red Bug Agentur\"}]},{\"@type\":\"WebSite\",\"@id\":\"https:\\\/\\\/www.redbug-culture.com\\\/blog\\\/#website\",\"url\":\"https:\\\/\\\/www.redbug-culture.com\\\/blog\\\/\",\"name\":\"Red Bug Culture - Schreiben, Ver\u00f6ffentlichen, Kurse\",\"description\":\"Tipps &amp; Coaching f\u00fcr Autor:innen, Rezensionen\",\"potentialAction\":[{\"@type\":\"SearchAction\",\"target\":{\"@type\":\"EntryPoint\",\"urlTemplate\":\"https:\\\/\\\/www.redbug-culture.com\\\/blog\\\/?s={search_term_string}\"},\"query-input\":{\"@type\":\"PropertyValueSpecification\",\"valueRequired\":true,\"valueName\":\"search_term_string\"}}],\"inLanguage\":\"de\"}]}<\/script>\n<!-- \/ Yoast SEO plugin. -->","yoast_head_json":{"title":"Red Bug Agentur - Red Bug Culture - Schreiben, Ver\u00f6ffentlichen, Kurse","description":"Hier beantworten wir Fragen zu unserer Talent Agency, der Red Bug Agentur. Wir vertreten Schauspieler und Graphik K\u00fcnstler.","robots":{"index":"index","follow":"follow","max-snippet":"max-snippet:-1","max-image-preview":"max-image-preview:large","max-video-preview":"max-video-preview:-1"},"canonical":"https:\/\/www.redbug-culture.com\/blog\/red-bug-culture-more\/red-bug-agentur\/","og_locale":"de_DE","og_type":"article","og_title":"Red Bug Agentur - Red Bug Culture - Schreiben, Ver\u00f6ffentlichen, Kurse","og_description":"Hier beantworten wir Fragen zu unserer Talent Agency, der Red Bug Agentur. Wir vertreten Schauspieler und Graphik K\u00fcnstler.","og_url":"https:\/\/www.redbug-culture.com\/blog\/red-bug-culture-more\/red-bug-agentur\/","og_site_name":"Red Bug Culture - Schreiben, Ver\u00f6ffentlichen, Kurse","article_publisher":"https:\/\/www.facebook.com\/RedBugBooks","article_modified_time":"2018-08-09T10:15:44+00:00","og_image":[{"url":"https:\/\/www.redbug-culture.com\/blog\/wp-content\/uploads\/2015\/07\/home.button.orange-300x300.png","type":"","width":"","height":""}],"twitter_card":"summary_large_image","twitter_site":"@RedBugBooks","twitter_misc":{"Gesch\u00e4tzte Lesezeit":"3\u00a0Minuten"},"schema":{"@context":"https:\/\/schema.org","@graph":[{"@type":"WebPage","@id":"https:\/\/www.redbug-culture.com\/blog\/red-bug-culture-more\/red-bug-agentur\/","url":"https:\/\/www.redbug-culture.com\/blog\/red-bug-culture-more\/red-bug-agentur\/","name":"Red Bug Agentur - Red Bug Culture - Schreiben, Ver\u00f6ffentlichen, Kurse","isPartOf":{"@id":"https:\/\/www.redbug-culture.com\/blog\/#website"},"primaryImageOfPage":{"@id":"https:\/\/www.redbug-culture.com\/blog\/red-bug-culture-more\/red-bug-agentur\/#primaryimage"},"image":{"@id":"https:\/\/www.redbug-culture.com\/blog\/red-bug-culture-more\/red-bug-agentur\/#primaryimage"},"thumbnailUrl":"https:\/\/www.redbug-culture.com\/blog\/wp-content\/uploads\/2015\/07\/home.button.orange-300x300.png","datePublished":"2012-09-16T11:25:01+00:00","dateModified":"2018-08-09T10:15:44+00:00","description":"Hier beantworten wir Fragen zu unserer Talent Agency, der Red Bug Agentur. Wir vertreten Schauspieler und Graphik K\u00fcnstler.","breadcrumb":{"@id":"https:\/\/www.redbug-culture.com\/blog\/red-bug-culture-more\/red-bug-agentur\/#breadcrumb"},"inLanguage":"de","potentialAction":[{"@type":"ReadAction","target":["https:\/\/www.redbug-culture.com\/blog\/red-bug-culture-more\/red-bug-agentur\/"]}]},{"@type":"ImageObject","inLanguage":"de","@id":"https:\/\/www.redbug-culture.com\/blog\/red-bug-culture-more\/red-bug-agentur\/#primaryimage","url":"https:\/\/www.redbug-culture.com\/blog\/wp-content\/uploads\/2015\/07\/home.button.orange-300x300.png","contentUrl":"https:\/\/www.redbug-culture.com\/blog\/wp-content\/uploads\/2015\/07\/home.button.orange-300x300.png"},{"@type":"BreadcrumbList","@id":"https:\/\/www.redbug-culture.com\/blog\/red-bug-culture-more\/red-bug-agentur\/#breadcrumb","itemListElement":[{"@type":"ListItem","position":1,"name":"Startseite","item":"https:\/\/www.redbug-culture.com\/blog\/"},{"@type":"ListItem","position":2,"name":"Red Bug Universum","item":"https:\/\/www.redbug-culture.com\/blog\/red-bug-culture-more\/"},{"@type":"ListItem","position":3,"name":"Red Bug Agentur"}]},{"@type":"WebSite","@id":"https:\/\/www.redbug-culture.com\/blog\/#website","url":"https:\/\/www.redbug-culture.com\/blog\/","name":"Red Bug Culture - Schreiben, Ver\u00f6ffentlichen, Kurse","description":"Tipps &amp; Coaching f\u00fcr Autor:innen, Rezensionen","potentialAction":[{"@type":"SearchAction","target":{"@type":"EntryPoint","urlTemplate":"https:\/\/www.redbug-culture.com\/blog\/?s={search_term_string}"},"query-input":{"@type":"PropertyValueSpecification","valueRequired":true,"valueName":"search_term_string"}}],"inLanguage":"de"}]}},"_links":{"self":[{"href":"https:\/\/www.redbug-culture.com\/blog\/wp-json\/wp\/v2\/pages\/414","targetHints":{"allow":["GET"]}}],"collection":[{"href":"https:\/\/www.redbug-culture.com\/blog\/wp-json\/wp\/v2\/pages"}],"about":[{"href":"https:\/\/www.redbug-culture.com\/blog\/wp-json\/wp\/v2\/types\/page"}],"author":[{"embeddable":true,"href":"https:\/\/www.redbug-culture.com\/blog\/wp-json\/wp\/v2\/users\/5"}],"replies":[{"embeddable":true,"href":"https:\/\/www.redbug-culture.com\/blog\/wp-json\/wp\/v2\/comments?post=414"}],"version-history":[{"count":0,"href":"https:\/\/www.redbug-culture.com\/blog\/wp-json\/wp\/v2\/pages\/414\/revisions"}],"up":[{"embeddable":true,"href":"https:\/\/www.redbug-culture.com\/blog\/wp-json\/wp\/v2\/pages\/6315"}],"wp:attachment":[{"href":"https:\/\/www.redbug-culture.com\/blog\/wp-json\/wp\/v2\/media?parent=414"}],"curies":[{"name":"wp","href":"https:\/\/api.w.org\/{rel}","templated":true}]}}