{"id":3645,"date":"2015-10-29T14:12:37","date_gmt":"2015-10-29T13:12:37","guid":{"rendered":"https:\/\/www.redbug-culture.com\/blog\/?page_id=3645"},"modified":"2018-10-02T13:26:14","modified_gmt":"2018-10-02T11:26:14","slug":"datenschutzerklaerung","status":"publish","type":"page","link":"https:\/\/www.redbug-culture.com\/blog\/datenschutzerklaerung\/","title":{"rendered":"Datenschutzerkl\u00e4rung"},"content":{"rendered":"<p><strong>Datenschutzerkl\u00e4rung<\/strong><\/p>\n<p><strong>Grundlegendes<\/strong><\/p>\n<p>Diese Datenschutzerkl\u00e4rung soll dich als Besucher dieser Webseite, \u00fcber die Art, den Umfang und den Zweck der Erhebung und Verwendung deiner personenbezogener Daten durch den Websitenbetreiber, Red Bug Books, Bongard und Carow GbR, informieren.<\/p>\n<p>Der Zweck der Verarbeitung von Daten ist das Betreiben unserer Website mit Informationen zu kulturellen Themen, Schreibtipps und Informationen aus der Buchbranche.<br \/>\nMan kann die Seite besuchen, ohne sich zu registrieren oder Angaben zu seiner Person zu machen. Dennoch werden beim Besuch der Seite unvermeidlich personenbezogene Daten erhoben und gespeichert.<\/p>\n<p>Definitionen der verwendeten Begriffe (z.B. \u201cpersonenbezogene Daten\u201d oder \u201cVerarbeitung\u201d) findest du in Art. 4 DSGVO.<\/p>\n<p><strong>Da sind zun\u00e4chst die Daten die beim Zugriff auf die Webseite beim Server erhoben werden.<\/strong><\/p>\n<p>Unser Webserver, Strato GmbH, erhebt aufgrund unseres berechtigten Interesses (s. Art. 6 Abs. 1 lit. f. DSGVO) Daten \u00fcber Zugriffe auf die Website und speichert diese zur Erkennung und Abwehr von Angriffen maximal sieben Tage als \u201eServer-Logfiles\u201c auf dem Server der Website ab.<\/p>\n<p>Aus datenschutzrechtlichen Gr\u00fcnden wird in den Logfiles der Hostname bzw. die IP-Adresse des Clients, der Ihre Website aufruft, anonymisiert. In den Logfiles werden nur die Eintr\u00e4ge f\u00fcr den Host des Clients oder, wenn dieser nicht ermittelbar ist, die IP-Adresse des Clients anonymisiert. Das Format aller anderen Eintr\u00e4ge \u00e4ndert sich nicht.<\/p>\n<p>Die ersten 9 Bit der IP-Adresse des Eintrags werden in einen Hash-Wert umgewandelt. So k\u00f6nnte aus der IP-Adresse 123.123.123.123 die &#8222;anonyme&#8220; IP-Adresse 123.123.122.243 werden. Eine anonymisierte IP-Adresse beh\u00e4lt maximal 24 Stunden ihre G\u00fcltigkeit. Danach w\u00fcrde aus derselben Ausgangs-IP-Adresse eine andere &#8222;anonyme&#8220; IP-Adresse werden.<br \/>\nFolgende Daten werden so protokolliert:<\/p>\n<p>Der Webserver protokolliert jeden einzelnen Zugriff auf ein Element (z. B. eine HTML-Datei oder ein Bild) innerhalb unserer Webpr\u00e4senz. Auch gescheiterte oder verweigerte Zugriffe (z. B. wg. Passwortschutz) werden notiert. Der Server schreibt in ein so genanntes &#8222;Logfile&#8220;, von welcher Domain aus der Zugriff erfolgt, zu welcher Zeit und welches Element (z.B. welche Seite oder welches Bild) abgerufen wird. Unser Webserver protokolliert auch, mit welchem Browser das Element abgerufen wird.<br \/>\n\u2022 Besuchte Website<br \/>\n\u2022 Uhrzeit zum Zeitpunkt des Zugriffes<br \/>\n\u2022 Menge der gesendeten Daten in Byte<br \/>\n\u2022 Quelle\/Verweis, von welchem Sie auf die Seite gelangten<br \/>\n\u2022 Verwendeter Browser<br \/>\n\u2022 Verwendetes Betriebssystem<br \/>\n\u2022 Verwendete IP-Adresse<br \/>\nDie Server-Logfiles werden f\u00fcr maximal 7 Tage gespeichert und anschlie\u00dfend gel\u00f6scht.<br \/>\nDie Speicherung der Daten erfolgt aus Sicherheitsgr\u00fcnden, um z. B. Missbrauchsf\u00e4lle aufkl\u00e4ren zu k\u00f6nnen. M\u00fcssen Daten aus Beweisgr\u00fcnden aufgehoben werden, sind sie solange von der L\u00f6schung ausgenommen bis der Vorfall endg\u00fcltig gekl\u00e4rt ist.<\/p>\n<p><strong>Dann sind da die Cookies<\/strong><\/p>\n<p>Diese Internetseite verwendet zum Teil Cookies. Cookies sind kleine Textinformationen, die \u00fcber Deinen Browser im Endger\u00e4t tempor\u00e4r als Datei gespeichert werden. Diese Website verwendet Cookies zur pseudonymisierten Reichweitenmessung, die entweder von unserem Server an deinenn Browser des Nutzers \u00fcbertragen werden. Dein Browser greift auf diese Dateien zu. Durch den Einsatz von Cookies erh\u00f6ht sich die Benutzerfreundlichkeit und Sicherheit dieser Website.<br \/>\nFalls Du nicht m\u00f6chtest, dass Cookies zur Reichweitenmessung auf Deinem Endger\u00e4t gespeichert werden, kannst Du dem Einsatz dieser Dateien hier widersprechen:<\/p>\n<p>\u2022 Cookie-Deaktivierungsseite der Netzwerkwerbeinitiative: http:\/\/optout.networkadvertising.org\/?c=1#!\/<br \/>\n\u2022 Cookie-Deaktivierungsseite der US-amerikanischen Website: http:\/\/optout.aboutads.info\/?c=2#!\/<br \/>\n\u2022 Cookie-Deaktivierungsseite der europ\u00e4ischen Website: http:\/\/optout.networkadvertising.org\/?c=1#!\/<\/p>\n<p>G\u00e4ngige Browser bieten die Einstellungsoption, Cookies nicht zuzulassen. Hinweis: Es ist nicht gew\u00e4hrleistet, dass Du auf alle Funktionen dieser Website ohne Einschr\u00e4nkungen zugreifen kannst, wenn Du entsprechende Einstellungen vornimmst.<\/p>\n<p><strong>Wir erfassen und verarbeiten Daten, zum Erstellen von Besucherstatistiken<\/strong><\/p>\n<p>Wir freuen uns nat\u00fcrlich, wenn viele Menschen unsere Beitr\u00e4ge lesen.<br \/>\nWir k\u00f6nnen nicht \u2013 und wollen allerdings auch nicht \u2013 sehen, wer im einzelnen auf unserer Seite war.<br \/>\nZur Verbesserung unseres Online-Angebotes speichern wir jedoch (ohne Personenbezug) anonymisierte Zugriffsdaten auf dieser Website. Dabei werden die IP-Adressen vor f\u00fcr die Analyse des Nutzungsverhaltens um die letzten beiden Ziffern gek\u00fcrzt. Durch die Anonymisierung der Daten sind nach herrschender Meinung R\u00fcckschl\u00fcsse auf deine Person nicht m\u00f6glich.<br \/>\nDas zum Erstellen von anonymisierten Besucherstatistiken benutzte Plugin verarbeitet und speichert laut eigenen Angaben keinerlei personenbezogene Daten, auch keine IP-Adressen.<br \/>\nZu diesen anonymisierten Zugriffsdaten geh\u00f6ren die von Besuchern angeforderte Dateien oder der Name des Internet-Providers.<br \/>\nWir k\u00f6nnen lediglich erkennen, welche Beitr\u00e4ge\/Seiten besonders interessant f\u00fcr Besucher sind, wann sie besucht werden und welche Hinweise auf unsere Beitr\u00e4ge\/Seiten besonders effektiv sind. So k\u00f6nnen wir versuchen, noch wertvolleren Content f\u00fcr die Besucher bereitzustellen und sie \u00fcber die richtigen Kan\u00e4le auf unsere Seite aufmerksam zu machen.<\/p>\n<p><strong>Google Analytics<\/strong><\/p>\n<p>Wir nutzen Google Analytics ausdr\u00fccklich nicht.<\/p>\n<p><strong>Umgang mit Kontaktdaten<\/strong><\/p>\n<p>Willst Du mit uns in Kontakt treten, kannst Du uns \u00fcber die auf der Kontaktseite angegebenen Kontaktdaten erreichen. Das sind unsere Postadresse, unsere Telefonnummer und unsere E-Mail-Adresse.<br \/>\nNimmst du auf diese Weise mit uns Verbindung auf, werden deine Angaben von uns nur lokal auf einer Festplatte gespeichert, damit wir zur Bearbeitung und Beantwortung deiner Anfrage darauf zur\u00fcckgreifen k\u00f6nnen. Ohne deine Einwilligung werden diese Daten nicht an Dritte weitergegeben.<\/p>\n<p><strong>Umgang mit Kommentaren<\/strong><\/p>\n<p>Wir freuen uns \u00fcber Kommentaren zu unseren Beitr\u00e4gen. Dabei musst du wissen: Wenn du Kommentare hinterl\u00e4\u00dft, wird automatisch deine E-mail Adresse und standardm\u00e4\u00dfig auch deine IP-Adressen auf dieser Seite gespeichert.<br \/>\nDie hier zum Einsatz kommende Blog-Software l\u00f6scht die IP-Adressen bei Kommentaren automatisch nach 60 Tagen.<\/p>\n<p><strong>Spam-Vermeidung<\/strong><\/p>\n<p>Zur Vermeidung von Spam, wird deine IP-Adresse durch ein entsprechendes Plugin lediglich lokal abgeglichen, nicht gespeichert und nicht versendet.<\/p>\n<p><strong>Social-Media-Share-Buttons<\/strong><\/p>\n<p>Da Share-Buttons schon beim einfachen Besuch der Seite Daten \u00fcbertragen, ohne dass Du sie anklickst, haben wir ganz auf diese M\u00f6glichkeit des Teilens unserer Beitr\u00e4ge verzichtet. Wir freuen uns nat\u00fcrlich, wenn du trotzdem einen unserer Beitr\u00e4ge an deine Community weitergeben m\u00f6chtest. Du kannst das dann \u00fcber deine Sozialen Plattformen machen.<\/p>\n<p><strong><a name=\"newsletter\"><\/a>Newsletter-Abonnement<\/strong><\/p>\n<p>Du kannst dich f\u00fcr einen unserer Newsletter einschreiben, wenn dich die Infos und Tipps, die wir in unregelm\u00e4\u00dfigen Abst\u00e4nden \u2013nicht \u00f6fter als einmal im Monat \u2013 versenden, interessieren.<\/p>\n<p>Um dir einen Newsletter zu senden, brauchen wir nat\u00fcrlich deine E-Mail Adresse. Wir fragen dann noch optional einen Namen ab, der aber nicht dein richtiger Name sein muss. Wir finden es nur sch\u00f6ner, wenn wir dich mit einem Namen ansprechen k\u00f6nnen.<\/p>\n<p>Wir haben MailChimp mit der Versendung des Newsletters beauftragt, weil die Rocket Science Group, LLC -, die MailChimp betreibt, nach den Vorgaben des Privacy Shield zertifiziert ist. Die Voraussetzungen f\u00fcr einen datenschutzkonformen Umgang mit deinen Daten sollten also gegeben sein.<br \/>\nMailChimp speichert deine E-Mail kurzfristig, wenn du dich f\u00fcr den Newsletter eintr\u00e4gst, um dir eine mail zu schicken, in der du noch einmal best\u00e4tigen musst, dass du den Newsletter erhalten m\u00f6chtest. (Double opt-in)<br \/>\nErst dann wird deine Adresse bei MailChimp gespeichert, bis du dich wieder aus dem Newsletter austr\u00e4gst, oder wir als Listenbetreiber die E-Mail l\u00f6schen.<br \/>\nDie Eintragung in die Liste wird mit Datum und der zugeh\u00f6rigen IP_Adresse gespeichert, damit wir uns gegen den Vorwurf unverlangt zugesendeter E-Mails wehren k\u00f6nnen. Wir haben auf die Speicherung der IP-Adresse keinen Einfluss. Au\u00dfer aus dem oben genannten Grund wird die IP_Adresse nicht verwendet.<\/p>\n<p>MailChimp bietet wie andere Dienstleister statistische Auswertungsm\u00f6glichkeiten von Nutzungsdaten etc. Die Auswertung ist jedoch grunds\u00e4tzlich gruppenbezogen. So kann ich beispielsweise sehen, an wie viele Nutzer eine E-Mail versendet wurde, ob E-Mails zur\u00fcckgewiesen wurden und ob sich Nutzer nach Erhalt einer E-Mail von der Liste abgemeldet haben.<br \/>\nWeil wir nat\u00fcrlich Inhalte im Newsletter versenden wollen, die f\u00fcr euch interessant sind und auch gelesen werden, ist f\u00fcr uns interessant zu wissen, wie viele von euch Newsletter-Abonnenten eine E-Mail ge\u00f6ffnet, oder auf einen Link in der Mail geklickt haben.<br \/>\nFerner werden noch folgende Daten bei MailChimp gespeichert:<br \/>\nDatum des letzten Profilupdates<br \/>\nGeolokalisierung &amp; Zeitzone:<br \/>\nSpracheinstellung deines Browsers.<\/p>\n<p>Eine Weitergabe von personenbezogenen Daten an Dritte f\u00fcr Zwecke von Werbung, Markt- oder Meinungsforschung findet nicht statt.<\/p>\n<p>In jeder Newsletter E-Mail ist ein Hinweis darauf enthalten, wie Du dich vom Newsletter abmelden und deine E-Mail-Adresse l\u00f6schen lassen kannst.<\/p>\n<p><strong>Hinweis<\/strong><br \/>\nDie Newsletter E-Mails enthalten einen Link \u00bbWird diese Nachricht nicht richtig dargestellt, klicken Sie bitte hier.\u00ab Wenn du diesen Link anklickst, wird dir der Newsletter auf einer Webseite von MailChimp angezeigt.<br \/>\nMailChimp nutzt Google Analytics, was wir leider nicht \u00e4ndern k\u00f6nnen. Wir haben allerdings auch keinen Zugriff auf die Google Analytics Auswertungen.<br \/>\nWenn Du Google Analytics generell deaktivieren m\u00f6chtest, kannst du ein Browser-Add-on zur Deaktivierung von Google Analytics installieren.<\/p>\n<p><strong>Brute-Force-Schutz <\/strong><\/p>\n<p>Wir verwenden eine Sicherheitssoftware, die einen unbefugten Zugriff auf die Benutzer-Accounts unserer Internetseite verhindern soll. In dem Zusammenhang werden auf Grundlage von Art. 6 Abs. 1 lit. f DSGVO IP-Adressen, durch MD5-Hashes verschleiert, in der eigenen Datenbank als Brute-Force-Schutz zur Abwehr von Hackerangriffen<br \/>\ntempor\u00e4r oder ggf. auch dauerhaft gespeichert, wenn von diesen aus mehrfach versucht wurde, unter Angabe fehlerhafter Zugangsdaten Zugriff auf Benutzer- oder Administrations-Accounts dieser Internetseite zu bekommen.<\/p>\n<p><strong>Rechte des Nutzers<\/strong><\/p>\n<p>Du hast das Recht, unter mail@uwecarow.de einen Antrag zu stellen, eine f\u00fcr dich kostenlose Information dar\u00fcber zu erhalten, welche personenbezogenen Daten von Dir gespeichert wurden, auf Berichtigung und L\u00f6schung dieser Daten, falls es keine gesetzliche Pflicht zur Aufbewahrung dieser Daten gibt. Falls du annimmst, dass wir deine Daten unzul\u00e4ssig genutzt haben, kannst du Beschwerde bei der zust\u00e4ndigen Aufsichtbeh\u00f6rde einreichen.<\/p>\n<p><strong>Widerspruchsrecht<\/strong><\/p>\n<p>Du kannst von deinem Widerspruchsrecht Gebrauch machen und der Verarbeitung deiner personenbezogenen Daten zu jeder Zeit widersprechen.<\/p>\n<p><strong>Verantwortlicher im Sinne des Datenschutzrechts ist:<\/strong><\/p>\n<p>Uwe Carow<br \/>\nFriedrich-Ebert-Str. 56<br \/>\n14469 Potsdam<br \/>\nGermany<br \/>\nTelefon: +49 (0) 331 2006099<br \/>\nE-Mail: mail@uwecarow.de<\/p>\n","protected":false},"excerpt":{"rendered":"<p>Datenschutzerkl\u00e4rung Grundlegendes Diese Datenschutzerkl\u00e4rung soll dich als Besucher dieser Webseite, \u00fcber die Art, den Umfang und den Zweck der Erhebung und Verwendung deiner personenbezogener Daten durch den Websitenbetreiber, Red Bug Books, Bongard und Carow GbR, informieren. Der Zweck der Verarbeitung von Daten ist das Betreiben unserer Website mit Informationen zu kulturellen Themen, Schreibtipps und Informationen aus der Buchbranche. Man kann die Seite besuchen, ohne sich zu registrieren oder Angaben zu seiner Person zu machen. Dennoch werden beim Besuch der Seite unvermeidlich personenbezogene Daten erhoben und gespeichert. Definitionen der verwendeten Begriffe (z.B. \u201cpersonenbezogene Daten\u201d oder \u201cVerarbeitung\u201d) findest du in Art. 4 DSGVO. Da sind zun\u00e4chst die Daten die beim Zugriff auf die Webseite beim Server erhoben werden. Unser Webserver, Strato GmbH, erhebt aufgrund unseres berechtigten Interesses (s. Art. 6 Abs. 1 lit. f. DSGVO) Daten \u00fcber Zugriffe auf die Website und speichert diese zur Erkennung und Abwehr von Angriffen maximal sieben Tage als \u201eServer-Logfiles\u201c auf dem Server der Website ab. Aus datenschutzrechtlichen Gr\u00fcnden wird in den Logfiles der Hostname bzw. die IP-Adresse des Clients, der Ihre Website aufruft, anonymisiert. In den Logfiles werden nur die Eintr\u00e4ge f\u00fcr den Host des Clients oder, wenn dieser nicht ermittelbar ist, die IP-Adresse des Clients [&hellip;]<\/p>\n","protected":false},"author":7,"featured_media":0,"parent":0,"menu_order":0,"comment_status":"open","ping_status":"open","template":"","meta":{"footnotes":"","_links_to":"","_links_to_target":""},"class_list":["post-3645","page","type-page","status-publish","hentry"],"yoast_head":"<!-- This site is optimized with the Yoast SEO plugin v27.3 - https:\/\/yoast.com\/product\/yoast-seo-wordpress\/ -->\n<title>Datenschutzerkl\u00e4rung - Red Bug Culture - Schreiben, Ver\u00f6ffentlichen, Kurse<\/title>\n<meta name=\"robots\" content=\"index, follow, max-snippet:-1, max-image-preview:large, max-video-preview:-1\" \/>\n<link rel=\"canonical\" href=\"https:\/\/www.redbug-culture.com\/blog\/datenschutzerklaerung\/\" \/>\n<meta property=\"og:locale\" content=\"de_DE\" \/>\n<meta property=\"og:type\" content=\"article\" \/>\n<meta property=\"og:title\" content=\"Datenschutzerkl\u00e4rung - Red Bug Culture - Schreiben, Ver\u00f6ffentlichen, Kurse\" \/>\n<meta property=\"og:description\" content=\"Datenschutzerkl\u00e4rung Grundlegendes Diese Datenschutzerkl\u00e4rung soll dich als Besucher dieser Webseite, \u00fcber die Art, den Umfang und den Zweck der Erhebung und Verwendung deiner personenbezogener Daten durch den Websitenbetreiber, Red Bug Books, Bongard und Carow GbR, informieren. Der Zweck der Verarbeitung von Daten ist das Betreiben unserer Website mit Informationen zu kulturellen Themen, Schreibtipps und Informationen aus der Buchbranche. Man kann die Seite besuchen, ohne sich zu registrieren oder Angaben zu seiner Person zu machen. Dennoch werden beim Besuch der Seite unvermeidlich personenbezogene Daten erhoben und gespeichert. Definitionen der verwendeten Begriffe (z.B. \u201cpersonenbezogene Daten\u201d oder \u201cVerarbeitung\u201d) findest du in Art. 4 DSGVO. Da sind zun\u00e4chst die Daten die beim Zugriff auf die Webseite beim Server erhoben werden. Unser Webserver, Strato GmbH, erhebt aufgrund unseres berechtigten Interesses (s. Art. 6 Abs. 1 lit. f. DSGVO) Daten \u00fcber Zugriffe auf die Website und speichert diese zur Erkennung und Abwehr von Angriffen maximal sieben Tage als \u201eServer-Logfiles\u201c auf dem Server der Website ab. Aus datenschutzrechtlichen Gr\u00fcnden wird in den Logfiles der Hostname bzw. die IP-Adresse des Clients, der Ihre Website aufruft, anonymisiert. In den Logfiles werden nur die Eintr\u00e4ge f\u00fcr den Host des Clients oder, wenn dieser nicht ermittelbar ist, die IP-Adresse des Clients [&hellip;]\" \/>\n<meta property=\"og:url\" content=\"https:\/\/www.redbug-culture.com\/blog\/datenschutzerklaerung\/\" \/>\n<meta property=\"og:site_name\" content=\"Red Bug Culture - Schreiben, Ver\u00f6ffentlichen, Kurse\" \/>\n<meta property=\"article:publisher\" content=\"https:\/\/www.facebook.com\/RedBugBooks\" \/>\n<meta property=\"article:modified_time\" content=\"2018-10-02T11:26:14+00:00\" \/>\n<meta name=\"twitter:card\" content=\"summary_large_image\" \/>\n<meta name=\"twitter:site\" content=\"@RedBugBooks\" \/>\n<meta name=\"twitter:label1\" content=\"Gesch\u00e4tzte Lesezeit\" \/>\n\t<meta name=\"twitter:data1\" content=\"8\u00a0Minuten\" \/>\n<script type=\"application\/ld+json\" class=\"yoast-schema-graph\">{\"@context\":\"https:\\\/\\\/schema.org\",\"@graph\":[{\"@type\":\"WebPage\",\"@id\":\"https:\\\/\\\/www.redbug-culture.com\\\/blog\\\/datenschutzerklaerung\\\/\",\"url\":\"https:\\\/\\\/www.redbug-culture.com\\\/blog\\\/datenschutzerklaerung\\\/\",\"name\":\"Datenschutzerkl\u00e4rung - Red Bug Culture - Schreiben, Ver\u00f6ffentlichen, Kurse\",\"isPartOf\":{\"@id\":\"https:\\\/\\\/www.redbug-culture.com\\\/blog\\\/#website\"},\"datePublished\":\"2015-10-29T13:12:37+00:00\",\"dateModified\":\"2018-10-02T11:26:14+00:00\",\"breadcrumb\":{\"@id\":\"https:\\\/\\\/www.redbug-culture.com\\\/blog\\\/datenschutzerklaerung\\\/#breadcrumb\"},\"inLanguage\":\"de\",\"potentialAction\":[{\"@type\":\"ReadAction\",\"target\":[\"https:\\\/\\\/www.redbug-culture.com\\\/blog\\\/datenschutzerklaerung\\\/\"]}]},{\"@type\":\"BreadcrumbList\",\"@id\":\"https:\\\/\\\/www.redbug-culture.com\\\/blog\\\/datenschutzerklaerung\\\/#breadcrumb\",\"itemListElement\":[{\"@type\":\"ListItem\",\"position\":1,\"name\":\"Startseite\",\"item\":\"https:\\\/\\\/www.redbug-culture.com\\\/blog\\\/\"},{\"@type\":\"ListItem\",\"position\":2,\"name\":\"Datenschutzerkl\u00e4rung\"}]},{\"@type\":\"WebSite\",\"@id\":\"https:\\\/\\\/www.redbug-culture.com\\\/blog\\\/#website\",\"url\":\"https:\\\/\\\/www.redbug-culture.com\\\/blog\\\/\",\"name\":\"Red Bug Culture - Schreiben, Ver\u00f6ffentlichen, Kurse\",\"description\":\"Tipps &amp; Coaching f\u00fcr Autor:innen, Rezensionen\",\"potentialAction\":[{\"@type\":\"SearchAction\",\"target\":{\"@type\":\"EntryPoint\",\"urlTemplate\":\"https:\\\/\\\/www.redbug-culture.com\\\/blog\\\/?s={search_term_string}\"},\"query-input\":{\"@type\":\"PropertyValueSpecification\",\"valueRequired\":true,\"valueName\":\"search_term_string\"}}],\"inLanguage\":\"de\"}]}<\/script>\n<!-- \/ Yoast SEO plugin. -->","yoast_head_json":{"title":"Datenschutzerkl\u00e4rung - Red Bug Culture - Schreiben, Ver\u00f6ffentlichen, Kurse","robots":{"index":"index","follow":"follow","max-snippet":"max-snippet:-1","max-image-preview":"max-image-preview:large","max-video-preview":"max-video-preview:-1"},"canonical":"https:\/\/www.redbug-culture.com\/blog\/datenschutzerklaerung\/","og_locale":"de_DE","og_type":"article","og_title":"Datenschutzerkl\u00e4rung - Red Bug Culture - Schreiben, Ver\u00f6ffentlichen, Kurse","og_description":"Datenschutzerkl\u00e4rung Grundlegendes Diese Datenschutzerkl\u00e4rung soll dich als Besucher dieser Webseite, \u00fcber die Art, den Umfang und den Zweck der Erhebung und Verwendung deiner personenbezogener Daten durch den Websitenbetreiber, Red Bug Books, Bongard und Carow GbR, informieren. Der Zweck der Verarbeitung von Daten ist das Betreiben unserer Website mit Informationen zu kulturellen Themen, Schreibtipps und Informationen aus der Buchbranche. Man kann die Seite besuchen, ohne sich zu registrieren oder Angaben zu seiner Person zu machen. Dennoch werden beim Besuch der Seite unvermeidlich personenbezogene Daten erhoben und gespeichert. Definitionen der verwendeten Begriffe (z.B. \u201cpersonenbezogene Daten\u201d oder \u201cVerarbeitung\u201d) findest du in Art. 4 DSGVO. Da sind zun\u00e4chst die Daten die beim Zugriff auf die Webseite beim Server erhoben werden. Unser Webserver, Strato GmbH, erhebt aufgrund unseres berechtigten Interesses (s. Art. 6 Abs. 1 lit. f. DSGVO) Daten \u00fcber Zugriffe auf die Website und speichert diese zur Erkennung und Abwehr von Angriffen maximal sieben Tage als \u201eServer-Logfiles\u201c auf dem Server der Website ab. Aus datenschutzrechtlichen Gr\u00fcnden wird in den Logfiles der Hostname bzw. die IP-Adresse des Clients, der Ihre Website aufruft, anonymisiert. In den Logfiles werden nur die Eintr\u00e4ge f\u00fcr den Host des Clients oder, wenn dieser nicht ermittelbar ist, die IP-Adresse des Clients [&hellip;]","og_url":"https:\/\/www.redbug-culture.com\/blog\/datenschutzerklaerung\/","og_site_name":"Red Bug Culture - Schreiben, Ver\u00f6ffentlichen, Kurse","article_publisher":"https:\/\/www.facebook.com\/RedBugBooks","article_modified_time":"2018-10-02T11:26:14+00:00","twitter_card":"summary_large_image","twitter_site":"@RedBugBooks","twitter_misc":{"Gesch\u00e4tzte Lesezeit":"8\u00a0Minuten"},"schema":{"@context":"https:\/\/schema.org","@graph":[{"@type":"WebPage","@id":"https:\/\/www.redbug-culture.com\/blog\/datenschutzerklaerung\/","url":"https:\/\/www.redbug-culture.com\/blog\/datenschutzerklaerung\/","name":"Datenschutzerkl\u00e4rung - Red Bug Culture - Schreiben, Ver\u00f6ffentlichen, Kurse","isPartOf":{"@id":"https:\/\/www.redbug-culture.com\/blog\/#website"},"datePublished":"2015-10-29T13:12:37+00:00","dateModified":"2018-10-02T11:26:14+00:00","breadcrumb":{"@id":"https:\/\/www.redbug-culture.com\/blog\/datenschutzerklaerung\/#breadcrumb"},"inLanguage":"de","potentialAction":[{"@type":"ReadAction","target":["https:\/\/www.redbug-culture.com\/blog\/datenschutzerklaerung\/"]}]},{"@type":"BreadcrumbList","@id":"https:\/\/www.redbug-culture.com\/blog\/datenschutzerklaerung\/#breadcrumb","itemListElement":[{"@type":"ListItem","position":1,"name":"Startseite","item":"https:\/\/www.redbug-culture.com\/blog\/"},{"@type":"ListItem","position":2,"name":"Datenschutzerkl\u00e4rung"}]},{"@type":"WebSite","@id":"https:\/\/www.redbug-culture.com\/blog\/#website","url":"https:\/\/www.redbug-culture.com\/blog\/","name":"Red Bug Culture - Schreiben, Ver\u00f6ffentlichen, Kurse","description":"Tipps &amp; Coaching f\u00fcr Autor:innen, Rezensionen","potentialAction":[{"@type":"SearchAction","target":{"@type":"EntryPoint","urlTemplate":"https:\/\/www.redbug-culture.com\/blog\/?s={search_term_string}"},"query-input":{"@type":"PropertyValueSpecification","valueRequired":true,"valueName":"search_term_string"}}],"inLanguage":"de"}]}},"_links":{"self":[{"href":"https:\/\/www.redbug-culture.com\/blog\/wp-json\/wp\/v2\/pages\/3645","targetHints":{"allow":["GET"]}}],"collection":[{"href":"https:\/\/www.redbug-culture.com\/blog\/wp-json\/wp\/v2\/pages"}],"about":[{"href":"https:\/\/www.redbug-culture.com\/blog\/wp-json\/wp\/v2\/types\/page"}],"author":[{"embeddable":true,"href":"https:\/\/www.redbug-culture.com\/blog\/wp-json\/wp\/v2\/users\/7"}],"replies":[{"embeddable":true,"href":"https:\/\/www.redbug-culture.com\/blog\/wp-json\/wp\/v2\/comments?post=3645"}],"version-history":[{"count":0,"href":"https:\/\/www.redbug-culture.com\/blog\/wp-json\/wp\/v2\/pages\/3645\/revisions"}],"wp:attachment":[{"href":"https:\/\/www.redbug-culture.com\/blog\/wp-json\/wp\/v2\/media?parent=3645"}],"curies":[{"name":"wp","href":"https:\/\/api.w.org\/{rel}","templated":true}]}}