{"id":3473,"date":"2015-09-14T20:38:47","date_gmt":"2015-09-14T18:38:47","guid":{"rendered":"https:\/\/www.redbug-culture.com\/blog\/?page_id=3473"},"modified":"2016-03-22T18:58:27","modified_gmt":"2016-03-22T17:58:27","slug":"manuskripteautoren-graphiker-zeichner-kreative-gefragt","status":"publish","type":"page","link":"https:\/\/www.redbug-culture.com\/blog\/manuskripteautoren-graphiker-zeichner-kreative-gefragt\/","title":{"rendered":"Manuskripte einreichen"},"content":{"rendered":"<h6>Hallo Autoren, Graphiker, Zeichner, Kreative!<\/h6>\n<p>Du hast einen Text erstellt und sehr viel Liebe und Sorgfalt hineingelegt. Du kennst dich mit Literatur aus, mit guter Sprache, mit Dramaturgie. Du wei\u00dft, was auf dem Jugendbuchmarkt vor sich geht, du liest selber gerne und viel. Du wei\u00dft, was du willst und was du zu sagen hast, und du bist dir sicher, dass es auch andere interessiert. Du schreibst im Bereich Young Adult\/Jugendbuch, f\u00fcr junge Erwachsene oder erschafftst Graphic Novels oder Comics. Dann ist dein Manuskript bei uns richtig.<\/p>\n<h6><strong>F\u00fcr Autoren:<\/strong><\/h6>\n<p>Bitte schicke zuerst nur eine Textprobe von 20 Seiten. Bitte schicke sie per Mail, an: lektorat@redbug-books.com. Wir melden uns in jedem Fall innerhalb von 2-4 Wochen. Bitte habe Verst\u00e4ndnis f\u00fcr die Wartezeit. Sollte uns deine Probe gefallen, fragen wir nach mehr.<\/p>\n<h6><strong>F\u00fcr Zeichner und Graphic Novelisten:<\/strong><\/h6>\n<p>Bitte schick uns drei Seiten deiner GN, deines Comic oder Bilderbuchs als pdf, ausschlie\u00dflich per Mail.\u00a0Bitte schicke dein Material an lektorat@redbug-books.com. Wir melden uns auf jeden Fall innerhalb von 1-2 Wochen. Sollte uns deine Probe gefallen, fragen wir nach mehr.<\/p>\n<p>Wir freuen uns auf die Zusammenarbeit mit euch!<\/p>\n<p>Die Redbugx<\/p>\n<p>&nbsp;<\/p>\n<p>&nbsp;<\/p>\n","protected":false},"excerpt":{"rendered":"<p>Hallo Autoren, Graphiker, Zeichner, Kreative! Du hast einen Text erstellt und sehr viel Liebe und Sorgfalt hineingelegt. Du kennst dich mit Literatur aus, mit guter Sprache, mit Dramaturgie. Du wei\u00dft, was auf dem Jugendbuchmarkt vor sich geht, du liest selber gerne und viel. Du wei\u00dft, was du willst und was du zu sagen hast, und du bist dir sicher, dass es auch andere interessiert. Du schreibst im Bereich Young Adult\/Jugendbuch, f\u00fcr junge Erwachsene oder erschafftst Graphic Novels oder Comics. Dann ist dein Manuskript bei uns richtig. F\u00fcr Autoren: Bitte schicke zuerst nur eine Textprobe von 20 Seiten. Bitte schicke sie per Mail, an: lektorat@redbug-books.com. Wir melden uns in jedem Fall innerhalb von 2-4 Wochen. Bitte habe Verst\u00e4ndnis f\u00fcr die Wartezeit. Sollte uns deine Probe gefallen, fragen wir nach mehr. F\u00fcr Zeichner und Graphic Novelisten: Bitte schick uns drei Seiten deiner GN, deines Comic oder Bilderbuchs als pdf, ausschlie\u00dflich per Mail.\u00a0Bitte schicke dein Material an lektorat@redbug-books.com. Wir melden uns auf jeden Fall innerhalb von 1-2 Wochen. Sollte uns deine Probe gefallen, fragen wir nach mehr. Wir freuen uns auf die Zusammenarbeit mit euch! Die Redbugx &nbsp; &nbsp;<\/p>\n","protected":false},"author":7,"featured_media":0,"parent":0,"menu_order":0,"comment_status":"open","ping_status":"open","template":"","meta":{"footnotes":"","_links_to":"","_links_to_target":""},"class_list":["post-3473","page","type-page","status-publish","hentry"],"yoast_head":"<!-- This site is optimized with the Yoast SEO plugin v27.5 - https:\/\/yoast.com\/product\/yoast-seo-wordpress\/ -->\n<title>Manuskripte einreichen - Red Bug Culture - Schreiben, Ver\u00f6ffentlichen, Kurse<\/title>\n<meta name=\"robots\" content=\"index, follow, max-snippet:-1, max-image-preview:large, max-video-preview:-1\" \/>\n<link rel=\"canonical\" href=\"https:\/\/www.redbug-culture.com\/blog\/manuskripteautoren-graphiker-zeichner-kreative-gefragt\/\" \/>\n<meta property=\"og:locale\" content=\"de_DE\" \/>\n<meta property=\"og:type\" content=\"article\" \/>\n<meta property=\"og:title\" content=\"Manuskripte einreichen - Red Bug Culture - Schreiben, Ver\u00f6ffentlichen, Kurse\" \/>\n<meta property=\"og:description\" content=\"Hallo Autoren, Graphiker, Zeichner, Kreative! Du hast einen Text erstellt und sehr viel Liebe und Sorgfalt hineingelegt. Du kennst dich mit Literatur aus, mit guter Sprache, mit Dramaturgie. Du wei\u00dft, was auf dem Jugendbuchmarkt vor sich geht, du liest selber gerne und viel. Du wei\u00dft, was du willst und was du zu sagen hast, und du bist dir sicher, dass es auch andere interessiert. Du schreibst im Bereich Young Adult\/Jugendbuch, f\u00fcr junge Erwachsene oder erschafftst Graphic Novels oder Comics. Dann ist dein Manuskript bei uns richtig. F\u00fcr Autoren: Bitte schicke zuerst nur eine Textprobe von 20 Seiten. Bitte schicke sie per Mail, an: lektorat@redbug-books.com. Wir melden uns in jedem Fall innerhalb von 2-4 Wochen. Bitte habe Verst\u00e4ndnis f\u00fcr die Wartezeit. Sollte uns deine Probe gefallen, fragen wir nach mehr. F\u00fcr Zeichner und Graphic Novelisten: Bitte schick uns drei Seiten deiner GN, deines Comic oder Bilderbuchs als pdf, ausschlie\u00dflich per Mail.\u00a0Bitte schicke dein Material an lektorat@redbug-books.com. Wir melden uns auf jeden Fall innerhalb von 1-2 Wochen. Sollte uns deine Probe gefallen, fragen wir nach mehr. Wir freuen uns auf die Zusammenarbeit mit euch! Die Redbugx &nbsp; &nbsp;\" \/>\n<meta property=\"og:url\" content=\"https:\/\/www.redbug-culture.com\/blog\/manuskripteautoren-graphiker-zeichner-kreative-gefragt\/\" \/>\n<meta property=\"og:site_name\" content=\"Red Bug Culture - Schreiben, Ver\u00f6ffentlichen, Kurse\" \/>\n<meta property=\"article:publisher\" content=\"https:\/\/www.facebook.com\/RedBugBooks\" \/>\n<meta property=\"article:modified_time\" content=\"2016-03-22T17:58:27+00:00\" \/>\n<meta name=\"twitter:card\" content=\"summary_large_image\" \/>\n<meta name=\"twitter:site\" content=\"@RedBugBooks\" \/>\n<meta name=\"twitter:label1\" content=\"Gesch\u00e4tzte Lesezeit\" \/>\n\t<meta name=\"twitter:data1\" content=\"1\u00a0Minute\" \/>\n<script type=\"application\/ld+json\" class=\"yoast-schema-graph\">{\"@context\":\"https:\\\/\\\/schema.org\",\"@graph\":[{\"@type\":\"WebPage\",\"@id\":\"https:\\\/\\\/www.redbug-culture.com\\\/blog\\\/manuskripteautoren-graphiker-zeichner-kreative-gefragt\\\/\",\"url\":\"https:\\\/\\\/www.redbug-culture.com\\\/blog\\\/manuskripteautoren-graphiker-zeichner-kreative-gefragt\\\/\",\"name\":\"Manuskripte einreichen - Red Bug Culture - Schreiben, Ver\u00f6ffentlichen, Kurse\",\"isPartOf\":{\"@id\":\"https:\\\/\\\/www.redbug-culture.com\\\/blog\\\/#website\"},\"datePublished\":\"2015-09-14T18:38:47+00:00\",\"dateModified\":\"2016-03-22T17:58:27+00:00\",\"breadcrumb\":{\"@id\":\"https:\\\/\\\/www.redbug-culture.com\\\/blog\\\/manuskripteautoren-graphiker-zeichner-kreative-gefragt\\\/#breadcrumb\"},\"inLanguage\":\"de\",\"potentialAction\":[{\"@type\":\"ReadAction\",\"target\":[\"https:\\\/\\\/www.redbug-culture.com\\\/blog\\\/manuskripteautoren-graphiker-zeichner-kreative-gefragt\\\/\"]}]},{\"@type\":\"BreadcrumbList\",\"@id\":\"https:\\\/\\\/www.redbug-culture.com\\\/blog\\\/manuskripteautoren-graphiker-zeichner-kreative-gefragt\\\/#breadcrumb\",\"itemListElement\":[{\"@type\":\"ListItem\",\"position\":1,\"name\":\"Startseite\",\"item\":\"https:\\\/\\\/www.redbug-culture.com\\\/blog\\\/\"},{\"@type\":\"ListItem\",\"position\":2,\"name\":\"Manuskripte einreichen\"}]},{\"@type\":\"WebSite\",\"@id\":\"https:\\\/\\\/www.redbug-culture.com\\\/blog\\\/#website\",\"url\":\"https:\\\/\\\/www.redbug-culture.com\\\/blog\\\/\",\"name\":\"Red Bug Culture - Schreiben, Ver\u00f6ffentlichen, Kurse\",\"description\":\"Tipps &amp; Coaching f\u00fcr Autor:innen, Rezensionen\",\"potentialAction\":[{\"@type\":\"SearchAction\",\"target\":{\"@type\":\"EntryPoint\",\"urlTemplate\":\"https:\\\/\\\/www.redbug-culture.com\\\/blog\\\/?s={search_term_string}\"},\"query-input\":{\"@type\":\"PropertyValueSpecification\",\"valueRequired\":true,\"valueName\":\"search_term_string\"}}],\"inLanguage\":\"de\"}]}<\/script>\n<!-- \/ Yoast SEO plugin. -->","yoast_head_json":{"title":"Manuskripte einreichen - Red Bug Culture - Schreiben, Ver\u00f6ffentlichen, Kurse","robots":{"index":"index","follow":"follow","max-snippet":"max-snippet:-1","max-image-preview":"max-image-preview:large","max-video-preview":"max-video-preview:-1"},"canonical":"https:\/\/www.redbug-culture.com\/blog\/manuskripteautoren-graphiker-zeichner-kreative-gefragt\/","og_locale":"de_DE","og_type":"article","og_title":"Manuskripte einreichen - Red Bug Culture - Schreiben, Ver\u00f6ffentlichen, Kurse","og_description":"Hallo Autoren, Graphiker, Zeichner, Kreative! Du hast einen Text erstellt und sehr viel Liebe und Sorgfalt hineingelegt. Du kennst dich mit Literatur aus, mit guter Sprache, mit Dramaturgie. Du wei\u00dft, was auf dem Jugendbuchmarkt vor sich geht, du liest selber gerne und viel. Du wei\u00dft, was du willst und was du zu sagen hast, und du bist dir sicher, dass es auch andere interessiert. Du schreibst im Bereich Young Adult\/Jugendbuch, f\u00fcr junge Erwachsene oder erschafftst Graphic Novels oder Comics. Dann ist dein Manuskript bei uns richtig. F\u00fcr Autoren: Bitte schicke zuerst nur eine Textprobe von 20 Seiten. Bitte schicke sie per Mail, an: lektorat@redbug-books.com. Wir melden uns in jedem Fall innerhalb von 2-4 Wochen. Bitte habe Verst\u00e4ndnis f\u00fcr die Wartezeit. Sollte uns deine Probe gefallen, fragen wir nach mehr. F\u00fcr Zeichner und Graphic Novelisten: Bitte schick uns drei Seiten deiner GN, deines Comic oder Bilderbuchs als pdf, ausschlie\u00dflich per Mail.\u00a0Bitte schicke dein Material an lektorat@redbug-books.com. Wir melden uns auf jeden Fall innerhalb von 1-2 Wochen. Sollte uns deine Probe gefallen, fragen wir nach mehr. Wir freuen uns auf die Zusammenarbeit mit euch! Die Redbugx &nbsp; &nbsp;","og_url":"https:\/\/www.redbug-culture.com\/blog\/manuskripteautoren-graphiker-zeichner-kreative-gefragt\/","og_site_name":"Red Bug Culture - Schreiben, Ver\u00f6ffentlichen, Kurse","article_publisher":"https:\/\/www.facebook.com\/RedBugBooks","article_modified_time":"2016-03-22T17:58:27+00:00","twitter_card":"summary_large_image","twitter_site":"@RedBugBooks","twitter_misc":{"Gesch\u00e4tzte Lesezeit":"1\u00a0Minute"},"schema":{"@context":"https:\/\/schema.org","@graph":[{"@type":"WebPage","@id":"https:\/\/www.redbug-culture.com\/blog\/manuskripteautoren-graphiker-zeichner-kreative-gefragt\/","url":"https:\/\/www.redbug-culture.com\/blog\/manuskripteautoren-graphiker-zeichner-kreative-gefragt\/","name":"Manuskripte einreichen - Red Bug Culture - Schreiben, Ver\u00f6ffentlichen, Kurse","isPartOf":{"@id":"https:\/\/www.redbug-culture.com\/blog\/#website"},"datePublished":"2015-09-14T18:38:47+00:00","dateModified":"2016-03-22T17:58:27+00:00","breadcrumb":{"@id":"https:\/\/www.redbug-culture.com\/blog\/manuskripteautoren-graphiker-zeichner-kreative-gefragt\/#breadcrumb"},"inLanguage":"de","potentialAction":[{"@type":"ReadAction","target":["https:\/\/www.redbug-culture.com\/blog\/manuskripteautoren-graphiker-zeichner-kreative-gefragt\/"]}]},{"@type":"BreadcrumbList","@id":"https:\/\/www.redbug-culture.com\/blog\/manuskripteautoren-graphiker-zeichner-kreative-gefragt\/#breadcrumb","itemListElement":[{"@type":"ListItem","position":1,"name":"Startseite","item":"https:\/\/www.redbug-culture.com\/blog\/"},{"@type":"ListItem","position":2,"name":"Manuskripte einreichen"}]},{"@type":"WebSite","@id":"https:\/\/www.redbug-culture.com\/blog\/#website","url":"https:\/\/www.redbug-culture.com\/blog\/","name":"Red Bug Culture - Schreiben, Ver\u00f6ffentlichen, Kurse","description":"Tipps &amp; Coaching f\u00fcr Autor:innen, Rezensionen","potentialAction":[{"@type":"SearchAction","target":{"@type":"EntryPoint","urlTemplate":"https:\/\/www.redbug-culture.com\/blog\/?s={search_term_string}"},"query-input":{"@type":"PropertyValueSpecification","valueRequired":true,"valueName":"search_term_string"}}],"inLanguage":"de"}]}},"_links":{"self":[{"href":"https:\/\/www.redbug-culture.com\/blog\/wp-json\/wp\/v2\/pages\/3473","targetHints":{"allow":["GET"]}}],"collection":[{"href":"https:\/\/www.redbug-culture.com\/blog\/wp-json\/wp\/v2\/pages"}],"about":[{"href":"https:\/\/www.redbug-culture.com\/blog\/wp-json\/wp\/v2\/types\/page"}],"author":[{"embeddable":true,"href":"https:\/\/www.redbug-culture.com\/blog\/wp-json\/wp\/v2\/users\/7"}],"replies":[{"embeddable":true,"href":"https:\/\/www.redbug-culture.com\/blog\/wp-json\/wp\/v2\/comments?post=3473"}],"version-history":[{"count":0,"href":"https:\/\/www.redbug-culture.com\/blog\/wp-json\/wp\/v2\/pages\/3473\/revisions"}],"wp:attachment":[{"href":"https:\/\/www.redbug-culture.com\/blog\/wp-json\/wp\/v2\/media?parent=3473"}],"curies":[{"name":"wp","href":"https:\/\/api.w.org\/{rel}","templated":true}]}}