{"id":28567,"date":"2026-01-22T13:02:26","date_gmt":"2026-01-22T12:02:26","guid":{"rendered":"https:\/\/www.redbug-culture.com\/blog\/?page_id=28567"},"modified":"2026-03-13T19:03:00","modified_gmt":"2026-03-13T18:03:00","slug":"shop","status":"publish","type":"page","link":"https:\/\/www.redbug-culture.com\/blog\/shop\/","title":{"rendered":"Shop"},"content":{"rendered":"<div id=\"pl-28567\"  class=\"panel-layout\" ><div id=\"pg-28567-0\"  class=\"panel-grid panel-no-style\" ><div id=\"pgc-28567-0-0\"  class=\"panel-grid-cell\" ><div id=\"panel-28567-0-0-0\" class=\"so-panel widget widget_sow-editor panel-first-child panel-last-child\" data-index=\"0\" ><div\n\t\t\t\n\t\t\tclass=\"so-widget-sow-editor so-widget-sow-editor-base\"\n\t\t\t\n\t\t>\n<div class=\"siteorigin-widget-tinymce textwidget\">\n\t<h6>Shop<\/h6>\n<p>Schreibst Du gerne? Und viel? M\u00f6chtest Du einmal ein Buch schreiben? Oder ver\u00f6ffentlichen? In unserem Shop findest Du alle unsere digitalen Produkte. Worksheets, Workbooks und Tools, die dir beim Schreiben helfen.<\/p>\n<p>Wir sind Meister:innen der digitalen Welt, daher sind alle unsere Produkte in unserem Shop digital. Der Vorteil: Du kannst sie sofort herunterladen und benutzen. Du kannst sie auch ausdrucken und analog nutzen.<\/p>\n<p>Du kannst sie auch heften (zum Beispiel unseren Kalender oder die Schreibprompts) und analog nutzen.<\/p>\n<p>Und Du kannst unsere Workbooks oder Schreibprompts (alles, was wir anbieten) auch verschenken! Du kannst sie digital verschicken oder in ein analoges Geschenk verwandeln. Und zwar so oft, wie Du m\u00f6chtest.<\/p>\n<p><em>Do what you love - Love what you do!<\/em><\/p>\n<p>&nbsp;<\/p>\n<\/div>\n<\/div><\/div><\/div><\/div><div id=\"pg-28567-1\"  class=\"panel-grid panel-no-style\" ><div id=\"pgc-28567-1-0\"  class=\"panel-grid-cell\" ><div id=\"panel-28567-1-0-0\" class=\"so-panel widget widget_media_image panel-first-child panel-last-child\" data-index=\"1\" ><a href=\"https:\/\/masterclassschreiben.tentary.com\/p\/bpsZ41\"><img loading=\"lazy\" decoding=\"async\" width=\"940\" height=\"788\" src=\"https:\/\/www.redbug-culture.com\/blog\/wp-content\/uploads\/2026\/01\/Worksheets-Bundle-3.jpg\" class=\"image wp-image-28640  attachment-full size-full\" alt=\"digitalen Produkte\" style=\"max-width: 100%; height: auto;\" srcset=\"https:\/\/www.redbug-culture.com\/blog\/wp-content\/uploads\/2026\/01\/Worksheets-Bundle-3.jpg 940w, https:\/\/www.redbug-culture.com\/blog\/wp-content\/uploads\/2026\/01\/Worksheets-Bundle-3-300x251.jpg 300w, https:\/\/www.redbug-culture.com\/blog\/wp-content\/uploads\/2026\/01\/Worksheets-Bundle-3-768x644.jpg 768w\" sizes=\"auto, (max-width: 940px) 100vw, 940px\" \/><\/a><\/div><\/div><div id=\"pgc-28567-1-1\"  class=\"panel-grid-cell\" ><div id=\"panel-28567-1-1-0\" class=\"so-panel widget widget_text panel-first-child panel-last-child\" data-index=\"2\" >\t\t\t<div class=\"textwidget\"><p><strong>50 seitiges-Worksheet-Bundle zur Blogreihe &#8222;Von der Idee zum Manuskript&#8220;<\/strong><\/p>\n<p>Dieses umfassende Workbook besteht aus 11 Workbooks mit insgesamt \u00fcber 50 einzelnen Arbeitsbl\u00e4ttern und Vorlagen.<\/p>\n<p>Sie decken alle Themen ab, die dir bei deinem Schreibprozess helfen wie: Ideenfindung, Dramaturgie, Charaktere, Schreibblockade, Planen u.s.w.<\/p>\n<p>Und sie f\u00fchren dich sogar noch ein St\u00fcck weiter und zeigen dir, wie Du dich in einem Verlag bewirbst. Mit einer Vorlage f\u00fcr das Expos\u00e9 oder einem Anschreiben.<\/p>\n<p>Das ganze<strong> <a href=\"https:\/\/masterclassschreiben.tentary.com\/p\/bpsZ41\">Worksheet-Packet<\/a><\/strong> bekommst Du derzeit f\u00fcr <s>33 Euro<\/s> f\u00fcr 22 Euro.<strong> <a href=\"https:\/\/masterclassschreiben.tentary.com\/p\/bpsZ41\">Ja, das interessiert mich!<\/a><\/strong><\/p>\n<p>&nbsp;<\/p>\n<\/div>\n\t\t<\/div><\/div><\/div><div id=\"pg-28567-2\"  class=\"panel-grid panel-no-style\" ><div id=\"pgc-28567-2-0\"  class=\"panel-grid-cell\" ><div id=\"panel-28567-2-0-0\" class=\"so-panel widget widget_media_image panel-first-child panel-last-child\" data-index=\"3\" ><a href=\"https:\/\/masterclassschreiben.tentary.com\/p\/4r49PR\"><img loading=\"lazy\" decoding=\"async\" width=\"940\" height=\"788\" src=\"https:\/\/www.redbug-culture.com\/blog\/wp-content\/uploads\/2026\/01\/Mandala-Book.png\" class=\"image wp-image-28671  attachment-full size-full\" alt=\"Mandala malen\" style=\"max-width: 100%; height: auto;\" srcset=\"https:\/\/www.redbug-culture.com\/blog\/wp-content\/uploads\/2026\/01\/Mandala-Book.png 940w, https:\/\/www.redbug-culture.com\/blog\/wp-content\/uploads\/2026\/01\/Mandala-Book-300x251.png 300w, https:\/\/www.redbug-culture.com\/blog\/wp-content\/uploads\/2026\/01\/Mandala-Book-768x644.png 768w\" sizes=\"auto, (max-width: 940px) 100vw, 940px\" \/><\/a><\/div><\/div><div id=\"pgc-28567-2-1\"  class=\"panel-grid-cell\" ><div id=\"panel-28567-2-1-0\" class=\"so-panel widget widget_text panel-first-child panel-last-child\" data-index=\"4\" >\t\t\t<div class=\"textwidget\"><p><b>Mandala Book<\/b><\/p>\n<p>In diesem Set findest Du <strong>21 Mandala-Zeichnungen, <\/strong>die dich t\u00e4glich in den Schreibflow bringen, Wundersch\u00f6ne Formen und Bl\u00fcten, die Du mit Farbe zum Leben erwecken kannst.Denn das Ausmalen lenkt dich von den Alltagsgedanken ab und der kreative Teil deines Gehirns wird aktiviert.<\/p>\n<p>So entstehen wundersch\u00f6ne Bilder, die dich daran erinnern, wie kreativ Du bist. \u00a0Und &#8211; es ist auch eine wunderbare Besch\u00e4ftigung f\u00fcr eine Kinder, falls Du ungest\u00f6rt schreiben m\u00f6chtest ;)<\/p>\n<p>7 Euro &#8211; well spend.<\/p>\n<p><strong><a href=\"https:\/\/masterclassschreiben.tentary.com\/p\/4r49PR\">Das interessiert mich!<\/a><\/strong><\/p>\n<p>&nbsp;<\/p>\n<p>&nbsp;<\/p>\n<\/div>\n\t\t<\/div><\/div><\/div><div id=\"pg-28567-3\"  class=\"panel-grid panel-no-style\" ><div id=\"pgc-28567-3-0\"  class=\"panel-grid-cell\" ><div id=\"panel-28567-3-0-0\" class=\"so-panel widget widget_media_image panel-first-child panel-last-child\" data-index=\"5\" ><a href=\"https:\/\/app.tentary.com\/products\/edit\/176612\"><img loading=\"lazy\" decoding=\"async\" width=\"940\" height=\"788\" src=\"https:\/\/www.redbug-culture.com\/blog\/wp-content\/uploads\/2026\/01\/Schreib-Prompts.png\" class=\"image wp-image-28655  attachment-full size-full\" alt=\"\" style=\"max-width: 100%; height: auto;\" srcset=\"https:\/\/www.redbug-culture.com\/blog\/wp-content\/uploads\/2026\/01\/Schreib-Prompts.png 940w, https:\/\/www.redbug-culture.com\/blog\/wp-content\/uploads\/2026\/01\/Schreib-Prompts-300x251.png 300w, https:\/\/www.redbug-culture.com\/blog\/wp-content\/uploads\/2026\/01\/Schreib-Prompts-768x644.png 768w\" sizes=\"auto, (max-width: 940px) 100vw, 940px\" \/><\/a><\/div><\/div><div id=\"pgc-28567-3-1\"  class=\"panel-grid-cell\" ><div id=\"panel-28567-3-1-0\" class=\"so-panel widget widget_text panel-first-child panel-last-child\" data-index=\"6\" >\t\t\t<div class=\"textwidget\"><p><b>50 Schreibprompts<\/b><\/p>\n<p>Eine der besten Methoden in eine regelm\u00e4\u00dfige Schreibroutine zu kommen, sind Schreibprompts.<\/p>\n<p>Kleine Aufforderungen und Anl\u00e4sse, einen kurzen Text zu schreiben. Sieh es als kreatives Workout an. Wenige \u00dcbungen pro Tag reichen, um fit zu werden. F\u00fcr dich hei\u00dft das: Jeden Tag schreiben und wenn Du Inspiration brauchst &#8211; dann nimm dir einen der Prompts und leg los.<\/p>\n<p>Du kannst sie auch ausdrucken und binden lassen und hast so ein Arbeitsbuch, in dem Du st\u00f6bern kannst. <em>Was passt heute? Worauf hast Du Lust?<\/em><\/p>\n<p>Jetzt 9 Euro statt 11 Euro.<\/p>\n<p><a href=\"https:\/\/app.tentary.com\/products\/edit\/176612\"><strong>Klingt gut!<\/strong><\/a><\/p>\n<p>&nbsp;<\/p>\n<\/div>\n\t\t<\/div><\/div><\/div><\/div>","protected":false},"excerpt":{"rendered":"<p>Shop Schreibst Du gerne? Und viel? M\u00f6chtest Du einmal ein Buch schreiben? Oder ver\u00f6ffentlichen? In unserem Shop findest Du alle unsere digitalen Produkte. Worksheets, Workbooks und Tools, die dir beim Schreiben helfen. Wir sind Meister:innen der digitalen Welt, daher sind alle unsere Produkte in unserem Shop digital. Der Vorteil: Du kannst sie sofort herunterladen und benutzen. Du kannst sie auch ausdrucken und analog nutzen. Du kannst sie auch heften (zum Beispiel unseren Kalender oder die Schreibprompts) und analog nutzen. Und Du kannst unsere Workbooks oder Schreibprompts (alles, was wir anbieten) auch verschenken! Du kannst sie digital verschicken oder in ein analoges Geschenk verwandeln. Und zwar so oft, wie Du m\u00f6chtest. Do what you love &#8211; Love what you do! &nbsp; 50 seitiges-Worksheet-Bundle zur Blogreihe &#8222;Von der Idee zum Manuskript&#8220; Dieses umfassende Workbook besteht aus 11 Workbooks mit insgesamt \u00fcber 50 einzelnen Arbeitsbl\u00e4ttern und Vorlagen. Sie decken alle Themen ab, die dir bei deinem Schreibprozess helfen wie: Ideenfindung, Dramaturgie, Charaktere, Schreibblockade, Planen u.s.w. Und sie f\u00fchren dich sogar noch ein St\u00fcck weiter und zeigen dir, wie Du dich in einem Verlag bewirbst. Mit einer Vorlage f\u00fcr das Expos\u00e9 oder einem Anschreiben. Das ganze Worksheet-Packet bekommst Du derzeit f\u00fcr 33 Euro f\u00fcr [&hellip;]<\/p>\n","protected":false},"author":7,"featured_media":0,"parent":0,"menu_order":0,"comment_status":"closed","ping_status":"closed","template":"page-fullwidth.php","meta":{"footnotes":"","_links_to":"","_links_to_target":""},"class_list":["post-28567","page","type-page","status-publish","hentry"],"yoast_head":"<!-- This site is optimized with the Yoast SEO plugin v27.4 - https:\/\/yoast.com\/product\/yoast-seo-wordpress\/ -->\n<title>Shop - Red Bug Culture - Schreiben, Ver\u00f6ffentlichen, Kurse<\/title>\n<meta name=\"description\" content=\"Unsere genialen digitalen Produkte, die dir beim Schreibprozess helfen. Dich inspirieren, dir etwas beibringen Jeder Euro - well spend.\" \/>\n<meta name=\"robots\" content=\"index, follow, max-snippet:-1, max-image-preview:large, max-video-preview:-1\" \/>\n<link rel=\"canonical\" href=\"https:\/\/www.redbug-culture.com\/blog\/shop\/\" \/>\n<meta property=\"og:locale\" content=\"de_DE\" \/>\n<meta property=\"og:type\" content=\"article\" \/>\n<meta property=\"og:title\" content=\"Shop - Red Bug Culture - Schreiben, Ver\u00f6ffentlichen, Kurse\" \/>\n<meta property=\"og:description\" content=\"Unsere genialen digitalen Produkte, die dir beim Schreibprozess helfen. Dich inspirieren, dir etwas beibringen Jeder Euro - well spend.\" \/>\n<meta property=\"og:url\" content=\"https:\/\/www.redbug-culture.com\/blog\/shop\/\" \/>\n<meta property=\"og:site_name\" content=\"Red Bug Culture - Schreiben, Ver\u00f6ffentlichen, Kurse\" \/>\n<meta property=\"article:publisher\" content=\"https:\/\/www.facebook.com\/RedBugBooks\" \/>\n<meta property=\"article:modified_time\" content=\"2026-03-13T18:03:00+00:00\" \/>\n<meta name=\"twitter:card\" content=\"summary_large_image\" \/>\n<meta name=\"twitter:site\" content=\"@RedBugBooks\" \/>\n<meta name=\"twitter:label1\" content=\"Gesch\u00e4tzte Lesezeit\" \/>\n\t<meta name=\"twitter:data1\" content=\"3\u00a0Minuten\" \/>\n<script type=\"application\/ld+json\" class=\"yoast-schema-graph\">{\"@context\":\"https:\\\/\\\/schema.org\",\"@graph\":[{\"@type\":\"WebPage\",\"@id\":\"https:\\\/\\\/www.redbug-culture.com\\\/blog\\\/shop\\\/\",\"url\":\"https:\\\/\\\/www.redbug-culture.com\\\/blog\\\/shop\\\/\",\"name\":\"Shop - Red Bug Culture - Schreiben, Ver\u00f6ffentlichen, Kurse\",\"isPartOf\":{\"@id\":\"https:\\\/\\\/www.redbug-culture.com\\\/blog\\\/#website\"},\"datePublished\":\"2026-01-22T12:02:26+00:00\",\"dateModified\":\"2026-03-13T18:03:00+00:00\",\"description\":\"Unsere genialen digitalen Produkte, die dir beim Schreibprozess helfen. Dich inspirieren, dir etwas beibringen Jeder Euro - well spend.\",\"breadcrumb\":{\"@id\":\"https:\\\/\\\/www.redbug-culture.com\\\/blog\\\/shop\\\/#breadcrumb\"},\"inLanguage\":\"de\",\"potentialAction\":[{\"@type\":\"ReadAction\",\"target\":[\"https:\\\/\\\/www.redbug-culture.com\\\/blog\\\/shop\\\/\"]}]},{\"@type\":\"BreadcrumbList\",\"@id\":\"https:\\\/\\\/www.redbug-culture.com\\\/blog\\\/shop\\\/#breadcrumb\",\"itemListElement\":[{\"@type\":\"ListItem\",\"position\":1,\"name\":\"Startseite\",\"item\":\"https:\\\/\\\/www.redbug-culture.com\\\/blog\\\/\"},{\"@type\":\"ListItem\",\"position\":2,\"name\":\"Shop\"}]},{\"@type\":\"WebSite\",\"@id\":\"https:\\\/\\\/www.redbug-culture.com\\\/blog\\\/#website\",\"url\":\"https:\\\/\\\/www.redbug-culture.com\\\/blog\\\/\",\"name\":\"Red Bug Culture - Schreiben, Ver\u00f6ffentlichen, Kurse\",\"description\":\"Tipps &amp; Coaching f\u00fcr Autor:innen, Rezensionen\",\"potentialAction\":[{\"@type\":\"SearchAction\",\"target\":{\"@type\":\"EntryPoint\",\"urlTemplate\":\"https:\\\/\\\/www.redbug-culture.com\\\/blog\\\/?s={search_term_string}\"},\"query-input\":{\"@type\":\"PropertyValueSpecification\",\"valueRequired\":true,\"valueName\":\"search_term_string\"}}],\"inLanguage\":\"de\"}]}<\/script>\n<!-- \/ Yoast SEO plugin. -->","yoast_head_json":{"title":"Shop - Red Bug Culture - Schreiben, Ver\u00f6ffentlichen, Kurse","description":"Unsere genialen digitalen Produkte, die dir beim Schreibprozess helfen. Dich inspirieren, dir etwas beibringen Jeder Euro - well spend.","robots":{"index":"index","follow":"follow","max-snippet":"max-snippet:-1","max-image-preview":"max-image-preview:large","max-video-preview":"max-video-preview:-1"},"canonical":"https:\/\/www.redbug-culture.com\/blog\/shop\/","og_locale":"de_DE","og_type":"article","og_title":"Shop - Red Bug Culture - Schreiben, Ver\u00f6ffentlichen, Kurse","og_description":"Unsere genialen digitalen Produkte, die dir beim Schreibprozess helfen. Dich inspirieren, dir etwas beibringen Jeder Euro - well spend.","og_url":"https:\/\/www.redbug-culture.com\/blog\/shop\/","og_site_name":"Red Bug Culture - Schreiben, Ver\u00f6ffentlichen, Kurse","article_publisher":"https:\/\/www.facebook.com\/RedBugBooks","article_modified_time":"2026-03-13T18:03:00+00:00","twitter_card":"summary_large_image","twitter_site":"@RedBugBooks","twitter_misc":{"Gesch\u00e4tzte Lesezeit":"3\u00a0Minuten"},"schema":{"@context":"https:\/\/schema.org","@graph":[{"@type":"WebPage","@id":"https:\/\/www.redbug-culture.com\/blog\/shop\/","url":"https:\/\/www.redbug-culture.com\/blog\/shop\/","name":"Shop - Red Bug Culture - Schreiben, Ver\u00f6ffentlichen, Kurse","isPartOf":{"@id":"https:\/\/www.redbug-culture.com\/blog\/#website"},"datePublished":"2026-01-22T12:02:26+00:00","dateModified":"2026-03-13T18:03:00+00:00","description":"Unsere genialen digitalen Produkte, die dir beim Schreibprozess helfen. Dich inspirieren, dir etwas beibringen Jeder Euro - well spend.","breadcrumb":{"@id":"https:\/\/www.redbug-culture.com\/blog\/shop\/#breadcrumb"},"inLanguage":"de","potentialAction":[{"@type":"ReadAction","target":["https:\/\/www.redbug-culture.com\/blog\/shop\/"]}]},{"@type":"BreadcrumbList","@id":"https:\/\/www.redbug-culture.com\/blog\/shop\/#breadcrumb","itemListElement":[{"@type":"ListItem","position":1,"name":"Startseite","item":"https:\/\/www.redbug-culture.com\/blog\/"},{"@type":"ListItem","position":2,"name":"Shop"}]},{"@type":"WebSite","@id":"https:\/\/www.redbug-culture.com\/blog\/#website","url":"https:\/\/www.redbug-culture.com\/blog\/","name":"Red Bug Culture - Schreiben, Ver\u00f6ffentlichen, Kurse","description":"Tipps &amp; Coaching f\u00fcr Autor:innen, Rezensionen","potentialAction":[{"@type":"SearchAction","target":{"@type":"EntryPoint","urlTemplate":"https:\/\/www.redbug-culture.com\/blog\/?s={search_term_string}"},"query-input":{"@type":"PropertyValueSpecification","valueRequired":true,"valueName":"search_term_string"}}],"inLanguage":"de"}]}},"_links":{"self":[{"href":"https:\/\/www.redbug-culture.com\/blog\/wp-json\/wp\/v2\/pages\/28567","targetHints":{"allow":["GET"]}}],"collection":[{"href":"https:\/\/www.redbug-culture.com\/blog\/wp-json\/wp\/v2\/pages"}],"about":[{"href":"https:\/\/www.redbug-culture.com\/blog\/wp-json\/wp\/v2\/types\/page"}],"author":[{"embeddable":true,"href":"https:\/\/www.redbug-culture.com\/blog\/wp-json\/wp\/v2\/users\/7"}],"replies":[{"embeddable":true,"href":"https:\/\/www.redbug-culture.com\/blog\/wp-json\/wp\/v2\/comments?post=28567"}],"version-history":[{"count":0,"href":"https:\/\/www.redbug-culture.com\/blog\/wp-json\/wp\/v2\/pages\/28567\/revisions"}],"wp:attachment":[{"href":"https:\/\/www.redbug-culture.com\/blog\/wp-json\/wp\/v2\/media?parent=28567"}],"curies":[{"name":"wp","href":"https:\/\/api.w.org\/{rel}","templated":true}]}}