{"id":27651,"date":"2024-11-18T12:56:57","date_gmt":"2024-11-18T11:56:57","guid":{"rendered":"https:\/\/www.redbug-culture.com\/blog\/?page_id=27651"},"modified":"2025-12-02T13:01:49","modified_gmt":"2025-12-02T12:01:49","slug":"service","status":"publish","type":"page","link":"https:\/\/www.redbug-culture.com\/blog\/service\/","title":{"rendered":"Service"},"content":{"rendered":"<h6>Buchsatz, Umschlag- und Covergestaltung<\/h6>\n<p>Immer mehr Autor:innen nutzen die kreativen M\u00f6glichkeiten des Selfpublishing und wollen B\u00fccher ver\u00f6ffentlichen, die mit Verlagsb\u00fcchern konkurrieren k\u00f6nnen. Wenn das dein Ziel ist, dann bist Du bei uns genau richtig.<\/p>\n<p><a href=\"https:\/\/www.redbug-culture.com\/blog\/wp-content\/uploads\/2023\/04\/Buchladen-1.jpg\"><img loading=\"lazy\" decoding=\"async\" class=\"wp-image-26611 alignright\" src=\"https:\/\/www.redbug-culture.com\/blog\/wp-content\/uploads\/2023\/04\/Buchladen-1.jpg\" alt=\"\" width=\"280\" height=\"419\" srcset=\"https:\/\/www.redbug-culture.com\/blog\/wp-content\/uploads\/2023\/04\/Buchladen-1.jpg 1280w, https:\/\/www.redbug-culture.com\/blog\/wp-content\/uploads\/2023\/04\/Buchladen-1-200x300.jpg 200w, https:\/\/www.redbug-culture.com\/blog\/wp-content\/uploads\/2023\/04\/Buchladen-1-684x1024.jpg 684w, https:\/\/www.redbug-culture.com\/blog\/wp-content\/uploads\/2023\/04\/Buchladen-1-768x1150.jpg 768w, https:\/\/www.redbug-culture.com\/blog\/wp-content\/uploads\/2023\/04\/Buchladen-1-1026x1536.jpg 1026w\" sizes=\"auto, (max-width: 280px) 100vw, 280px\" \/><\/a>Wir \u00fcbernehmen f\u00fcr dich die Arbeit, eine ePub (Datei, die als Grundlage f\u00fcr ein E-Book dient) oder einen Buchsatz (Hardcover oder\/und Taschenbuch) zu erstellen. Gerne auch mit Extras wie Vignetten und individuellen Kapitel\u00fcberschriften.<\/p>\n<p>Lieferst Du uns ein Cover &#8211; erstellen wir einen passenden Umschlag f\u00fcr dein Buch. So kannst Du es bei Amazon oder Tolino hochladen (auf Wunsch auch f\u00fcr andere Plattformen). Und wenn Du magst, erstellen wir auch ein hochwertiges Cover f\u00fcr dich, das zu deinem Genre und Buchinhalt passt.<\/p>\n<p>Wenn Du eine Ver\u00f6ffentlichung im Selfpublishing \u00a0&#8211; bei Tolino, Amazon &#8211; planst, bieten wir verschiedene Publishing-Pakete an, die dir viel Arbeit abnehmen und deinen Text auf Verlagsniveau ver\u00f6ffentlichungsreif machen.<\/p>\n<p><a href=\"https:\/\/www.redbug-culture.com\/blog\/buchsatz-cover\/\">Sieh dir unsere drei Publishing Pakete an<\/a>.<\/p>\n<h6>Lektorat<\/h6>\n<p>Wir bieten auch ein Lektorat an. Das \u00fcbernimmt bei uns Katrin, Autorin von \u00fcber 30 B\u00fcchern, sowohl in drei gro\u00dfen Verlagen als auch unter unserem Label Red Bug Books. Beim Lektorat ist es uns wichtig, dass dein Stil und deine Besonderheit erhalten bleibt und gleichzeitig eine gute Lesbarkeit, eine schl\u00fcssige Dramaturgie und ein guter Sprachstil erreicht wird.<\/p>\n<p><a href=\"https:\/\/www.katrinbongard.com\/lektorat-gutachten\/\">Sieh dir Katrins Lektoratsangebot an<\/a>.<\/p>\n<h6>1:1 Coaching<\/h6>\n<p>Wenn Du eine ganz individuelle Betreuung bei der Ver\u00f6ffentlichung deines Buch-Projekts suchst, dann basteln wir dir auch ein ganz pers\u00f6nliches Coaching-Paket. Das kann ein &#8222;Wie schreibe ich mein Buch?&#8220; Coaching \u00a0oder auch ein &#8222;Wie komme ich ins Selfpublishing?&#8220; -Coaching sein.<\/p>\n<p>Hier wird Katrin deine Tutorin sein. Ihre Arbeit wird dann je nach Coaching durch die F\u00e4higkeiten des RedBug-Teams erg\u00e4nzt.<\/p>\n<p><a href=\"https:\/\/www.katrinbongard.com\/one-to-one-gespraech\/\">Mehr zum pers\u00f6nlichen 1:1 \u00a0Coaching.<\/a><\/p>\n<h6>Schreibkurse<\/h6>\n<p>Und wenn Du lieber f\u00fcr dich allein lernst, dann haben wir auch einen umfassenden <a href=\"https:\/\/masterclassschreiben.tentary.com\/p\/n6ap26\">Online.Schreibkurs<\/a> f\u00fcr dich, der dir hilft dein Manuskript ver\u00f6ffentlichungsreif zu machen. Dann kannst Du dich damit bei Verlagen bewerben, oder auch ins Selfpublishing gehen.<\/p>\n<p>Noch Fragen? Dann schick uns gerne eine Mail an mail@redbug-books.com.<\/p>\n<p>All the best!<\/p>\n<p>Die Redbugx<\/p>\n","protected":false},"excerpt":{"rendered":"<p>Buchsatz, Umschlag- und Covergestaltung Immer mehr Autor:innen nutzen die kreativen M\u00f6glichkeiten des Selfpublishing und wollen B\u00fccher ver\u00f6ffentlichen, die mit Verlagsb\u00fcchern konkurrieren k\u00f6nnen. Wenn das dein Ziel ist, dann bist Du bei uns genau richtig. Wir \u00fcbernehmen f\u00fcr dich die Arbeit, eine ePub (Datei, die als Grundlage f\u00fcr ein E-Book dient) oder einen Buchsatz (Hardcover oder\/und Taschenbuch) zu erstellen. Gerne auch mit Extras wie Vignetten und individuellen Kapitel\u00fcberschriften. Lieferst Du uns ein Cover &#8211; erstellen wir einen passenden Umschlag f\u00fcr dein Buch. So kannst Du es bei Amazon oder Tolino hochladen (auf Wunsch auch f\u00fcr andere Plattformen). Und wenn Du magst, erstellen wir auch ein hochwertiges Cover f\u00fcr dich, das zu deinem Genre und Buchinhalt passt. Wenn Du eine Ver\u00f6ffentlichung im Selfpublishing \u00a0&#8211; bei Tolino, Amazon &#8211; planst, bieten wir verschiedene Publishing-Pakete an, die dir viel Arbeit abnehmen und deinen Text auf Verlagsniveau ver\u00f6ffentlichungsreif machen. Sieh dir unsere drei Publishing Pakete an. Lektorat Wir bieten auch ein Lektorat an. Das \u00fcbernimmt bei uns Katrin, Autorin von \u00fcber 30 B\u00fcchern, sowohl in drei gro\u00dfen Verlagen als auch unter unserem Label Red Bug Books. Beim Lektorat ist es uns wichtig, dass dein Stil und deine Besonderheit erhalten bleibt und gleichzeitig eine gute Lesbarkeit, [&hellip;]<\/p>\n","protected":false},"author":7,"featured_media":0,"parent":0,"menu_order":0,"comment_status":"closed","ping_status":"closed","template":"page-fullwidth.php","meta":{"footnotes":"","_links_to":"","_links_to_target":""},"class_list":["post-27651","page","type-page","status-publish","hentry"],"yoast_head":"<!-- This site is optimized with the Yoast SEO plugin v27.4 - https:\/\/yoast.com\/product\/yoast-seo-wordpress\/ -->\n<title>Service - Red Bug Culture - Schreiben, Ver\u00f6ffentlichen, Kurse<\/title>\n<meta name=\"description\" content=\"Nutze unseren Ver\u00f6ffentlichungs- Service, lass dir von uns einen Buchsatz erstellen oder ein Cover und genie\u00dfe deine Freiheit\" \/>\n<meta name=\"robots\" content=\"index, follow, max-snippet:-1, max-image-preview:large, max-video-preview:-1\" \/>\n<link rel=\"canonical\" href=\"https:\/\/www.redbug-culture.com\/blog\/service\/\" \/>\n<meta property=\"og:locale\" content=\"de_DE\" \/>\n<meta property=\"og:type\" content=\"article\" \/>\n<meta property=\"og:title\" content=\"Service - Red Bug Culture - Schreiben, Ver\u00f6ffentlichen, Kurse\" \/>\n<meta property=\"og:description\" content=\"Nutze unseren Ver\u00f6ffentlichungs- Service, lass dir von uns einen Buchsatz erstellen oder ein Cover und genie\u00dfe deine Freiheit\" \/>\n<meta property=\"og:url\" content=\"https:\/\/www.redbug-culture.com\/blog\/service\/\" \/>\n<meta property=\"og:site_name\" content=\"Red Bug Culture - Schreiben, Ver\u00f6ffentlichen, Kurse\" \/>\n<meta property=\"article:publisher\" content=\"https:\/\/www.facebook.com\/RedBugBooks\" \/>\n<meta property=\"article:modified_time\" content=\"2025-12-02T12:01:49+00:00\" \/>\n<meta property=\"og:image\" content=\"https:\/\/www.redbug-culture.com\/blog\/wp-content\/uploads\/2023\/04\/Buchladen-1.jpg\" \/>\n\t<meta property=\"og:image:width\" content=\"1280\" \/>\n\t<meta property=\"og:image:height\" content=\"1917\" \/>\n\t<meta property=\"og:image:type\" content=\"image\/jpeg\" \/>\n<meta name=\"twitter:card\" content=\"summary_large_image\" \/>\n<meta name=\"twitter:site\" content=\"@RedBugBooks\" \/>\n<meta name=\"twitter:label1\" content=\"Gesch\u00e4tzte Lesezeit\" \/>\n\t<meta name=\"twitter:data1\" content=\"3\u00a0Minuten\" \/>\n<script type=\"application\/ld+json\" class=\"yoast-schema-graph\">{\"@context\":\"https:\\\/\\\/schema.org\",\"@graph\":[{\"@type\":\"WebPage\",\"@id\":\"https:\\\/\\\/www.redbug-culture.com\\\/blog\\\/service\\\/\",\"url\":\"https:\\\/\\\/www.redbug-culture.com\\\/blog\\\/service\\\/\",\"name\":\"Service - Red Bug Culture - Schreiben, Ver\u00f6ffentlichen, Kurse\",\"isPartOf\":{\"@id\":\"https:\\\/\\\/www.redbug-culture.com\\\/blog\\\/#website\"},\"primaryImageOfPage\":{\"@id\":\"https:\\\/\\\/www.redbug-culture.com\\\/blog\\\/service\\\/#primaryimage\"},\"image\":{\"@id\":\"https:\\\/\\\/www.redbug-culture.com\\\/blog\\\/service\\\/#primaryimage\"},\"thumbnailUrl\":\"https:\\\/\\\/www.redbug-culture.com\\\/blog\\\/wp-content\\\/uploads\\\/2023\\\/04\\\/Buchladen-1.jpg\",\"datePublished\":\"2024-11-18T11:56:57+00:00\",\"dateModified\":\"2025-12-02T12:01:49+00:00\",\"description\":\"Nutze unseren Ver\u00f6ffentlichungs- Service, lass dir von uns einen Buchsatz erstellen oder ein Cover und genie\u00dfe deine Freiheit\",\"breadcrumb\":{\"@id\":\"https:\\\/\\\/www.redbug-culture.com\\\/blog\\\/service\\\/#breadcrumb\"},\"inLanguage\":\"de\",\"potentialAction\":[{\"@type\":\"ReadAction\",\"target\":[\"https:\\\/\\\/www.redbug-culture.com\\\/blog\\\/service\\\/\"]}]},{\"@type\":\"ImageObject\",\"inLanguage\":\"de\",\"@id\":\"https:\\\/\\\/www.redbug-culture.com\\\/blog\\\/service\\\/#primaryimage\",\"url\":\"https:\\\/\\\/www.redbug-culture.com\\\/blog\\\/wp-content\\\/uploads\\\/2023\\\/04\\\/Buchladen-1.jpg\",\"contentUrl\":\"https:\\\/\\\/www.redbug-culture.com\\\/blog\\\/wp-content\\\/uploads\\\/2023\\\/04\\\/Buchladen-1.jpg\"},{\"@type\":\"BreadcrumbList\",\"@id\":\"https:\\\/\\\/www.redbug-culture.com\\\/blog\\\/service\\\/#breadcrumb\",\"itemListElement\":[{\"@type\":\"ListItem\",\"position\":1,\"name\":\"Startseite\",\"item\":\"https:\\\/\\\/www.redbug-culture.com\\\/blog\\\/\"},{\"@type\":\"ListItem\",\"position\":2,\"name\":\"Service\"}]},{\"@type\":\"WebSite\",\"@id\":\"https:\\\/\\\/www.redbug-culture.com\\\/blog\\\/#website\",\"url\":\"https:\\\/\\\/www.redbug-culture.com\\\/blog\\\/\",\"name\":\"Red Bug Culture - Schreiben, Ver\u00f6ffentlichen, Kurse\",\"description\":\"Tipps &amp; Coaching f\u00fcr Autor:innen, Rezensionen\",\"potentialAction\":[{\"@type\":\"SearchAction\",\"target\":{\"@type\":\"EntryPoint\",\"urlTemplate\":\"https:\\\/\\\/www.redbug-culture.com\\\/blog\\\/?s={search_term_string}\"},\"query-input\":{\"@type\":\"PropertyValueSpecification\",\"valueRequired\":true,\"valueName\":\"search_term_string\"}}],\"inLanguage\":\"de\"}]}<\/script>\n<!-- \/ Yoast SEO plugin. -->","yoast_head_json":{"title":"Service - Red Bug Culture - Schreiben, Ver\u00f6ffentlichen, Kurse","description":"Nutze unseren Ver\u00f6ffentlichungs- Service, lass dir von uns einen Buchsatz erstellen oder ein Cover und genie\u00dfe deine Freiheit","robots":{"index":"index","follow":"follow","max-snippet":"max-snippet:-1","max-image-preview":"max-image-preview:large","max-video-preview":"max-video-preview:-1"},"canonical":"https:\/\/www.redbug-culture.com\/blog\/service\/","og_locale":"de_DE","og_type":"article","og_title":"Service - Red Bug Culture - Schreiben, Ver\u00f6ffentlichen, Kurse","og_description":"Nutze unseren Ver\u00f6ffentlichungs- Service, lass dir von uns einen Buchsatz erstellen oder ein Cover und genie\u00dfe deine Freiheit","og_url":"https:\/\/www.redbug-culture.com\/blog\/service\/","og_site_name":"Red Bug Culture - Schreiben, Ver\u00f6ffentlichen, Kurse","article_publisher":"https:\/\/www.facebook.com\/RedBugBooks","article_modified_time":"2025-12-02T12:01:49+00:00","og_image":[{"width":1280,"height":1917,"url":"https:\/\/www.redbug-culture.com\/blog\/wp-content\/uploads\/2023\/04\/Buchladen-1.jpg","type":"image\/jpeg"}],"twitter_card":"summary_large_image","twitter_site":"@RedBugBooks","twitter_misc":{"Gesch\u00e4tzte Lesezeit":"3\u00a0Minuten"},"schema":{"@context":"https:\/\/schema.org","@graph":[{"@type":"WebPage","@id":"https:\/\/www.redbug-culture.com\/blog\/service\/","url":"https:\/\/www.redbug-culture.com\/blog\/service\/","name":"Service - Red Bug Culture - Schreiben, Ver\u00f6ffentlichen, Kurse","isPartOf":{"@id":"https:\/\/www.redbug-culture.com\/blog\/#website"},"primaryImageOfPage":{"@id":"https:\/\/www.redbug-culture.com\/blog\/service\/#primaryimage"},"image":{"@id":"https:\/\/www.redbug-culture.com\/blog\/service\/#primaryimage"},"thumbnailUrl":"https:\/\/www.redbug-culture.com\/blog\/wp-content\/uploads\/2023\/04\/Buchladen-1.jpg","datePublished":"2024-11-18T11:56:57+00:00","dateModified":"2025-12-02T12:01:49+00:00","description":"Nutze unseren Ver\u00f6ffentlichungs- Service, lass dir von uns einen Buchsatz erstellen oder ein Cover und genie\u00dfe deine Freiheit","breadcrumb":{"@id":"https:\/\/www.redbug-culture.com\/blog\/service\/#breadcrumb"},"inLanguage":"de","potentialAction":[{"@type":"ReadAction","target":["https:\/\/www.redbug-culture.com\/blog\/service\/"]}]},{"@type":"ImageObject","inLanguage":"de","@id":"https:\/\/www.redbug-culture.com\/blog\/service\/#primaryimage","url":"https:\/\/www.redbug-culture.com\/blog\/wp-content\/uploads\/2023\/04\/Buchladen-1.jpg","contentUrl":"https:\/\/www.redbug-culture.com\/blog\/wp-content\/uploads\/2023\/04\/Buchladen-1.jpg"},{"@type":"BreadcrumbList","@id":"https:\/\/www.redbug-culture.com\/blog\/service\/#breadcrumb","itemListElement":[{"@type":"ListItem","position":1,"name":"Startseite","item":"https:\/\/www.redbug-culture.com\/blog\/"},{"@type":"ListItem","position":2,"name":"Service"}]},{"@type":"WebSite","@id":"https:\/\/www.redbug-culture.com\/blog\/#website","url":"https:\/\/www.redbug-culture.com\/blog\/","name":"Red Bug Culture - Schreiben, Ver\u00f6ffentlichen, Kurse","description":"Tipps &amp; Coaching f\u00fcr Autor:innen, Rezensionen","potentialAction":[{"@type":"SearchAction","target":{"@type":"EntryPoint","urlTemplate":"https:\/\/www.redbug-culture.com\/blog\/?s={search_term_string}"},"query-input":{"@type":"PropertyValueSpecification","valueRequired":true,"valueName":"search_term_string"}}],"inLanguage":"de"}]}},"_links":{"self":[{"href":"https:\/\/www.redbug-culture.com\/blog\/wp-json\/wp\/v2\/pages\/27651","targetHints":{"allow":["GET"]}}],"collection":[{"href":"https:\/\/www.redbug-culture.com\/blog\/wp-json\/wp\/v2\/pages"}],"about":[{"href":"https:\/\/www.redbug-culture.com\/blog\/wp-json\/wp\/v2\/types\/page"}],"author":[{"embeddable":true,"href":"https:\/\/www.redbug-culture.com\/blog\/wp-json\/wp\/v2\/users\/7"}],"replies":[{"embeddable":true,"href":"https:\/\/www.redbug-culture.com\/blog\/wp-json\/wp\/v2\/comments?post=27651"}],"version-history":[{"count":0,"href":"https:\/\/www.redbug-culture.com\/blog\/wp-json\/wp\/v2\/pages\/27651\/revisions"}],"wp:attachment":[{"href":"https:\/\/www.redbug-culture.com\/blog\/wp-json\/wp\/v2\/media?parent=27651"}],"curies":[{"name":"wp","href":"https:\/\/api.w.org\/{rel}","templated":true}]}}