{"id":27496,"date":"2024-10-25T13:49:00","date_gmt":"2024-10-25T11:49:00","guid":{"rendered":"https:\/\/www.redbug-culture.com\/blog\/?page_id=27496"},"modified":"2025-12-02T12:44:43","modified_gmt":"2025-12-02T11:44:43","slug":"schreibkurse-2-0","status":"publish","type":"page","link":"https:\/\/www.redbug-culture.com\/blog\/schreibkurse-2-0\/","title":{"rendered":"Schreibkurse"},"content":{"rendered":"<div id=\"pl-27496\"  class=\"panel-layout\" ><div id=\"pg-27496-0\"  class=\"panel-grid panel-no-style\" ><div id=\"pgc-27496-0-0\"  class=\"panel-grid-cell\" ><div id=\"panel-27496-0-0-0\" class=\"so-panel widget widget_sow-editor panel-first-child\" data-index=\"0\" ><div\n\t\t\t\n\t\t\tclass=\"so-widget-sow-editor so-widget-sow-editor-base\"\n\t\t\t\n\t\t>\n<div class=\"siteorigin-widget-tinymce textwidget\">\n\t<h4><span style=\"color: #008080;\">Schreibkurse<\/span><\/h4>\n<p>Auf Red Bug Culture geht es ganz viel um das Schreiben und Ver\u00f6ffentlichen und - endlich haben wir auch einen umfassen Online-Schreibkurs fertig gestellt. <b>Den <a href=\"https:\/\/masterclassschreiben.tentary.com\/p\/n6ap26\">Write &amp; Shine-Schreibkurs.<\/a><\/b><\/p>\n<p>Und das ist nur der Anfang, denn wir planen weitere Online-Kurse, Minikurse und Schreib-Gruppen-Programme (Onlinekurse mit zus\u00e4tzlicher Gruppen-Zoom-Betreuung). Jeder Kurs ist etwas anders, deckt andere Themen und Schwerpunkte ab, aber in jedem Kurs bekommst Du den originalen Red Bug-Vibe: Lehrreich und unterhaltsam, bunt und kreativ, informativ und umfassend.<\/p>\n<\/div>\n<\/div><\/div><div id=\"panel-27496-0-0-1\" class=\"so-panel widget widget_sow-button\" data-index=\"1\" ><div\n\t\t\t\n\t\t\tclass=\"so-widget-sow-button so-widget-sow-button-flat-7b461a4c6197-27496\"\n\t\t\t\n\t\t><div class=\"ow-button-base ow-button-align-center\"\n>\n\t\t\t<a\n\t\t\t\t\thref=\"https:\/\/masterclassschreiben.tentary.com\/p\/n6ap26\"\n\t\t\t\t\tclass=\"sowb-button ow-icon-placement-left ow-button-hover\" \t>\n\t\t<span>\n\t\t\t\n\t\t\tYes! Zeig mir den Write &amp; Shine-Schreibkurs\t\t<\/span>\n\t\t\t<\/a>\n\t<\/div>\n<\/div><\/div><div id=\"panel-27496-0-0-2\" class=\"so-panel widget widget_sow-editor\" data-index=\"2\" ><div\n\t\t\t\n\t\t\tclass=\"so-widget-sow-editor so-widget-sow-editor-base\"\n\t\t\t\n\t\t>\n<div class=\"siteorigin-widget-tinymce textwidget\">\n\t<h6><span style=\"color: #008080;\">Dieser \u00a0Schreibkurs ist f\u00fcr dich, wenn Du:<\/span><\/h6>\n<ul>\n<li>wissen willst, wie Du eine gute Buchidee findest.<\/li>\n<li>die Grundlagen des Schreibens - Dramaturgie &amp; Charakterentwicklung - \u00a0in deinem Tempo lernen m\u00f6chtest.<\/li>\n<li>das Buchbusiness allgemein verstehen willst.<\/li>\n<li>Du \u00a0einen guten Schreibstil entwickeln m\u00f6chtest.<\/li>\n<li>dich bei Agenturen und Verlagen professionell bewerben m\u00f6chtest.<\/li>\n<li>dich interessiert, das professionelle Schreiben zu lernen - auch, um davon leben zu k\u00f6nnen.<\/li>\n<li>Dein Schreibhandwerk ganz allgemein verbessern willst.<\/li>\n<\/ul>\n<p>Du lernst:<\/p>\n<ul>\n<li>wie eine Story\/deine Geschichte in eine gute dramaturgische Form gebracht wird.<\/li>\n<li>und wie Du lebendige Charaktere entwickelst.<\/li>\n<li>wie Du dein (Schreib-)Mindset auf Erfolg ausrichtest.<\/li>\n<li>und das Buchbusiness funktioniert.<\/li>\n<li>welches die wichtigsten drei Schritte zu einem Verlagsvertrag sind.<\/li>\n<li>wie Du ein gutes Expos\u00e9 schreibst und -<\/li>\n<li>es Verlagen und Agenturen anbietest.<\/li>\n<li>wie Du eine Agentur\/Verlag findest und dich bewirbst.<\/li>\n<\/ul>\n<p style=\"text-align: left;\">Wenn dich das alles interessiert, dann bist Du hier genau richtig. Dieser Onlinekurs zeigt dir Schritt f\u00fcr Schritt, wie Du jeden Bereich des Schreibens meistert. Schreiben ist ein Handwerk, doch dieser Schreibkurs zeigt dir nicht nur das Handwerk, sondern k\u00fcmmert sich um dein Mindset und \u00a0hilft dir, dich mit deiner Buchidee\/deinem Manuskript bei einer Agentur oder einem Verlag zu bewerben.<\/p>\n<p style=\"text-align: left;\">Das Herzst\u00fcck jeder Bewerbung ist das Expos\u00e9. Hier lernst Du, wie Du ein aussagekr\u00e4ftiges und lebendiges Expos\u00e9 erstellst, nach einer Agentur suchst, ein starkes Paket f\u00fcr deine Bewerbung schn\u00fcrst und am Ende ein gutes Anschreiben formulierst.<\/p>\n<\/div>\n<\/div><\/div><div id=\"panel-27496-0-0-3\" class=\"so-panel widget widget_sow-button\" data-index=\"3\" ><div\n\t\t\t\n\t\t\tclass=\"so-widget-sow-button so-widget-sow-button-flat-e959e041df48-27496\"\n\t\t\t\n\t\t><div class=\"ow-button-base ow-button-align-center\"\n>\n\t\t\t<a\n\t\t\t\t\thref=\"https:\/\/masterclassschreiben.tentary.com\/p\/n6ap26\"\n\t\t\t\t\tclass=\"sowb-button ow-icon-placement-left ow-button-hover\" \t>\n\t\t<span>\n\t\t\t\n\t\t\tZeig mir alle Details zum Write &amp; Shine Schreibkurs\t\t<\/span>\n\t\t\t<\/a>\n\t<\/div>\n<\/div><\/div><div id=\"panel-27496-0-0-4\" class=\"so-panel widget widget_sow-editor\" data-index=\"4\" ><div\n\t\t\t\n\t\t\tclass=\"so-widget-sow-editor so-widget-sow-editor-base\"\n\t\t\t\n\t\t>\n<div class=\"siteorigin-widget-tinymce textwidget\">\n\t<h4><span style=\"color: #008080;\">Deine Schreibtrainerin<\/span><\/h4>\n<p><a href=\"https:\/\/www.redbug-culture.com\/blog\/wp-content\/uploads\/2023\/03\/Katrin-BOngard-Masterclssschreiben_22.png\"><img loading=\"lazy\" decoding=\"async\" class=\"alignright wp-image-26269\" src=\"https:\/\/www.redbug-culture.com\/blog\/wp-content\/uploads\/2023\/03\/Katrin-BOngard-Masterclssschreiben_22.png\" alt=\"\" width=\"500\" height=\"500\" srcset=\"https:\/\/www.redbug-culture.com\/blog\/wp-content\/uploads\/2023\/03\/Katrin-BOngard-Masterclssschreiben_22.png 1080w, https:\/\/www.redbug-culture.com\/blog\/wp-content\/uploads\/2023\/03\/Katrin-BOngard-Masterclssschreiben_22-300x300.png 300w, https:\/\/www.redbug-culture.com\/blog\/wp-content\/uploads\/2023\/03\/Katrin-BOngard-Masterclssschreiben_22-1024x1024.png 1024w, https:\/\/www.redbug-culture.com\/blog\/wp-content\/uploads\/2023\/03\/Katrin-BOngard-Masterclssschreiben_22-150x150.png 150w, https:\/\/www.redbug-culture.com\/blog\/wp-content\/uploads\/2023\/03\/Katrin-BOngard-Masterclssschreiben_22-768x768.png 768w\" sizes=\"auto, (max-width: 500px) 100vw, 500px\" \/><\/a><\/p>\n<p>Write &amp; Shine ist von Katrin Bongard zusammen mit dem Red Bug Team entwickelt worden.<\/p>\n<p>Katrin hat 1994 angefangen, ihren ersten Roman zu schreiben. Und ist gescheitert. Zu komplex, zu kompliziert. Stattdessen ist sie ins Filmbusiness gegangen, hat Drehb\u00fccher und Konzepte f\u00fcr Kinder- und Jugendformate geschrieben. Und selbst viele Kurse belegt, um das Drehbuchschreiben und das Schreiben von Serien zu lernen. Bis der Wunsch, einen Roman zu schreiben wieder auftauchte. Und sie eine ihrer Filmideen zur Umsetzung verwendete.<\/p>\n<p>So entstand 2004 (10 verr\u00fcckte Jahre sp\u00e4ter) das Manuskript f\u00fcr ihren ersten Jugendroman. Mit diesem gewann sie 2005 den Peter-H\u00e4rtling-Preis und einen Verlagsvertrag bei Beltz &amp; Gelberg. Seitdem hat sie \u00fcber 30 Jugendromane und Serien f\u00fcr Verlage wie Oetinger und\u00a0 Hanser geschrieben, weitere Preise gewonnen und nebenbei 2012 ein eigenes Buchlabel (Red Bug Books) gegr\u00fcndet. Gleich nachdem Amazon 2011 sein Programm f\u00fcr Selfpublisher:innen in Deutschland vorgestellt hat. Mit Selfpublishing - kennt sie sich also auch aus.<\/p>\n<p>So entstand letztendlich auch dieser Blog. Als Ableger von Red Bug Books haben wir hier als Team seit 2015 unsere Erfahrungen zum Schreiben und Ver\u00f6ffentlichen geteilt. Und so angehenden Autor:innen die M\u00f6glichkeit gegeben, ihr Schreiben weiter zu entwicklen.<\/p>\n<p>Der Write &amp; Shine Schreibkurs ist das Destillat, die Essenz all ihrer, all unserer Erfahrung.<\/p>\n<\/div>\n<\/div><\/div><div id=\"panel-27496-0-0-5\" class=\"so-panel widget widget_sow-button\" data-index=\"5\" ><div\n\t\t\t\n\t\t\tclass=\"so-widget-sow-button so-widget-sow-button-flat-88efd0a79dd3-27496\"\n\t\t\t\n\t\t><div class=\"ow-button-base ow-button-align-center\"\n>\n\t\t\t<a\n\t\t\t\t\thref=\"https:\/\/masterclassschreiben.tentary.com\/p\/n6ap26\"\n\t\t\t\t\tclass=\"sowb-button ow-icon-placement-left ow-button-hover\" \t>\n\t\t<span>\n\t\t\t\n\t\t\tGolden! Der Kurs ist f\u00fcr mich!\t\t<\/span>\n\t\t\t<\/a>\n\t<\/div>\n<\/div><\/div><div id=\"panel-27496-0-0-6\" class=\"so-panel widget widget_sow-editor panel-last-child\" data-index=\"6\" ><div\n\t\t\t\n\t\t\tclass=\"so-widget-sow-editor so-widget-sow-editor-base\"\n\t\t\t\n\t\t>\n<div class=\"siteorigin-widget-tinymce textwidget\">\n\t<h4><span style=\"color: #008080;\">Beratungsgespr\u00e4ch<\/span><\/h4>\n<p>Noch unentschlossen? Du kannst dich jederzeit f\u00fcr ein kostenfreies<span style=\"color: #ff9900;\">\u00a0<span style=\"color: #800080;\"><a style=\"color: #800080;\" href=\"https:\/\/www.redbug-culture.com\/blog\/strategiegespraech\/\">Beratungsgespr\u00e4ch <\/a><\/span><\/span><span style=\"color: #800080;\"><a style=\"color: #800080;\" href=\"https:\/\/www.redbug-culture.com\/blog\/strategiegespraech\/\">\u00a0<\/a><\/span>anmelden<span style=\"color: #333333;\">. <\/span>Es wird entspannt und locker ablaufen. Hier findest du Antworten zu allen Fragen zum Kurs und findest heraus, welcher Kurs passt oder ob eine 1:1-Beratung der n\u00e4chste richtige Schritt in deinem Schreibprozess ist.<\/p>\n<p><em>Ja, ich m\u00f6chte ein Beratungsgespr\u00e4ch machen:<\/em> <a href=\"https:\/\/www.redbug-culture.com\/blog\/strategiegespraech\/\"><span style=\"color: #008080;\">Klick hier oder auf den Banner.<\/span><\/a><\/p>\n<p><a href=\"https:\/\/www.redbug-culture.com\/blog\/wp-content\/uploads\/2024\/01\/Button-Beratungsgespraech-1psd.png\"><img loading=\"lazy\" decoding=\"async\" class=\"alignnone size-full wp-image-27279\" src=\"https:\/\/www.redbug-culture.com\/blog\/wp-content\/uploads\/2024\/01\/Button-Beratungsgespraech-1psd.png\" alt=\"\" width=\"1800\" height=\"360\" data-wp-editing=\"1\" srcset=\"https:\/\/www.redbug-culture.com\/blog\/wp-content\/uploads\/2024\/01\/Button-Beratungsgespraech-1psd.png 1800w, https:\/\/www.redbug-culture.com\/blog\/wp-content\/uploads\/2024\/01\/Button-Beratungsgespraech-1psd-300x60.png 300w, https:\/\/www.redbug-culture.com\/blog\/wp-content\/uploads\/2024\/01\/Button-Beratungsgespraech-1psd-1024x205.png 1024w, https:\/\/www.redbug-culture.com\/blog\/wp-content\/uploads\/2024\/01\/Button-Beratungsgespraech-1psd-768x154.png 768w, https:\/\/www.redbug-culture.com\/blog\/wp-content\/uploads\/2024\/01\/Button-Beratungsgespraech-1psd-1536x307.png 1536w\" sizes=\"auto, (max-width: 1800px) 100vw, 1800px\" \/><\/a><\/p>\n<h4><span style=\"color: #008080;\">Newsletter<\/span><\/h4>\n<p>Falls Du dich bisher noch nicht entscheiden konntest, dann fang doch einfach ganz vorsichtig an und<a href=\"https:\/\/redbug-books.us9.list-manage.com\/subscribe?u=22af8f497a9b8701ff88f6ce4&amp;id=9b58d621ca\"><span style=\"color: #ff9900;\"> abonniere unseren Newsletter<\/span>.<\/a> Wir informieren dich auch hier \u00fcber alle neuen Kurse und Programme. Keine Sorge, es wird nicht spammy, da wir unseren allgemeinen Newsletter nur etwa 4-6 mal im Jahr verschicken. Vorteile hast du trotzdem, zum Beispiel Zugriff auf eine stetig wachsende Worksheet-Bibliothek. Und nat\u00fcrlich informieren wir dich weiterhin \u00fcber all unsere Aktionen und Buchver\u00f6ffentlichungen.<\/p>\n<p><strong><span style=\"color: #993300;\">Wir freuen uns auf dich!<\/span><\/strong><\/p>\n<h4><\/h4>\n<\/div>\n<\/div><\/div><\/div><\/div><\/div>","protected":false},"excerpt":{"rendered":"<p>Schreibkurse Auf Red Bug Culture geht es ganz viel um das Schreiben und Ver\u00f6ffentlichen und &#8211; endlich haben wir auch einen umfassen Online-Schreibkurs fertig gestellt. Den Write &amp; Shine-Schreibkurs. Und das ist nur der Anfang, denn wir planen weitere Online-Kurse, Minikurse und Schreib-Gruppen-Programme (Onlinekurse mit zus\u00e4tzlicher Gruppen-Zoom-Betreuung). Jeder Kurs ist etwas anders, deckt andere Themen und Schwerpunkte ab, aber in jedem Kurs bekommst Du den originalen Red Bug-Vibe: Lehrreich und unterhaltsam, bunt und kreativ, informativ und umfassend. Dieser \u00a0Schreibkurs ist f\u00fcr dich, wenn Du: wissen willst, wie Du eine gute Buchidee findest. die Grundlagen des Schreibens &#8211; Dramaturgie &amp; Charakterentwicklung &#8211; \u00a0in deinem Tempo lernen m\u00f6chtest. das Buchbusiness allgemein verstehen willst. Du \u00a0einen guten Schreibstil entwickeln m\u00f6chtest. dich bei Agenturen und Verlagen professionell bewerben m\u00f6chtest. dich interessiert, das professionelle Schreiben zu lernen &#8211; auch, um davon leben zu k\u00f6nnen. Dein Schreibhandwerk ganz allgemein verbessern willst. Du lernst: wie eine Story\/deine Geschichte in eine gute dramaturgische Form gebracht wird. und wie Du lebendige Charaktere entwickelst. wie Du dein (Schreib-)Mindset auf Erfolg ausrichtest. und das Buchbusiness funktioniert. welches die wichtigsten drei Schritte zu einem Verlagsvertrag sind. wie Du ein gutes Expos\u00e9 schreibst und &#8211; es Verlagen und Agenturen anbietest. wie Du eine [&hellip;]<\/p>\n","protected":false},"author":7,"featured_media":27517,"parent":0,"menu_order":0,"comment_status":"closed","ping_status":"closed","template":"page-fullwidth.php","meta":{"footnotes":"","_links_to":"","_links_to_target":""},"class_list":["post-27496","page","type-page","status-publish","has-post-thumbnail","hentry"],"yoast_head":"<!-- This site is optimized with the Yoast SEO plugin v27.5 - https:\/\/yoast.com\/product\/yoast-seo-wordpress\/ -->\n<title>Schreibkurse - Red Bug Culture - Schreiben, Ver\u00f6ffentlichen, Kurse<\/title>\n<meta name=\"description\" content=\"Schreibkurse - hier findest du die Schreibkurse von Red Bug Culture. Vom Minikurs bis zum Online-Programm haben wir\" \/>\n<meta name=\"robots\" content=\"index, follow, max-snippet:-1, max-image-preview:large, max-video-preview:-1\" \/>\n<link rel=\"canonical\" href=\"https:\/\/www.redbug-culture.com\/blog\/schreibkurse-2-0\/\" \/>\n<meta property=\"og:locale\" content=\"de_DE\" \/>\n<meta property=\"og:type\" content=\"article\" \/>\n<meta property=\"og:title\" content=\"Schreibkurse - Red Bug Culture - Schreiben, Ver\u00f6ffentlichen, Kurse\" \/>\n<meta property=\"og:description\" content=\"Schreibkurse - hier findest du die Schreibkurse von Red Bug Culture. Vom Minikurs bis zum Online-Programm haben wir\" \/>\n<meta property=\"og:url\" content=\"https:\/\/www.redbug-culture.com\/blog\/schreibkurse-2-0\/\" \/>\n<meta property=\"og:site_name\" content=\"Red Bug Culture - Schreiben, Ver\u00f6ffentlichen, Kurse\" \/>\n<meta property=\"article:publisher\" content=\"https:\/\/www.facebook.com\/RedBugBooks\" \/>\n<meta property=\"article:modified_time\" content=\"2025-12-02T11:44:43+00:00\" \/>\n<meta property=\"og:image\" content=\"https:\/\/www.redbug-culture.com\/blog\/wp-content\/uploads\/2024\/10\/AA_Write-Shine-Blogsite.png\" \/>\n\t<meta property=\"og:image:width\" content=\"1600\" \/>\n\t<meta property=\"og:image:height\" content=\"520\" \/>\n\t<meta property=\"og:image:type\" content=\"image\/png\" \/>\n<meta name=\"twitter:card\" content=\"summary_large_image\" \/>\n<meta name=\"twitter:site\" content=\"@RedBugBooks\" \/>\n<meta name=\"twitter:label1\" content=\"Gesch\u00e4tzte Lesezeit\" \/>\n\t<meta name=\"twitter:data1\" content=\"5\u00a0Minuten\" \/>\n<script type=\"application\/ld+json\" class=\"yoast-schema-graph\">{\"@context\":\"https:\\\/\\\/schema.org\",\"@graph\":[{\"@type\":\"WebPage\",\"@id\":\"https:\\\/\\\/www.redbug-culture.com\\\/blog\\\/schreibkurse-2-0\\\/\",\"url\":\"https:\\\/\\\/www.redbug-culture.com\\\/blog\\\/schreibkurse-2-0\\\/\",\"name\":\"Schreibkurse - Red Bug Culture - Schreiben, Ver\u00f6ffentlichen, Kurse\",\"isPartOf\":{\"@id\":\"https:\\\/\\\/www.redbug-culture.com\\\/blog\\\/#website\"},\"primaryImageOfPage\":{\"@id\":\"https:\\\/\\\/www.redbug-culture.com\\\/blog\\\/schreibkurse-2-0\\\/#primaryimage\"},\"image\":{\"@id\":\"https:\\\/\\\/www.redbug-culture.com\\\/blog\\\/schreibkurse-2-0\\\/#primaryimage\"},\"thumbnailUrl\":\"https:\\\/\\\/www.redbug-culture.com\\\/blog\\\/wp-content\\\/uploads\\\/2024\\\/10\\\/AA_Write-Shine-Blogsite.png\",\"datePublished\":\"2024-10-25T11:49:00+00:00\",\"dateModified\":\"2025-12-02T11:44:43+00:00\",\"description\":\"Schreibkurse - hier findest du die Schreibkurse von Red Bug Culture. Vom Minikurs bis zum Online-Programm haben wir\",\"breadcrumb\":{\"@id\":\"https:\\\/\\\/www.redbug-culture.com\\\/blog\\\/schreibkurse-2-0\\\/#breadcrumb\"},\"inLanguage\":\"de\",\"potentialAction\":[{\"@type\":\"ReadAction\",\"target\":[\"https:\\\/\\\/www.redbug-culture.com\\\/blog\\\/schreibkurse-2-0\\\/\"]}]},{\"@type\":\"ImageObject\",\"inLanguage\":\"de\",\"@id\":\"https:\\\/\\\/www.redbug-culture.com\\\/blog\\\/schreibkurse-2-0\\\/#primaryimage\",\"url\":\"https:\\\/\\\/www.redbug-culture.com\\\/blog\\\/wp-content\\\/uploads\\\/2024\\\/10\\\/AA_Write-Shine-Blogsite.png\",\"contentUrl\":\"https:\\\/\\\/www.redbug-culture.com\\\/blog\\\/wp-content\\\/uploads\\\/2024\\\/10\\\/AA_Write-Shine-Blogsite.png\",\"width\":1600,\"height\":520,\"caption\":\"Schreibkurse\"},{\"@type\":\"BreadcrumbList\",\"@id\":\"https:\\\/\\\/www.redbug-culture.com\\\/blog\\\/schreibkurse-2-0\\\/#breadcrumb\",\"itemListElement\":[{\"@type\":\"ListItem\",\"position\":1,\"name\":\"Startseite\",\"item\":\"https:\\\/\\\/www.redbug-culture.com\\\/blog\\\/\"},{\"@type\":\"ListItem\",\"position\":2,\"name\":\"Schreibkurse\"}]},{\"@type\":\"WebSite\",\"@id\":\"https:\\\/\\\/www.redbug-culture.com\\\/blog\\\/#website\",\"url\":\"https:\\\/\\\/www.redbug-culture.com\\\/blog\\\/\",\"name\":\"Red Bug Culture - Schreiben, Ver\u00f6ffentlichen, Kurse\",\"description\":\"Tipps &amp; Coaching f\u00fcr Autor:innen, Rezensionen\",\"potentialAction\":[{\"@type\":\"SearchAction\",\"target\":{\"@type\":\"EntryPoint\",\"urlTemplate\":\"https:\\\/\\\/www.redbug-culture.com\\\/blog\\\/?s={search_term_string}\"},\"query-input\":{\"@type\":\"PropertyValueSpecification\",\"valueRequired\":true,\"valueName\":\"search_term_string\"}}],\"inLanguage\":\"de\"}]}<\/script>\n<!-- \/ Yoast SEO plugin. -->","yoast_head_json":{"title":"Schreibkurse - Red Bug Culture - Schreiben, Ver\u00f6ffentlichen, Kurse","description":"Schreibkurse - hier findest du die Schreibkurse von Red Bug Culture. Vom Minikurs bis zum Online-Programm haben wir","robots":{"index":"index","follow":"follow","max-snippet":"max-snippet:-1","max-image-preview":"max-image-preview:large","max-video-preview":"max-video-preview:-1"},"canonical":"https:\/\/www.redbug-culture.com\/blog\/schreibkurse-2-0\/","og_locale":"de_DE","og_type":"article","og_title":"Schreibkurse - Red Bug Culture - Schreiben, Ver\u00f6ffentlichen, Kurse","og_description":"Schreibkurse - hier findest du die Schreibkurse von Red Bug Culture. Vom Minikurs bis zum Online-Programm haben wir","og_url":"https:\/\/www.redbug-culture.com\/blog\/schreibkurse-2-0\/","og_site_name":"Red Bug Culture - Schreiben, Ver\u00f6ffentlichen, Kurse","article_publisher":"https:\/\/www.facebook.com\/RedBugBooks","article_modified_time":"2025-12-02T11:44:43+00:00","og_image":[{"width":1600,"height":520,"url":"https:\/\/www.redbug-culture.com\/blog\/wp-content\/uploads\/2024\/10\/AA_Write-Shine-Blogsite.png","type":"image\/png"}],"twitter_card":"summary_large_image","twitter_site":"@RedBugBooks","twitter_misc":{"Gesch\u00e4tzte Lesezeit":"5\u00a0Minuten"},"schema":{"@context":"https:\/\/schema.org","@graph":[{"@type":"WebPage","@id":"https:\/\/www.redbug-culture.com\/blog\/schreibkurse-2-0\/","url":"https:\/\/www.redbug-culture.com\/blog\/schreibkurse-2-0\/","name":"Schreibkurse - Red Bug Culture - Schreiben, Ver\u00f6ffentlichen, Kurse","isPartOf":{"@id":"https:\/\/www.redbug-culture.com\/blog\/#website"},"primaryImageOfPage":{"@id":"https:\/\/www.redbug-culture.com\/blog\/schreibkurse-2-0\/#primaryimage"},"image":{"@id":"https:\/\/www.redbug-culture.com\/blog\/schreibkurse-2-0\/#primaryimage"},"thumbnailUrl":"https:\/\/www.redbug-culture.com\/blog\/wp-content\/uploads\/2024\/10\/AA_Write-Shine-Blogsite.png","datePublished":"2024-10-25T11:49:00+00:00","dateModified":"2025-12-02T11:44:43+00:00","description":"Schreibkurse - hier findest du die Schreibkurse von Red Bug Culture. Vom Minikurs bis zum Online-Programm haben wir","breadcrumb":{"@id":"https:\/\/www.redbug-culture.com\/blog\/schreibkurse-2-0\/#breadcrumb"},"inLanguage":"de","potentialAction":[{"@type":"ReadAction","target":["https:\/\/www.redbug-culture.com\/blog\/schreibkurse-2-0\/"]}]},{"@type":"ImageObject","inLanguage":"de","@id":"https:\/\/www.redbug-culture.com\/blog\/schreibkurse-2-0\/#primaryimage","url":"https:\/\/www.redbug-culture.com\/blog\/wp-content\/uploads\/2024\/10\/AA_Write-Shine-Blogsite.png","contentUrl":"https:\/\/www.redbug-culture.com\/blog\/wp-content\/uploads\/2024\/10\/AA_Write-Shine-Blogsite.png","width":1600,"height":520,"caption":"Schreibkurse"},{"@type":"BreadcrumbList","@id":"https:\/\/www.redbug-culture.com\/blog\/schreibkurse-2-0\/#breadcrumb","itemListElement":[{"@type":"ListItem","position":1,"name":"Startseite","item":"https:\/\/www.redbug-culture.com\/blog\/"},{"@type":"ListItem","position":2,"name":"Schreibkurse"}]},{"@type":"WebSite","@id":"https:\/\/www.redbug-culture.com\/blog\/#website","url":"https:\/\/www.redbug-culture.com\/blog\/","name":"Red Bug Culture - Schreiben, Ver\u00f6ffentlichen, Kurse","description":"Tipps &amp; Coaching f\u00fcr Autor:innen, Rezensionen","potentialAction":[{"@type":"SearchAction","target":{"@type":"EntryPoint","urlTemplate":"https:\/\/www.redbug-culture.com\/blog\/?s={search_term_string}"},"query-input":{"@type":"PropertyValueSpecification","valueRequired":true,"valueName":"search_term_string"}}],"inLanguage":"de"}]}},"_links":{"self":[{"href":"https:\/\/www.redbug-culture.com\/blog\/wp-json\/wp\/v2\/pages\/27496","targetHints":{"allow":["GET"]}}],"collection":[{"href":"https:\/\/www.redbug-culture.com\/blog\/wp-json\/wp\/v2\/pages"}],"about":[{"href":"https:\/\/www.redbug-culture.com\/blog\/wp-json\/wp\/v2\/types\/page"}],"author":[{"embeddable":true,"href":"https:\/\/www.redbug-culture.com\/blog\/wp-json\/wp\/v2\/users\/7"}],"replies":[{"embeddable":true,"href":"https:\/\/www.redbug-culture.com\/blog\/wp-json\/wp\/v2\/comments?post=27496"}],"version-history":[{"count":0,"href":"https:\/\/www.redbug-culture.com\/blog\/wp-json\/wp\/v2\/pages\/27496\/revisions"}],"wp:featuredmedia":[{"embeddable":true,"href":"https:\/\/www.redbug-culture.com\/blog\/wp-json\/wp\/v2\/media\/27517"}],"wp:attachment":[{"href":"https:\/\/www.redbug-culture.com\/blog\/wp-json\/wp\/v2\/media?parent=27496"}],"curies":[{"name":"wp","href":"https:\/\/api.w.org\/{rel}","templated":true}]}}