{"id":258,"date":"2012-06-12T11:42:46","date_gmt":"2012-06-12T11:42:46","guid":{"rendered":"https:\/\/www.redbug-culture.com\/blog\/?page_id=258"},"modified":"2019-11-10T15:32:06","modified_gmt":"2019-11-10T14:32:06","slug":"rezensionsexemplare-fuer-buchblogger","status":"publish","type":"page","link":"https:\/\/www.redbug-culture.com\/blog\/blogger\/rezensionsexemplare-fuer-buchblogger\/","title":{"rendered":"F\u00fcr euch"},"content":{"rendered":"<h6>Liebe Buchblogger, ach \u00fcberhaupt liebe Blogger!<\/h6>\n<p>Als Mitstreiter in virtuellen Welten, weit entfernt von Papier und Druckerschw\u00e4rze, aber ganz nah an B\u00fcchern und Keksen und Kaffee und all den anderen sch\u00f6nen realen Dingen dieser Welt, seid ihr unsere erste Adresse als Leser, Kritiker, Rezensenten.<\/p>\n<p>Daher vergeben wir gerne Rezensionsexemplare an euch und haben auch sonst extra Aktionen f\u00fcr Blogger. Da wir ein kleines Label sind, k\u00f6nnen wir euch nur Printb\u00fccher geben, wenn wir schon l\u00e4nger mit euch als Blogger zusammenarbeiten. F\u00fcr E-Book gilt &#8211; fragt einfach nach. Alle Rezensionen bzw. Links, die ihr uns mailt, werden bei uns verlinkt, vergooglet, wir posten sie auf Facebook, wir twittern sie in die Welt, und zwar auch die kritischen, denn wir finden, nur wer mit Kritik leben kann, kann sich \u00fcber Lob auch richtig freuen.<\/p>\n<p>Und das w\u00fcnschen wir uns von euch: Kritik und hoffentlich auch Lob, denn obwohl wir wissen, dass einige von euch dem digitalen Buch kritisch gegen\u00fcberstehen, wollen wir euch zum E-Reading verf\u00fchren.<\/p>\n<p>Wir organisieren regelm\u00e4\u00dfig Blogtouren und Leserunden. Wenn ihr Teil der Red-Bug-Blogger-Welt werden wollt, dann tragt euch gerne in unseren Newsletter ein. Unser Newsletter wird maximal einmal monatlich verschickt, eher seltener und nur, wenn er f\u00fcr euch relevante Informationen enth\u00e4lt. Ihr m\u00fcsst nicht alle Felder ausf\u00fcllen, aber mindestens eure Mailadresse angeben. Wenn ihr uns noch euren Vornamen sagt, ist das toll, dann k\u00f6nnen wir euch pers\u00f6nlich ansprechen. Bitte tragt gerne euren Blognamen oder die URL zu eurer Website ein.<\/p>\n<p>Yeah, willkommen bei den Red Bugx :)<\/p>\n<p><!-- Begin MailChimp Signup Form --><\/p>\n<style type=\"text\/css\">\n\t#mc_embed_signup{background:#fff; clear:left; font:14px Helvetica,Arial,sans-serif; }<br \/>\t\/* Add your own MailChimp form style overrides in your site stylesheet or in this style block.<br \/>\t   We recommend moving this block and the preceding CSS link to the HEAD of your HTML file. *\/<br \/><\/style>\n<div id=\"mc_embed_signup\">\n<form id=\"mc-embedded-subscribe-form\" class=\"validate\" action=\"https:\/\/redbug-culture.us18.list-manage.com\/subscribe\/post?u=39f768e49552eb7e5d028de96&amp;id=fdc7179edd\" method=\"post\" name=\"mc-embedded-subscribe-form\" novalidate=\"\" target=\"_blank\">\n<div id=\"mc_embed_signup_scroll\">\n<h2>Blogger Newsletter<\/h2>\n<div class=\"indicates-required\"><span class=\"asterisk\">*<\/span> indicates required<\/div>\n<div class=\"mc-field-group\"><label for=\"mce-EMAIL\">Mailadresse <span class=\"asterisk\">*<\/span><br \/>\n<\/label><br \/>\n<input id=\"mce-EMAIL\" class=\"required email\" name=\"EMAIL\" type=\"email\" value=\"\" \/><\/div>\n<div class=\"mc-field-group\"><label for=\"mce-FNAME\">Vorname <\/label><br \/>\n<input id=\"mce-FNAME\" class=\"\" name=\"FNAME\" type=\"text\" value=\"\" \/><\/div>\n<div class=\"mc-field-group\"><label for=\"mce-LNAME\">Website\/Buchblog <\/label><br \/>\n<input id=\"mce-LNAME\" class=\"\" name=\"LNAME\" type=\"text\" value=\"\" \/><\/div>\n<div id=\"mce-responses\" class=\"clear\">\n<div id=\"mce-error-response\" class=\"response\" style=\"display: none;\"><\/div>\n<div id=\"mce-success-response\" class=\"response\" style=\"display: none;\"><\/div>\n<\/div>\n<p><!-- real people should not fill this in and expect good things - do not remove this or risk form bot signups--><\/p>\n<div style=\"position: absolute; left: -5000px;\" aria-hidden=\"true\"><input tabindex=\"-1\" name=\"b_39f768e49552eb7e5d028de96_fdc7179edd\" type=\"text\" value=\"\" \/><\/div>\n<div class=\"clear\"><input id=\"mc-embedded-subscribe\" class=\"button\" name=\"subscribe\" type=\"submit\" value=\"Subscribe\" \/><\/div>\n<\/div>\n<\/form>\n<\/div>\n<p><script type='text\/javascript' src='\/\/s3.amazonaws.com\/downloads.mailchimp.com\/js\/mc-validate.js'><\/script><script type='text\/javascript'>(function($) {window.fnames = new Array(); window.ftypes = new Array();fnames[0]='EMAIL';ftypes[0]='email';fnames[1]='FNAME';ftypes[1]='text';fnames[2]='LNAME';ftypes[2]='text';fnames[3]='ADDRESS';ftypes[3]='address';fnames[4]='PHONE';ftypes[4]='phone';fnames[5]='BIRTHDAY';ftypes[5]='birthday';fnames[6]='MMERGE6';ftypes[6]='text'; \/*\n * Translated default messages for the $ validation plugin.\n * Locale: DE\n *\/\n$.extend($.validator.messages, {\n\trequired: \"Dieses Feld ist ein Pflichtfeld.\",\n\tmaxlength: $.validator.format(\"Geben Sie bitte maximal {0} Zeichen ein.\"),\n\tminlength: $.validator.format(\"Geben Sie bitte mindestens {0} Zeichen ein.\"),\n\trangelength: $.validator.format(\"Geben Sie bitte mindestens {0} und maximal {1} Zeichen ein.\"),\n\temail: \"Geben Sie bitte eine g\u00fcltige E-Mail Adresse ein.\",\n\turl: \"Geben Sie bitte eine g\u00fcltige URL ein.\",\n\tdate: \"Bitte geben Sie ein g\u00fcltiges Datum ein.\",\n\tnumber: \"Geben Sie bitte eine Nummer ein.\",\n\tdigits: \"Geben Sie bitte nur Ziffern ein.\",\n\tequalTo: \"Bitte denselben Wert wiederholen.\",\n\trange: $.validator.format(\"Geben Sie bitten einen Wert zwischen {0} und {1}.\"),\n\tmax: $.validator.format(\"Geben Sie bitte einen Wert kleiner oder gleich {0} ein.\"),\n\tmin: $.validator.format(\"Geben Sie bitte einen Wert gr\u00f6\u00dfer oder gleich {0} ein.\"),\n\tcreditcard: \"Geben Sie bitte ein g\u00fcltige Kreditkarten-Nummer ein.\"\n});}(jQuery));var $mcj = jQuery.noConflict(true);<\/script><br \/>\n<!--End mc_embed_signup--><\/p>\n<p>All the best<\/p>\n<p>Die Redbugx<\/p>\n","protected":false},"excerpt":{"rendered":"<p>Liebe Buchblogger, ach \u00fcberhaupt liebe Blogger! Als Mitstreiter in virtuellen Welten, weit entfernt von Papier und Druckerschw\u00e4rze, aber ganz nah an B\u00fcchern und Keksen und Kaffee und all den anderen sch\u00f6nen realen Dingen dieser Welt, seid ihr unsere erste Adresse als Leser, Kritiker, Rezensenten. Daher vergeben wir gerne Rezensionsexemplare an euch und haben auch sonst extra Aktionen f\u00fcr Blogger. Da wir ein kleines Label sind, k\u00f6nnen wir euch nur Printb\u00fccher geben, wenn wir schon l\u00e4nger mit euch als Blogger zusammenarbeiten. F\u00fcr E-Book gilt &#8211; fragt einfach nach. Alle Rezensionen bzw. Links, die ihr uns mailt, werden bei uns verlinkt, vergooglet, wir posten sie auf Facebook, wir twittern sie in die Welt, und zwar auch die kritischen, denn wir finden, nur wer mit Kritik leben kann, kann sich \u00fcber Lob auch richtig freuen. Und das w\u00fcnschen wir uns von euch: Kritik und hoffentlich auch Lob, denn obwohl wir wissen, dass einige von euch dem digitalen Buch kritisch gegen\u00fcberstehen, wollen wir euch zum E-Reading verf\u00fchren. Wir organisieren regelm\u00e4\u00dfig Blogtouren und Leserunden. Wenn ihr Teil der Red-Bug-Blogger-Welt werden wollt, dann tragt euch gerne in unseren Newsletter ein. Unser Newsletter wird maximal einmal monatlich verschickt, eher seltener und nur, wenn er f\u00fcr euch relevante [&hellip;]<\/p>\n","protected":false},"author":5,"featured_media":0,"parent":4674,"menu_order":0,"comment_status":"open","ping_status":"open","template":"","meta":{"footnotes":"","_links_to":"","_links_to_target":""},"class_list":["post-258","page","type-page","status-publish","hentry"],"yoast_head":"<!-- This site is optimized with the Yoast SEO plugin v27.3 - https:\/\/yoast.com\/product\/yoast-seo-wordpress\/ -->\n<title>F\u00fcr euch - Red Bug Culture - Schreiben, Ver\u00f6ffentlichen, Kurse<\/title>\n<meta name=\"robots\" content=\"index, follow, max-snippet:-1, max-image-preview:large, max-video-preview:-1\" \/>\n<link rel=\"canonical\" href=\"https:\/\/www.redbug-culture.com\/blog\/blogger\/rezensionsexemplare-fuer-buchblogger\/\" \/>\n<meta property=\"og:locale\" content=\"de_DE\" \/>\n<meta property=\"og:type\" content=\"article\" \/>\n<meta property=\"og:title\" content=\"F\u00fcr euch - Red Bug Culture - Schreiben, Ver\u00f6ffentlichen, Kurse\" \/>\n<meta property=\"og:description\" content=\"Liebe Buchblogger, ach \u00fcberhaupt liebe Blogger! Als Mitstreiter in virtuellen Welten, weit entfernt von Papier und Druckerschw\u00e4rze, aber ganz nah an B\u00fcchern und Keksen und Kaffee und all den anderen sch\u00f6nen realen Dingen dieser Welt, seid ihr unsere erste Adresse als Leser, Kritiker, Rezensenten. Daher vergeben wir gerne Rezensionsexemplare an euch und haben auch sonst extra Aktionen f\u00fcr Blogger. Da wir ein kleines Label sind, k\u00f6nnen wir euch nur Printb\u00fccher geben, wenn wir schon l\u00e4nger mit euch als Blogger zusammenarbeiten. F\u00fcr E-Book gilt &#8211; fragt einfach nach. Alle Rezensionen bzw. Links, die ihr uns mailt, werden bei uns verlinkt, vergooglet, wir posten sie auf Facebook, wir twittern sie in die Welt, und zwar auch die kritischen, denn wir finden, nur wer mit Kritik leben kann, kann sich \u00fcber Lob auch richtig freuen. Und das w\u00fcnschen wir uns von euch: Kritik und hoffentlich auch Lob, denn obwohl wir wissen, dass einige von euch dem digitalen Buch kritisch gegen\u00fcberstehen, wollen wir euch zum E-Reading verf\u00fchren. Wir organisieren regelm\u00e4\u00dfig Blogtouren und Leserunden. Wenn ihr Teil der Red-Bug-Blogger-Welt werden wollt, dann tragt euch gerne in unseren Newsletter ein. Unser Newsletter wird maximal einmal monatlich verschickt, eher seltener und nur, wenn er f\u00fcr euch relevante [&hellip;]\" \/>\n<meta property=\"og:url\" content=\"https:\/\/www.redbug-culture.com\/blog\/blogger\/rezensionsexemplare-fuer-buchblogger\/\" \/>\n<meta property=\"og:site_name\" content=\"Red Bug Culture - Schreiben, Ver\u00f6ffentlichen, Kurse\" \/>\n<meta property=\"article:publisher\" content=\"https:\/\/www.facebook.com\/RedBugBooks\" \/>\n<meta property=\"article:modified_time\" content=\"2019-11-10T14:32:06+00:00\" \/>\n<meta name=\"twitter:card\" content=\"summary_large_image\" \/>\n<meta name=\"twitter:site\" content=\"@RedBugBooks\" \/>\n<meta name=\"twitter:label1\" content=\"Gesch\u00e4tzte Lesezeit\" \/>\n\t<meta name=\"twitter:data1\" content=\"1\u00a0Minute\" \/>\n<script type=\"application\/ld+json\" class=\"yoast-schema-graph\">{\"@context\":\"https:\\\/\\\/schema.org\",\"@graph\":[{\"@type\":\"WebPage\",\"@id\":\"https:\\\/\\\/www.redbug-culture.com\\\/blog\\\/blogger\\\/rezensionsexemplare-fuer-buchblogger\\\/\",\"url\":\"https:\\\/\\\/www.redbug-culture.com\\\/blog\\\/blogger\\\/rezensionsexemplare-fuer-buchblogger\\\/\",\"name\":\"F\u00fcr euch - Red Bug Culture - Schreiben, Ver\u00f6ffentlichen, Kurse\",\"isPartOf\":{\"@id\":\"https:\\\/\\\/www.redbug-culture.com\\\/blog\\\/#website\"},\"datePublished\":\"2012-06-12T11:42:46+00:00\",\"dateModified\":\"2019-11-10T14:32:06+00:00\",\"breadcrumb\":{\"@id\":\"https:\\\/\\\/www.redbug-culture.com\\\/blog\\\/blogger\\\/rezensionsexemplare-fuer-buchblogger\\\/#breadcrumb\"},\"inLanguage\":\"de\",\"potentialAction\":[{\"@type\":\"ReadAction\",\"target\":[\"https:\\\/\\\/www.redbug-culture.com\\\/blog\\\/blogger\\\/rezensionsexemplare-fuer-buchblogger\\\/\"]}]},{\"@type\":\"BreadcrumbList\",\"@id\":\"https:\\\/\\\/www.redbug-culture.com\\\/blog\\\/blogger\\\/rezensionsexemplare-fuer-buchblogger\\\/#breadcrumb\",\"itemListElement\":[{\"@type\":\"ListItem\",\"position\":1,\"name\":\"Startseite\",\"item\":\"https:\\\/\\\/www.redbug-culture.com\\\/blog\\\/\"},{\"@type\":\"ListItem\",\"position\":2,\"name\":\"Blogger\",\"item\":\"https:\\\/\\\/www.redbug-culture.com\\\/blog\\\/blogger\\\/\"},{\"@type\":\"ListItem\",\"position\":3,\"name\":\"F\u00fcr euch\"}]},{\"@type\":\"WebSite\",\"@id\":\"https:\\\/\\\/www.redbug-culture.com\\\/blog\\\/#website\",\"url\":\"https:\\\/\\\/www.redbug-culture.com\\\/blog\\\/\",\"name\":\"Red Bug Culture - Schreiben, Ver\u00f6ffentlichen, Kurse\",\"description\":\"Tipps &amp; Coaching f\u00fcr Autor:innen, Rezensionen\",\"potentialAction\":[{\"@type\":\"SearchAction\",\"target\":{\"@type\":\"EntryPoint\",\"urlTemplate\":\"https:\\\/\\\/www.redbug-culture.com\\\/blog\\\/?s={search_term_string}\"},\"query-input\":{\"@type\":\"PropertyValueSpecification\",\"valueRequired\":true,\"valueName\":\"search_term_string\"}}],\"inLanguage\":\"de\"}]}<\/script>\n<!-- \/ Yoast SEO plugin. -->","yoast_head_json":{"title":"F\u00fcr euch - Red Bug Culture - Schreiben, Ver\u00f6ffentlichen, Kurse","robots":{"index":"index","follow":"follow","max-snippet":"max-snippet:-1","max-image-preview":"max-image-preview:large","max-video-preview":"max-video-preview:-1"},"canonical":"https:\/\/www.redbug-culture.com\/blog\/blogger\/rezensionsexemplare-fuer-buchblogger\/","og_locale":"de_DE","og_type":"article","og_title":"F\u00fcr euch - Red Bug Culture - Schreiben, Ver\u00f6ffentlichen, Kurse","og_description":"Liebe Buchblogger, ach \u00fcberhaupt liebe Blogger! Als Mitstreiter in virtuellen Welten, weit entfernt von Papier und Druckerschw\u00e4rze, aber ganz nah an B\u00fcchern und Keksen und Kaffee und all den anderen sch\u00f6nen realen Dingen dieser Welt, seid ihr unsere erste Adresse als Leser, Kritiker, Rezensenten. Daher vergeben wir gerne Rezensionsexemplare an euch und haben auch sonst extra Aktionen f\u00fcr Blogger. Da wir ein kleines Label sind, k\u00f6nnen wir euch nur Printb\u00fccher geben, wenn wir schon l\u00e4nger mit euch als Blogger zusammenarbeiten. F\u00fcr E-Book gilt &#8211; fragt einfach nach. Alle Rezensionen bzw. Links, die ihr uns mailt, werden bei uns verlinkt, vergooglet, wir posten sie auf Facebook, wir twittern sie in die Welt, und zwar auch die kritischen, denn wir finden, nur wer mit Kritik leben kann, kann sich \u00fcber Lob auch richtig freuen. Und das w\u00fcnschen wir uns von euch: Kritik und hoffentlich auch Lob, denn obwohl wir wissen, dass einige von euch dem digitalen Buch kritisch gegen\u00fcberstehen, wollen wir euch zum E-Reading verf\u00fchren. Wir organisieren regelm\u00e4\u00dfig Blogtouren und Leserunden. Wenn ihr Teil der Red-Bug-Blogger-Welt werden wollt, dann tragt euch gerne in unseren Newsletter ein. Unser Newsletter wird maximal einmal monatlich verschickt, eher seltener und nur, wenn er f\u00fcr euch relevante [&hellip;]","og_url":"https:\/\/www.redbug-culture.com\/blog\/blogger\/rezensionsexemplare-fuer-buchblogger\/","og_site_name":"Red Bug Culture - Schreiben, Ver\u00f6ffentlichen, Kurse","article_publisher":"https:\/\/www.facebook.com\/RedBugBooks","article_modified_time":"2019-11-10T14:32:06+00:00","twitter_card":"summary_large_image","twitter_site":"@RedBugBooks","twitter_misc":{"Gesch\u00e4tzte Lesezeit":"1\u00a0Minute"},"schema":{"@context":"https:\/\/schema.org","@graph":[{"@type":"WebPage","@id":"https:\/\/www.redbug-culture.com\/blog\/blogger\/rezensionsexemplare-fuer-buchblogger\/","url":"https:\/\/www.redbug-culture.com\/blog\/blogger\/rezensionsexemplare-fuer-buchblogger\/","name":"F\u00fcr euch - Red Bug Culture - Schreiben, Ver\u00f6ffentlichen, Kurse","isPartOf":{"@id":"https:\/\/www.redbug-culture.com\/blog\/#website"},"datePublished":"2012-06-12T11:42:46+00:00","dateModified":"2019-11-10T14:32:06+00:00","breadcrumb":{"@id":"https:\/\/www.redbug-culture.com\/blog\/blogger\/rezensionsexemplare-fuer-buchblogger\/#breadcrumb"},"inLanguage":"de","potentialAction":[{"@type":"ReadAction","target":["https:\/\/www.redbug-culture.com\/blog\/blogger\/rezensionsexemplare-fuer-buchblogger\/"]}]},{"@type":"BreadcrumbList","@id":"https:\/\/www.redbug-culture.com\/blog\/blogger\/rezensionsexemplare-fuer-buchblogger\/#breadcrumb","itemListElement":[{"@type":"ListItem","position":1,"name":"Startseite","item":"https:\/\/www.redbug-culture.com\/blog\/"},{"@type":"ListItem","position":2,"name":"Blogger","item":"https:\/\/www.redbug-culture.com\/blog\/blogger\/"},{"@type":"ListItem","position":3,"name":"F\u00fcr euch"}]},{"@type":"WebSite","@id":"https:\/\/www.redbug-culture.com\/blog\/#website","url":"https:\/\/www.redbug-culture.com\/blog\/","name":"Red Bug Culture - Schreiben, Ver\u00f6ffentlichen, Kurse","description":"Tipps &amp; Coaching f\u00fcr Autor:innen, Rezensionen","potentialAction":[{"@type":"SearchAction","target":{"@type":"EntryPoint","urlTemplate":"https:\/\/www.redbug-culture.com\/blog\/?s={search_term_string}"},"query-input":{"@type":"PropertyValueSpecification","valueRequired":true,"valueName":"search_term_string"}}],"inLanguage":"de"}]}},"_links":{"self":[{"href":"https:\/\/www.redbug-culture.com\/blog\/wp-json\/wp\/v2\/pages\/258","targetHints":{"allow":["GET"]}}],"collection":[{"href":"https:\/\/www.redbug-culture.com\/blog\/wp-json\/wp\/v2\/pages"}],"about":[{"href":"https:\/\/www.redbug-culture.com\/blog\/wp-json\/wp\/v2\/types\/page"}],"author":[{"embeddable":true,"href":"https:\/\/www.redbug-culture.com\/blog\/wp-json\/wp\/v2\/users\/5"}],"replies":[{"embeddable":true,"href":"https:\/\/www.redbug-culture.com\/blog\/wp-json\/wp\/v2\/comments?post=258"}],"version-history":[{"count":0,"href":"https:\/\/www.redbug-culture.com\/blog\/wp-json\/wp\/v2\/pages\/258\/revisions"}],"up":[{"embeddable":true,"href":"https:\/\/www.redbug-culture.com\/blog\/wp-json\/wp\/v2\/pages\/4674"}],"wp:attachment":[{"href":"https:\/\/www.redbug-culture.com\/blog\/wp-json\/wp\/v2\/media?parent=258"}],"curies":[{"name":"wp","href":"https:\/\/api.w.org\/{rel}","templated":true}]}}