{"id":25335,"date":"2022-08-07T15:35:58","date_gmt":"2022-08-07T13:35:58","guid":{"rendered":"https:\/\/www.redbug-culture.com\/blog\/?page_id=25335"},"modified":"2024-12-31T14:45:55","modified_gmt":"2024-12-31T13:45:55","slug":"autofiktion","status":"publish","type":"page","link":"https:\/\/www.redbug-culture.com\/blog\/autofiktion\/","title":{"rendered":"Autofiktion"},"content":{"rendered":"<h6>Autofiktion<\/h6>\n<p>Autofiktion! In den letzten Jahren ist diese Rubrik bei uns gr\u00f6\u00dfer geworden. Autofiktionales Schreiben interessiert uns mehr und mehr &#8211; was vermutlich damit zusammenh\u00e4ngt, dass wir alle auf dem Blog selbst schreiben. Gleichzeitig ist es ein Thema, was gerade hochangesagt ist und enorme Entwicklungen durchmacht.<\/p>\n<blockquote><p><b>Autofiktion<\/b> bezeichnet in der Literaturwissenschaft einen \u201eText, in dem eine Figur, die eindeutig als der Autor erkennbar ist [&#8230;], in einer offensichtlich [&#8230;] als fiktional gekennzeichneten Erz\u00e4hlung auftritt\u201c.<sup id=\"cite_ref-Zipfel31_1-0\" class=\"reference\"><a href=\"https:\/\/de.wikipedia.org\/wiki\/Autofiktion#cite_note-Zipfel31-1\">[Quelle]<\/a><\/sup> Der Begriff geht auf den franz\u00f6sischen Schriftsteller und Kritiker <a title=\"Serge Doubrovsky\" href=\"https:\/\/de.wikipedia.org\/wiki\/Serge_Doubrovsky\">Serge Doubrovsky<\/a> zur\u00fcck, der Autofiktion als \u201eFiktion strikt realer Ereignisse und Fakten\u201c definierte.<sup id=\"cite_ref-2\" class=\"reference\"><a title=\"\" href=\"https:\/\/de.wikipedia.org\/wiki\/Autofiktion#cite_note-2\">[Quelle]<\/a><\/sup><\/p><\/blockquote>\n<p>Hier auf dem Blog begann es mit einer Blogreihe:<\/p>\n<ul>\n<li><a href=\"https:\/\/www.redbug-culture.com\/blog\/kategorie\/autobiographisches-schreiben\/\">Autobiographisches Schreiben<\/a><\/li>\n<\/ul>\n<p>In 21 Blogartikeln geht es um Schriftsteller:innen, die autobiographisch geschrieben haben und dies mit mehr oder weniger Fiktion verbunden haben. Hier siehst Du, was autobiographisches Schreiben ausmacht und wie es umgesetzt wird. Dazu passt auch unsere Blogreihe<\/p>\n<ul>\n<li><a href=\"https:\/\/www.redbug-culture.com\/blog\/kategorie\/7-tipps-autofiktionales-schreiben\/\">7 Tipps &#8211; Autofiktionales Schreiben<\/a><\/li>\n<\/ul>\n<p>Diese Blogreihe ist besonders interessant f\u00fcr alle, die selbst dar\u00fcber nachdenken, ein autofiktionales Buch zu schreiben.<\/p>\n<p>Selbst autobiographisch schreiben \u00a0&#8211; <a href=\"https:\/\/www.redbug-culture.com\/blog\/das-redbug-books-team\/\">Uwe<\/a> teilt hier seine Traumtexte.<\/p>\n<ul>\n<li><a href=\"https:\/\/www.redbug-culture.com\/blog\/kategorie\/autofiktion\/auf-der-anderen-seite-traumtexte\/\">Auf der anderen Seite &#8211; Traumtexte<\/a><\/li>\n<\/ul>\n<p>Und wer sich f\u00fcr Rezensionen von Autofiktionalen B\u00fcchern interessiert, der findet sie hier<\/p>\n<ul>\n<li><a href=\"https:\/\/www.redbug-culture.com\/blog\/kategorie\/rezension\/\">Autofiktion &#8211; Rezensionen<\/a><\/li>\n<\/ul>\n<p>&nbsp;<\/p>\n","protected":false},"excerpt":{"rendered":"<p>Autofiktion Autofiktion! In den letzten Jahren ist diese Rubrik bei uns gr\u00f6\u00dfer geworden. Autofiktionales Schreiben interessiert uns mehr und mehr &#8211; was vermutlich damit zusammenh\u00e4ngt, dass wir alle auf dem Blog selbst schreiben. Gleichzeitig ist es ein Thema, was gerade hochangesagt ist und enorme Entwicklungen durchmacht. Autofiktion bezeichnet in der Literaturwissenschaft einen \u201eText, in dem eine Figur, die eindeutig als der Autor erkennbar ist [&#8230;], in einer offensichtlich [&#8230;] als fiktional gekennzeichneten Erz\u00e4hlung auftritt\u201c.[Quelle] Der Begriff geht auf den franz\u00f6sischen Schriftsteller und Kritiker Serge Doubrovsky zur\u00fcck, der Autofiktion als \u201eFiktion strikt realer Ereignisse und Fakten\u201c definierte.[Quelle] Hier auf dem Blog begann es mit einer Blogreihe: Autobiographisches Schreiben In 21 Blogartikeln geht es um Schriftsteller:innen, die autobiographisch geschrieben haben und dies mit mehr oder weniger Fiktion verbunden haben. Hier siehst Du, was autobiographisches Schreiben ausmacht und wie es umgesetzt wird. Dazu passt auch unsere Blogreihe 7 Tipps &#8211; Autofiktionales Schreiben Diese Blogreihe ist besonders interessant f\u00fcr alle, die selbst dar\u00fcber nachdenken, ein autofiktionales Buch zu schreiben. Selbst autobiographisch schreiben \u00a0&#8211; Uwe teilt hier seine Traumtexte. Auf der anderen Seite &#8211; Traumtexte Und wer sich f\u00fcr Rezensionen von Autofiktionalen B\u00fcchern interessiert, der findet sie hier Autofiktion &#8211; Rezensionen &nbsp;<\/p>\n","protected":false},"author":7,"featured_media":0,"parent":0,"menu_order":0,"comment_status":"closed","ping_status":"closed","template":"page-fullwidth.php","meta":{"footnotes":"","_links_to":"","_links_to_target":""},"class_list":["post-25335","page","type-page","status-publish","hentry"],"yoast_head":"<!-- This site is optimized with the Yoast SEO plugin v27.3 - https:\/\/yoast.com\/product\/yoast-seo-wordpress\/ -->\n<title>Autofiktion - Red Bug Culture - Schreiben, Ver\u00f6ffentlichen, Kurse<\/title>\n<meta name=\"description\" content=\"Wen Autofiktion interessiert, der ist hier genau richtig. Es geht um autofiktionale B\u00fccher und Schriftsteller:innen,\" \/>\n<meta name=\"robots\" content=\"index, follow, max-snippet:-1, max-image-preview:large, max-video-preview:-1\" \/>\n<link rel=\"canonical\" href=\"https:\/\/www.redbug-culture.com\/blog\/autofiktion\/\" \/>\n<meta property=\"og:locale\" content=\"de_DE\" \/>\n<meta property=\"og:type\" content=\"article\" \/>\n<meta property=\"og:title\" content=\"Autofiktion - Red Bug Culture - Schreiben, Ver\u00f6ffentlichen, Kurse\" \/>\n<meta property=\"og:description\" content=\"Wen Autofiktion interessiert, der ist hier genau richtig. Es geht um autofiktionale B\u00fccher und Schriftsteller:innen,\" \/>\n<meta property=\"og:url\" content=\"https:\/\/www.redbug-culture.com\/blog\/autofiktion\/\" \/>\n<meta property=\"og:site_name\" content=\"Red Bug Culture - Schreiben, Ver\u00f6ffentlichen, Kurse\" \/>\n<meta property=\"article:publisher\" content=\"https:\/\/www.facebook.com\/RedBugBooks\" \/>\n<meta property=\"article:modified_time\" content=\"2024-12-31T13:45:55+00:00\" \/>\n<meta name=\"twitter:card\" content=\"summary_large_image\" \/>\n<meta name=\"twitter:site\" content=\"@RedBugBooks\" \/>\n<meta name=\"twitter:label1\" content=\"Gesch\u00e4tzte Lesezeit\" \/>\n\t<meta name=\"twitter:data1\" content=\"1\u00a0Minute\" \/>\n<script type=\"application\/ld+json\" class=\"yoast-schema-graph\">{\"@context\":\"https:\\\/\\\/schema.org\",\"@graph\":[{\"@type\":\"WebPage\",\"@id\":\"https:\\\/\\\/www.redbug-culture.com\\\/blog\\\/autofiktion\\\/\",\"url\":\"https:\\\/\\\/www.redbug-culture.com\\\/blog\\\/autofiktion\\\/\",\"name\":\"Autofiktion - Red Bug Culture - Schreiben, Ver\u00f6ffentlichen, Kurse\",\"isPartOf\":{\"@id\":\"https:\\\/\\\/www.redbug-culture.com\\\/blog\\\/#website\"},\"datePublished\":\"2022-08-07T13:35:58+00:00\",\"dateModified\":\"2024-12-31T13:45:55+00:00\",\"description\":\"Wen Autofiktion interessiert, der ist hier genau richtig. Es geht um autofiktionale B\u00fccher und Schriftsteller:innen,\",\"breadcrumb\":{\"@id\":\"https:\\\/\\\/www.redbug-culture.com\\\/blog\\\/autofiktion\\\/#breadcrumb\"},\"inLanguage\":\"de\",\"potentialAction\":[{\"@type\":\"ReadAction\",\"target\":[\"https:\\\/\\\/www.redbug-culture.com\\\/blog\\\/autofiktion\\\/\"]}]},{\"@type\":\"BreadcrumbList\",\"@id\":\"https:\\\/\\\/www.redbug-culture.com\\\/blog\\\/autofiktion\\\/#breadcrumb\",\"itemListElement\":[{\"@type\":\"ListItem\",\"position\":1,\"name\":\"Startseite\",\"item\":\"https:\\\/\\\/www.redbug-culture.com\\\/blog\\\/\"},{\"@type\":\"ListItem\",\"position\":2,\"name\":\"Autofiktion\"}]},{\"@type\":\"WebSite\",\"@id\":\"https:\\\/\\\/www.redbug-culture.com\\\/blog\\\/#website\",\"url\":\"https:\\\/\\\/www.redbug-culture.com\\\/blog\\\/\",\"name\":\"Red Bug Culture - Schreiben, Ver\u00f6ffentlichen, Kurse\",\"description\":\"Tipps &amp; Coaching f\u00fcr Autor:innen, Rezensionen\",\"potentialAction\":[{\"@type\":\"SearchAction\",\"target\":{\"@type\":\"EntryPoint\",\"urlTemplate\":\"https:\\\/\\\/www.redbug-culture.com\\\/blog\\\/?s={search_term_string}\"},\"query-input\":{\"@type\":\"PropertyValueSpecification\",\"valueRequired\":true,\"valueName\":\"search_term_string\"}}],\"inLanguage\":\"de\"}]}<\/script>\n<!-- \/ Yoast SEO plugin. -->","yoast_head_json":{"title":"Autofiktion - Red Bug Culture - Schreiben, Ver\u00f6ffentlichen, Kurse","description":"Wen Autofiktion interessiert, der ist hier genau richtig. Es geht um autofiktionale B\u00fccher und Schriftsteller:innen,","robots":{"index":"index","follow":"follow","max-snippet":"max-snippet:-1","max-image-preview":"max-image-preview:large","max-video-preview":"max-video-preview:-1"},"canonical":"https:\/\/www.redbug-culture.com\/blog\/autofiktion\/","og_locale":"de_DE","og_type":"article","og_title":"Autofiktion - Red Bug Culture - Schreiben, Ver\u00f6ffentlichen, Kurse","og_description":"Wen Autofiktion interessiert, der ist hier genau richtig. Es geht um autofiktionale B\u00fccher und Schriftsteller:innen,","og_url":"https:\/\/www.redbug-culture.com\/blog\/autofiktion\/","og_site_name":"Red Bug Culture - Schreiben, Ver\u00f6ffentlichen, Kurse","article_publisher":"https:\/\/www.facebook.com\/RedBugBooks","article_modified_time":"2024-12-31T13:45:55+00:00","twitter_card":"summary_large_image","twitter_site":"@RedBugBooks","twitter_misc":{"Gesch\u00e4tzte Lesezeit":"1\u00a0Minute"},"schema":{"@context":"https:\/\/schema.org","@graph":[{"@type":"WebPage","@id":"https:\/\/www.redbug-culture.com\/blog\/autofiktion\/","url":"https:\/\/www.redbug-culture.com\/blog\/autofiktion\/","name":"Autofiktion - Red Bug Culture - Schreiben, Ver\u00f6ffentlichen, Kurse","isPartOf":{"@id":"https:\/\/www.redbug-culture.com\/blog\/#website"},"datePublished":"2022-08-07T13:35:58+00:00","dateModified":"2024-12-31T13:45:55+00:00","description":"Wen Autofiktion interessiert, der ist hier genau richtig. Es geht um autofiktionale B\u00fccher und Schriftsteller:innen,","breadcrumb":{"@id":"https:\/\/www.redbug-culture.com\/blog\/autofiktion\/#breadcrumb"},"inLanguage":"de","potentialAction":[{"@type":"ReadAction","target":["https:\/\/www.redbug-culture.com\/blog\/autofiktion\/"]}]},{"@type":"BreadcrumbList","@id":"https:\/\/www.redbug-culture.com\/blog\/autofiktion\/#breadcrumb","itemListElement":[{"@type":"ListItem","position":1,"name":"Startseite","item":"https:\/\/www.redbug-culture.com\/blog\/"},{"@type":"ListItem","position":2,"name":"Autofiktion"}]},{"@type":"WebSite","@id":"https:\/\/www.redbug-culture.com\/blog\/#website","url":"https:\/\/www.redbug-culture.com\/blog\/","name":"Red Bug Culture - Schreiben, Ver\u00f6ffentlichen, Kurse","description":"Tipps &amp; Coaching f\u00fcr Autor:innen, Rezensionen","potentialAction":[{"@type":"SearchAction","target":{"@type":"EntryPoint","urlTemplate":"https:\/\/www.redbug-culture.com\/blog\/?s={search_term_string}"},"query-input":{"@type":"PropertyValueSpecification","valueRequired":true,"valueName":"search_term_string"}}],"inLanguage":"de"}]}},"_links":{"self":[{"href":"https:\/\/www.redbug-culture.com\/blog\/wp-json\/wp\/v2\/pages\/25335","targetHints":{"allow":["GET"]}}],"collection":[{"href":"https:\/\/www.redbug-culture.com\/blog\/wp-json\/wp\/v2\/pages"}],"about":[{"href":"https:\/\/www.redbug-culture.com\/blog\/wp-json\/wp\/v2\/types\/page"}],"author":[{"embeddable":true,"href":"https:\/\/www.redbug-culture.com\/blog\/wp-json\/wp\/v2\/users\/7"}],"replies":[{"embeddable":true,"href":"https:\/\/www.redbug-culture.com\/blog\/wp-json\/wp\/v2\/comments?post=25335"}],"version-history":[{"count":0,"href":"https:\/\/www.redbug-culture.com\/blog\/wp-json\/wp\/v2\/pages\/25335\/revisions"}],"wp:attachment":[{"href":"https:\/\/www.redbug-culture.com\/blog\/wp-json\/wp\/v2\/media?parent=25335"}],"curies":[{"name":"wp","href":"https:\/\/api.w.org\/{rel}","templated":true}]}}