{"id":2325,"date":"2014-07-11T14:51:04","date_gmt":"2014-07-11T12:51:04","guid":{"rendered":"https:\/\/www.redbug-culture.com\/blog\/?page_id=2325"},"modified":"2023-03-25T14:09:30","modified_gmt":"2023-03-25T13:09:30","slug":"red-bug-charity","status":"publish","type":"page","link":"https:\/\/www.redbug-culture.com\/blog\/red-bug-charity\/","title":{"rendered":"Red Bug Charity"},"content":{"rendered":"<h6><span style=\"color: #000080;\">Am Ende des Tages\u00a0<\/span><\/h6>\n<h6><img loading=\"lazy\" decoding=\"async\" class=\"size-medium wp-image-3628 alignright\" src=\"https:\/\/www.redbug-culture.com\/blog\/wp-content\/uploads\/2014\/07\/Charity-Button_300dpi1-300x298.jpg\" alt=\"Charity-Button_300dpi\" width=\"300\" height=\"298\" srcset=\"https:\/\/www.redbug-culture.com\/blog\/wp-content\/uploads\/2014\/07\/Charity-Button_300dpi1-300x298.jpg 300w, https:\/\/www.redbug-culture.com\/blog\/wp-content\/uploads\/2014\/07\/Charity-Button_300dpi1-150x150.jpg 150w, https:\/\/www.redbug-culture.com\/blog\/wp-content\/uploads\/2014\/07\/Charity-Button_300dpi1.jpg 350w\" sizes=\"auto, (max-width: 300px) 100vw, 300px\" \/><\/h6>\n<p>Einer der guten Vors\u00e4tze von Red Bug Books f\u00fcr das Jahr 2014 war ein Charity Projekt f\u00fcr Jugendliche.<\/p>\n<p>Was lag da n\u00e4her, als ein Buch zu machen. Und was h\u00e4tte da mehr Sinn gemacht, als Jugendbuchautoren zu fragen, ob sie Lust haben, etwas daf\u00fcr zu schreiben. Und was fehlt dann noch, damit es ein sch\u00f6nes Projekt wird? Genau &#8211; Buchblogger.<\/p>\n<p>Mittlerweile ist das Projekt abgeschlossen, oder nein, sagen wir besser: es l\u00e4uft.<br \/>\nRed Bug Books hat am 6. Dezember 2014 ein E-Book und ein Printbuch mit Gedichten und Geschichen von zehn Jugendbuchautoren ver\u00f6ffentlicht: <a href=\"https:\/\/www.amazon.de\/Am-Ende-Tages-Andreas-Steinh\u00f6fel\/dp\/3943799743\/ref=sr_1_1?ie=UTF8&amp;qid=1490716280&amp;sr=8-1&amp;keywords=Am+Ende+des+Tages+Steinh\u00f6fel\">Am Ende des Tages.<\/a><\/p>\n<h6>Autoren<\/h6>\n<p>Wir sind stolz und gl\u00fccklich, so tolle Autoren f\u00fcr das Projekt gewonnen zu haben: Andreas Steinh\u00f6fel, Antonia Michaelis, Anja Fr\u00f6hlich, Katrin Lankers, Katrin Bongard, Julie Leuze, Monika Feth,Michael Wildenhain, Johannes Groschupf und Uwe Carow.<\/p>\n<p><img loading=\"lazy\" decoding=\"async\" class=\"size-medium wp-image-5737 alignleft\" src=\"https:\/\/www.redbug-culture.com\/blog\/wp-content\/uploads\/2012\/04\/Klein.Am-Ende-des-Tages-300x300.jpg\" alt=\"Klein.Am Ende des Tages\" width=\"300\" height=\"300\" srcset=\"https:\/\/www.redbug-culture.com\/blog\/wp-content\/uploads\/2012\/04\/Klein.Am-Ende-des-Tages-300x300.jpg 300w, https:\/\/www.redbug-culture.com\/blog\/wp-content\/uploads\/2012\/04\/Klein.Am-Ende-des-Tages-150x150.jpg 150w, https:\/\/www.redbug-culture.com\/blog\/wp-content\/uploads\/2012\/04\/Klein.Am-Ende-des-Tages-768x768.jpg 768w, https:\/\/www.redbug-culture.com\/blog\/wp-content\/uploads\/2012\/04\/Klein.Am-Ende-des-Tages.jpg 800w\" sizes=\"auto, (max-width: 300px) 100vw, 300px\" \/><br \/>\nAlle Autoren haben die Geschichten und Gedichte ohne Honorar zur Verf\u00fcgung gestellt. <a href=\"http:\/\/lukashorn.de\">Lukas Horn<\/a> hat \u00a0den Titelschriftzug unentgeltlich f\u00fcr unser Buch entworfen. Die freie Lektorin Claudia M\u00fcller hat den Text in ihrer Freizeit lektoriert und ihre Arbeit ebenfalls gespendet. Red Bug Books hat die Herstellung \u00fcbernommen und tritt nat\u00fcrlich alle Erl\u00f6se ab.<\/p>\n<p>Der Erl\u00f6s geht an die <a href=\"http:\/\/offroadkids.de\">Off Road Kids Stiftung.<br \/>\n<\/a><br \/>\nBuchblogger sind Vermittler zwischen Buch und Leser und waren f\u00fcr dieses Projekt sehr wichtig. \u00dcber 100 Buchblogger haben dieses Projekt unterst\u00fctzt, beworben, bekannt gemacht und tauschen sich auch jetzt noch in einer <a href=\"https:\/\/www.facebook.com\/groups\/1468215690084924\/\">geschlossenen Facebookgruppe <\/a>aus.<\/p>\n<p>&nbsp;<\/p>\n<p><img loading=\"lazy\" decoding=\"async\" class=\"size-medium wp-image-4828 alignright\" src=\"https:\/\/www.redbug-culture.com\/blog\/wp-content\/uploads\/2016\/01\/12558562_1524960824471492_373292646_n-300x300.jpg\" alt=\"RED BUG CHARITY Einer der guten Vors\u00e4tze von Red Bug Books f\u00fcr das Jahr 2014 war ein Charity Projekt f\u00fcr Jugendliche. Was lag da n\u00e4her, als ein Buch zu machen. Und was h\u00e4tte da mehr Sinn gemacht, als Jugendbuchautoren zu fragen, ob sie Lust haben, etwas daf\u00fcr zu schreiben. Und was fehlt dann noch, damit es ein sch\u00f6nes Projekt wird? Genau - Buchblogger. Am 6. Dezember 2014 ist 'Am Ende des Tages' erschienen, ein Buch mit Gedichten und Geschichen von zehn Jugendbuchautoren. \u00dcber einhundert Blogger haben sich spontan bereit erkl\u00e4rt, das Projekt bekannt zu machen. Autoren, Blogger und Leser haben entschieden: s\u00e4mtliche Erl\u00f6se gehen an die Off Road Kids-Stiftung, eine Organisation, die sich bundesweit um Stra\u00dfenkinder k\u00fcmmert. 'Am Ende des Tages' ist bei Amazon und RedBugBooks erh\u00e4ltlich. #redbugbooks #charity #book #amendedestages #buchblogger #bookstagram #donate #offraod #booklover #bookish #dogood #feelfreefeed #livethelittlethings #thehappynow\" width=\"300\" height=\"300\" srcset=\"https:\/\/www.redbug-culture.com\/blog\/wp-content\/uploads\/2016\/01\/12558562_1524960824471492_373292646_n-300x300.jpg 300w, https:\/\/www.redbug-culture.com\/blog\/wp-content\/uploads\/2016\/01\/12558562_1524960824471492_373292646_n-150x150.jpg 150w, https:\/\/www.redbug-culture.com\/blog\/wp-content\/uploads\/2016\/01\/12558562_1524960824471492_373292646_n.jpg 320w\" sizes=\"auto, (max-width: 300px) 100vw, 300px\" \/><br \/>\nEine <a href=\"https:\/\/www.facebook.com\/pages\/Red-Bug-Charity\/1442838852649359?fref=ts\">Facebook-Seite<\/a> zum Projekt gibt es auch.<\/p>\n<p>Im Juni 2015 haben wir eine erste Spendensumme an die Off Road Kids Stiftung \u00fcberwiesen.<br \/>\nWir haben vor, mit den Printausgaben vom &#8222;Am Ende des Tages&#8220; auch den Buchhandel zu erobern.<\/p>\n<div style=\"text-align: left;\">Im Oktober 2015 waren wir mit unserem Projekt f\u00fcr den Virenschleuderpreis der Frankfurter Buchmesse nominiert.<\/div>\n<div><\/div>\n<div style=\"padding-left: 150px;\"><\/div>\n<div style=\"padding-left: 150px;\"><\/div>\n<div style=\"padding-left: 180px;\">\n<p><a href=\"https:\/\/www.facebook.com\/Red-Bug-Charity-1442838852649359\/?fref=ts\"><img loading=\"lazy\" decoding=\"async\" class=\"alignnone wp-image-3138\" src=\"https:\/\/www.redbug-culture.com\/blog\/wp-content\/uploads\/2015\/07\/facebook.orange-300x300.png\" alt=\"facebook.orange\" width=\"30\" height=\"30\" srcset=\"https:\/\/www.redbug-culture.com\/blog\/wp-content\/uploads\/2015\/07\/facebook.orange-300x300.png 300w, https:\/\/www.redbug-culture.com\/blog\/wp-content\/uploads\/2015\/07\/facebook.orange-150x150.png 150w, https:\/\/www.redbug-culture.com\/blog\/wp-content\/uploads\/2015\/07\/facebook.orange.png 500w\" sizes=\"auto, (max-width: 30px) 100vw, 30px\" \/><\/a>\u00a0 \u00a0<a href=\"http:\/\/www.redbug-books.com\/charity.html\"><img loading=\"lazy\" decoding=\"async\" class=\"alignnone wp-image-3139\" src=\"https:\/\/www.redbug-culture.com\/blog\/wp-content\/uploads\/2015\/07\/home.button.orange-300x300.png\" alt=\"home.button.orange\" width=\"30\" height=\"30\" srcset=\"https:\/\/www.redbug-culture.com\/blog\/wp-content\/uploads\/2015\/07\/home.button.orange-300x300.png 300w, https:\/\/www.redbug-culture.com\/blog\/wp-content\/uploads\/2015\/07\/home.button.orange-150x150.png 150w, https:\/\/www.redbug-culture.com\/blog\/wp-content\/uploads\/2015\/07\/home.button.orange.png 500w\" sizes=\"auto, (max-width: 30px) 100vw, 30px\" \/><\/a>\u00a0 \u00a0<a href=\"http:\/\/www.redbug-books.com\/c_blogger.html\"><img loading=\"lazy\" decoding=\"async\" class=\"alignnone wp-image-3143\" src=\"https:\/\/www.redbug-culture.com\/blog\/wp-content\/uploads\/2015\/07\/email.orange-300x300.png\" alt=\"email.orange\" width=\"30\" height=\"30\" srcset=\"https:\/\/www.redbug-culture.com\/blog\/wp-content\/uploads\/2015\/07\/email.orange-300x300.png 300w, https:\/\/www.redbug-culture.com\/blog\/wp-content\/uploads\/2015\/07\/email.orange-150x150.png 150w, https:\/\/www.redbug-culture.com\/blog\/wp-content\/uploads\/2015\/07\/email.orange.png 500w\" sizes=\"auto, (max-width: 30px) 100vw, 30px\" \/><\/a><\/p>\n<\/div>\n<div><\/div>\n","protected":false},"excerpt":{"rendered":"<p>Am Ende des Tages\u00a0 Einer der guten Vors\u00e4tze von Red Bug Books f\u00fcr das Jahr 2014 war ein Charity Projekt f\u00fcr Jugendliche. Was lag da n\u00e4her, als ein Buch zu machen. Und was h\u00e4tte da mehr Sinn gemacht, als Jugendbuchautoren zu fragen, ob sie Lust haben, etwas daf\u00fcr zu schreiben. Und was fehlt dann noch, damit es ein sch\u00f6nes Projekt wird? Genau &#8211; Buchblogger. Mittlerweile ist das Projekt abgeschlossen, oder nein, sagen wir besser: es l\u00e4uft. Red Bug Books hat am 6. Dezember 2014 ein E-Book und ein Printbuch mit Gedichten und Geschichen von zehn Jugendbuchautoren ver\u00f6ffentlicht: Am Ende des Tages. Autoren Wir sind stolz und gl\u00fccklich, so tolle Autoren f\u00fcr das Projekt gewonnen zu haben: Andreas Steinh\u00f6fel, Antonia Michaelis, Anja Fr\u00f6hlich, Katrin Lankers, Katrin Bongard, Julie Leuze, Monika Feth,Michael Wildenhain, Johannes Groschupf und Uwe Carow. Alle Autoren haben die Geschichten und Gedichte ohne Honorar zur Verf\u00fcgung gestellt. Lukas Horn hat \u00a0den Titelschriftzug unentgeltlich f\u00fcr unser Buch entworfen. Die freie Lektorin Claudia M\u00fcller hat den Text in ihrer Freizeit lektoriert und ihre Arbeit ebenfalls gespendet. Red Bug Books hat die Herstellung \u00fcbernommen und tritt nat\u00fcrlich alle Erl\u00f6se ab. Der Erl\u00f6s geht an die Off Road Kids Stiftung. Buchblogger sind Vermittler [&hellip;]<\/p>\n","protected":false},"author":5,"featured_media":0,"parent":0,"menu_order":0,"comment_status":"open","ping_status":"open","template":"page-fullwidth.php","meta":{"footnotes":"","_links_to":"","_links_to_target":""},"class_list":["post-2325","page","type-page","status-publish","hentry"],"yoast_head":"<!-- This site is optimized with the Yoast SEO plugin v27.5 - https:\/\/yoast.com\/product\/yoast-seo-wordpress\/ -->\n<title>Red Bug Charity - Red Bug Culture - Schreiben, Ver\u00f6ffentlichen, Kurse<\/title>\n<meta name=\"description\" content=\"Einer der guten Vors\u00e4tze von Red Bug Books f\u00fcr das Jahr 2014 war ein Red Bug Charity Projekt f\u00fcr Jugendliche. Was lag da n\u00e4her, als\" \/>\n<meta name=\"robots\" content=\"index, follow, max-snippet:-1, max-image-preview:large, max-video-preview:-1\" \/>\n<link rel=\"canonical\" href=\"https:\/\/www.redbug-culture.com\/blog\/red-bug-charity\/\" \/>\n<meta property=\"og:locale\" content=\"de_DE\" \/>\n<meta property=\"og:type\" content=\"article\" \/>\n<meta property=\"og:title\" content=\"Red Bug Charity - Red Bug Culture - Schreiben, Ver\u00f6ffentlichen, Kurse\" \/>\n<meta property=\"og:description\" content=\"Einer der guten Vors\u00e4tze von Red Bug Books f\u00fcr das Jahr 2014 war ein Red Bug Charity Projekt f\u00fcr Jugendliche. Was lag da n\u00e4her, als\" \/>\n<meta property=\"og:url\" content=\"https:\/\/www.redbug-culture.com\/blog\/red-bug-charity\/\" \/>\n<meta property=\"og:site_name\" content=\"Red Bug Culture - Schreiben, Ver\u00f6ffentlichen, Kurse\" \/>\n<meta property=\"article:publisher\" content=\"https:\/\/www.facebook.com\/RedBugBooks\" \/>\n<meta property=\"article:modified_time\" content=\"2023-03-25T13:09:30+00:00\" \/>\n<meta property=\"og:image\" content=\"https:\/\/www.redbug-culture.com\/blog\/wp-content\/uploads\/2014\/07\/Charity-Button_300dpi1-300x298.jpg\" \/>\n<meta name=\"twitter:card\" content=\"summary_large_image\" \/>\n<meta name=\"twitter:site\" content=\"@RedBugBooks\" \/>\n<meta name=\"twitter:label1\" content=\"Gesch\u00e4tzte Lesezeit\" \/>\n\t<meta name=\"twitter:data1\" content=\"3\u00a0Minuten\" \/>\n<script type=\"application\/ld+json\" class=\"yoast-schema-graph\">{\"@context\":\"https:\\\/\\\/schema.org\",\"@graph\":[{\"@type\":\"WebPage\",\"@id\":\"https:\\\/\\\/www.redbug-culture.com\\\/blog\\\/red-bug-charity\\\/\",\"url\":\"https:\\\/\\\/www.redbug-culture.com\\\/blog\\\/red-bug-charity\\\/\",\"name\":\"Red Bug Charity - Red Bug Culture - Schreiben, Ver\u00f6ffentlichen, Kurse\",\"isPartOf\":{\"@id\":\"https:\\\/\\\/www.redbug-culture.com\\\/blog\\\/#website\"},\"primaryImageOfPage\":{\"@id\":\"https:\\\/\\\/www.redbug-culture.com\\\/blog\\\/red-bug-charity\\\/#primaryimage\"},\"image\":{\"@id\":\"https:\\\/\\\/www.redbug-culture.com\\\/blog\\\/red-bug-charity\\\/#primaryimage\"},\"thumbnailUrl\":\"https:\\\/\\\/www.redbug-culture.com\\\/blog\\\/wp-content\\\/uploads\\\/2014\\\/07\\\/Charity-Button_300dpi1-300x298.jpg\",\"datePublished\":\"2014-07-11T12:51:04+00:00\",\"dateModified\":\"2023-03-25T13:09:30+00:00\",\"description\":\"Einer der guten Vors\u00e4tze von Red Bug Books f\u00fcr das Jahr 2014 war ein Red Bug Charity Projekt f\u00fcr Jugendliche. Was lag da n\u00e4her, als\",\"breadcrumb\":{\"@id\":\"https:\\\/\\\/www.redbug-culture.com\\\/blog\\\/red-bug-charity\\\/#breadcrumb\"},\"inLanguage\":\"de\",\"potentialAction\":[{\"@type\":\"ReadAction\",\"target\":[\"https:\\\/\\\/www.redbug-culture.com\\\/blog\\\/red-bug-charity\\\/\"]}]},{\"@type\":\"ImageObject\",\"inLanguage\":\"de\",\"@id\":\"https:\\\/\\\/www.redbug-culture.com\\\/blog\\\/red-bug-charity\\\/#primaryimage\",\"url\":\"https:\\\/\\\/www.redbug-culture.com\\\/blog\\\/wp-content\\\/uploads\\\/2014\\\/07\\\/Charity-Button_300dpi1.jpg\",\"contentUrl\":\"https:\\\/\\\/www.redbug-culture.com\\\/blog\\\/wp-content\\\/uploads\\\/2014\\\/07\\\/Charity-Button_300dpi1.jpg\",\"width\":350,\"height\":348},{\"@type\":\"BreadcrumbList\",\"@id\":\"https:\\\/\\\/www.redbug-culture.com\\\/blog\\\/red-bug-charity\\\/#breadcrumb\",\"itemListElement\":[{\"@type\":\"ListItem\",\"position\":1,\"name\":\"Startseite\",\"item\":\"https:\\\/\\\/www.redbug-culture.com\\\/blog\\\/\"},{\"@type\":\"ListItem\",\"position\":2,\"name\":\"Red Bug Charity\"}]},{\"@type\":\"WebSite\",\"@id\":\"https:\\\/\\\/www.redbug-culture.com\\\/blog\\\/#website\",\"url\":\"https:\\\/\\\/www.redbug-culture.com\\\/blog\\\/\",\"name\":\"Red Bug Culture - Schreiben, Ver\u00f6ffentlichen, Kurse\",\"description\":\"Tipps &amp; Coaching f\u00fcr Autor:innen, Rezensionen\",\"potentialAction\":[{\"@type\":\"SearchAction\",\"target\":{\"@type\":\"EntryPoint\",\"urlTemplate\":\"https:\\\/\\\/www.redbug-culture.com\\\/blog\\\/?s={search_term_string}\"},\"query-input\":{\"@type\":\"PropertyValueSpecification\",\"valueRequired\":true,\"valueName\":\"search_term_string\"}}],\"inLanguage\":\"de\"}]}<\/script>\n<!-- \/ Yoast SEO plugin. -->","yoast_head_json":{"title":"Red Bug Charity - Red Bug Culture - Schreiben, Ver\u00f6ffentlichen, Kurse","description":"Einer der guten Vors\u00e4tze von Red Bug Books f\u00fcr das Jahr 2014 war ein Red Bug Charity Projekt f\u00fcr Jugendliche. Was lag da n\u00e4her, als","robots":{"index":"index","follow":"follow","max-snippet":"max-snippet:-1","max-image-preview":"max-image-preview:large","max-video-preview":"max-video-preview:-1"},"canonical":"https:\/\/www.redbug-culture.com\/blog\/red-bug-charity\/","og_locale":"de_DE","og_type":"article","og_title":"Red Bug Charity - Red Bug Culture - Schreiben, Ver\u00f6ffentlichen, Kurse","og_description":"Einer der guten Vors\u00e4tze von Red Bug Books f\u00fcr das Jahr 2014 war ein Red Bug Charity Projekt f\u00fcr Jugendliche. Was lag da n\u00e4her, als","og_url":"https:\/\/www.redbug-culture.com\/blog\/red-bug-charity\/","og_site_name":"Red Bug Culture - Schreiben, Ver\u00f6ffentlichen, Kurse","article_publisher":"https:\/\/www.facebook.com\/RedBugBooks","article_modified_time":"2023-03-25T13:09:30+00:00","og_image":[{"url":"https:\/\/www.redbug-culture.com\/blog\/wp-content\/uploads\/2014\/07\/Charity-Button_300dpi1-300x298.jpg","type":"","width":"","height":""}],"twitter_card":"summary_large_image","twitter_site":"@RedBugBooks","twitter_misc":{"Gesch\u00e4tzte Lesezeit":"3\u00a0Minuten"},"schema":{"@context":"https:\/\/schema.org","@graph":[{"@type":"WebPage","@id":"https:\/\/www.redbug-culture.com\/blog\/red-bug-charity\/","url":"https:\/\/www.redbug-culture.com\/blog\/red-bug-charity\/","name":"Red Bug Charity - Red Bug Culture - Schreiben, Ver\u00f6ffentlichen, Kurse","isPartOf":{"@id":"https:\/\/www.redbug-culture.com\/blog\/#website"},"primaryImageOfPage":{"@id":"https:\/\/www.redbug-culture.com\/blog\/red-bug-charity\/#primaryimage"},"image":{"@id":"https:\/\/www.redbug-culture.com\/blog\/red-bug-charity\/#primaryimage"},"thumbnailUrl":"https:\/\/www.redbug-culture.com\/blog\/wp-content\/uploads\/2014\/07\/Charity-Button_300dpi1-300x298.jpg","datePublished":"2014-07-11T12:51:04+00:00","dateModified":"2023-03-25T13:09:30+00:00","description":"Einer der guten Vors\u00e4tze von Red Bug Books f\u00fcr das Jahr 2014 war ein Red Bug Charity Projekt f\u00fcr Jugendliche. Was lag da n\u00e4her, als","breadcrumb":{"@id":"https:\/\/www.redbug-culture.com\/blog\/red-bug-charity\/#breadcrumb"},"inLanguage":"de","potentialAction":[{"@type":"ReadAction","target":["https:\/\/www.redbug-culture.com\/blog\/red-bug-charity\/"]}]},{"@type":"ImageObject","inLanguage":"de","@id":"https:\/\/www.redbug-culture.com\/blog\/red-bug-charity\/#primaryimage","url":"https:\/\/www.redbug-culture.com\/blog\/wp-content\/uploads\/2014\/07\/Charity-Button_300dpi1.jpg","contentUrl":"https:\/\/www.redbug-culture.com\/blog\/wp-content\/uploads\/2014\/07\/Charity-Button_300dpi1.jpg","width":350,"height":348},{"@type":"BreadcrumbList","@id":"https:\/\/www.redbug-culture.com\/blog\/red-bug-charity\/#breadcrumb","itemListElement":[{"@type":"ListItem","position":1,"name":"Startseite","item":"https:\/\/www.redbug-culture.com\/blog\/"},{"@type":"ListItem","position":2,"name":"Red Bug Charity"}]},{"@type":"WebSite","@id":"https:\/\/www.redbug-culture.com\/blog\/#website","url":"https:\/\/www.redbug-culture.com\/blog\/","name":"Red Bug Culture - Schreiben, Ver\u00f6ffentlichen, Kurse","description":"Tipps &amp; Coaching f\u00fcr Autor:innen, Rezensionen","potentialAction":[{"@type":"SearchAction","target":{"@type":"EntryPoint","urlTemplate":"https:\/\/www.redbug-culture.com\/blog\/?s={search_term_string}"},"query-input":{"@type":"PropertyValueSpecification","valueRequired":true,"valueName":"search_term_string"}}],"inLanguage":"de"}]}},"_links":{"self":[{"href":"https:\/\/www.redbug-culture.com\/blog\/wp-json\/wp\/v2\/pages\/2325","targetHints":{"allow":["GET"]}}],"collection":[{"href":"https:\/\/www.redbug-culture.com\/blog\/wp-json\/wp\/v2\/pages"}],"about":[{"href":"https:\/\/www.redbug-culture.com\/blog\/wp-json\/wp\/v2\/types\/page"}],"author":[{"embeddable":true,"href":"https:\/\/www.redbug-culture.com\/blog\/wp-json\/wp\/v2\/users\/5"}],"replies":[{"embeddable":true,"href":"https:\/\/www.redbug-culture.com\/blog\/wp-json\/wp\/v2\/comments?post=2325"}],"version-history":[{"count":0,"href":"https:\/\/www.redbug-culture.com\/blog\/wp-json\/wp\/v2\/pages\/2325\/revisions"}],"wp:attachment":[{"href":"https:\/\/www.redbug-culture.com\/blog\/wp-json\/wp\/v2\/media?parent=2325"}],"curies":[{"name":"wp","href":"https:\/\/api.w.org\/{rel}","templated":true}]}}