{"id":1897,"date":"2014-01-18T22:47:53","date_gmt":"2014-01-18T21:47:53","guid":{"rendered":"https:\/\/www.redbug-culture.com\/blog\/?page_id=1897"},"modified":"2014-03-17T22:59:02","modified_gmt":"2014-03-17T21:59:02","slug":"von-word-zu-epub-epub-secrets","status":"publish","type":"page","link":"https:\/\/www.redbug-culture.com\/blog\/veroeffentlichen\/von-word-zu-epub-epub-secrets\/","title":{"rendered":"Von Word zu epub &#8211; epub secrets"},"content":{"rendered":"<p>Unter der Kategorie ePub Secrets wird Uwe von nun an regelm\u00e4\u00dfig Einblicke in seine komplett myster\u00f6se Welt der Verwandlung von Worddateien in epub Formate (und mobis) geben. F\u00fcr alle, die es schon immer wissen wollten gibt es demn\u00e4chst nach und nach &#8230;<\/p>\n<ul>\n<li><a href=\"https:\/\/www.redbug-culture.com\/blog\/2014\/01\/epub-secrets-1-grundlagen\/\">Wie sieht eine epub von innen aus.<\/a><\/li>\n<li><a href=\"https:\/\/www.redbug-culture.com\/blog\/2014\/03\/epub-secrets-das-wichtigste-von-html\/\">Was ist das Allern\u00f6tigste, was ich von HTML wissen muss.<\/a><\/li>\n<li>Wie sollte die Worddatei aussehen, in die das Manuskript kommt.<\/li>\n<li>Wie ist der Workflow von Word zu epub. Die Liste!<\/li>\n<li>Wie platziere ich Bilder in epubs<\/li>\n<li>Was steht in der content.opf<\/li>\n<li>Wie bearbeite ich das Inhaltsverzeichnis \u00fcber die toc.ncx<\/li>\n<li>Wie zippe und validiere ich eine epub<\/li>\n<li>Wie checke ich meine fertige epub.<\/li>\n<li>Einfache epub Vorlage zum Herunterladen<\/li>\n<li>Wie erstelle ich eine sogenannte fixed layout epub.<\/li>\n<\/ul>\n","protected":false},"excerpt":{"rendered":"<p>Unter der Kategorie ePub Secrets wird Uwe von nun an regelm\u00e4\u00dfig Einblicke in seine komplett myster\u00f6se Welt der Verwandlung von Worddateien in epub Formate (und mobis) geben. F\u00fcr alle, die es schon immer wissen wollten gibt es demn\u00e4chst nach und nach &#8230; Wie sieht eine epub von innen aus. Was ist das Allern\u00f6tigste, was ich von HTML wissen muss. Wie sollte die Worddatei aussehen, in die das Manuskript kommt. Wie ist der Workflow von Word zu epub. Die Liste! Wie platziere ich Bilder in epubs Was steht in der content.opf Wie bearbeite ich das Inhaltsverzeichnis \u00fcber die toc.ncx Wie zippe und validiere ich eine epub Wie checke ich meine fertige epub. Einfache epub Vorlage zum Herunterladen Wie erstelle ich eine sogenannte fixed layout epub.<\/p>\n","protected":false},"author":5,"featured_media":0,"parent":53,"menu_order":2,"comment_status":"open","ping_status":"open","template":"","meta":{"footnotes":"","_links_to":"","_links_to_target":""},"class_list":["post-1897","page","type-page","status-publish","hentry"],"yoast_head":"<!-- This site is optimized with the Yoast SEO plugin v27.4 - https:\/\/yoast.com\/product\/yoast-seo-wordpress\/ -->\n<title>Von Word zu epub - epub secrets - Red Bug Culture - Schreiben, Ver\u00f6ffentlichen, Kurse<\/title>\n<meta name=\"robots\" content=\"index, follow, max-snippet:-1, max-image-preview:large, max-video-preview:-1\" \/>\n<link rel=\"canonical\" href=\"https:\/\/www.redbug-culture.com\/blog\/veroeffentlichen\/von-word-zu-epub-epub-secrets\/\" \/>\n<meta property=\"og:locale\" content=\"de_DE\" \/>\n<meta property=\"og:type\" content=\"article\" \/>\n<meta property=\"og:title\" content=\"Von Word zu epub - epub secrets - Red Bug Culture - Schreiben, Ver\u00f6ffentlichen, Kurse\" \/>\n<meta property=\"og:description\" content=\"Unter der Kategorie ePub Secrets wird Uwe von nun an regelm\u00e4\u00dfig Einblicke in seine komplett myster\u00f6se Welt der Verwandlung von Worddateien in epub Formate (und mobis) geben. F\u00fcr alle, die es schon immer wissen wollten gibt es demn\u00e4chst nach und nach &#8230; Wie sieht eine epub von innen aus. Was ist das Allern\u00f6tigste, was ich von HTML wissen muss. Wie sollte die Worddatei aussehen, in die das Manuskript kommt. Wie ist der Workflow von Word zu epub. Die Liste! Wie platziere ich Bilder in epubs Was steht in der content.opf Wie bearbeite ich das Inhaltsverzeichnis \u00fcber die toc.ncx Wie zippe und validiere ich eine epub Wie checke ich meine fertige epub. Einfache epub Vorlage zum Herunterladen Wie erstelle ich eine sogenannte fixed layout epub.\" \/>\n<meta property=\"og:url\" content=\"https:\/\/www.redbug-culture.com\/blog\/veroeffentlichen\/von-word-zu-epub-epub-secrets\/\" \/>\n<meta property=\"og:site_name\" content=\"Red Bug Culture - Schreiben, Ver\u00f6ffentlichen, Kurse\" \/>\n<meta property=\"article:publisher\" content=\"https:\/\/www.facebook.com\/RedBugBooks\" \/>\n<meta property=\"article:modified_time\" content=\"2014-03-17T21:59:02+00:00\" \/>\n<meta name=\"twitter:card\" content=\"summary_large_image\" \/>\n<meta name=\"twitter:site\" content=\"@RedBugBooks\" \/>\n<meta name=\"twitter:label1\" content=\"Gesch\u00e4tzte Lesezeit\" \/>\n\t<meta name=\"twitter:data1\" content=\"1\u00a0Minute\" \/>\n<script type=\"application\/ld+json\" class=\"yoast-schema-graph\">{\"@context\":\"https:\\\/\\\/schema.org\",\"@graph\":[{\"@type\":\"WebPage\",\"@id\":\"https:\\\/\\\/www.redbug-culture.com\\\/blog\\\/veroeffentlichen\\\/von-word-zu-epub-epub-secrets\\\/\",\"url\":\"https:\\\/\\\/www.redbug-culture.com\\\/blog\\\/veroeffentlichen\\\/von-word-zu-epub-epub-secrets\\\/\",\"name\":\"Von Word zu epub - epub secrets - Red Bug Culture - Schreiben, Ver\u00f6ffentlichen, Kurse\",\"isPartOf\":{\"@id\":\"https:\\\/\\\/www.redbug-culture.com\\\/blog\\\/#website\"},\"datePublished\":\"2014-01-18T21:47:53+00:00\",\"dateModified\":\"2014-03-17T21:59:02+00:00\",\"breadcrumb\":{\"@id\":\"https:\\\/\\\/www.redbug-culture.com\\\/blog\\\/veroeffentlichen\\\/von-word-zu-epub-epub-secrets\\\/#breadcrumb\"},\"inLanguage\":\"de\",\"potentialAction\":[{\"@type\":\"ReadAction\",\"target\":[\"https:\\\/\\\/www.redbug-culture.com\\\/blog\\\/veroeffentlichen\\\/von-word-zu-epub-epub-secrets\\\/\"]}]},{\"@type\":\"BreadcrumbList\",\"@id\":\"https:\\\/\\\/www.redbug-culture.com\\\/blog\\\/veroeffentlichen\\\/von-word-zu-epub-epub-secrets\\\/#breadcrumb\",\"itemListElement\":[{\"@type\":\"ListItem\",\"position\":1,\"name\":\"Startseite\",\"item\":\"https:\\\/\\\/www.redbug-culture.com\\\/blog\\\/\"},{\"@type\":\"ListItem\",\"position\":2,\"name\":\"Ver\u00f6ffentlichen\",\"item\":\"https:\\\/\\\/www.redbug-culture.com\\\/blog\\\/veroeffentlichen\\\/\"},{\"@type\":\"ListItem\",\"position\":3,\"name\":\"Von Word zu epub &#8211; epub secrets\"}]},{\"@type\":\"WebSite\",\"@id\":\"https:\\\/\\\/www.redbug-culture.com\\\/blog\\\/#website\",\"url\":\"https:\\\/\\\/www.redbug-culture.com\\\/blog\\\/\",\"name\":\"Red Bug Culture - Schreiben, Ver\u00f6ffentlichen, Kurse\",\"description\":\"Tipps &amp; Coaching f\u00fcr Autor:innen, Rezensionen\",\"potentialAction\":[{\"@type\":\"SearchAction\",\"target\":{\"@type\":\"EntryPoint\",\"urlTemplate\":\"https:\\\/\\\/www.redbug-culture.com\\\/blog\\\/?s={search_term_string}\"},\"query-input\":{\"@type\":\"PropertyValueSpecification\",\"valueRequired\":true,\"valueName\":\"search_term_string\"}}],\"inLanguage\":\"de\"}]}<\/script>\n<!-- \/ Yoast SEO plugin. -->","yoast_head_json":{"title":"Von Word zu epub - epub secrets - Red Bug Culture - Schreiben, Ver\u00f6ffentlichen, Kurse","robots":{"index":"index","follow":"follow","max-snippet":"max-snippet:-1","max-image-preview":"max-image-preview:large","max-video-preview":"max-video-preview:-1"},"canonical":"https:\/\/www.redbug-culture.com\/blog\/veroeffentlichen\/von-word-zu-epub-epub-secrets\/","og_locale":"de_DE","og_type":"article","og_title":"Von Word zu epub - epub secrets - Red Bug Culture - Schreiben, Ver\u00f6ffentlichen, Kurse","og_description":"Unter der Kategorie ePub Secrets wird Uwe von nun an regelm\u00e4\u00dfig Einblicke in seine komplett myster\u00f6se Welt der Verwandlung von Worddateien in epub Formate (und mobis) geben. F\u00fcr alle, die es schon immer wissen wollten gibt es demn\u00e4chst nach und nach &#8230; Wie sieht eine epub von innen aus. Was ist das Allern\u00f6tigste, was ich von HTML wissen muss. Wie sollte die Worddatei aussehen, in die das Manuskript kommt. Wie ist der Workflow von Word zu epub. Die Liste! Wie platziere ich Bilder in epubs Was steht in der content.opf Wie bearbeite ich das Inhaltsverzeichnis \u00fcber die toc.ncx Wie zippe und validiere ich eine epub Wie checke ich meine fertige epub. Einfache epub Vorlage zum Herunterladen Wie erstelle ich eine sogenannte fixed layout epub.","og_url":"https:\/\/www.redbug-culture.com\/blog\/veroeffentlichen\/von-word-zu-epub-epub-secrets\/","og_site_name":"Red Bug Culture - Schreiben, Ver\u00f6ffentlichen, Kurse","article_publisher":"https:\/\/www.facebook.com\/RedBugBooks","article_modified_time":"2014-03-17T21:59:02+00:00","twitter_card":"summary_large_image","twitter_site":"@RedBugBooks","twitter_misc":{"Gesch\u00e4tzte Lesezeit":"1\u00a0Minute"},"schema":{"@context":"https:\/\/schema.org","@graph":[{"@type":"WebPage","@id":"https:\/\/www.redbug-culture.com\/blog\/veroeffentlichen\/von-word-zu-epub-epub-secrets\/","url":"https:\/\/www.redbug-culture.com\/blog\/veroeffentlichen\/von-word-zu-epub-epub-secrets\/","name":"Von Word zu epub - epub secrets - Red Bug Culture - Schreiben, Ver\u00f6ffentlichen, Kurse","isPartOf":{"@id":"https:\/\/www.redbug-culture.com\/blog\/#website"},"datePublished":"2014-01-18T21:47:53+00:00","dateModified":"2014-03-17T21:59:02+00:00","breadcrumb":{"@id":"https:\/\/www.redbug-culture.com\/blog\/veroeffentlichen\/von-word-zu-epub-epub-secrets\/#breadcrumb"},"inLanguage":"de","potentialAction":[{"@type":"ReadAction","target":["https:\/\/www.redbug-culture.com\/blog\/veroeffentlichen\/von-word-zu-epub-epub-secrets\/"]}]},{"@type":"BreadcrumbList","@id":"https:\/\/www.redbug-culture.com\/blog\/veroeffentlichen\/von-word-zu-epub-epub-secrets\/#breadcrumb","itemListElement":[{"@type":"ListItem","position":1,"name":"Startseite","item":"https:\/\/www.redbug-culture.com\/blog\/"},{"@type":"ListItem","position":2,"name":"Ver\u00f6ffentlichen","item":"https:\/\/www.redbug-culture.com\/blog\/veroeffentlichen\/"},{"@type":"ListItem","position":3,"name":"Von Word zu epub &#8211; epub secrets"}]},{"@type":"WebSite","@id":"https:\/\/www.redbug-culture.com\/blog\/#website","url":"https:\/\/www.redbug-culture.com\/blog\/","name":"Red Bug Culture - Schreiben, Ver\u00f6ffentlichen, Kurse","description":"Tipps &amp; Coaching f\u00fcr Autor:innen, Rezensionen","potentialAction":[{"@type":"SearchAction","target":{"@type":"EntryPoint","urlTemplate":"https:\/\/www.redbug-culture.com\/blog\/?s={search_term_string}"},"query-input":{"@type":"PropertyValueSpecification","valueRequired":true,"valueName":"search_term_string"}}],"inLanguage":"de"}]}},"_links":{"self":[{"href":"https:\/\/www.redbug-culture.com\/blog\/wp-json\/wp\/v2\/pages\/1897","targetHints":{"allow":["GET"]}}],"collection":[{"href":"https:\/\/www.redbug-culture.com\/blog\/wp-json\/wp\/v2\/pages"}],"about":[{"href":"https:\/\/www.redbug-culture.com\/blog\/wp-json\/wp\/v2\/types\/page"}],"author":[{"embeddable":true,"href":"https:\/\/www.redbug-culture.com\/blog\/wp-json\/wp\/v2\/users\/5"}],"replies":[{"embeddable":true,"href":"https:\/\/www.redbug-culture.com\/blog\/wp-json\/wp\/v2\/comments?post=1897"}],"version-history":[{"count":0,"href":"https:\/\/www.redbug-culture.com\/blog\/wp-json\/wp\/v2\/pages\/1897\/revisions"}],"up":[{"embeddable":true,"href":"https:\/\/www.redbug-culture.com\/blog\/wp-json\/wp\/v2\/pages\/53"}],"wp:attachment":[{"href":"https:\/\/www.redbug-culture.com\/blog\/wp-json\/wp\/v2\/media?parent=1897"}],"curies":[{"name":"wp","href":"https:\/\/api.w.org\/{rel}","templated":true}]}}