{"id":17625,"date":"2019-11-14T12:14:13","date_gmt":"2019-11-14T11:14:13","guid":{"rendered":"https:\/\/www.redbug-culture.com\/blog\/?page_id=17625"},"modified":"2024-12-28T16:05:21","modified_gmt":"2024-12-28T15:05:21","slug":"charaktere-2","status":"publish","type":"page","link":"https:\/\/www.redbug-culture.com\/blog\/charaktere-2\/","title":{"rendered":"Charaktere"},"content":{"rendered":"<div class=\"container\">\n<article id=\"post-12636\" class=\"post-12636 page type-page status-publish hentry\">\n<div class=\"post-entry\">\n<h6><span style=\"color: #993300;\">***Hinweis: Viele Blogbeitr\u00e4ge werden gerade \u00fcberarbeitet und sind daher nicht verf\u00fcgbar.***<\/span><\/h6>\n<h6>Charaktere<\/h6>\n<p>Hier geht es um<em>\u00a0<\/em><i>Charaktere<\/i>, die literarische Figur im Roman, aber auch im Drehbuch oder Theater. Ohne (starke) Charaktere kein gutes Buch, kein gutes Drehbuch.<\/p>\n<blockquote><p>Eine <b>literarische Figur<\/b> oder <b>literarische Gestalt<\/b> ist eine fiktive Gestalt in einem literarischen Text. Literarische Figuren zeichnen sich durch ihre Charakterisierung aus, die innerhalb des Textes auf verschiedene Art erfolgen kann. Unter anderem ist dies abh\u00e4ngig von der Textgattung: in Prosatexten steht \u00fcber eine literarische Figur nur eine begrenzte Menge an Informationen zur Verf\u00fcgung, w\u00e4hrend dramatischen Figuren durch Schauspieler neue Aspekte hinzugef\u00fcgt werden k\u00f6nnen. \u00a0(<a href=\"https:\/\/de.wikipedia.org\/wiki\/Literarische_Figur\">Wikipedia<\/a>)<\/p><\/blockquote>\n<p>Die Charaktere einer Geschichte sind wichtiger als der Plot, wichtiger als die Geschichte, vielleicht das Wichtigste von allem in einer Story. Denn wenn die Leser eure Charaktere nicht m\u00f6gen \u2013 werden sie euer Buch irgendwann beiseite legen. Grund genug f\u00fcr uns, diesem Thema hier sehr viel Raum zu geben.<\/p>\n<p>Und: Besch\u00e4ftigst du dich mit (deinen) Buchcharakteren &#8211; besch\u00e4ftigst du dich auch immer mit mir selbst.<\/p>\n<p><a href=\"https:\/\/www.redbug-culture.com\/blog\/kategorie\/archetypen\/\">Die 12 Archetypen<\/a><\/p>\n<p><a href=\"https:\/\/www.redbug-culture.com\/blog\/kategorie\/starke-charaktere\/\">Starke Charaktere<\/a><\/p>\n<p><a href=\"https:\/\/www.redbug-culture.com\/blog\/kategorie\/7-tipps-fuer-vielschichtige-charaktere\/\">7 Tipps f\u00fcr vielschichtige Charaktere<\/a><\/p>\n<p><a href=\"https:\/\/www.redbug-culture.com\/blog\/kategorie\/charakter-special-beduerfnisse\/\">Charakter-Special: Bed\u00fcrfnisse<\/a><\/p>\n<p><a href=\"https:\/\/www.redbug-culture.com\/blog\/kategorie\/charakter-special-wuensche\/\">Charakter-Special: W\u00fcnsche<\/a><\/p>\n<h6>Einzelbeitr\u00e4ge zu Charakter<\/h6>\n<p><a href=\"https:\/\/www.redbug-culture.com\/blog\/2016\/01\/von-der-idee-zum-manuskript-charaktere-3\/\">Von der Idee zum Manuskript #3 Charaktere<\/a><\/p>\n<p><a href=\"https:\/\/www.redbug-culture.com\/blog\/2017\/05\/7-tipps-schneller-produktiver-schreiben-5-charaktere\/\">7 Tipps: Schneller und produktiver schreiben #5 Charaktere<\/a><\/p>\n<p>&nbsp;<\/p>\n<\/div>\n<div id=\"comments\" class=\"post-comments\">\n<div id=\"comments_pagination\"><\/div>\n<\/div>\n<\/article>\n<\/div>\n<div id=\"widget-area\">\n<div class=\"container\"><\/div>\n<\/div>\n","protected":false},"excerpt":{"rendered":"<p>***Hinweis: Viele Blogbeitr\u00e4ge werden gerade \u00fcberarbeitet und sind daher nicht verf\u00fcgbar.*** Charaktere Hier geht es um\u00a0Charaktere, die literarische Figur im Roman, aber auch im Drehbuch oder Theater. Ohne (starke) Charaktere kein gutes Buch, kein gutes Drehbuch. Eine literarische Figur oder literarische Gestalt ist eine fiktive Gestalt in einem literarischen Text. Literarische Figuren zeichnen sich durch ihre Charakterisierung aus, die innerhalb des Textes auf verschiedene Art erfolgen kann. Unter anderem ist dies abh\u00e4ngig von der Textgattung: in Prosatexten steht \u00fcber eine literarische Figur nur eine begrenzte Menge an Informationen zur Verf\u00fcgung, w\u00e4hrend dramatischen Figuren durch Schauspieler neue Aspekte hinzugef\u00fcgt werden k\u00f6nnen. \u00a0(Wikipedia) Die Charaktere einer Geschichte sind wichtiger als der Plot, wichtiger als die Geschichte, vielleicht das Wichtigste von allem in einer Story. Denn wenn die Leser eure Charaktere nicht m\u00f6gen \u2013 werden sie euer Buch irgendwann beiseite legen. Grund genug f\u00fcr uns, diesem Thema hier sehr viel Raum zu geben. Und: Besch\u00e4ftigst du dich mit (deinen) Buchcharakteren &#8211; besch\u00e4ftigst du dich auch immer mit mir selbst. Die 12 Archetypen Starke Charaktere 7 Tipps f\u00fcr vielschichtige Charaktere Charakter-Special: Bed\u00fcrfnisse Charakter-Special: W\u00fcnsche Einzelbeitr\u00e4ge zu Charakter Von der Idee zum Manuskript #3 Charaktere 7 Tipps: Schneller und produktiver schreiben #5 Charaktere &nbsp;<\/p>\n","protected":false},"author":7,"featured_media":21985,"parent":0,"menu_order":0,"comment_status":"closed","ping_status":"closed","template":"page-fullwidth.php","meta":{"footnotes":"","_links_to":"","_links_to_target":""},"class_list":["post-17625","page","type-page","status-publish","has-post-thumbnail","hentry"],"yoast_head":"<!-- This site is optimized with the Yoast SEO plugin v27.4 - https:\/\/yoast.com\/product\/yoast-seo-wordpress\/ -->\n<title>Charaktere - Red Bug Culture - Schreiben, Ver\u00f6ffentlichen, Kurse<\/title>\n<meta name=\"description\" content=\"Charaktere - hier geht es um die literarische Figur im Roman aber auch im Drehbuch oder Theater. Ohne (starke) Charaktere kein gutes Buch, kein ....\" \/>\n<meta name=\"robots\" content=\"index, follow, max-snippet:-1, max-image-preview:large, max-video-preview:-1\" \/>\n<link rel=\"canonical\" href=\"https:\/\/www.redbug-culture.com\/blog\/charaktere-2\/\" \/>\n<meta property=\"og:locale\" content=\"de_DE\" \/>\n<meta property=\"og:type\" content=\"article\" \/>\n<meta property=\"og:title\" content=\"Charaktere - Red Bug Culture - Schreiben, Ver\u00f6ffentlichen, Kurse\" \/>\n<meta property=\"og:description\" content=\"Charaktere - hier geht es um die literarische Figur im Roman aber auch im Drehbuch oder Theater. Ohne (starke) Charaktere kein gutes Buch, kein ....\" \/>\n<meta property=\"og:url\" content=\"https:\/\/www.redbug-culture.com\/blog\/charaktere-2\/\" \/>\n<meta property=\"og:site_name\" content=\"Red Bug Culture - Schreiben, Ver\u00f6ffentlichen, Kurse\" \/>\n<meta property=\"article:publisher\" content=\"https:\/\/www.facebook.com\/RedBugBooks\" \/>\n<meta property=\"article:modified_time\" content=\"2024-12-28T15:05:21+00:00\" \/>\n<meta property=\"og:image\" content=\"https:\/\/www.redbug-culture.com\/blog\/wp-content\/uploads\/2021\/01\/Banner_Charcter.png\" \/>\n\t<meta property=\"og:image:width\" content=\"740\" \/>\n\t<meta property=\"og:image:height\" content=\"493\" \/>\n\t<meta property=\"og:image:type\" content=\"image\/png\" \/>\n<meta name=\"twitter:card\" content=\"summary_large_image\" \/>\n<meta name=\"twitter:site\" content=\"@RedBugBooks\" \/>\n<meta name=\"twitter:label1\" content=\"Gesch\u00e4tzte Lesezeit\" \/>\n\t<meta name=\"twitter:data1\" content=\"1\u00a0Minute\" \/>\n<script type=\"application\/ld+json\" class=\"yoast-schema-graph\">{\"@context\":\"https:\\\/\\\/schema.org\",\"@graph\":[{\"@type\":\"WebPage\",\"@id\":\"https:\\\/\\\/www.redbug-culture.com\\\/blog\\\/charaktere-2\\\/\",\"url\":\"https:\\\/\\\/www.redbug-culture.com\\\/blog\\\/charaktere-2\\\/\",\"name\":\"Charaktere - Red Bug Culture - Schreiben, Ver\u00f6ffentlichen, Kurse\",\"isPartOf\":{\"@id\":\"https:\\\/\\\/www.redbug-culture.com\\\/blog\\\/#website\"},\"primaryImageOfPage\":{\"@id\":\"https:\\\/\\\/www.redbug-culture.com\\\/blog\\\/charaktere-2\\\/#primaryimage\"},\"image\":{\"@id\":\"https:\\\/\\\/www.redbug-culture.com\\\/blog\\\/charaktere-2\\\/#primaryimage\"},\"thumbnailUrl\":\"https:\\\/\\\/www.redbug-culture.com\\\/blog\\\/wp-content\\\/uploads\\\/2021\\\/01\\\/Banner_Charcter.png\",\"datePublished\":\"2019-11-14T11:14:13+00:00\",\"dateModified\":\"2024-12-28T15:05:21+00:00\",\"description\":\"Charaktere - hier geht es um die literarische Figur im Roman aber auch im Drehbuch oder Theater. Ohne (starke) Charaktere kein gutes Buch, kein ....\",\"breadcrumb\":{\"@id\":\"https:\\\/\\\/www.redbug-culture.com\\\/blog\\\/charaktere-2\\\/#breadcrumb\"},\"inLanguage\":\"de\",\"potentialAction\":[{\"@type\":\"ReadAction\",\"target\":[\"https:\\\/\\\/www.redbug-culture.com\\\/blog\\\/charaktere-2\\\/\"]}]},{\"@type\":\"ImageObject\",\"inLanguage\":\"de\",\"@id\":\"https:\\\/\\\/www.redbug-culture.com\\\/blog\\\/charaktere-2\\\/#primaryimage\",\"url\":\"https:\\\/\\\/www.redbug-culture.com\\\/blog\\\/wp-content\\\/uploads\\\/2021\\\/01\\\/Banner_Charcter.png\",\"contentUrl\":\"https:\\\/\\\/www.redbug-culture.com\\\/blog\\\/wp-content\\\/uploads\\\/2021\\\/01\\\/Banner_Charcter.png\",\"width\":740,\"height\":493},{\"@type\":\"BreadcrumbList\",\"@id\":\"https:\\\/\\\/www.redbug-culture.com\\\/blog\\\/charaktere-2\\\/#breadcrumb\",\"itemListElement\":[{\"@type\":\"ListItem\",\"position\":1,\"name\":\"Startseite\",\"item\":\"https:\\\/\\\/www.redbug-culture.com\\\/blog\\\/\"},{\"@type\":\"ListItem\",\"position\":2,\"name\":\"Charaktere\"}]},{\"@type\":\"WebSite\",\"@id\":\"https:\\\/\\\/www.redbug-culture.com\\\/blog\\\/#website\",\"url\":\"https:\\\/\\\/www.redbug-culture.com\\\/blog\\\/\",\"name\":\"Red Bug Culture - Schreiben, Ver\u00f6ffentlichen, Kurse\",\"description\":\"Tipps &amp; Coaching f\u00fcr Autor:innen, Rezensionen\",\"potentialAction\":[{\"@type\":\"SearchAction\",\"target\":{\"@type\":\"EntryPoint\",\"urlTemplate\":\"https:\\\/\\\/www.redbug-culture.com\\\/blog\\\/?s={search_term_string}\"},\"query-input\":{\"@type\":\"PropertyValueSpecification\",\"valueRequired\":true,\"valueName\":\"search_term_string\"}}],\"inLanguage\":\"de\"}]}<\/script>\n<!-- \/ Yoast SEO plugin. -->","yoast_head_json":{"title":"Charaktere - Red Bug Culture - Schreiben, Ver\u00f6ffentlichen, Kurse","description":"Charaktere - hier geht es um die literarische Figur im Roman aber auch im Drehbuch oder Theater. Ohne (starke) Charaktere kein gutes Buch, kein ....","robots":{"index":"index","follow":"follow","max-snippet":"max-snippet:-1","max-image-preview":"max-image-preview:large","max-video-preview":"max-video-preview:-1"},"canonical":"https:\/\/www.redbug-culture.com\/blog\/charaktere-2\/","og_locale":"de_DE","og_type":"article","og_title":"Charaktere - Red Bug Culture - Schreiben, Ver\u00f6ffentlichen, Kurse","og_description":"Charaktere - hier geht es um die literarische Figur im Roman aber auch im Drehbuch oder Theater. Ohne (starke) Charaktere kein gutes Buch, kein ....","og_url":"https:\/\/www.redbug-culture.com\/blog\/charaktere-2\/","og_site_name":"Red Bug Culture - Schreiben, Ver\u00f6ffentlichen, Kurse","article_publisher":"https:\/\/www.facebook.com\/RedBugBooks","article_modified_time":"2024-12-28T15:05:21+00:00","og_image":[{"width":740,"height":493,"url":"https:\/\/www.redbug-culture.com\/blog\/wp-content\/uploads\/2021\/01\/Banner_Charcter.png","type":"image\/png"}],"twitter_card":"summary_large_image","twitter_site":"@RedBugBooks","twitter_misc":{"Gesch\u00e4tzte Lesezeit":"1\u00a0Minute"},"schema":{"@context":"https:\/\/schema.org","@graph":[{"@type":"WebPage","@id":"https:\/\/www.redbug-culture.com\/blog\/charaktere-2\/","url":"https:\/\/www.redbug-culture.com\/blog\/charaktere-2\/","name":"Charaktere - Red Bug Culture - Schreiben, Ver\u00f6ffentlichen, Kurse","isPartOf":{"@id":"https:\/\/www.redbug-culture.com\/blog\/#website"},"primaryImageOfPage":{"@id":"https:\/\/www.redbug-culture.com\/blog\/charaktere-2\/#primaryimage"},"image":{"@id":"https:\/\/www.redbug-culture.com\/blog\/charaktere-2\/#primaryimage"},"thumbnailUrl":"https:\/\/www.redbug-culture.com\/blog\/wp-content\/uploads\/2021\/01\/Banner_Charcter.png","datePublished":"2019-11-14T11:14:13+00:00","dateModified":"2024-12-28T15:05:21+00:00","description":"Charaktere - hier geht es um die literarische Figur im Roman aber auch im Drehbuch oder Theater. Ohne (starke) Charaktere kein gutes Buch, kein ....","breadcrumb":{"@id":"https:\/\/www.redbug-culture.com\/blog\/charaktere-2\/#breadcrumb"},"inLanguage":"de","potentialAction":[{"@type":"ReadAction","target":["https:\/\/www.redbug-culture.com\/blog\/charaktere-2\/"]}]},{"@type":"ImageObject","inLanguage":"de","@id":"https:\/\/www.redbug-culture.com\/blog\/charaktere-2\/#primaryimage","url":"https:\/\/www.redbug-culture.com\/blog\/wp-content\/uploads\/2021\/01\/Banner_Charcter.png","contentUrl":"https:\/\/www.redbug-culture.com\/blog\/wp-content\/uploads\/2021\/01\/Banner_Charcter.png","width":740,"height":493},{"@type":"BreadcrumbList","@id":"https:\/\/www.redbug-culture.com\/blog\/charaktere-2\/#breadcrumb","itemListElement":[{"@type":"ListItem","position":1,"name":"Startseite","item":"https:\/\/www.redbug-culture.com\/blog\/"},{"@type":"ListItem","position":2,"name":"Charaktere"}]},{"@type":"WebSite","@id":"https:\/\/www.redbug-culture.com\/blog\/#website","url":"https:\/\/www.redbug-culture.com\/blog\/","name":"Red Bug Culture - Schreiben, Ver\u00f6ffentlichen, Kurse","description":"Tipps &amp; Coaching f\u00fcr Autor:innen, Rezensionen","potentialAction":[{"@type":"SearchAction","target":{"@type":"EntryPoint","urlTemplate":"https:\/\/www.redbug-culture.com\/blog\/?s={search_term_string}"},"query-input":{"@type":"PropertyValueSpecification","valueRequired":true,"valueName":"search_term_string"}}],"inLanguage":"de"}]}},"_links":{"self":[{"href":"https:\/\/www.redbug-culture.com\/blog\/wp-json\/wp\/v2\/pages\/17625","targetHints":{"allow":["GET"]}}],"collection":[{"href":"https:\/\/www.redbug-culture.com\/blog\/wp-json\/wp\/v2\/pages"}],"about":[{"href":"https:\/\/www.redbug-culture.com\/blog\/wp-json\/wp\/v2\/types\/page"}],"author":[{"embeddable":true,"href":"https:\/\/www.redbug-culture.com\/blog\/wp-json\/wp\/v2\/users\/7"}],"replies":[{"embeddable":true,"href":"https:\/\/www.redbug-culture.com\/blog\/wp-json\/wp\/v2\/comments?post=17625"}],"version-history":[{"count":0,"href":"https:\/\/www.redbug-culture.com\/blog\/wp-json\/wp\/v2\/pages\/17625\/revisions"}],"wp:featuredmedia":[{"embeddable":true,"href":"https:\/\/www.redbug-culture.com\/blog\/wp-json\/wp\/v2\/media\/21985"}],"wp:attachment":[{"href":"https:\/\/www.redbug-culture.com\/blog\/wp-json\/wp\/v2\/media?parent=17625"}],"curies":[{"name":"wp","href":"https:\/\/api.w.org\/{rel}","templated":true}]}}