{"id":17615,"date":"2019-11-14T11:37:19","date_gmt":"2019-11-14T10:37:19","guid":{"rendered":"https:\/\/www.redbug-culture.com\/blog\/?page_id=17615"},"modified":"2025-07-10T12:08:32","modified_gmt":"2025-07-10T10:08:32","slug":"story","status":"publish","type":"page","link":"https:\/\/www.redbug-culture.com\/blog\/story\/","title":{"rendered":"Story"},"content":{"rendered":"<h6>Story<\/h6>\n<p>Unter Story findest du Lernreihen, die dir helfen, eine Geschichte zu erz\u00e4hlen. Was macht eine Story aus? Wie ist sie aufgebaut, was braucht sie, damit es spannend wird? Unser Blog wird gerade \u00fcberarbeitet, daher sind viele Beitr\u00e4ge auf privat gestellt.<\/p>\n<h6>Plotten &amp; Planen<\/h6>\n<p>Es hei\u00dft ja, es gibt Plotter\/Planer und Pantser\/Freestyle-Schreiber, also grunds\u00e4tzlich zwei verschiedene Typen von Autor*innen. Die einen, die am liebsten alles genau planen und die, die drauflos schreiben. F\u00fcr beide Gruppen haben wir Tipps und Tricks wie es besser klappt mit dem Schreiben.<\/p>\n<h6>Beitr\u00e4ge zum Thema Story<\/h6>\n<p><a href=\"https:\/\/www.redbug-culture.com\/blog\/kategorie\/3-akte-struktur\/\">Die 3-Akte-Struktur &#8211; <\/a>Wichtigstes Tool f\u00fcr alle Autor:innen<\/p>\n<p><a href=\"https:\/\/www.redbug-culture.com\/blog\/kategorie\/writers-wednesday-story-world\/\">Story World<\/a> &#8211; <em>Was macht die Welt von Geschichten aus?<\/em><\/p>\n<p><a href=\"https:\/\/www.redbug-culture.com\/blog\/kategorie\/genre-themen-stories\/\">Alles \u00fcber: Genre\/Themen\/Storys<\/a><\/p>\n<p><a href=\"https:\/\/www.redbug-culture.com\/blog\/2016\/01\/von-der-idee-zum-manuskript-story-2\/\">Von der Idee zum Manuskript &#8211; Story\u00a0<\/a><\/p>\n<p><a href=\"https:\/\/www.redbug-culture.com\/blog\/kategorie\/das-magische-objekt-dinge-in-geschichten\/\">Magische Objekte in Geschichten<\/a><\/p>\n<p>Falls du dich f\u00fcr alle unsere Neuigkeiten, neuen Blog-Kurse und Aktionen interessierst, abonnieren gerne\u00a0<a href=\"http:\/\/eepurl.com\/gr0n9P\">unseren Newsletter<\/a>.<\/p>\n<p>Viel Erfolg beim Schreiben!<\/p>\n<p>&nbsp;<\/p>\n","protected":false},"excerpt":{"rendered":"<p>Story Unter Story findest du Lernreihen, die dir helfen, eine Geschichte zu erz\u00e4hlen. Was macht eine Story aus? Wie ist sie aufgebaut, was braucht sie, damit es spannend wird? Unser Blog wird gerade \u00fcberarbeitet, daher sind viele Beitr\u00e4ge auf privat gestellt. Plotten &amp; Planen Es hei\u00dft ja, es gibt Plotter\/Planer und Pantser\/Freestyle-Schreiber, also grunds\u00e4tzlich zwei verschiedene Typen von Autor*innen. Die einen, die am liebsten alles genau planen und die, die drauflos schreiben. F\u00fcr beide Gruppen haben wir Tipps und Tricks wie es besser klappt mit dem Schreiben. Beitr\u00e4ge zum Thema Story Die 3-Akte-Struktur &#8211; Wichtigstes Tool f\u00fcr alle Autor:innen Story World &#8211; Was macht die Welt von Geschichten aus? Alles \u00fcber: Genre\/Themen\/Storys Von der Idee zum Manuskript &#8211; Story\u00a0 Magische Objekte in Geschichten Falls du dich f\u00fcr alle unsere Neuigkeiten, neuen Blog-Kurse und Aktionen interessierst, abonnieren gerne\u00a0unseren Newsletter. Viel Erfolg beim Schreiben! &nbsp;<\/p>\n","protected":false},"author":7,"featured_media":17602,"parent":0,"menu_order":0,"comment_status":"closed","ping_status":"closed","template":"page-fullwidth.php","meta":{"footnotes":"","_links_to":"","_links_to_target":""},"class_list":["post-17615","page","type-page","status-publish","has-post-thumbnail","hentry"],"yoast_head":"<!-- This site is optimized with the Yoast SEO plugin v27.3 - https:\/\/yoast.com\/product\/yoast-seo-wordpress\/ -->\n<title>Story - Red Bug Culture - Schreiben, Ver\u00f6ffentlichen, Kurse<\/title>\n<meta name=\"description\" content=\"Story - hier findest du Beitr\u00e4ge zu der Frage, wie du eine Geschichte erz\u00e4hlen kannst, wie sie klassich strukturiert ist, oder wie du ...\" \/>\n<meta name=\"robots\" content=\"index, follow, max-snippet:-1, max-image-preview:large, max-video-preview:-1\" \/>\n<link rel=\"canonical\" href=\"https:\/\/www.redbug-culture.com\/blog\/story\/\" \/>\n<meta property=\"og:locale\" content=\"de_DE\" \/>\n<meta property=\"og:type\" content=\"article\" \/>\n<meta property=\"og:title\" content=\"Story - Red Bug Culture - Schreiben, Ver\u00f6ffentlichen, Kurse\" \/>\n<meta property=\"og:description\" content=\"Story - hier findest du Beitr\u00e4ge zu der Frage, wie du eine Geschichte erz\u00e4hlen kannst, wie sie klassich strukturiert ist, oder wie du ...\" \/>\n<meta property=\"og:url\" content=\"https:\/\/www.redbug-culture.com\/blog\/story\/\" \/>\n<meta property=\"og:site_name\" content=\"Red Bug Culture - Schreiben, Ver\u00f6ffentlichen, Kurse\" \/>\n<meta property=\"article:publisher\" content=\"https:\/\/www.facebook.com\/RedBugBooks\" \/>\n<meta property=\"article:modified_time\" content=\"2025-07-10T10:08:32+00:00\" \/>\n<meta property=\"og:image\" content=\"https:\/\/www.redbug-culture.com\/blog\/wp-content\/uploads\/2019\/11\/person-holding-orange-pen-1925536.jpg\" \/>\n\t<meta property=\"og:image:width\" content=\"1280\" \/>\n\t<meta property=\"og:image:height\" content=\"853\" \/>\n\t<meta property=\"og:image:type\" content=\"image\/jpeg\" \/>\n<meta name=\"twitter:card\" content=\"summary_large_image\" \/>\n<meta name=\"twitter:site\" content=\"@RedBugBooks\" \/>\n<meta name=\"twitter:label1\" content=\"Gesch\u00e4tzte Lesezeit\" \/>\n\t<meta name=\"twitter:data1\" content=\"1\u00a0Minute\" \/>\n<script type=\"application\/ld+json\" class=\"yoast-schema-graph\">{\"@context\":\"https:\\\/\\\/schema.org\",\"@graph\":[{\"@type\":\"WebPage\",\"@id\":\"https:\\\/\\\/www.redbug-culture.com\\\/blog\\\/story\\\/\",\"url\":\"https:\\\/\\\/www.redbug-culture.com\\\/blog\\\/story\\\/\",\"name\":\"Story - Red Bug Culture - Schreiben, Ver\u00f6ffentlichen, Kurse\",\"isPartOf\":{\"@id\":\"https:\\\/\\\/www.redbug-culture.com\\\/blog\\\/#website\"},\"primaryImageOfPage\":{\"@id\":\"https:\\\/\\\/www.redbug-culture.com\\\/blog\\\/story\\\/#primaryimage\"},\"image\":{\"@id\":\"https:\\\/\\\/www.redbug-culture.com\\\/blog\\\/story\\\/#primaryimage\"},\"thumbnailUrl\":\"https:\\\/\\\/www.redbug-culture.com\\\/blog\\\/wp-content\\\/uploads\\\/2019\\\/11\\\/person-holding-orange-pen-1925536.jpg\",\"datePublished\":\"2019-11-14T10:37:19+00:00\",\"dateModified\":\"2025-07-10T10:08:32+00:00\",\"description\":\"Story - hier findest du Beitr\u00e4ge zu der Frage, wie du eine Geschichte erz\u00e4hlen kannst, wie sie klassich strukturiert ist, oder wie du ...\",\"breadcrumb\":{\"@id\":\"https:\\\/\\\/www.redbug-culture.com\\\/blog\\\/story\\\/#breadcrumb\"},\"inLanguage\":\"de\",\"potentialAction\":[{\"@type\":\"ReadAction\",\"target\":[\"https:\\\/\\\/www.redbug-culture.com\\\/blog\\\/story\\\/\"]}]},{\"@type\":\"ImageObject\",\"inLanguage\":\"de\",\"@id\":\"https:\\\/\\\/www.redbug-culture.com\\\/blog\\\/story\\\/#primaryimage\",\"url\":\"https:\\\/\\\/www.redbug-culture.com\\\/blog\\\/wp-content\\\/uploads\\\/2019\\\/11\\\/person-holding-orange-pen-1925536.jpg\",\"contentUrl\":\"https:\\\/\\\/www.redbug-culture.com\\\/blog\\\/wp-content\\\/uploads\\\/2019\\\/11\\\/person-holding-orange-pen-1925536.jpg\",\"width\":1280,\"height\":853},{\"@type\":\"BreadcrumbList\",\"@id\":\"https:\\\/\\\/www.redbug-culture.com\\\/blog\\\/story\\\/#breadcrumb\",\"itemListElement\":[{\"@type\":\"ListItem\",\"position\":1,\"name\":\"Startseite\",\"item\":\"https:\\\/\\\/www.redbug-culture.com\\\/blog\\\/\"},{\"@type\":\"ListItem\",\"position\":2,\"name\":\"Story\"}]},{\"@type\":\"WebSite\",\"@id\":\"https:\\\/\\\/www.redbug-culture.com\\\/blog\\\/#website\",\"url\":\"https:\\\/\\\/www.redbug-culture.com\\\/blog\\\/\",\"name\":\"Red Bug Culture - Schreiben, Ver\u00f6ffentlichen, Kurse\",\"description\":\"Tipps &amp; Coaching f\u00fcr Autor:innen, Rezensionen\",\"potentialAction\":[{\"@type\":\"SearchAction\",\"target\":{\"@type\":\"EntryPoint\",\"urlTemplate\":\"https:\\\/\\\/www.redbug-culture.com\\\/blog\\\/?s={search_term_string}\"},\"query-input\":{\"@type\":\"PropertyValueSpecification\",\"valueRequired\":true,\"valueName\":\"search_term_string\"}}],\"inLanguage\":\"de\"}]}<\/script>\n<!-- \/ Yoast SEO plugin. -->","yoast_head_json":{"title":"Story - Red Bug Culture - Schreiben, Ver\u00f6ffentlichen, Kurse","description":"Story - hier findest du Beitr\u00e4ge zu der Frage, wie du eine Geschichte erz\u00e4hlen kannst, wie sie klassich strukturiert ist, oder wie du ...","robots":{"index":"index","follow":"follow","max-snippet":"max-snippet:-1","max-image-preview":"max-image-preview:large","max-video-preview":"max-video-preview:-1"},"canonical":"https:\/\/www.redbug-culture.com\/blog\/story\/","og_locale":"de_DE","og_type":"article","og_title":"Story - Red Bug Culture - Schreiben, Ver\u00f6ffentlichen, Kurse","og_description":"Story - hier findest du Beitr\u00e4ge zu der Frage, wie du eine Geschichte erz\u00e4hlen kannst, wie sie klassich strukturiert ist, oder wie du ...","og_url":"https:\/\/www.redbug-culture.com\/blog\/story\/","og_site_name":"Red Bug Culture - Schreiben, Ver\u00f6ffentlichen, Kurse","article_publisher":"https:\/\/www.facebook.com\/RedBugBooks","article_modified_time":"2025-07-10T10:08:32+00:00","og_image":[{"width":1280,"height":853,"url":"https:\/\/www.redbug-culture.com\/blog\/wp-content\/uploads\/2019\/11\/person-holding-orange-pen-1925536.jpg","type":"image\/jpeg"}],"twitter_card":"summary_large_image","twitter_site":"@RedBugBooks","twitter_misc":{"Gesch\u00e4tzte Lesezeit":"1\u00a0Minute"},"schema":{"@context":"https:\/\/schema.org","@graph":[{"@type":"WebPage","@id":"https:\/\/www.redbug-culture.com\/blog\/story\/","url":"https:\/\/www.redbug-culture.com\/blog\/story\/","name":"Story - Red Bug Culture - Schreiben, Ver\u00f6ffentlichen, Kurse","isPartOf":{"@id":"https:\/\/www.redbug-culture.com\/blog\/#website"},"primaryImageOfPage":{"@id":"https:\/\/www.redbug-culture.com\/blog\/story\/#primaryimage"},"image":{"@id":"https:\/\/www.redbug-culture.com\/blog\/story\/#primaryimage"},"thumbnailUrl":"https:\/\/www.redbug-culture.com\/blog\/wp-content\/uploads\/2019\/11\/person-holding-orange-pen-1925536.jpg","datePublished":"2019-11-14T10:37:19+00:00","dateModified":"2025-07-10T10:08:32+00:00","description":"Story - hier findest du Beitr\u00e4ge zu der Frage, wie du eine Geschichte erz\u00e4hlen kannst, wie sie klassich strukturiert ist, oder wie du ...","breadcrumb":{"@id":"https:\/\/www.redbug-culture.com\/blog\/story\/#breadcrumb"},"inLanguage":"de","potentialAction":[{"@type":"ReadAction","target":["https:\/\/www.redbug-culture.com\/blog\/story\/"]}]},{"@type":"ImageObject","inLanguage":"de","@id":"https:\/\/www.redbug-culture.com\/blog\/story\/#primaryimage","url":"https:\/\/www.redbug-culture.com\/blog\/wp-content\/uploads\/2019\/11\/person-holding-orange-pen-1925536.jpg","contentUrl":"https:\/\/www.redbug-culture.com\/blog\/wp-content\/uploads\/2019\/11\/person-holding-orange-pen-1925536.jpg","width":1280,"height":853},{"@type":"BreadcrumbList","@id":"https:\/\/www.redbug-culture.com\/blog\/story\/#breadcrumb","itemListElement":[{"@type":"ListItem","position":1,"name":"Startseite","item":"https:\/\/www.redbug-culture.com\/blog\/"},{"@type":"ListItem","position":2,"name":"Story"}]},{"@type":"WebSite","@id":"https:\/\/www.redbug-culture.com\/blog\/#website","url":"https:\/\/www.redbug-culture.com\/blog\/","name":"Red Bug Culture - Schreiben, Ver\u00f6ffentlichen, Kurse","description":"Tipps &amp; Coaching f\u00fcr Autor:innen, Rezensionen","potentialAction":[{"@type":"SearchAction","target":{"@type":"EntryPoint","urlTemplate":"https:\/\/www.redbug-culture.com\/blog\/?s={search_term_string}"},"query-input":{"@type":"PropertyValueSpecification","valueRequired":true,"valueName":"search_term_string"}}],"inLanguage":"de"}]}},"_links":{"self":[{"href":"https:\/\/www.redbug-culture.com\/blog\/wp-json\/wp\/v2\/pages\/17615","targetHints":{"allow":["GET"]}}],"collection":[{"href":"https:\/\/www.redbug-culture.com\/blog\/wp-json\/wp\/v2\/pages"}],"about":[{"href":"https:\/\/www.redbug-culture.com\/blog\/wp-json\/wp\/v2\/types\/page"}],"author":[{"embeddable":true,"href":"https:\/\/www.redbug-culture.com\/blog\/wp-json\/wp\/v2\/users\/7"}],"replies":[{"embeddable":true,"href":"https:\/\/www.redbug-culture.com\/blog\/wp-json\/wp\/v2\/comments?post=17615"}],"version-history":[{"count":0,"href":"https:\/\/www.redbug-culture.com\/blog\/wp-json\/wp\/v2\/pages\/17615\/revisions"}],"wp:featuredmedia":[{"embeddable":true,"href":"https:\/\/www.redbug-culture.com\/blog\/wp-json\/wp\/v2\/media\/17602"}],"wp:attachment":[{"href":"https:\/\/www.redbug-culture.com\/blog\/wp-json\/wp\/v2\/media?parent=17615"}],"curies":[{"name":"wp","href":"https:\/\/api.w.org\/{rel}","templated":true}]}}