{"id":172,"date":"2012-06-06T10:38:45","date_gmt":"2012-06-06T10:38:45","guid":{"rendered":"https:\/\/www.redbug-culture.com\/blog\/?page_id=172"},"modified":"2015-12-05T15:02:00","modified_gmt":"2015-12-05T14:02:00","slug":"auf-handy","status":"publish","type":"page","link":"https:\/\/www.redbug-culture.com\/blog\/e-reading\/auf-handy\/","title":{"rendered":"mit Handy"},"content":{"rendered":"<p>Auf dem Handy. Ja, auch das geht nat\u00fcrlich.<\/p>\n<p><strong>iPhone<\/strong>: Ihr lest mit der <a href=\"http:\/\/itunes.apple.com\/us\/app\/ibooks\/id364709193?mt=8\">ibook App<\/a> eure B\u00fccher aus dem iBook store, also \u00fcber itunes, ganz easy auch auf dem iPhone. In Farbe und mit zu vergr\u00f6\u00dfernder Schrift und so seltsam ich das am Anfang fand: es geht und wenn man im Caf\u00e9 sitzt und wartet oder sich langweilt, kann man ebenso gut ein Buch lesen, wie mit einer App rumdaddeln oder seine Mails checken. Great!<\/p>\n<p>Und was ist mit den Amazon-B\u00fcchern? Habe ich auch ausprobiert. Mit der <a href=\"http:\/\/www.amazon.de\/gp\/product\/B004DLPXAO\/ref=as_li_tl?ie=UTF8&amp;camp=1638&amp;creative=6742&amp;creativeASIN=B004DLPXAO&amp;linkCode=as2&amp;tag=redbugculture-21\" rel=\"nofollow\">Kindle App<\/a><a href=\"http:\/\/itunes.apple.com\/de\/app\/kindle\/id302584613?mt=8\"><img loading=\"lazy\" decoding=\"async\" style=\"border: none !important; margin: 0px !important;\" src=\"http:\/\/ir-de.amazon-adsystem.com\/e\/ir?t=redbugculture-21&amp;l=as2&amp;o=3&amp;a=B004DLPXAO\" alt=\"\" width=\"1\" height=\"1\" border=\"0\" \/><\/a> f\u00fcr das iPhone ist das auch ganz einfach und au\u00dferdem liest man dann in Farbe, also eigentlich besser als auf dem Kindle Basis-Reader.<\/p>\n<p><strong>Android-Handys<\/strong>: Im Grunde sind alle anderen besseren Handys mit der A-Technik ausgestattet. Und auch hier gibt es\u00a0<a href=\"https:\/\/play.google.com\/store\/apps\/details?id=com.amazon.kindle&amp;hl=de\">Apps<\/a>\u00a0 \u00fcber Google Play f\u00fcr alle Formate, epub, mobi. Google Play startet wohl den Angriff auf Apple und iTunes. Wichtig f\u00fcrs Lesen: es klappt auch hier und da ja alle gro\u00dfen eBookplattformen eine eigene App entwickelt haben (<a href=\"https:\/\/play.google.com\/store\/apps\/details?id=com.kobobooks.android&amp;feature=related_apps#?t=W251bGwsMSwxLDEwOSwiY29tLmtvYm9ib29rcy5hbmRyb2lkIl0.\">Kobo,<\/a>, <a href=\"https:\/\/play.google.com\/store\/apps\/details?id=com.google.android.apps.books&amp;feature=related_apps#?t=W251bGwsMSwxLDEwOSwiY29tLmdvb2dsZS5hbmRyb2lkLmFwcHMuYm9va3MiXQ..\">Google Play Books<\/a>, <a href=\"https:\/\/play.google.com\/store\/apps\/details?id=wp.wattpad&amp;feature=related_apps#?t=W251bGwsMSwxLDEwOSwid3Aud2F0dHBhZCJd\">Wattpad<\/a>&#8230;) k\u00f6nnen wir umsonst runter laden und lesen von woher oder was wir wollen. Und so soll es doch sein.<\/p>\n<p>&nbsp;<\/p>\n","protected":false},"excerpt":{"rendered":"<p>Auf dem Handy. Ja, auch das geht nat\u00fcrlich. iPhone: Ihr lest mit der ibook App eure B\u00fccher aus dem iBook store, also \u00fcber itunes, ganz easy auch auf dem iPhone. In Farbe und mit zu vergr\u00f6\u00dfernder Schrift und so seltsam ich das am Anfang fand: es geht und wenn man im Caf\u00e9 sitzt und wartet oder sich langweilt, kann man ebenso gut ein Buch lesen, wie mit einer App rumdaddeln oder seine Mails checken. Great! Und was ist mit den Amazon-B\u00fcchern? Habe ich auch ausprobiert. Mit der Kindle App f\u00fcr das iPhone ist das auch ganz einfach und au\u00dferdem liest man dann in Farbe, also eigentlich besser als auf dem Kindle Basis-Reader. Android-Handys: Im Grunde sind alle anderen besseren Handys mit der A-Technik ausgestattet. Und auch hier gibt es\u00a0Apps\u00a0 \u00fcber Google Play f\u00fcr alle Formate, epub, mobi. Google Play startet wohl den Angriff auf Apple und iTunes. Wichtig f\u00fcrs Lesen: es klappt auch hier und da ja alle gro\u00dfen eBookplattformen eine eigene App entwickelt haben (Kobo,, Google Play Books, Wattpad&#8230;) k\u00f6nnen wir umsonst runter laden und lesen von woher oder was wir wollen. Und so soll es doch sein. &nbsp;<\/p>\n","protected":false},"author":5,"featured_media":0,"parent":161,"menu_order":0,"comment_status":"open","ping_status":"open","template":"","meta":{"footnotes":"","_links_to":"","_links_to_target":""},"class_list":["post-172","page","type-page","status-publish","hentry"],"yoast_head":"<!-- This site is optimized with the Yoast SEO plugin v27.4 - https:\/\/yoast.com\/product\/yoast-seo-wordpress\/ -->\n<title>mit Handy - Red Bug Culture - Schreiben, Ver\u00f6ffentlichen, Kurse<\/title>\n<meta name=\"robots\" content=\"index, follow, max-snippet:-1, max-image-preview:large, max-video-preview:-1\" \/>\n<link rel=\"canonical\" href=\"https:\/\/www.redbug-culture.com\/blog\/e-reading\/auf-handy\/\" \/>\n<meta property=\"og:locale\" content=\"de_DE\" \/>\n<meta property=\"og:type\" content=\"article\" \/>\n<meta property=\"og:title\" content=\"mit Handy - Red Bug Culture - Schreiben, Ver\u00f6ffentlichen, Kurse\" \/>\n<meta property=\"og:description\" content=\"Auf dem Handy. Ja, auch das geht nat\u00fcrlich. iPhone: Ihr lest mit der ibook App eure B\u00fccher aus dem iBook store, also \u00fcber itunes, ganz easy auch auf dem iPhone. In Farbe und mit zu vergr\u00f6\u00dfernder Schrift und so seltsam ich das am Anfang fand: es geht und wenn man im Caf\u00e9 sitzt und wartet oder sich langweilt, kann man ebenso gut ein Buch lesen, wie mit einer App rumdaddeln oder seine Mails checken. Great! Und was ist mit den Amazon-B\u00fcchern? Habe ich auch ausprobiert. Mit der Kindle App f\u00fcr das iPhone ist das auch ganz einfach und au\u00dferdem liest man dann in Farbe, also eigentlich besser als auf dem Kindle Basis-Reader. Android-Handys: Im Grunde sind alle anderen besseren Handys mit der A-Technik ausgestattet. Und auch hier gibt es\u00a0Apps\u00a0 \u00fcber Google Play f\u00fcr alle Formate, epub, mobi. Google Play startet wohl den Angriff auf Apple und iTunes. Wichtig f\u00fcrs Lesen: es klappt auch hier und da ja alle gro\u00dfen eBookplattformen eine eigene App entwickelt haben (Kobo,, Google Play Books, Wattpad&#8230;) k\u00f6nnen wir umsonst runter laden und lesen von woher oder was wir wollen. Und so soll es doch sein. &nbsp;\" \/>\n<meta property=\"og:url\" content=\"https:\/\/www.redbug-culture.com\/blog\/e-reading\/auf-handy\/\" \/>\n<meta property=\"og:site_name\" content=\"Red Bug Culture - Schreiben, Ver\u00f6ffentlichen, Kurse\" \/>\n<meta property=\"article:publisher\" content=\"https:\/\/www.facebook.com\/RedBugBooks\" \/>\n<meta property=\"article:modified_time\" content=\"2015-12-05T14:02:00+00:00\" \/>\n<meta property=\"og:image\" content=\"http:\/\/ir-de.amazon-adsystem.com\/e\/ir?t=redbugculture-21&amp;l=as2&amp;o=3&amp;a=B004DLPXAO\" \/>\n<meta name=\"twitter:card\" content=\"summary_large_image\" \/>\n<meta name=\"twitter:site\" content=\"@RedBugBooks\" \/>\n<meta name=\"twitter:label1\" content=\"Gesch\u00e4tzte Lesezeit\" \/>\n\t<meta name=\"twitter:data1\" content=\"1\u00a0Minute\" \/>\n<script type=\"application\/ld+json\" class=\"yoast-schema-graph\">{\"@context\":\"https:\\\/\\\/schema.org\",\"@graph\":[{\"@type\":\"WebPage\",\"@id\":\"https:\\\/\\\/www.redbug-culture.com\\\/blog\\\/e-reading\\\/auf-handy\\\/\",\"url\":\"https:\\\/\\\/www.redbug-culture.com\\\/blog\\\/e-reading\\\/auf-handy\\\/\",\"name\":\"mit Handy - Red Bug Culture - Schreiben, Ver\u00f6ffentlichen, Kurse\",\"isPartOf\":{\"@id\":\"https:\\\/\\\/www.redbug-culture.com\\\/blog\\\/#website\"},\"primaryImageOfPage\":{\"@id\":\"https:\\\/\\\/www.redbug-culture.com\\\/blog\\\/e-reading\\\/auf-handy\\\/#primaryimage\"},\"image\":{\"@id\":\"https:\\\/\\\/www.redbug-culture.com\\\/blog\\\/e-reading\\\/auf-handy\\\/#primaryimage\"},\"thumbnailUrl\":\"http:\\\/\\\/ir-de.amazon-adsystem.com\\\/e\\\/ir?t=redbugculture-21&amp;l=as2&amp;o=3&amp;a=B004DLPXAO\",\"datePublished\":\"2012-06-06T10:38:45+00:00\",\"dateModified\":\"2015-12-05T14:02:00+00:00\",\"breadcrumb\":{\"@id\":\"https:\\\/\\\/www.redbug-culture.com\\\/blog\\\/e-reading\\\/auf-handy\\\/#breadcrumb\"},\"inLanguage\":\"de\",\"potentialAction\":[{\"@type\":\"ReadAction\",\"target\":[\"https:\\\/\\\/www.redbug-culture.com\\\/blog\\\/e-reading\\\/auf-handy\\\/\"]}]},{\"@type\":\"ImageObject\",\"inLanguage\":\"de\",\"@id\":\"https:\\\/\\\/www.redbug-culture.com\\\/blog\\\/e-reading\\\/auf-handy\\\/#primaryimage\",\"url\":\"http:\\\/\\\/ir-de.amazon-adsystem.com\\\/e\\\/ir?t=redbugculture-21&amp;l=as2&amp;o=3&amp;a=B004DLPXAO\",\"contentUrl\":\"http:\\\/\\\/ir-de.amazon-adsystem.com\\\/e\\\/ir?t=redbugculture-21&amp;l=as2&amp;o=3&amp;a=B004DLPXAO\"},{\"@type\":\"BreadcrumbList\",\"@id\":\"https:\\\/\\\/www.redbug-culture.com\\\/blog\\\/e-reading\\\/auf-handy\\\/#breadcrumb\",\"itemListElement\":[{\"@type\":\"ListItem\",\"position\":1,\"name\":\"Startseite\",\"item\":\"https:\\\/\\\/www.redbug-culture.com\\\/blog\\\/\"},{\"@type\":\"ListItem\",\"position\":2,\"name\":\"E-Reading\",\"item\":\"https:\\\/\\\/www.redbug-culture.com\\\/blog\\\/e-reading\\\/\"},{\"@type\":\"ListItem\",\"position\":3,\"name\":\"mit Handy\"}]},{\"@type\":\"WebSite\",\"@id\":\"https:\\\/\\\/www.redbug-culture.com\\\/blog\\\/#website\",\"url\":\"https:\\\/\\\/www.redbug-culture.com\\\/blog\\\/\",\"name\":\"Red Bug Culture - Schreiben, Ver\u00f6ffentlichen, Kurse\",\"description\":\"Tipps &amp; Coaching f\u00fcr Autor:innen, Rezensionen\",\"potentialAction\":[{\"@type\":\"SearchAction\",\"target\":{\"@type\":\"EntryPoint\",\"urlTemplate\":\"https:\\\/\\\/www.redbug-culture.com\\\/blog\\\/?s={search_term_string}\"},\"query-input\":{\"@type\":\"PropertyValueSpecification\",\"valueRequired\":true,\"valueName\":\"search_term_string\"}}],\"inLanguage\":\"de\"}]}<\/script>\n<!-- \/ Yoast SEO plugin. -->","yoast_head_json":{"title":"mit Handy - Red Bug Culture - Schreiben, Ver\u00f6ffentlichen, Kurse","robots":{"index":"index","follow":"follow","max-snippet":"max-snippet:-1","max-image-preview":"max-image-preview:large","max-video-preview":"max-video-preview:-1"},"canonical":"https:\/\/www.redbug-culture.com\/blog\/e-reading\/auf-handy\/","og_locale":"de_DE","og_type":"article","og_title":"mit Handy - Red Bug Culture - Schreiben, Ver\u00f6ffentlichen, Kurse","og_description":"Auf dem Handy. Ja, auch das geht nat\u00fcrlich. iPhone: Ihr lest mit der ibook App eure B\u00fccher aus dem iBook store, also \u00fcber itunes, ganz easy auch auf dem iPhone. In Farbe und mit zu vergr\u00f6\u00dfernder Schrift und so seltsam ich das am Anfang fand: es geht und wenn man im Caf\u00e9 sitzt und wartet oder sich langweilt, kann man ebenso gut ein Buch lesen, wie mit einer App rumdaddeln oder seine Mails checken. Great! Und was ist mit den Amazon-B\u00fcchern? Habe ich auch ausprobiert. Mit der Kindle App f\u00fcr das iPhone ist das auch ganz einfach und au\u00dferdem liest man dann in Farbe, also eigentlich besser als auf dem Kindle Basis-Reader. Android-Handys: Im Grunde sind alle anderen besseren Handys mit der A-Technik ausgestattet. Und auch hier gibt es\u00a0Apps\u00a0 \u00fcber Google Play f\u00fcr alle Formate, epub, mobi. Google Play startet wohl den Angriff auf Apple und iTunes. Wichtig f\u00fcrs Lesen: es klappt auch hier und da ja alle gro\u00dfen eBookplattformen eine eigene App entwickelt haben (Kobo,, Google Play Books, Wattpad&#8230;) k\u00f6nnen wir umsonst runter laden und lesen von woher oder was wir wollen. Und so soll es doch sein. &nbsp;","og_url":"https:\/\/www.redbug-culture.com\/blog\/e-reading\/auf-handy\/","og_site_name":"Red Bug Culture - Schreiben, Ver\u00f6ffentlichen, Kurse","article_publisher":"https:\/\/www.facebook.com\/RedBugBooks","article_modified_time":"2015-12-05T14:02:00+00:00","og_image":[{"url":"http:\/\/ir-de.amazon-adsystem.com\/e\/ir?t=redbugculture-21&amp;l=as2&amp;o=3&amp;a=B004DLPXAO","type":"","width":"","height":""}],"twitter_card":"summary_large_image","twitter_site":"@RedBugBooks","twitter_misc":{"Gesch\u00e4tzte Lesezeit":"1\u00a0Minute"},"schema":{"@context":"https:\/\/schema.org","@graph":[{"@type":"WebPage","@id":"https:\/\/www.redbug-culture.com\/blog\/e-reading\/auf-handy\/","url":"https:\/\/www.redbug-culture.com\/blog\/e-reading\/auf-handy\/","name":"mit Handy - Red Bug Culture - Schreiben, Ver\u00f6ffentlichen, Kurse","isPartOf":{"@id":"https:\/\/www.redbug-culture.com\/blog\/#website"},"primaryImageOfPage":{"@id":"https:\/\/www.redbug-culture.com\/blog\/e-reading\/auf-handy\/#primaryimage"},"image":{"@id":"https:\/\/www.redbug-culture.com\/blog\/e-reading\/auf-handy\/#primaryimage"},"thumbnailUrl":"http:\/\/ir-de.amazon-adsystem.com\/e\/ir?t=redbugculture-21&amp;l=as2&amp;o=3&amp;a=B004DLPXAO","datePublished":"2012-06-06T10:38:45+00:00","dateModified":"2015-12-05T14:02:00+00:00","breadcrumb":{"@id":"https:\/\/www.redbug-culture.com\/blog\/e-reading\/auf-handy\/#breadcrumb"},"inLanguage":"de","potentialAction":[{"@type":"ReadAction","target":["https:\/\/www.redbug-culture.com\/blog\/e-reading\/auf-handy\/"]}]},{"@type":"ImageObject","inLanguage":"de","@id":"https:\/\/www.redbug-culture.com\/blog\/e-reading\/auf-handy\/#primaryimage","url":"http:\/\/ir-de.amazon-adsystem.com\/e\/ir?t=redbugculture-21&amp;l=as2&amp;o=3&amp;a=B004DLPXAO","contentUrl":"http:\/\/ir-de.amazon-adsystem.com\/e\/ir?t=redbugculture-21&amp;l=as2&amp;o=3&amp;a=B004DLPXAO"},{"@type":"BreadcrumbList","@id":"https:\/\/www.redbug-culture.com\/blog\/e-reading\/auf-handy\/#breadcrumb","itemListElement":[{"@type":"ListItem","position":1,"name":"Startseite","item":"https:\/\/www.redbug-culture.com\/blog\/"},{"@type":"ListItem","position":2,"name":"E-Reading","item":"https:\/\/www.redbug-culture.com\/blog\/e-reading\/"},{"@type":"ListItem","position":3,"name":"mit Handy"}]},{"@type":"WebSite","@id":"https:\/\/www.redbug-culture.com\/blog\/#website","url":"https:\/\/www.redbug-culture.com\/blog\/","name":"Red Bug Culture - Schreiben, Ver\u00f6ffentlichen, Kurse","description":"Tipps &amp; Coaching f\u00fcr Autor:innen, Rezensionen","potentialAction":[{"@type":"SearchAction","target":{"@type":"EntryPoint","urlTemplate":"https:\/\/www.redbug-culture.com\/blog\/?s={search_term_string}"},"query-input":{"@type":"PropertyValueSpecification","valueRequired":true,"valueName":"search_term_string"}}],"inLanguage":"de"}]}},"_links":{"self":[{"href":"https:\/\/www.redbug-culture.com\/blog\/wp-json\/wp\/v2\/pages\/172","targetHints":{"allow":["GET"]}}],"collection":[{"href":"https:\/\/www.redbug-culture.com\/blog\/wp-json\/wp\/v2\/pages"}],"about":[{"href":"https:\/\/www.redbug-culture.com\/blog\/wp-json\/wp\/v2\/types\/page"}],"author":[{"embeddable":true,"href":"https:\/\/www.redbug-culture.com\/blog\/wp-json\/wp\/v2\/users\/5"}],"replies":[{"embeddable":true,"href":"https:\/\/www.redbug-culture.com\/blog\/wp-json\/wp\/v2\/comments?post=172"}],"version-history":[{"count":0,"href":"https:\/\/www.redbug-culture.com\/blog\/wp-json\/wp\/v2\/pages\/172\/revisions"}],"up":[{"embeddable":true,"href":"https:\/\/www.redbug-culture.com\/blog\/wp-json\/wp\/v2\/pages\/161"}],"wp:attachment":[{"href":"https:\/\/www.redbug-culture.com\/blog\/wp-json\/wp\/v2\/media?parent=172"}],"curies":[{"name":"wp","href":"https:\/\/api.w.org\/{rel}","templated":true}]}}