{"id":161,"date":"2012-06-06T10:00:04","date_gmt":"2012-06-06T10:00:04","guid":{"rendered":"https:\/\/www.redbug-culture.com\/blog\/?page_id=161"},"modified":"2024-12-31T15:00:27","modified_gmt":"2024-12-31T14:00:27","slug":"e-reading","status":"publish","type":"page","link":"https:\/\/www.redbug-culture.com\/blog\/e-reading\/","title":{"rendered":"E-Reading"},"content":{"rendered":"<h6>E-Reading<\/h6>\n<p>Wir dachten uns, so ganz selbstverst\u00e4ndlich ist die Sache ja nun nicht. Also das mit dem E-Books lesen. <em>Wie geht das \u00fcberhaupt?<\/em>, werden wir gerne mal gefragt. ja im Grunde tut ihr das ja schon, wenn ihr hier im Internet einen Blogbeitrag lest. Und so \u00e4hnlich musst Du dir das auch bei B\u00fcchern vorstellen, nur das Du B\u00fccher als geschlossene Einheit downloaded und auf deinem E-Book-Reader, Tablet oder auf dem Handy liest.<\/p>\n<p>Ja, \u00e4h, welche E-Book Reader? Und wie geht das dann? Hilfe naht:<\/p>\n<p>Alles \u00fcber das Lesen auf <a href=\"https:\/\/www.redbug-culture.com\/blog\/e-reading\/e-reader\/\">E-Readern<\/a><\/p>\n<p>Oder auf dem <a href=\"https:\/\/www.redbug-culture.com\/blog\/e-reading\/auf-handy\/\">Handy<\/a><\/p>\n<p>Und wenn Du B\u00fccher suchst, die Du auf deinem Reader oder Handy lesen kannst &#8211; dann schau dich gerne bei unseren <a href=\"https:\/\/www.redbug-culture.com\/blog\/books\/\">Jugenb\u00fcchern und Graphic Novels<\/a> um.<\/p>\n","protected":false},"excerpt":{"rendered":"<p>E-Reading Wir dachten uns, so ganz selbstverst\u00e4ndlich ist die Sache ja nun nicht. Also das mit dem E-Books lesen. Wie geht das \u00fcberhaupt?, werden wir gerne mal gefragt. ja im Grunde tut ihr das ja schon, wenn ihr hier im Internet einen Blogbeitrag lest. Und so \u00e4hnlich musst Du dir das auch bei B\u00fcchern vorstellen, nur das Du B\u00fccher als geschlossene Einheit downloaded und auf deinem E-Book-Reader, Tablet oder auf dem Handy liest. Ja, \u00e4h, welche E-Book Reader? Und wie geht das dann? Hilfe naht: Alles \u00fcber das Lesen auf E-Readern Oder auf dem Handy Und wenn Du B\u00fccher suchst, die Du auf deinem Reader oder Handy lesen kannst &#8211; dann schau dich gerne bei unseren Jugenb\u00fcchern und Graphic Novels um.<\/p>\n","protected":false},"author":5,"featured_media":0,"parent":0,"menu_order":0,"comment_status":"open","ping_status":"open","template":"page-fullwidth.php","meta":{"footnotes":"","_links_to":"","_links_to_target":""},"class_list":["post-161","page","type-page","status-publish","hentry"],"yoast_head":"<!-- This site is optimized with the Yoast SEO plugin v27.3 - https:\/\/yoast.com\/product\/yoast-seo-wordpress\/ -->\n<title>E-Reading - Red Bug Culture - Schreiben, Ver\u00f6ffentlichen, Kurse<\/title>\n<meta name=\"robots\" content=\"index, follow, max-snippet:-1, max-image-preview:large, max-video-preview:-1\" \/>\n<link rel=\"canonical\" href=\"https:\/\/www.redbug-culture.com\/blog\/e-reading\/\" \/>\n<meta property=\"og:locale\" content=\"de_DE\" \/>\n<meta property=\"og:type\" content=\"article\" \/>\n<meta property=\"og:title\" content=\"E-Reading - Red Bug Culture - Schreiben, Ver\u00f6ffentlichen, Kurse\" \/>\n<meta property=\"og:description\" content=\"E-Reading Wir dachten uns, so ganz selbstverst\u00e4ndlich ist die Sache ja nun nicht. Also das mit dem E-Books lesen. Wie geht das \u00fcberhaupt?, werden wir gerne mal gefragt. ja im Grunde tut ihr das ja schon, wenn ihr hier im Internet einen Blogbeitrag lest. Und so \u00e4hnlich musst Du dir das auch bei B\u00fcchern vorstellen, nur das Du B\u00fccher als geschlossene Einheit downloaded und auf deinem E-Book-Reader, Tablet oder auf dem Handy liest. Ja, \u00e4h, welche E-Book Reader? Und wie geht das dann? Hilfe naht: Alles \u00fcber das Lesen auf E-Readern Oder auf dem Handy Und wenn Du B\u00fccher suchst, die Du auf deinem Reader oder Handy lesen kannst &#8211; dann schau dich gerne bei unseren Jugenb\u00fcchern und Graphic Novels um.\" \/>\n<meta property=\"og:url\" content=\"https:\/\/www.redbug-culture.com\/blog\/e-reading\/\" \/>\n<meta property=\"og:site_name\" content=\"Red Bug Culture - Schreiben, Ver\u00f6ffentlichen, Kurse\" \/>\n<meta property=\"article:publisher\" content=\"https:\/\/www.facebook.com\/RedBugBooks\" \/>\n<meta property=\"article:modified_time\" content=\"2024-12-31T14:00:27+00:00\" \/>\n<meta name=\"twitter:card\" content=\"summary_large_image\" \/>\n<meta name=\"twitter:site\" content=\"@RedBugBooks\" \/>\n<meta name=\"twitter:label1\" content=\"Gesch\u00e4tzte Lesezeit\" \/>\n\t<meta name=\"twitter:data1\" content=\"1\u00a0Minute\" \/>\n<script type=\"application\/ld+json\" class=\"yoast-schema-graph\">{\"@context\":\"https:\\\/\\\/schema.org\",\"@graph\":[{\"@type\":\"WebPage\",\"@id\":\"https:\\\/\\\/www.redbug-culture.com\\\/blog\\\/e-reading\\\/\",\"url\":\"https:\\\/\\\/www.redbug-culture.com\\\/blog\\\/e-reading\\\/\",\"name\":\"E-Reading - Red Bug Culture - Schreiben, Ver\u00f6ffentlichen, Kurse\",\"isPartOf\":{\"@id\":\"https:\\\/\\\/www.redbug-culture.com\\\/blog\\\/#website\"},\"datePublished\":\"2012-06-06T10:00:04+00:00\",\"dateModified\":\"2024-12-31T14:00:27+00:00\",\"breadcrumb\":{\"@id\":\"https:\\\/\\\/www.redbug-culture.com\\\/blog\\\/e-reading\\\/#breadcrumb\"},\"inLanguage\":\"de\",\"potentialAction\":[{\"@type\":\"ReadAction\",\"target\":[\"https:\\\/\\\/www.redbug-culture.com\\\/blog\\\/e-reading\\\/\"]}]},{\"@type\":\"BreadcrumbList\",\"@id\":\"https:\\\/\\\/www.redbug-culture.com\\\/blog\\\/e-reading\\\/#breadcrumb\",\"itemListElement\":[{\"@type\":\"ListItem\",\"position\":1,\"name\":\"Startseite\",\"item\":\"https:\\\/\\\/www.redbug-culture.com\\\/blog\\\/\"},{\"@type\":\"ListItem\",\"position\":2,\"name\":\"E-Reading\"}]},{\"@type\":\"WebSite\",\"@id\":\"https:\\\/\\\/www.redbug-culture.com\\\/blog\\\/#website\",\"url\":\"https:\\\/\\\/www.redbug-culture.com\\\/blog\\\/\",\"name\":\"Red Bug Culture - Schreiben, Ver\u00f6ffentlichen, Kurse\",\"description\":\"Tipps &amp; Coaching f\u00fcr Autor:innen, Rezensionen\",\"potentialAction\":[{\"@type\":\"SearchAction\",\"target\":{\"@type\":\"EntryPoint\",\"urlTemplate\":\"https:\\\/\\\/www.redbug-culture.com\\\/blog\\\/?s={search_term_string}\"},\"query-input\":{\"@type\":\"PropertyValueSpecification\",\"valueRequired\":true,\"valueName\":\"search_term_string\"}}],\"inLanguage\":\"de\"}]}<\/script>\n<!-- \/ Yoast SEO plugin. -->","yoast_head_json":{"title":"E-Reading - Red Bug Culture - Schreiben, Ver\u00f6ffentlichen, Kurse","robots":{"index":"index","follow":"follow","max-snippet":"max-snippet:-1","max-image-preview":"max-image-preview:large","max-video-preview":"max-video-preview:-1"},"canonical":"https:\/\/www.redbug-culture.com\/blog\/e-reading\/","og_locale":"de_DE","og_type":"article","og_title":"E-Reading - Red Bug Culture - Schreiben, Ver\u00f6ffentlichen, Kurse","og_description":"E-Reading Wir dachten uns, so ganz selbstverst\u00e4ndlich ist die Sache ja nun nicht. Also das mit dem E-Books lesen. Wie geht das \u00fcberhaupt?, werden wir gerne mal gefragt. ja im Grunde tut ihr das ja schon, wenn ihr hier im Internet einen Blogbeitrag lest. Und so \u00e4hnlich musst Du dir das auch bei B\u00fcchern vorstellen, nur das Du B\u00fccher als geschlossene Einheit downloaded und auf deinem E-Book-Reader, Tablet oder auf dem Handy liest. Ja, \u00e4h, welche E-Book Reader? Und wie geht das dann? Hilfe naht: Alles \u00fcber das Lesen auf E-Readern Oder auf dem Handy Und wenn Du B\u00fccher suchst, die Du auf deinem Reader oder Handy lesen kannst &#8211; dann schau dich gerne bei unseren Jugenb\u00fcchern und Graphic Novels um.","og_url":"https:\/\/www.redbug-culture.com\/blog\/e-reading\/","og_site_name":"Red Bug Culture - Schreiben, Ver\u00f6ffentlichen, Kurse","article_publisher":"https:\/\/www.facebook.com\/RedBugBooks","article_modified_time":"2024-12-31T14:00:27+00:00","twitter_card":"summary_large_image","twitter_site":"@RedBugBooks","twitter_misc":{"Gesch\u00e4tzte Lesezeit":"1\u00a0Minute"},"schema":{"@context":"https:\/\/schema.org","@graph":[{"@type":"WebPage","@id":"https:\/\/www.redbug-culture.com\/blog\/e-reading\/","url":"https:\/\/www.redbug-culture.com\/blog\/e-reading\/","name":"E-Reading - Red Bug Culture - Schreiben, Ver\u00f6ffentlichen, Kurse","isPartOf":{"@id":"https:\/\/www.redbug-culture.com\/blog\/#website"},"datePublished":"2012-06-06T10:00:04+00:00","dateModified":"2024-12-31T14:00:27+00:00","breadcrumb":{"@id":"https:\/\/www.redbug-culture.com\/blog\/e-reading\/#breadcrumb"},"inLanguage":"de","potentialAction":[{"@type":"ReadAction","target":["https:\/\/www.redbug-culture.com\/blog\/e-reading\/"]}]},{"@type":"BreadcrumbList","@id":"https:\/\/www.redbug-culture.com\/blog\/e-reading\/#breadcrumb","itemListElement":[{"@type":"ListItem","position":1,"name":"Startseite","item":"https:\/\/www.redbug-culture.com\/blog\/"},{"@type":"ListItem","position":2,"name":"E-Reading"}]},{"@type":"WebSite","@id":"https:\/\/www.redbug-culture.com\/blog\/#website","url":"https:\/\/www.redbug-culture.com\/blog\/","name":"Red Bug Culture - Schreiben, Ver\u00f6ffentlichen, Kurse","description":"Tipps &amp; Coaching f\u00fcr Autor:innen, Rezensionen","potentialAction":[{"@type":"SearchAction","target":{"@type":"EntryPoint","urlTemplate":"https:\/\/www.redbug-culture.com\/blog\/?s={search_term_string}"},"query-input":{"@type":"PropertyValueSpecification","valueRequired":true,"valueName":"search_term_string"}}],"inLanguage":"de"}]}},"_links":{"self":[{"href":"https:\/\/www.redbug-culture.com\/blog\/wp-json\/wp\/v2\/pages\/161","targetHints":{"allow":["GET"]}}],"collection":[{"href":"https:\/\/www.redbug-culture.com\/blog\/wp-json\/wp\/v2\/pages"}],"about":[{"href":"https:\/\/www.redbug-culture.com\/blog\/wp-json\/wp\/v2\/types\/page"}],"author":[{"embeddable":true,"href":"https:\/\/www.redbug-culture.com\/blog\/wp-json\/wp\/v2\/users\/5"}],"replies":[{"embeddable":true,"href":"https:\/\/www.redbug-culture.com\/blog\/wp-json\/wp\/v2\/comments?post=161"}],"version-history":[{"count":0,"href":"https:\/\/www.redbug-culture.com\/blog\/wp-json\/wp\/v2\/pages\/161\/revisions"}],"wp:attachment":[{"href":"https:\/\/www.redbug-culture.com\/blog\/wp-json\/wp\/v2\/media?parent=161"}],"curies":[{"name":"wp","href":"https:\/\/api.w.org\/{rel}","templated":true}]}}