{"id":125,"date":"2012-05-28T11:44:08","date_gmt":"2012-05-28T11:44:08","guid":{"rendered":"https:\/\/www.redbug-culture.com\/blog\/?page_id=125"},"modified":"2024-10-30T15:00:00","modified_gmt":"2024-10-30T14:00:00","slug":"e-publishing-was-ist-das","status":"publish","type":"page","link":"https:\/\/www.redbug-culture.com\/blog\/veroeffentlichen\/e-publishing-was-ist-das\/","title":{"rendered":"e-publishing &#8211; Was ist das?"},"content":{"rendered":"<p>B\u00fccher digital im Netz aber auch auf deinem Computer, Leseger\u00e4t, iPad, iPhone. Wow, vielleicht ist das ein eben so gro\u00dfer Schritt wie der vom geschriebenen zum gedruckten Buch. Vielleicht ist es aber auch nur der l\u00e4ngst f\u00e4llige Schritt, den die Musikbranche und auch der Film schon l\u00e4ngst gemacht haben: Endlich auch B\u00fccher zum Herunterladen. Wobei wir nicht zu den Menschen geh\u00f6ren, die denken,\u00a0 dass das gedruckte Buch ausstirbt. Wie auch? Wir haben &#8211; zugegeben neben einem iPod\/iPad\/CD-Player- noch einen Plattenspieler und h\u00f6ren Platten. Wie altmodisch ist das denn? Aber, n\u00f6, ist eigentlich ziemlich cool. Retro. Und jetzt wissen wir auch, was wir beim digitalen H\u00f6ren manchmal so vermissen: das Knistern und Knacken und leise Rauschen. Logisch, dass das iPhone\/iPod trotzdem absolut unentbehrlich ist. Und so stellen wir uns das auch mit dem e-publishing vor. Eine Alternative, ein neues Lesen, eine Erweiterung, ein Gewinn.<\/p>\n<p>Aber auch &#8211; ganz klar: Ein Politikum. Freiheit f\u00fcr die B\u00fccher, wie Freiheit f\u00fcr die Musik und die Filme. Jeder kann mitmachen. Mit allen Nachteilen und Vorteilen, die eine Demokratisierung von Inhalten eben hat. F\u00fcr uns &#8211; gibt es eigentlich nur Vorteile.<\/p>\n<p>Und weil wir gerade dabei sind, m\u00f6chte wir euch hier zwei Amerikaner vorstellen, die das E- und Selfpublishing heftig rocken.<\/p>\n<p>1.\u00a0<a href=\"http:\/\/jakonrath.blogspot.de\/\">Joe Konrath<\/a>\u00a0:\u00a0Amerikaner, Self- und Verlagsautor, St\u00f6renfried f\u00fcr Verlage und Vielschreiber im besten Sinne. 2399 follower seines Blogs so far.\u00a0Sein Blog hei\u00dft:<strong>\u00a0<\/strong><strong>A Newbie&#8217;s Guide to Publishing &#8211;\u00a0<\/strong>Is it possible to make a living as a genre fiction writer? Yes it is. (Und das, Freunde, sagt doch schon alles.)\u00a0Konrath spricht \u00fcber das und alles, was andere nur hinter vorgehaltener Hand munkeln:<\/p>\n<p>Verleger, Verlage und Agenten sind in Aufruhr, weil der Autor pl\u00f6tzlich die Wahl hat, frei ist und machen kann, was ER will. Hat man den Autoren nicht immer erz\u00e4hlt, sie brauchen Verlage? Und Agenten? Und dass sie ohne Verlage und Verleger und Agenten vollkommen aufgeschmissen sind? Und genau das \u00e4ndert sich jetzt. Auch das mit dem Geld.<\/p>\n<p>2.\u00a0<a href=\"http:\/\/www.barryeisler.com\/\">Barry Eisler<\/a>.\u00a0Die Website ist freundlicherweise teilweise auch in deutsch. Barry hat 3 Jahre beim CIA bearbeitet und beherrscht diverse Kampfk\u00fcnste, was ihn f\u00fcr uns zu einem absolut vertrauensvollen Revolution\u00e4r und Vision\u00e4r macht. Keine Ahnung wie gut seine B\u00fccher sind, aber seine Ver\u00f6ffentlichungspolitik ist genial.<\/p>\n<p>Konrath und Eisler haben zusammen\u00a0<em>Be The Monkey<\/em>\u00a0geschrieben. Ihr findet das Gespr\u00e4ch\u00a0<a href=\"http:\/\/ereads.com\/2011\/03\/dialogue-between-joe-konrath-and-barry-eisler.html\">hier<\/a>\u00a0und auf Eislers Homepage und mittlerweile an vielen Stellen im Netz. Bei Eisler gibt es dann auch den kostenlosen Download. Als pdf l\u00e4sst es sich wunderbar auf dem Computer lesen, au\u00dferdem ist es extrem unterhaltsam. Es geht &#8211; logisch &#8211; um E-publishing und die Ver\u00e4nderungen in der Welt des geschriebenen Wortes. Das Gespr\u00e4ch\u00a0\u00f6ffnet das Bewusstsein daf\u00fcr, wie viel mehr das E-publishing bedeutet, als nur der Wegfall von Papier.<\/p>\n","protected":false},"excerpt":{"rendered":"<p>B\u00fccher digital im Netz aber auch auf deinem Computer, Leseger\u00e4t, iPad, iPhone. Wow, vielleicht ist das ein eben so gro\u00dfer Schritt wie der vom geschriebenen zum gedruckten Buch. Vielleicht ist es aber auch nur der l\u00e4ngst f\u00e4llige Schritt, den die Musikbranche und auch der Film schon l\u00e4ngst gemacht haben: Endlich auch B\u00fccher zum Herunterladen. Wobei wir nicht zu den Menschen geh\u00f6ren, die denken,\u00a0 dass das gedruckte Buch ausstirbt. Wie auch? Wir haben &#8211; zugegeben neben einem iPod\/iPad\/CD-Player- noch einen Plattenspieler und h\u00f6ren Platten. Wie altmodisch ist das denn? Aber, n\u00f6, ist eigentlich ziemlich cool. Retro. Und jetzt wissen wir auch, was wir beim digitalen H\u00f6ren manchmal so vermissen: das Knistern und Knacken und leise Rauschen. Logisch, dass das iPhone\/iPod trotzdem absolut unentbehrlich ist. Und so stellen wir uns das auch mit dem e-publishing vor. Eine Alternative, ein neues Lesen, eine Erweiterung, ein Gewinn. Aber auch &#8211; ganz klar: Ein Politikum. Freiheit f\u00fcr die B\u00fccher, wie Freiheit f\u00fcr die Musik und die Filme. Jeder kann mitmachen. Mit allen Nachteilen und Vorteilen, die eine Demokratisierung von Inhalten eben hat. F\u00fcr uns &#8211; gibt es eigentlich nur Vorteile. Und weil wir gerade dabei sind, m\u00f6chte wir euch hier zwei Amerikaner vorstellen, die das [&hellip;]<\/p>\n","protected":false},"author":5,"featured_media":0,"parent":53,"menu_order":0,"comment_status":"open","ping_status":"open","template":"page-fullwidth.php","meta":{"footnotes":"","_links_to":"","_links_to_target":""},"class_list":["post-125","page","type-page","status-publish","hentry"],"yoast_head":"<!-- This site is optimized with the Yoast SEO plugin v27.5 - https:\/\/yoast.com\/product\/yoast-seo-wordpress\/ -->\n<title>e-publishing - Was ist das? - Red Bug Culture - Schreiben, Ver\u00f6ffentlichen, Kurse<\/title>\n<meta name=\"description\" content=\"e-Publishing -\u00a0Freiheit f\u00fcr die B\u00fccher, wie Freiheit f\u00fcr die Musik und die Filme. Jeder kann mitmachen. F\u00fcr uns - gibt es eigentlich nur Vorteile.\" \/>\n<meta name=\"robots\" content=\"index, follow, max-snippet:-1, max-image-preview:large, max-video-preview:-1\" \/>\n<link rel=\"canonical\" href=\"https:\/\/www.redbug-culture.com\/blog\/veroeffentlichen\/e-publishing-was-ist-das\/\" \/>\n<meta property=\"og:locale\" content=\"de_DE\" \/>\n<meta property=\"og:type\" content=\"article\" \/>\n<meta property=\"og:title\" content=\"e-publishing - Was ist das? - Red Bug Culture - Schreiben, Ver\u00f6ffentlichen, Kurse\" \/>\n<meta property=\"og:description\" content=\"e-Publishing -\u00a0Freiheit f\u00fcr die B\u00fccher, wie Freiheit f\u00fcr die Musik und die Filme. Jeder kann mitmachen. F\u00fcr uns - gibt es eigentlich nur Vorteile.\" \/>\n<meta property=\"og:url\" content=\"https:\/\/www.redbug-culture.com\/blog\/veroeffentlichen\/e-publishing-was-ist-das\/\" \/>\n<meta property=\"og:site_name\" content=\"Red Bug Culture - Schreiben, Ver\u00f6ffentlichen, Kurse\" \/>\n<meta property=\"article:publisher\" content=\"https:\/\/www.facebook.com\/RedBugBooks\" \/>\n<meta property=\"article:modified_time\" content=\"2024-10-30T14:00:00+00:00\" \/>\n<meta name=\"twitter:card\" content=\"summary_large_image\" \/>\n<meta name=\"twitter:site\" content=\"@RedBugBooks\" \/>\n<meta name=\"twitter:label1\" content=\"Gesch\u00e4tzte Lesezeit\" \/>\n\t<meta name=\"twitter:data1\" content=\"3\u00a0Minuten\" \/>\n<script type=\"application\/ld+json\" class=\"yoast-schema-graph\">{\"@context\":\"https:\\\/\\\/schema.org\",\"@graph\":[{\"@type\":\"WebPage\",\"@id\":\"https:\\\/\\\/www.redbug-culture.com\\\/blog\\\/veroeffentlichen\\\/e-publishing-was-ist-das\\\/\",\"url\":\"https:\\\/\\\/www.redbug-culture.com\\\/blog\\\/veroeffentlichen\\\/e-publishing-was-ist-das\\\/\",\"name\":\"e-publishing - Was ist das? - Red Bug Culture - Schreiben, Ver\u00f6ffentlichen, Kurse\",\"isPartOf\":{\"@id\":\"https:\\\/\\\/www.redbug-culture.com\\\/blog\\\/#website\"},\"datePublished\":\"2012-05-28T11:44:08+00:00\",\"dateModified\":\"2024-10-30T14:00:00+00:00\",\"description\":\"e-Publishing -\u00a0Freiheit f\u00fcr die B\u00fccher, wie Freiheit f\u00fcr die Musik und die Filme. Jeder kann mitmachen. F\u00fcr uns - gibt es eigentlich nur Vorteile.\",\"breadcrumb\":{\"@id\":\"https:\\\/\\\/www.redbug-culture.com\\\/blog\\\/veroeffentlichen\\\/e-publishing-was-ist-das\\\/#breadcrumb\"},\"inLanguage\":\"de\",\"potentialAction\":[{\"@type\":\"ReadAction\",\"target\":[\"https:\\\/\\\/www.redbug-culture.com\\\/blog\\\/veroeffentlichen\\\/e-publishing-was-ist-das\\\/\"]}]},{\"@type\":\"BreadcrumbList\",\"@id\":\"https:\\\/\\\/www.redbug-culture.com\\\/blog\\\/veroeffentlichen\\\/e-publishing-was-ist-das\\\/#breadcrumb\",\"itemListElement\":[{\"@type\":\"ListItem\",\"position\":1,\"name\":\"Startseite\",\"item\":\"https:\\\/\\\/www.redbug-culture.com\\\/blog\\\/\"},{\"@type\":\"ListItem\",\"position\":2,\"name\":\"Ver\u00f6ffentlichen\",\"item\":\"https:\\\/\\\/www.redbug-culture.com\\\/blog\\\/veroeffentlichen\\\/\"},{\"@type\":\"ListItem\",\"position\":3,\"name\":\"e-publishing &#8211; Was ist das?\"}]},{\"@type\":\"WebSite\",\"@id\":\"https:\\\/\\\/www.redbug-culture.com\\\/blog\\\/#website\",\"url\":\"https:\\\/\\\/www.redbug-culture.com\\\/blog\\\/\",\"name\":\"Red Bug Culture - Schreiben, Ver\u00f6ffentlichen, Kurse\",\"description\":\"Tipps &amp; Coaching f\u00fcr Autor:innen, Rezensionen\",\"potentialAction\":[{\"@type\":\"SearchAction\",\"target\":{\"@type\":\"EntryPoint\",\"urlTemplate\":\"https:\\\/\\\/www.redbug-culture.com\\\/blog\\\/?s={search_term_string}\"},\"query-input\":{\"@type\":\"PropertyValueSpecification\",\"valueRequired\":true,\"valueName\":\"search_term_string\"}}],\"inLanguage\":\"de\"}]}<\/script>\n<!-- \/ Yoast SEO plugin. -->","yoast_head_json":{"title":"e-publishing - Was ist das? - Red Bug Culture - Schreiben, Ver\u00f6ffentlichen, Kurse","description":"e-Publishing -\u00a0Freiheit f\u00fcr die B\u00fccher, wie Freiheit f\u00fcr die Musik und die Filme. Jeder kann mitmachen. F\u00fcr uns - gibt es eigentlich nur Vorteile.","robots":{"index":"index","follow":"follow","max-snippet":"max-snippet:-1","max-image-preview":"max-image-preview:large","max-video-preview":"max-video-preview:-1"},"canonical":"https:\/\/www.redbug-culture.com\/blog\/veroeffentlichen\/e-publishing-was-ist-das\/","og_locale":"de_DE","og_type":"article","og_title":"e-publishing - Was ist das? - Red Bug Culture - Schreiben, Ver\u00f6ffentlichen, Kurse","og_description":"e-Publishing -\u00a0Freiheit f\u00fcr die B\u00fccher, wie Freiheit f\u00fcr die Musik und die Filme. Jeder kann mitmachen. F\u00fcr uns - gibt es eigentlich nur Vorteile.","og_url":"https:\/\/www.redbug-culture.com\/blog\/veroeffentlichen\/e-publishing-was-ist-das\/","og_site_name":"Red Bug Culture - Schreiben, Ver\u00f6ffentlichen, Kurse","article_publisher":"https:\/\/www.facebook.com\/RedBugBooks","article_modified_time":"2024-10-30T14:00:00+00:00","twitter_card":"summary_large_image","twitter_site":"@RedBugBooks","twitter_misc":{"Gesch\u00e4tzte Lesezeit":"3\u00a0Minuten"},"schema":{"@context":"https:\/\/schema.org","@graph":[{"@type":"WebPage","@id":"https:\/\/www.redbug-culture.com\/blog\/veroeffentlichen\/e-publishing-was-ist-das\/","url":"https:\/\/www.redbug-culture.com\/blog\/veroeffentlichen\/e-publishing-was-ist-das\/","name":"e-publishing - Was ist das? - Red Bug Culture - Schreiben, Ver\u00f6ffentlichen, Kurse","isPartOf":{"@id":"https:\/\/www.redbug-culture.com\/blog\/#website"},"datePublished":"2012-05-28T11:44:08+00:00","dateModified":"2024-10-30T14:00:00+00:00","description":"e-Publishing -\u00a0Freiheit f\u00fcr die B\u00fccher, wie Freiheit f\u00fcr die Musik und die Filme. Jeder kann mitmachen. F\u00fcr uns - gibt es eigentlich nur Vorteile.","breadcrumb":{"@id":"https:\/\/www.redbug-culture.com\/blog\/veroeffentlichen\/e-publishing-was-ist-das\/#breadcrumb"},"inLanguage":"de","potentialAction":[{"@type":"ReadAction","target":["https:\/\/www.redbug-culture.com\/blog\/veroeffentlichen\/e-publishing-was-ist-das\/"]}]},{"@type":"BreadcrumbList","@id":"https:\/\/www.redbug-culture.com\/blog\/veroeffentlichen\/e-publishing-was-ist-das\/#breadcrumb","itemListElement":[{"@type":"ListItem","position":1,"name":"Startseite","item":"https:\/\/www.redbug-culture.com\/blog\/"},{"@type":"ListItem","position":2,"name":"Ver\u00f6ffentlichen","item":"https:\/\/www.redbug-culture.com\/blog\/veroeffentlichen\/"},{"@type":"ListItem","position":3,"name":"e-publishing &#8211; Was ist das?"}]},{"@type":"WebSite","@id":"https:\/\/www.redbug-culture.com\/blog\/#website","url":"https:\/\/www.redbug-culture.com\/blog\/","name":"Red Bug Culture - Schreiben, Ver\u00f6ffentlichen, Kurse","description":"Tipps &amp; Coaching f\u00fcr Autor:innen, Rezensionen","potentialAction":[{"@type":"SearchAction","target":{"@type":"EntryPoint","urlTemplate":"https:\/\/www.redbug-culture.com\/blog\/?s={search_term_string}"},"query-input":{"@type":"PropertyValueSpecification","valueRequired":true,"valueName":"search_term_string"}}],"inLanguage":"de"}]}},"_links":{"self":[{"href":"https:\/\/www.redbug-culture.com\/blog\/wp-json\/wp\/v2\/pages\/125","targetHints":{"allow":["GET"]}}],"collection":[{"href":"https:\/\/www.redbug-culture.com\/blog\/wp-json\/wp\/v2\/pages"}],"about":[{"href":"https:\/\/www.redbug-culture.com\/blog\/wp-json\/wp\/v2\/types\/page"}],"author":[{"embeddable":true,"href":"https:\/\/www.redbug-culture.com\/blog\/wp-json\/wp\/v2\/users\/5"}],"replies":[{"embeddable":true,"href":"https:\/\/www.redbug-culture.com\/blog\/wp-json\/wp\/v2\/comments?post=125"}],"version-history":[{"count":0,"href":"https:\/\/www.redbug-culture.com\/blog\/wp-json\/wp\/v2\/pages\/125\/revisions"}],"up":[{"embeddable":true,"href":"https:\/\/www.redbug-culture.com\/blog\/wp-json\/wp\/v2\/pages\/53"}],"wp:attachment":[{"href":"https:\/\/www.redbug-culture.com\/blog\/wp-json\/wp\/v2\/media?parent=125"}],"curies":[{"name":"wp","href":"https:\/\/api.w.org\/{rel}","templated":true}]}}